{"id":7827,"date":"2024-12-10T17:05:26","date_gmt":"2024-12-10T17:05:26","guid":{"rendered":"https:\/\/www.bizkarra.com\/tienda-online\/?post_type=product&#038;p=7827"},"modified":"2024-12-10T17:43:20","modified_gmt":"2024-12-10T17:43:20","slug":"trufas-de-sidra-markesa-oiharte","status":"publish","type":"product","link":"https:\/\/www.bizkarra.com\/tienda-online\/productos-vascos\/trufas-vascas\/trufas-de-sidra-markesa-oiharte\/","title":{"rendered":"Trufas de sidra Markesa Oiharte"},"content":{"rendered":"<p>La sidra Markesa Oiharte, elaborada con manzanas Gezami\u00f1a y Urtebi txiki cultivadas ecol\u00f3gicamente, aporta su sabor singular a estas trufas de sidra. Su extracto se integra con mantequilla y chocolate blanco, dando lugar a una textura delicada y cremosa. El acabado en az\u00facar glas verde evoca la frescura de la fruta.<\/p>\n<p>Oiharte, una sidrer\u00eda familiar situada en Zerain (Gipuzkoa), elabora sidra 100% Euskal Sagardoa D.O.P. utilizando manzanas de su propio manzanal ecol\u00f3gico y otros caser\u00edos del Goierri. Gestionan sus cultivos respetando el medio ambiente y seleccionan las manzanas en su punto \u00f3ptimo de maduraci\u00f3n, garantizando una calidad excepcional. Su equilibrio entre tradici\u00f3n y tecnolog\u00eda moderna asegura la frescura y riqueza de sabor de estas trufas de sidra.<\/p>\n<p><strong>Ingredientes:<br \/>\n<\/strong><em>(al\u00e9rgenos en negrita) <\/em>Chocolate blanco <strong>(leche)<\/strong>, mantequilla <strong>(leche),<\/strong> az\u00facar glas, extracto de Sidra Ohiarte.<\/p>\n<p>Por ser producto elaborado en nuestro obrador, puede contener trazas de\u00a0<b>frutos secos, gluten, huevo.<\/b><\/p>\n<p><span style=\"color: #000000;\"><em><span style=\"font-weight: 400;\">\u00a1P\u00e1sate por la secci\u00f3n de productos y mira todas las especialidades, \u00a1te va a resultar muy dif\u00edcil elegir!<\/span><\/em><\/span><\/p>\n<p><center><a class=\"qodef-btn qodef-btn-medium qodef-btn-solid\" href=\"https:\/\/www.bizkarra.com\/tienda-online\/productos-vascos\/\" target=\"_blank\" rel=\"noopener noreferrer\"><span class=\"qodef-btn-text\">Saber m\u00e1s<\/span><\/a><\/center><\/p>\n<p style=\"text-align: justify;\"><strong><em>Ll\u00e1manos o m\u00e1ndanos un Whatsapp sin compromiso y te explicaremos todo lo que quieras saber para escoger tus productos o preparar tu combinaci\u00f3n ideal.<\/em><\/strong><\/p>\n<p>&nbsp;<\/p>\n<h3 style=\"padding-left: 120px; text-align: center;\"><span style=\"color: #000000;\"><a style=\"color: #000000;\" href=\"tel: 34944568508\">944 56 85 08<\/a><\/span><\/h3>\n<h3 style=\"text-align: center; padding-left: 120px;\"><span style=\"color: #000000;\"><a style=\"color: #000000;\" href=\"https:\/\/wa.me\/34655 61 39 81\">655 61 39 81<\/a><\/span><\/h3>\n<h3 style=\"text-align: center; padding-left: 120px;\"><span style=\"color: #000000;\"><a style=\"color: #000000;\" href=\"mailto:ventaonline@bizkarra.com\">ventaonline@bizkarra.com<\/a><\/span><\/h3>\n<p>&nbsp;<\/p>\n","protected":false},"excerpt":{"rendered":"<div class=\"wpb_text_column wpb_content_element \">\n<div class=\"wpb_wrapper\">\n<p><strong>Saborea la aut\u00e9ntica manzana de Goierri con nuestras trufas de sidra.<\/strong> Con sidra Markesa Oiharte de producci\u00f3n ecol\u00f3gica y denominaci\u00f3n de origen Euskal Sagardoa, estas trufas de sidra capturan el esp\u00edritu de la sidra vasca en una creaci\u00f3n que combina tradici\u00f3n y excelencia.<\/p>\n<p><strong>Presentaci\u00f3n:<\/strong><\/p>\n<ul>\n<li>Bolsa de 8 trufas de sidra, 150gr.<\/li>\n<\/ul>\n<\/div>\n<\/div>\n","protected":false},"featured_media":7833,"template":"","meta":[],"product_cat":[187],"product_tag":[],"yoast_head":"<!-- This site is optimized with the Yoast SEO plugin v22.1 - https:\/\/yoast.com\/wordpress\/plugins\/seo\/ -->\n<title>Trufas de sidra Markesa Oiharte - Bizkarra<\/title>\n<meta name=\"description\" content=\"Las trufas de sidra, con sidra Markesa Oiharte ecol\u00f3gica y denominaci\u00f3n Euskal Sagardoa, capturan el esp\u00edritu de la sidra vasca. \u00a1Tradici\u00f3n y excelencia!\" \/>\n<meta name=\"robots\" content=\"index, follow, max-snippet:-1, max-image-preview:large, max-video-preview:-1\" \/>\n<link rel=\"canonical\" href=\"https:\/\/www.bizkarra.com\/tienda-online\/productos-vascos\/trufas-vascas\/trufas-de-queso-de-urkiola\/\" \/>\n<meta property=\"og:locale\" content=\"es_ES\" \/>\n<meta property=\"og:type\" content=\"article\" \/>\n<meta property=\"og:title\" content=\"Trufas de sidra Markesa Oiharte - Bizkarra\" \/>\n<meta property=\"og:description\" content=\"Las trufas de sidra, con sidra Markesa Oiharte ecol\u00f3gica y denominaci\u00f3n Euskal Sagardoa, capturan el esp\u00edritu de la sidra vasca. \u00a1Tradici\u00f3n y excelencia!\" \/>\n<meta property=\"og:url\" content=\"https:\/\/www.bizkarra.com\/tienda-online\/productos-vascos\/trufas-vascas\/trufas-de-queso-de-urkiola\/\" \/>\n<meta property=\"og:site_name\" content=\"Bizkarra\" \/>\n<meta property=\"article:modified_time\" content=\"2024-12-10T17:43:20+00:00\" \/>\n<meta property=\"og:image\" content=\"https:\/\/www.bizkarra.com\/tienda-online\/wp-content\/uploads\/2024\/12\/trufas-de-sidra-scaled.jpg\" \/>\n\t<meta property=\"og:image:width\" content=\"2560\" \/>\n\t<meta property=\"og:image:height\" content=\"2560\" \/>\n\t<meta property=\"og:image:type\" content=\"image\/jpeg\" \/>\n<meta name=\"twitter:card\" content=\"summary_large_image\" \/>\n<!-- \/ Yoast SEO plugin. -->","yoast_head_json":{"title":"Trufas de sidra Markesa Oiharte - Bizkarra","description":"Las trufas de sidra, con sidra Markesa Oiharte ecol\u00f3gica y denominaci\u00f3n Euskal Sagardoa, capturan el esp\u00edritu de la sidra vasca. \u00a1Tradici\u00f3n y excelencia!","robots":{"index":"index","follow":"follow","max-snippet":"max-snippet:-1","max-image-preview":"max-image-preview:large","max-video-preview":"max-video-preview:-1"},"canonical":"https:\/\/www.bizkarra.com\/tienda-online\/productos-vascos\/trufas-vascas\/trufas-de-queso-de-urkiola\/","og_locale":"es_ES","og_type":"article","og_title":"Trufas de sidra Markesa Oiharte - Bizkarra","og_description":"Las trufas de sidra, con sidra Markesa Oiharte ecol\u00f3gica y denominaci\u00f3n Euskal Sagardoa, capturan el esp\u00edritu de la sidra vasca. \u00a1Tradici\u00f3n y excelencia!","og_url":"https:\/\/www.bizkarra.com\/tienda-online\/productos-vascos\/trufas-vascas\/trufas-de-queso-de-urkiola\/","og_site_name":"Bizkarra","article_modified_time":"2024-12-10T17:43:20+00:00","og_image":[{"width":2560,"height":2560,"url":"https:\/\/www.bizkarra.com\/tienda-online\/wp-content\/uploads\/2024\/12\/trufas-de-sidra-scaled.jpg","type":"image\/jpeg"}],"twitter_card":"summary_large_image","schema":{"@context":"https:\/\/schema.org","@graph":[{"@type":"WebPage","@id":"https:\/\/www.bizkarra.com\/tienda-online\/productos-vascos\/trufas-vascas\/trufas-de-sidra-markesa-oiharte\/","url":"https:\/\/www.bizkarra.com\/tienda-online\/productos-vascos\/trufas-vascas\/trufas-de-queso-de-urkiola\/","name":"Trufas de sidra Markesa Oiharte - Bizkarra","isPartOf":{"@id":"https:\/\/www.bizkarra.com\/tienda-online\/#website"},"datePublished":"2024-12-10T17:05:26+00:00","dateModified":"2024-12-10T17:43:20+00:00","description":"Las trufas de sidra, con sidra Markesa Oiharte ecol\u00f3gica y denominaci\u00f3n Euskal Sagardoa, capturan el esp\u00edritu de la sidra vasca. \u00a1Tradici\u00f3n y excelencia!","breadcrumb":{"@id":"https:\/\/www.bizkarra.com\/tienda-online\/productos-vascos\/trufas-vascas\/trufas-de-queso-de-urkiola\/#breadcrumb"},"inLanguage":"es","potentialAction":[{"@type":"ReadAction","target":["https:\/\/www.bizkarra.com\/tienda-online\/productos-vascos\/trufas-vascas\/trufas-de-queso-de-urkiola\/"]}]},{"@type":"BreadcrumbList","@id":"https:\/\/www.bizkarra.com\/tienda-online\/productos-vascos\/trufas-vascas\/trufas-de-queso-de-urkiola\/#breadcrumb","itemListElement":[{"@type":"ListItem","position":1,"name":"Portada","item":"https:\/\/www.bizkarra.com\/tienda-online\/"},{"@type":"ListItem","position":2,"name":"Tienda","item":"https:\/\/www.bizkarra.com\/tienda-online\/productos-vascos\/"},{"@type":"ListItem","position":3,"name":"Trufas de sidra Markesa Oiharte"}]},{"@type":"WebSite","@id":"https:\/\/www.bizkarra.com\/tienda-online\/#website","url":"https:\/\/www.bizkarra.com\/tienda-online\/","name":"Bizkarra","description":"Tienda Online de postres y dulces gourmet t\u00edpicos vascos","potentialAction":[{"@type":"SearchAction","target":{"@type":"EntryPoint","urlTemplate":"https:\/\/www.bizkarra.com\/tienda-online\/?s={search_term_string}"},"query-input":"required name=search_term_string"}],"inLanguage":"es"}]}},"_links":{"self":[{"href":"https:\/\/www.bizkarra.com\/tienda-online\/wp-json\/wp\/v2\/product\/7827"}],"collection":[{"href":"https:\/\/www.bizkarra.com\/tienda-online\/wp-json\/wp\/v2\/product"}],"about":[{"href":"https:\/\/www.bizkarra.com\/tienda-online\/wp-json\/wp\/v2\/types\/product"}],"wp:featuredmedia":[{"embeddable":true,"href":"https:\/\/www.bizkarra.com\/tienda-online\/wp-json\/wp\/v2\/media\/7833"}],"wp:attachment":[{"href":"https:\/\/www.bizkarra.com\/tienda-online\/wp-json\/wp\/v2\/media?parent=7827"}],"wp:term":[{"taxonomy":"product_cat","embeddable":true,"href":"https:\/\/www.bizkarra.com\/tienda-online\/wp-json\/wp\/v2\/product_cat?post=7827"},{"taxonomy":"product_tag","embeddable":true,"href":"https:\/\/www.bizkarra.com\/tienda-online\/wp-json\/wp\/v2\/product_tag?post=7827"}],"curies":[{"name":"wp","href":"https:\/\/api.w.org\/{rel}","templated":true}]}}