{"id":7643,"date":"2024-04-23T16:17:05","date_gmt":"2024-04-23T16:17:05","guid":{"rendered":"https:\/\/www.bizkarra.com\/tienda-online\/?post_type=product&#038;p=7643"},"modified":"2024-04-23T16:31:00","modified_gmt":"2024-04-23T16:31:00","slug":"sorta-chocolates-artesanos-variados","status":"publish","type":"product","link":"https:\/\/www.bizkarra.com\/tienda-online\/productos-vascos\/sortak\/sorta-chocolates-artesanos-variados\/","title":{"rendered":"Sorta Chocolates variados"},"content":{"rendered":"<p>Una de nuestras especialidades es la elaboraci\u00f3n de chocolate. En el obrador hacemos m\u00e1s de quince variedades diferentes con distintos tipos de chocolates e ingredientes. Los elaboramos en formato de grandes l\u00e1minas, que luego troceamos a mano para presentar en formas irregulares. En nuestras cajas incluimos una selecci\u00f3n de diferentes variedades.<\/p>\n<p>\u00a1Lo dif\u00edcil es elegir el que m\u00e1s te gusta!<\/p>\n<p>Todas las sortak est\u00e1n marcadas con el precio final, <strong>con env\u00edo gratuito a toda la pen\u00ednsula (islas consultar previamente)<\/strong>.<\/p>\n<p style=\"text-align: justify;\"><strong>ELIGE TU SELECCI\u00d3N<br \/>\n<\/strong><strong><em>La composici\u00f3n de todas nuestras sortas es personalizable. Incluso, si te has enamorado locamente de uno de nuestros productos puedes llenarla hasta arriba con \u00e9l y ninguno m\u00e1s. P\u00e1sate por la secci\u00f3n de productos y mira todas las especialidades, te va a resultar muy dif\u00edcil elegir!<\/em><\/strong><\/p>\n<p style=\"text-align: justify;\"><strong><em>Ll\u00e1manos o m\u00e1ndanos un whatsapp sin compromiso y te explicaremos todo lo que quieras saber para escoger o preparar tu sorta ideal.<\/em><\/strong><\/p>\n<h3 style=\"padding-left: 120px; text-align: center;\"><span style=\"color: #000000;\"><a style=\"color: #000000;\" href=\"tel: 34944568508\">944 56 85 08<\/a><\/span><\/h3>\n<h3 style=\"text-align: center; padding-left: 120px;\"><span style=\"color: #000000;\"><a style=\"color: #000000;\" href=\"https:\/\/wa.me\/34655 61 39 81\">655 61 39 81<\/a><\/span><\/h3>\n<h3 style=\"text-align: center; padding-left: 120px;\"><span style=\"color: #000000;\"><a style=\"color: #000000;\" href=\"mailto:ventaonline@bizkarra.com\">ventaonline@bizkarra.com<\/a><\/span><\/h3>\n","protected":false},"excerpt":{"rendered":"<p>A cualquiera nos gustar\u00eda recibir en casa esta selecci\u00f3n de chocolates artesanos. Un regalo original por la exclusiva combinaci\u00f3n de chocolates, frutas y frutos secos, que elaboramos en nuestro obrador.<\/p>\n<p>\u00a1Para paladares exigentes!<\/p>\n<p>Contiene:<\/p>\n<ul>\n<li>Caja de chocolates artesanos variados, 750 gr.<\/li>\n<\/ul>\n","protected":false},"featured_media":7644,"template":"","meta":[],"product_cat":[185],"product_tag":[],"yoast_head":"<!-- This site is optimized with the Yoast SEO plugin v22.1 - https:\/\/yoast.com\/wordpress\/plugins\/seo\/ -->\n<title>Sorta de Chocolates Artesanos - Chocolate - Bizkarra<\/title>\n<meta name=\"description\" content=\"Nuestros chocolates artesanos variados son un regalo gourmet perfecto para cualquier ocasi\u00f3n. \u00a1Elaboraci\u00f3n artesanal!\" \/>\n<meta name=\"robots\" content=\"index, follow, max-snippet:-1, max-image-preview:large, max-video-preview:-1\" \/>\n<link rel=\"canonical\" href=\"https:\/\/www.bizkarra.com\/tienda-online\/productos-vascos\/sortak\/sorta-chocolates-artesanos-variados\/\" \/>\n<meta property=\"og:locale\" content=\"es_ES\" \/>\n<meta property=\"og:type\" content=\"article\" \/>\n<meta property=\"og:title\" content=\"Sorta de Chocolates Artesanos - Chocolate - Bizkarra\" \/>\n<meta property=\"og:description\" content=\"Nuestros chocolates artesanos variados son un regalo gourmet perfecto para cualquier ocasi\u00f3n. \u00a1Elaboraci\u00f3n artesanal!\" \/>\n<meta property=\"og:url\" content=\"https:\/\/www.bizkarra.com\/tienda-online\/productos-vascos\/sortak\/sorta-chocolates-artesanos-variados\/\" \/>\n<meta property=\"og:site_name\" content=\"Bizkarra\" \/>\n<meta property=\"article:modified_time\" content=\"2024-04-23T16:31:00+00:00\" \/>\n<meta property=\"og:image\" content=\"https:\/\/www.bizkarra.com\/tienda-online\/wp-content\/uploads\/2024\/04\/sorta-caja.jpg\" \/>\n\t<meta property=\"og:image:width\" content=\"2041\" \/>\n\t<meta property=\"og:image:height\" content=\"2041\" \/>\n\t<meta property=\"og:image:type\" content=\"image\/jpeg\" \/>\n<meta name=\"twitter:card\" content=\"summary_large_image\" \/>\n<!-- \/ Yoast SEO plugin. -->","yoast_head_json":{"title":"Sorta de Chocolates Artesanos - Chocolate - Bizkarra","description":"Nuestros chocolates artesanos variados son un regalo gourmet perfecto para cualquier ocasi\u00f3n. \u00a1Elaboraci\u00f3n artesanal!","robots":{"index":"index","follow":"follow","max-snippet":"max-snippet:-1","max-image-preview":"max-image-preview:large","max-video-preview":"max-video-preview:-1"},"canonical":"https:\/\/www.bizkarra.com\/tienda-online\/productos-vascos\/sortak\/sorta-chocolates-artesanos-variados\/","og_locale":"es_ES","og_type":"article","og_title":"Sorta de Chocolates Artesanos - Chocolate - Bizkarra","og_description":"Nuestros chocolates artesanos variados son un regalo gourmet perfecto para cualquier ocasi\u00f3n. \u00a1Elaboraci\u00f3n artesanal!","og_url":"https:\/\/www.bizkarra.com\/tienda-online\/productos-vascos\/sortak\/sorta-chocolates-artesanos-variados\/","og_site_name":"Bizkarra","article_modified_time":"2024-04-23T16:31:00+00:00","og_image":[{"width":2041,"height":2041,"url":"https:\/\/www.bizkarra.com\/tienda-online\/wp-content\/uploads\/2024\/04\/sorta-caja.jpg","type":"image\/jpeg"}],"twitter_card":"summary_large_image","schema":{"@context":"https:\/\/schema.org","@graph":[{"@type":"WebPage","@id":"https:\/\/www.bizkarra.com\/tienda-online\/productos-vascos\/sortak\/sorta-chocolates-artesanos-variados\/","url":"https:\/\/www.bizkarra.com\/tienda-online\/productos-vascos\/sortak\/sorta-chocolates-artesanos-variados\/","name":"Sorta de Chocolates Artesanos - Chocolate - Bizkarra","isPartOf":{"@id":"https:\/\/www.bizkarra.com\/tienda-online\/#website"},"datePublished":"2024-04-23T16:17:05+00:00","dateModified":"2024-04-23T16:31:00+00:00","description":"Nuestros chocolates artesanos variados son un regalo gourmet perfecto para cualquier ocasi\u00f3n. \u00a1Elaboraci\u00f3n artesanal!","breadcrumb":{"@id":"https:\/\/www.bizkarra.com\/tienda-online\/productos-vascos\/sortak\/sorta-chocolates-artesanos-variados\/#breadcrumb"},"inLanguage":"es","potentialAction":[{"@type":"ReadAction","target":["https:\/\/www.bizkarra.com\/tienda-online\/productos-vascos\/sortak\/sorta-chocolates-artesanos-variados\/"]}]},{"@type":"BreadcrumbList","@id":"https:\/\/www.bizkarra.com\/tienda-online\/productos-vascos\/sortak\/sorta-chocolates-artesanos-variados\/#breadcrumb","itemListElement":[{"@type":"ListItem","position":1,"name":"Portada","item":"https:\/\/www.bizkarra.com\/tienda-online\/"},{"@type":"ListItem","position":2,"name":"Tienda","item":"https:\/\/www.bizkarra.com\/tienda-online\/productos-vascos\/"},{"@type":"ListItem","position":3,"name":"Sorta Chocolates variados"}]},{"@type":"WebSite","@id":"https:\/\/www.bizkarra.com\/tienda-online\/#website","url":"https:\/\/www.bizkarra.com\/tienda-online\/","name":"Bizkarra","description":"Tienda Online de postres y dulces gourmet t\u00edpicos vascos","potentialAction":[{"@type":"SearchAction","target":{"@type":"EntryPoint","urlTemplate":"https:\/\/www.bizkarra.com\/tienda-online\/?s={search_term_string}"},"query-input":"required name=search_term_string"}],"inLanguage":"es"}]}},"_links":{"self":[{"href":"https:\/\/www.bizkarra.com\/tienda-online\/wp-json\/wp\/v2\/product\/7643"}],"collection":[{"href":"https:\/\/www.bizkarra.com\/tienda-online\/wp-json\/wp\/v2\/product"}],"about":[{"href":"https:\/\/www.bizkarra.com\/tienda-online\/wp-json\/wp\/v2\/types\/product"}],"wp:featuredmedia":[{"embeddable":true,"href":"https:\/\/www.bizkarra.com\/tienda-online\/wp-json\/wp\/v2\/media\/7644"}],"wp:attachment":[{"href":"https:\/\/www.bizkarra.com\/tienda-online\/wp-json\/wp\/v2\/media?parent=7643"}],"wp:term":[{"taxonomy":"product_cat","embeddable":true,"href":"https:\/\/www.bizkarra.com\/tienda-online\/wp-json\/wp\/v2\/product_cat?post=7643"},{"taxonomy":"product_tag","embeddable":true,"href":"https:\/\/www.bizkarra.com\/tienda-online\/wp-json\/wp\/v2\/product_tag?post=7643"}],"curies":[{"name":"wp","href":"https:\/\/api.w.org\/{rel}","templated":true}]}}