{"id":7326,"date":"2023-09-04T11:45:02","date_gmt":"2023-09-04T11:45:02","guid":{"rendered":"https:\/\/www.bizkarra.com\/tienda-online\/?post_type=product&#038;p=7326"},"modified":"2024-10-24T16:25:54","modified_gmt":"2024-10-24T16:25:54","slug":"caja-de-palmeras-artesanas-surtidas","status":"publish","type":"product","link":"https:\/\/www.bizkarra.com\/tienda-online\/productos-vascos\/dulces\/caja-de-palmeras-artesanas-surtidas\/","title":{"rendered":"Caja de Palmeras artesanas surtidas"},"content":{"rendered":"<p>Esta caja de palmeras artesanas surtidas incluye toda la gama de texturas y sabores de nuestras palmeras de hojaldre. Desde las tradicionales palmeras de coco hasta las palmeras tiernas o palmeras bollo que tanto gustan hoy en d\u00eda, con variedades de palmera vegana de chocolate, Nutella y Kinder.<\/p>\n<p style=\"text-align: justify;\"><strong>ELIGE TU SELECCI\u00d3N<br \/>\n<\/strong><strong><em>P\u00e1sate por la secci\u00f3n de productos y mira todas las especialidades, te va a resultar muy dif\u00edcil elegir!<\/em><\/strong><\/p>\n<p style=\"text-align: justify;\"><strong><em>Ll\u00e1manos o m\u00e1ndanos un whatsapp sin compromiso y te explicaremos todo lo que quieras saber para escoger tu producto o combinaci\u00f3n ideal.<\/em><\/strong><\/p>\n<h3 style=\"padding-left: 120px; text-align: center;\"><span style=\"color: #000000;\"><a style=\"color: #000000;\" href=\"tel: 34944568508\">944 56 85 08<\/a><\/span><\/h3>\n<h3 style=\"text-align: center; padding-left: 120px;\"><span style=\"color: #000000;\"><a style=\"color: #000000;\" href=\"https:\/\/wa.me\/34655 61 39 81\">655 61 39 81<\/a><\/span><\/h3>\n<h3 style=\"text-align: center; padding-left: 120px;\"><span style=\"color: #000000;\"><a style=\"color: #000000;\" href=\"mailto:ventaonline@bizkarra.com\">ventaonline@bizkarra.com<\/a><\/span><\/h3>\n","protected":false},"excerpt":{"rendered":"<p>\u00a1Palmeras artesanas para todos los gustos!<\/p>\n<p>Esta selecci\u00f3n de nuestras palmeras m\u00e1s populares a\u00f1ade una nota brillante a cualquier desayuno, merienda o aperitivo. Un combinado que incluye palmeras de masa muy tierna, palmeras de hojaldre al punto y un festival de sabores.<\/p>\n<p>\u00a1Elije tu variedad preferida y vuelve a por ella!<\/p>\n<p>Contiene:<\/p>\n<ul>\n<li>2 <a href=\"https:\/\/www.bizkarra.com\/tienda-online\/productos-vascos\/dulces\/palmera-de-coco\/\">palmeras de coco<\/a><\/li>\n<li>2 <a href=\"https:\/\/www.bizkarra.com\/tienda-online\/productos-vascos\/dulces\/palmera-vegana-de-chocolate\/\">palmeras veganas de chocolate<\/a><\/li>\n<li>2 <a href=\"https:\/\/www.bizkarra.com\/tienda-online\/productos-vascos\/dulces\/palmera-tierna-kinder\/\">palmeras tiernas KInder<\/a><\/li>\n<li>2 <a href=\"https:\/\/www.bizkarra.com\/tienda-online\/productos-vascos\/dulces\/palmera-tierna-nutella\/\">palmeras tiernas Nutella<\/a><\/li>\n<\/ul>\n","protected":false},"featured_media":7327,"template":"","meta":[],"product_cat":[190],"product_tag":[],"yoast_head":"<!-- This site is optimized with the Yoast SEO plugin v22.1 - https:\/\/yoast.com\/wordpress\/plugins\/seo\/ -->\n<title>Caja de palmeras artesanas surtidas - Bizkarra<\/title>\n<meta name=\"description\" content=\"Caja de palmeras artesanas surtidas que incluye todas las variedades, desde palmeras bollo, Nutella o Kinder hasta la tradicional palmera de coco.\" \/>\n<meta name=\"robots\" content=\"index, follow, max-snippet:-1, max-image-preview:large, max-video-preview:-1\" \/>\n<link rel=\"canonical\" href=\"https:\/\/www.bizkarra.com\/tienda-online\/productos-vascos\/dulces\/caja-de-palmeras-artesanas-surtidas\/\" \/>\n<meta property=\"og:locale\" content=\"es_ES\" \/>\n<meta property=\"og:type\" content=\"article\" \/>\n<meta property=\"og:title\" content=\"Caja de palmeras artesanas surtidas - Bizkarra\" \/>\n<meta property=\"og:description\" content=\"Caja de palmeras artesanas surtidas que incluye todas las variedades, desde palmeras bollo, Nutella o Kinder hasta la tradicional palmera de coco.\" \/>\n<meta property=\"og:url\" content=\"https:\/\/www.bizkarra.com\/tienda-online\/productos-vascos\/dulces\/caja-de-palmeras-artesanas-surtidas\/\" \/>\n<meta property=\"og:site_name\" content=\"Bizkarra\" \/>\n<meta property=\"article:modified_time\" content=\"2024-10-24T16:25:54+00:00\" \/>\n<meta property=\"og:image\" content=\"https:\/\/www.bizkarra.com\/tienda-online\/wp-content\/uploads\/2023\/09\/SURTIDO-PALMERAS-OK.jpg\" \/>\n\t<meta property=\"og:image:width\" content=\"1783\" \/>\n\t<meta property=\"og:image:height\" content=\"2048\" \/>\n\t<meta property=\"og:image:type\" content=\"image\/jpeg\" \/>\n<meta name=\"twitter:card\" content=\"summary_large_image\" \/>\n<!-- \/ Yoast SEO plugin. -->","yoast_head_json":{"title":"Caja de palmeras artesanas surtidas - Bizkarra","description":"Caja de palmeras artesanas surtidas que incluye todas las variedades, desde palmeras bollo, Nutella o Kinder hasta la tradicional palmera de coco.","robots":{"index":"index","follow":"follow","max-snippet":"max-snippet:-1","max-image-preview":"max-image-preview:large","max-video-preview":"max-video-preview:-1"},"canonical":"https:\/\/www.bizkarra.com\/tienda-online\/productos-vascos\/dulces\/caja-de-palmeras-artesanas-surtidas\/","og_locale":"es_ES","og_type":"article","og_title":"Caja de palmeras artesanas surtidas - Bizkarra","og_description":"Caja de palmeras artesanas surtidas que incluye todas las variedades, desde palmeras bollo, Nutella o Kinder hasta la tradicional palmera de coco.","og_url":"https:\/\/www.bizkarra.com\/tienda-online\/productos-vascos\/dulces\/caja-de-palmeras-artesanas-surtidas\/","og_site_name":"Bizkarra","article_modified_time":"2024-10-24T16:25:54+00:00","og_image":[{"width":1783,"height":2048,"url":"https:\/\/www.bizkarra.com\/tienda-online\/wp-content\/uploads\/2023\/09\/SURTIDO-PALMERAS-OK.jpg","type":"image\/jpeg"}],"twitter_card":"summary_large_image","schema":{"@context":"https:\/\/schema.org","@graph":[{"@type":"WebPage","@id":"https:\/\/www.bizkarra.com\/tienda-online\/productos-vascos\/dulces\/caja-de-palmeras-artesanas-surtidas\/","url":"https:\/\/www.bizkarra.com\/tienda-online\/productos-vascos\/dulces\/caja-de-palmeras-artesanas-surtidas\/","name":"Caja de palmeras artesanas surtidas - Bizkarra","isPartOf":{"@id":"https:\/\/www.bizkarra.com\/tienda-online\/#website"},"datePublished":"2023-09-04T11:45:02+00:00","dateModified":"2024-10-24T16:25:54+00:00","description":"Caja de palmeras artesanas surtidas que incluye todas las variedades, desde palmeras bollo, Nutella o Kinder hasta la tradicional palmera de coco.","breadcrumb":{"@id":"https:\/\/www.bizkarra.com\/tienda-online\/productos-vascos\/dulces\/caja-de-palmeras-artesanas-surtidas\/#breadcrumb"},"inLanguage":"es","potentialAction":[{"@type":"ReadAction","target":["https:\/\/www.bizkarra.com\/tienda-online\/productos-vascos\/dulces\/caja-de-palmeras-artesanas-surtidas\/"]}]},{"@type":"BreadcrumbList","@id":"https:\/\/www.bizkarra.com\/tienda-online\/productos-vascos\/dulces\/caja-de-palmeras-artesanas-surtidas\/#breadcrumb","itemListElement":[{"@type":"ListItem","position":1,"name":"Portada","item":"https:\/\/www.bizkarra.com\/tienda-online\/"},{"@type":"ListItem","position":2,"name":"Tienda","item":"https:\/\/www.bizkarra.com\/tienda-online\/productos-vascos\/"},{"@type":"ListItem","position":3,"name":"Caja de Palmeras artesanas surtidas"}]},{"@type":"WebSite","@id":"https:\/\/www.bizkarra.com\/tienda-online\/#website","url":"https:\/\/www.bizkarra.com\/tienda-online\/","name":"Bizkarra","description":"Tienda Online de postres y dulces gourmet t\u00edpicos vascos","potentialAction":[{"@type":"SearchAction","target":{"@type":"EntryPoint","urlTemplate":"https:\/\/www.bizkarra.com\/tienda-online\/?s={search_term_string}"},"query-input":"required name=search_term_string"}],"inLanguage":"es"}]}},"_links":{"self":[{"href":"https:\/\/www.bizkarra.com\/tienda-online\/wp-json\/wp\/v2\/product\/7326"}],"collection":[{"href":"https:\/\/www.bizkarra.com\/tienda-online\/wp-json\/wp\/v2\/product"}],"about":[{"href":"https:\/\/www.bizkarra.com\/tienda-online\/wp-json\/wp\/v2\/types\/product"}],"wp:featuredmedia":[{"embeddable":true,"href":"https:\/\/www.bizkarra.com\/tienda-online\/wp-json\/wp\/v2\/media\/7327"}],"wp:attachment":[{"href":"https:\/\/www.bizkarra.com\/tienda-online\/wp-json\/wp\/v2\/media?parent=7326"}],"wp:term":[{"taxonomy":"product_cat","embeddable":true,"href":"https:\/\/www.bizkarra.com\/tienda-online\/wp-json\/wp\/v2\/product_cat?post=7326"},{"taxonomy":"product_tag","embeddable":true,"href":"https:\/\/www.bizkarra.com\/tienda-online\/wp-json\/wp\/v2\/product_tag?post=7326"}],"curies":[{"name":"wp","href":"https:\/\/api.w.org\/{rel}","templated":true}]}}