{"id":7325,"date":"2023-09-04T11:00:12","date_gmt":"2023-09-04T11:00:12","guid":{"rendered":"https:\/\/www.bizkarra.com\/tienda-online\/?post_type=product&#038;p=7325"},"modified":"2024-10-24T16:42:45","modified_gmt":"2024-10-24T16:42:45","slug":"palmera-tierna-nutella","status":"publish","type":"product","link":"https:\/\/www.bizkarra.com\/tienda-online\/productos-vascos\/dulces\/palmera-tierna-nutella\/","title":{"rendered":"Palmera tierna Nutella"},"content":{"rendered":"<p>Prepara tu paladar para disfrutar con esta gran palmera artesana. El sabor y la textura del hojaldre a baja cocci\u00f3n se fusiona perfectamente con la cobertura de Nutella para crear una sensaci\u00f3n espectacular.<\/p>\n<p><strong>Ingredientes:<\/strong><\/p>\n<div class=\"wpb_text_column wpb_content_element \">\n<div class=\"wpb_wrapper\">\n<div class=\"wpb_text_column wpb_content_element \">\n<div class=\"wpb_wrapper\">\n<div class=\"wpb_text_column wpb_content_element \">\n<div class=\"wpb_wrapper\">\n<div class=\"wpb_text_column wpb_content_element \">\n<div class=\"wpb_wrapper\">\n<div class=\"wpb_text_column wpb_content_element \">\n<div class=\"wpb_wrapper\">\n<div class=\"wpb_text_column wpb_content_element \">\n<div class=\"wpb_wrapper\">\n<p>(<em>Al\u00e9rgenos en negrita<\/em>)\u00a0Harina de trigo (<strong><u>gluten<\/u><\/strong>), Margarina vegetal sin grasas trans, aceite girasol alto oleico, <strong><u>frutos secos<\/u><\/strong>, fondant de Nutella y sal.<\/p>\n<p>Por ser producto elaborado en nuestro obrador, puede contener trazas de leche y huevo.<\/p>\n<\/div>\n<\/div>\n<\/div>\n<\/div>\n<\/div>\n<\/div>\n<\/div>\n<\/div>\n<\/div>\n<\/div>\n<\/div>\n<\/div>\n<p style=\"text-align: justify;\"><strong><em>Ll\u00e1manos o m\u00e1ndanos un Whatsapp sin compromiso y te explicaremos todo lo que quieras saber para escoger tus productos o combinaci\u00f3n ideal.<\/em><\/strong><\/p>\n<p>&nbsp;<\/p>\n<h3 style=\"padding-left: 120px; text-align: center;\"><span style=\"color: #000000;\"><a style=\"color: #000000;\" href=\"tel: 34944568508\">944 56 85 08<\/a><\/span><\/h3>\n<h3 style=\"text-align: center; padding-left: 120px;\"><span style=\"color: #000000;\"><a style=\"color: #000000;\" href=\"https:\/\/wa.me\/34655 61 39 81\">655 61 39 81<\/a><\/span><\/h3>\n<h3 style=\"text-align: center; padding-left: 120px;\"><span style=\"color: #000000;\"><a style=\"color: #000000;\" href=\"mailto:ventaonline@bizkarra.com\">ventaonline@bizkarra.com<\/a><\/span><\/h3>\n<p>&nbsp;<\/p>\n","protected":false},"excerpt":{"rendered":"<p>\u00a1El capricho m\u00e1s tierno!<\/p>\n<p>Si te gustan las palmeras consistentes y muy tiernas, aqu\u00ed vas a encontrar uno de tus caprichos favoritos.<\/p>\n<p>\u00a1Un bocado de contrastes deliciosos!<\/p>\n<p>Presentaci\u00f3n:<\/p>\n<ul>\n<li>Una palmera tierna Nutella, de raci\u00f3n individual<\/li>\n<\/ul>\n","protected":false},"featured_media":7322,"template":"","meta":[],"product_cat":[190],"product_tag":[],"yoast_head":"<!-- This site is optimized with the Yoast SEO plugin v22.1 - https:\/\/yoast.com\/wordpress\/plugins\/seo\/ -->\n<title>Palmera tierna Nutella - Bizkarra<\/title>\n<meta name=\"description\" content=\"Palmera tierna Nutella de masa bollo, con un interior jugoso y recubierta de de tu chocolate preferido\" \/>\n<meta name=\"robots\" content=\"index, follow, max-snippet:-1, max-image-preview:large, max-video-preview:-1\" \/>\n<link rel=\"canonical\" href=\"https:\/\/www.bizkarra.com\/tienda-online\/productos-vascos\/dulces\/palmera-tierna-nutella\/\" \/>\n<meta property=\"og:locale\" content=\"es_ES\" \/>\n<meta property=\"og:type\" content=\"article\" \/>\n<meta property=\"og:title\" content=\"Palmera tierna Nutella - Bizkarra\" \/>\n<meta property=\"og:description\" content=\"Palmera tierna Nutella de masa bollo, con un interior jugoso y recubierta de de tu chocolate preferido\" \/>\n<meta property=\"og:url\" content=\"https:\/\/www.bizkarra.com\/tienda-online\/productos-vascos\/dulces\/palmera-tierna-nutella\/\" \/>\n<meta property=\"og:site_name\" content=\"Bizkarra\" \/>\n<meta property=\"article:modified_time\" content=\"2024-10-24T16:42:45+00:00\" \/>\n<meta property=\"og:image\" content=\"https:\/\/www.bizkarra.com\/tienda-online\/wp-content\/uploads\/2023\/09\/Palmera-tierna-nuttela-scaled.jpg\" \/>\n\t<meta property=\"og:image:width\" content=\"2560\" \/>\n\t<meta property=\"og:image:height\" content=\"2560\" \/>\n\t<meta property=\"og:image:type\" content=\"image\/jpeg\" \/>\n<meta name=\"twitter:card\" content=\"summary_large_image\" \/>\n<!-- \/ Yoast SEO plugin. -->","yoast_head_json":{"title":"Palmera tierna Nutella - Bizkarra","description":"Palmera tierna Nutella de masa bollo, con un interior jugoso y recubierta de de tu chocolate preferido","robots":{"index":"index","follow":"follow","max-snippet":"max-snippet:-1","max-image-preview":"max-image-preview:large","max-video-preview":"max-video-preview:-1"},"canonical":"https:\/\/www.bizkarra.com\/tienda-online\/productos-vascos\/dulces\/palmera-tierna-nutella\/","og_locale":"es_ES","og_type":"article","og_title":"Palmera tierna Nutella - Bizkarra","og_description":"Palmera tierna Nutella de masa bollo, con un interior jugoso y recubierta de de tu chocolate preferido","og_url":"https:\/\/www.bizkarra.com\/tienda-online\/productos-vascos\/dulces\/palmera-tierna-nutella\/","og_site_name":"Bizkarra","article_modified_time":"2024-10-24T16:42:45+00:00","og_image":[{"width":2560,"height":2560,"url":"https:\/\/www.bizkarra.com\/tienda-online\/wp-content\/uploads\/2023\/09\/Palmera-tierna-nuttela-scaled.jpg","type":"image\/jpeg"}],"twitter_card":"summary_large_image","schema":{"@context":"https:\/\/schema.org","@graph":[{"@type":"WebPage","@id":"https:\/\/www.bizkarra.com\/tienda-online\/productos-vascos\/dulces\/palmera-tierna-nutella\/","url":"https:\/\/www.bizkarra.com\/tienda-online\/productos-vascos\/dulces\/palmera-tierna-nutella\/","name":"Palmera tierna Nutella - Bizkarra","isPartOf":{"@id":"https:\/\/www.bizkarra.com\/tienda-online\/#website"},"datePublished":"2023-09-04T11:00:12+00:00","dateModified":"2024-10-24T16:42:45+00:00","description":"Palmera tierna Nutella de masa bollo, con un interior jugoso y recubierta de de tu chocolate preferido","breadcrumb":{"@id":"https:\/\/www.bizkarra.com\/tienda-online\/productos-vascos\/dulces\/palmera-tierna-nutella\/#breadcrumb"},"inLanguage":"es","potentialAction":[{"@type":"ReadAction","target":["https:\/\/www.bizkarra.com\/tienda-online\/productos-vascos\/dulces\/palmera-tierna-nutella\/"]}]},{"@type":"BreadcrumbList","@id":"https:\/\/www.bizkarra.com\/tienda-online\/productos-vascos\/dulces\/palmera-tierna-nutella\/#breadcrumb","itemListElement":[{"@type":"ListItem","position":1,"name":"Portada","item":"https:\/\/www.bizkarra.com\/tienda-online\/"},{"@type":"ListItem","position":2,"name":"Tienda","item":"https:\/\/www.bizkarra.com\/tienda-online\/productos-vascos\/"},{"@type":"ListItem","position":3,"name":"Palmera tierna Nutella"}]},{"@type":"WebSite","@id":"https:\/\/www.bizkarra.com\/tienda-online\/#website","url":"https:\/\/www.bizkarra.com\/tienda-online\/","name":"Bizkarra","description":"Tienda Online de postres y dulces gourmet t\u00edpicos vascos","potentialAction":[{"@type":"SearchAction","target":{"@type":"EntryPoint","urlTemplate":"https:\/\/www.bizkarra.com\/tienda-online\/?s={search_term_string}"},"query-input":"required name=search_term_string"}],"inLanguage":"es"}]}},"_links":{"self":[{"href":"https:\/\/www.bizkarra.com\/tienda-online\/wp-json\/wp\/v2\/product\/7325"}],"collection":[{"href":"https:\/\/www.bizkarra.com\/tienda-online\/wp-json\/wp\/v2\/product"}],"about":[{"href":"https:\/\/www.bizkarra.com\/tienda-online\/wp-json\/wp\/v2\/types\/product"}],"wp:featuredmedia":[{"embeddable":true,"href":"https:\/\/www.bizkarra.com\/tienda-online\/wp-json\/wp\/v2\/media\/7322"}],"wp:attachment":[{"href":"https:\/\/www.bizkarra.com\/tienda-online\/wp-json\/wp\/v2\/media?parent=7325"}],"wp:term":[{"taxonomy":"product_cat","embeddable":true,"href":"https:\/\/www.bizkarra.com\/tienda-online\/wp-json\/wp\/v2\/product_cat?post=7325"},{"taxonomy":"product_tag","embeddable":true,"href":"https:\/\/www.bizkarra.com\/tienda-online\/wp-json\/wp\/v2\/product_tag?post=7325"}],"curies":[{"name":"wp","href":"https:\/\/api.w.org\/{rel}","templated":true}]}}