{"id":7320,"date":"2023-09-04T10:42:05","date_gmt":"2023-09-04T10:42:05","guid":{"rendered":"https:\/\/www.bizkarra.com\/tienda-online\/?post_type=product&#038;p=7320"},"modified":"2024-10-24T16:43:20","modified_gmt":"2024-10-24T16:43:20","slug":"palmera-vegana-de-chocolate","status":"publish","type":"product","link":"https:\/\/www.bizkarra.com\/tienda-online\/productos-vascos\/dulces\/palmera-vegana-de-chocolate\/","title":{"rendered":"Palmera vegana de chocolate"},"content":{"rendered":"<p>Estas palmeras son de coraz\u00f3n tierno y mullido. No contienen ingredientes de origen animal. Las hacemos con hojaldre de baja cocci\u00f3n y una capa superior de chocolate fondant, que tambi\u00e9n elaboramos manualmente en el obrador.<\/p>\n<p>Son la \u00faltima novedad de nuestro cat\u00e1logo de pasteler\u00eda vegana, un terreno en el que nos adentramos hace tiempo a trav\u00e9s de un proyecto de innovaci\u00f3n que est\u00e1 dando sus frutos.<\/p>\n<p><strong>Ingredientes:<\/strong><\/p>\n<div class=\"wpb_text_column wpb_content_element \">\n<div class=\"wpb_wrapper\">\n<div class=\"wpb_text_column wpb_content_element \">\n<div class=\"wpb_wrapper\">\n<div class=\"wpb_text_column wpb_content_element \">\n<div class=\"wpb_wrapper\">\n<div class=\"wpb_text_column wpb_content_element \">\n<div class=\"wpb_wrapper\">\n<div class=\"wpb_text_column wpb_content_element \">\n<div class=\"wpb_wrapper\">\n<div class=\"wpb_text_column wpb_content_element \">\n<div class=\"wpb_wrapper\">\n<p>(<em>Al\u00e9rgenos en negrita<\/em>)\u00a0Harina de trigo (<strong><u>gluten<\/u><\/strong>), margarina vegetal sin grasas trans, aceite girasol alto oleico, fondant de chocolate negro 60% cacao y sal.<\/p>\n<p>Por ser producto elaborado en nuestro obrador, puede contener trazas de huevo y leche (lactosa).<\/p>\n<\/div>\n<\/div>\n<\/div>\n<\/div>\n<\/div>\n<\/div>\n<\/div>\n<\/div>\n<\/div>\n<\/div>\n<\/div>\n<\/div>\n<p style=\"text-align: justify;\"><strong><em>Ll\u00e1manos o m\u00e1ndanos un Whatsapp sin compromiso y te explicaremos todo lo que quieras saber para escoger tus productos o combinaci\u00f3n ideal.<\/em><\/strong><\/p>\n<p>&nbsp;<\/p>\n<h3 style=\"padding-left: 120px; text-align: center;\"><span style=\"color: #000000;\"><a style=\"color: #000000;\" href=\"tel: 34944568508\">944 56 85 08<\/a><\/span><\/h3>\n<h3 style=\"text-align: center; padding-left: 120px;\"><span style=\"color: #000000;\"><a style=\"color: #000000;\" href=\"https:\/\/wa.me\/34655 61 39 81\">655 61 39 81<\/a><\/span><\/h3>\n<h3 style=\"text-align: center; padding-left: 120px;\"><span style=\"color: #000000;\"><a style=\"color: #000000;\" href=\"mailto:ventaonline@bizkarra.com\">ventaonline@bizkarra.com<\/a><\/span><\/h3>\n<p>&nbsp;<\/p>\n","protected":false},"excerpt":{"rendered":"<p>\u00a1Vegana y artesana!<\/p>\n<p>Descubre nuestra palmera vegana, que elaboramos en nuestro obrador exclusivamente con ingredientes de origen vegetal. Es una gruesa capa hojaldrada ba\u00f1ada en suave chocolate fondant.<\/p>\n<p>Al morder \u00a1Es todo ternura!<\/p>\n<p>Presentaci\u00f3n:<\/p>\n<ul>\n<li>Una palmera vegana de chocolate, de raci\u00f3n individual<\/li>\n<\/ul>\n","protected":false},"featured_media":7323,"template":"","meta":[],"product_cat":[190],"product_tag":[],"yoast_head":"<!-- This site is optimized with the Yoast SEO plugin v22.1 - https:\/\/yoast.com\/wordpress\/plugins\/seo\/ -->\n<title>Palmera vegana de chocolate - Bizkarra<\/title>\n<meta name=\"description\" content=\"Palmera vegana de chocolate y coraz\u00f3n muy tierno, con textura interior como las populares palmeras bollo\" \/>\n<meta name=\"robots\" content=\"index, follow, max-snippet:-1, max-image-preview:large, max-video-preview:-1\" \/>\n<link rel=\"canonical\" href=\"https:\/\/www.bizkarra.com\/tienda-online\/productos-vascos\/dulces\/palmera-vegana-de-chocolate\/\" \/>\n<meta property=\"og:locale\" content=\"es_ES\" \/>\n<meta property=\"og:type\" content=\"article\" \/>\n<meta property=\"og:title\" content=\"Palmera vegana de chocolate - Bizkarra\" \/>\n<meta property=\"og:description\" content=\"Palmera vegana de chocolate y coraz\u00f3n muy tierno, con textura interior como las populares palmeras bollo\" \/>\n<meta property=\"og:url\" content=\"https:\/\/www.bizkarra.com\/tienda-online\/productos-vascos\/dulces\/palmera-vegana-de-chocolate\/\" \/>\n<meta property=\"og:site_name\" content=\"Bizkarra\" \/>\n<meta property=\"article:modified_time\" content=\"2024-10-24T16:43:20+00:00\" \/>\n<meta property=\"og:image\" content=\"https:\/\/www.bizkarra.com\/tienda-online\/wp-content\/uploads\/2023\/09\/Palmera-tierna-vegana-scaled.jpg\" \/>\n\t<meta property=\"og:image:width\" content=\"2560\" \/>\n\t<meta property=\"og:image:height\" content=\"2560\" \/>\n\t<meta property=\"og:image:type\" content=\"image\/jpeg\" \/>\n<meta name=\"twitter:card\" content=\"summary_large_image\" \/>\n<!-- \/ Yoast SEO plugin. -->","yoast_head_json":{"title":"Palmera vegana de chocolate - Bizkarra","description":"Palmera vegana de chocolate y coraz\u00f3n muy tierno, con textura interior como las populares palmeras bollo","robots":{"index":"index","follow":"follow","max-snippet":"max-snippet:-1","max-image-preview":"max-image-preview:large","max-video-preview":"max-video-preview:-1"},"canonical":"https:\/\/www.bizkarra.com\/tienda-online\/productos-vascos\/dulces\/palmera-vegana-de-chocolate\/","og_locale":"es_ES","og_type":"article","og_title":"Palmera vegana de chocolate - Bizkarra","og_description":"Palmera vegana de chocolate y coraz\u00f3n muy tierno, con textura interior como las populares palmeras bollo","og_url":"https:\/\/www.bizkarra.com\/tienda-online\/productos-vascos\/dulces\/palmera-vegana-de-chocolate\/","og_site_name":"Bizkarra","article_modified_time":"2024-10-24T16:43:20+00:00","og_image":[{"width":2560,"height":2560,"url":"https:\/\/www.bizkarra.com\/tienda-online\/wp-content\/uploads\/2023\/09\/Palmera-tierna-vegana-scaled.jpg","type":"image\/jpeg"}],"twitter_card":"summary_large_image","schema":{"@context":"https:\/\/schema.org","@graph":[{"@type":"WebPage","@id":"https:\/\/www.bizkarra.com\/tienda-online\/productos-vascos\/dulces\/palmera-vegana-de-chocolate\/","url":"https:\/\/www.bizkarra.com\/tienda-online\/productos-vascos\/dulces\/palmera-vegana-de-chocolate\/","name":"Palmera vegana de chocolate - Bizkarra","isPartOf":{"@id":"https:\/\/www.bizkarra.com\/tienda-online\/#website"},"datePublished":"2023-09-04T10:42:05+00:00","dateModified":"2024-10-24T16:43:20+00:00","description":"Palmera vegana de chocolate y coraz\u00f3n muy tierno, con textura interior como las populares palmeras bollo","breadcrumb":{"@id":"https:\/\/www.bizkarra.com\/tienda-online\/productos-vascos\/dulces\/palmera-vegana-de-chocolate\/#breadcrumb"},"inLanguage":"es","potentialAction":[{"@type":"ReadAction","target":["https:\/\/www.bizkarra.com\/tienda-online\/productos-vascos\/dulces\/palmera-vegana-de-chocolate\/"]}]},{"@type":"BreadcrumbList","@id":"https:\/\/www.bizkarra.com\/tienda-online\/productos-vascos\/dulces\/palmera-vegana-de-chocolate\/#breadcrumb","itemListElement":[{"@type":"ListItem","position":1,"name":"Portada","item":"https:\/\/www.bizkarra.com\/tienda-online\/"},{"@type":"ListItem","position":2,"name":"Tienda","item":"https:\/\/www.bizkarra.com\/tienda-online\/productos-vascos\/"},{"@type":"ListItem","position":3,"name":"Palmera vegana de chocolate"}]},{"@type":"WebSite","@id":"https:\/\/www.bizkarra.com\/tienda-online\/#website","url":"https:\/\/www.bizkarra.com\/tienda-online\/","name":"Bizkarra","description":"Tienda Online de postres y dulces gourmet t\u00edpicos vascos","potentialAction":[{"@type":"SearchAction","target":{"@type":"EntryPoint","urlTemplate":"https:\/\/www.bizkarra.com\/tienda-online\/?s={search_term_string}"},"query-input":"required name=search_term_string"}],"inLanguage":"es"}]}},"_links":{"self":[{"href":"https:\/\/www.bizkarra.com\/tienda-online\/wp-json\/wp\/v2\/product\/7320"}],"collection":[{"href":"https:\/\/www.bizkarra.com\/tienda-online\/wp-json\/wp\/v2\/product"}],"about":[{"href":"https:\/\/www.bizkarra.com\/tienda-online\/wp-json\/wp\/v2\/types\/product"}],"wp:featuredmedia":[{"embeddable":true,"href":"https:\/\/www.bizkarra.com\/tienda-online\/wp-json\/wp\/v2\/media\/7323"}],"wp:attachment":[{"href":"https:\/\/www.bizkarra.com\/tienda-online\/wp-json\/wp\/v2\/media?parent=7320"}],"wp:term":[{"taxonomy":"product_cat","embeddable":true,"href":"https:\/\/www.bizkarra.com\/tienda-online\/wp-json\/wp\/v2\/product_cat?post=7320"},{"taxonomy":"product_tag","embeddable":true,"href":"https:\/\/www.bizkarra.com\/tienda-online\/wp-json\/wp\/v2\/product_tag?post=7320"}],"curies":[{"name":"wp","href":"https:\/\/api.w.org\/{rel}","templated":true}]}}