{"id":7282,"date":"2023-07-20T07:31:55","date_gmt":"2023-07-20T07:31:55","guid":{"rendered":"https:\/\/www.bizkarra.com\/tienda-online\/?post_type=product&#038;p=7282"},"modified":"2024-10-24T16:47:44","modified_gmt":"2024-10-24T16:47:44","slug":"dulce-de-membrillo","status":"publish","type":"product","link":"https:\/\/www.bizkarra.com\/tienda-online\/productos-vascos\/postres-tipicos\/dulce-de-membrillo\/","title":{"rendered":"Dulce de Membrillo"},"content":{"rendered":"<p>En la receta familiar del dulce de membrillo las claves son contar con una buena fruta y dedicarle el tiempo necesario al proceso. En el obrador se realiza una primera cocci\u00f3n para hacer bien toda la fruta y una vez triturada se vuelve a poner al fuego para darle la consistencia y textura que nos gusta: consistente pero no dura, que se corte f\u00e1cilmente.<\/p>\n<p><strong>Ingredientes:<br \/>\n<\/strong><\/p>\n<div class=\"wpb_text_column wpb_content_element \">\n<div class=\"wpb_wrapper\">\n<div class=\"wpb_text_column wpb_content_element \">\n<div class=\"wpb_wrapper\">\n<div class=\"wpb_text_column wpb_content_element \">\n<div class=\"wpb_wrapper\">\n<p><em>(al\u00e9rgenos en negrita)\u00a0<\/em>Membrillos, az\u00facar.<\/p>\n<p>Por ser producto elaborado en nuestro obrador, puede contener trazas de\u00a0<b>frutos secos, gluten, huevo, leche.<\/b><\/p>\n<\/div>\n<\/div>\n<p>Tarrina de dulce de membrillo 500gr.<\/p>\n<\/div>\n<\/div>\n<\/div>\n<\/div>\n<p><span style=\"color: #000000;\"><em><span style=\"font-weight: 400;\">\u00a1P\u00e1sate por la secci\u00f3n de productos y mira todas las especialidades, \u00a1te va a resultar muy dif\u00edcil elegir!<\/span><\/em><\/span><\/p>\n<p><center><a class=\"qodef-btn qodef-btn-medium qodef-btn-solid\" href=\"https:\/\/www.bizkarra.com\/tienda-online\/productos-vascos\/\" target=\"_blank\" rel=\"noopener noreferrer\"><span class=\"qodef-btn-text\">Saber m\u00e1s<\/span><\/a><\/center><\/p>\n<p style=\"text-align: justify;\"><strong><em>Ll\u00e1manos o m\u00e1ndanos un Whatsapp sin compromiso y te explicaremos todo lo que quieras saber para escoger tus productos o preparar tu combinaci\u00f3n ideal.<\/em><\/strong><\/p>\n<p>&nbsp;<\/p>\n<h3 style=\"padding-left: 120px; text-align: center;\"><span style=\"color: #000000;\"><a style=\"color: #000000;\" href=\"tel: 34944568508\">944 56 85 08<\/a><\/span><\/h3>\n<h3 style=\"text-align: center; padding-left: 120px;\"><span style=\"color: #000000;\"><a style=\"color: #000000;\" href=\"https:\/\/wa.me\/34655 61 39 81\">655 61 39 81<\/a><\/span><\/h3>\n<h3 style=\"text-align: center; padding-left: 120px;\"><span style=\"color: #000000;\"><a style=\"color: #000000;\" href=\"mailto:ventaonline@bizkarra.com\">ventaonline@bizkarra.com<\/a><\/span><\/h3>\n<p>&nbsp;<\/p>\n","protected":false},"excerpt":{"rendered":"<p>\u00a1Tradici\u00f3n de la casa!<\/p>\n<p>Elaboramos el dulce de membrillo con nuestra propia cosecha de membrillos, cuando la fruta est\u00e1 en su punto \u00f3ptimo de maduraci\u00f3n. Tal y como se ha hecho siempre en la familia Bizkarra.<\/p>\n<p>Disfruta de su sabor y tambi\u00e9n uno de nuestros postres m\u00e1s tradicionales combin\u00e1ndolo con queso o nueces.\u00a0En todos los casos \u00a1est\u00e1 exquisito!<\/p>\n<p>Presentaci\u00f3n:<\/p>\n<ul>\n<li>Dulce de membrillo, tarrina de 500g.<\/li>\n<\/ul>\n","protected":false},"featured_media":7283,"template":"","meta":[],"product_cat":[189],"product_tag":[],"yoast_head":"<!-- This site is optimized with the Yoast SEO plugin v22.1 - https:\/\/yoast.com\/wordpress\/plugins\/seo\/ -->\n<title>Dulce de Membrillo - Bizkarra<\/title>\n<meta name=\"description\" content=\"Nuestro dulce de membrillo se elabora con membrillos de cosecha propia y\/o de cercan\u00eda, d\u00e1ndole el punto justo de cocci\u00f3n para que quede muy suave.\" \/>\n<meta name=\"robots\" content=\"index, follow, max-snippet:-1, max-image-preview:large, max-video-preview:-1\" \/>\n<link rel=\"canonical\" href=\"https:\/\/www.bizkarra.com\/tienda-online\/productos-vascos\/postres-tipicos\/dulce-de-membrillo\/\" \/>\n<meta property=\"og:locale\" content=\"es_ES\" \/>\n<meta property=\"og:type\" content=\"article\" \/>\n<meta property=\"og:title\" content=\"Dulce de Membrillo - Bizkarra\" \/>\n<meta property=\"og:description\" content=\"Nuestro dulce de membrillo se elabora con membrillos de cosecha propia y\/o de cercan\u00eda, d\u00e1ndole el punto justo de cocci\u00f3n para que quede muy suave.\" \/>\n<meta property=\"og:url\" content=\"https:\/\/www.bizkarra.com\/tienda-online\/productos-vascos\/postres-tipicos\/dulce-de-membrillo\/\" \/>\n<meta property=\"og:site_name\" content=\"Bizkarra\" \/>\n<meta property=\"article:modified_time\" content=\"2024-10-24T16:47:44+00:00\" \/>\n<meta property=\"og:image\" content=\"https:\/\/www.bizkarra.com\/tienda-online\/wp-content\/uploads\/2023\/07\/DULCE-MEMBRILLO-2.jpg\" \/>\n\t<meta property=\"og:image:width\" content=\"1500\" \/>\n\t<meta property=\"og:image:height\" content=\"1500\" \/>\n\t<meta property=\"og:image:type\" content=\"image\/jpeg\" \/>\n<meta name=\"twitter:card\" content=\"summary_large_image\" \/>\n<!-- \/ Yoast SEO plugin. -->","yoast_head_json":{"title":"Dulce de Membrillo - Bizkarra","description":"Nuestro dulce de membrillo se elabora con membrillos de cosecha propia y\/o de cercan\u00eda, d\u00e1ndole el punto justo de cocci\u00f3n para que quede muy suave.","robots":{"index":"index","follow":"follow","max-snippet":"max-snippet:-1","max-image-preview":"max-image-preview:large","max-video-preview":"max-video-preview:-1"},"canonical":"https:\/\/www.bizkarra.com\/tienda-online\/productos-vascos\/postres-tipicos\/dulce-de-membrillo\/","og_locale":"es_ES","og_type":"article","og_title":"Dulce de Membrillo - Bizkarra","og_description":"Nuestro dulce de membrillo se elabora con membrillos de cosecha propia y\/o de cercan\u00eda, d\u00e1ndole el punto justo de cocci\u00f3n para que quede muy suave.","og_url":"https:\/\/www.bizkarra.com\/tienda-online\/productos-vascos\/postres-tipicos\/dulce-de-membrillo\/","og_site_name":"Bizkarra","article_modified_time":"2024-10-24T16:47:44+00:00","og_image":[{"width":1500,"height":1500,"url":"https:\/\/www.bizkarra.com\/tienda-online\/wp-content\/uploads\/2023\/07\/DULCE-MEMBRILLO-2.jpg","type":"image\/jpeg"}],"twitter_card":"summary_large_image","schema":{"@context":"https:\/\/schema.org","@graph":[{"@type":"WebPage","@id":"https:\/\/www.bizkarra.com\/tienda-online\/productos-vascos\/postres-tipicos\/dulce-de-membrillo\/","url":"https:\/\/www.bizkarra.com\/tienda-online\/productos-vascos\/postres-tipicos\/dulce-de-membrillo\/","name":"Dulce de Membrillo - Bizkarra","isPartOf":{"@id":"https:\/\/www.bizkarra.com\/tienda-online\/#website"},"datePublished":"2023-07-20T07:31:55+00:00","dateModified":"2024-10-24T16:47:44+00:00","description":"Nuestro dulce de membrillo se elabora con membrillos de cosecha propia y\/o de cercan\u00eda, d\u00e1ndole el punto justo de cocci\u00f3n para que quede muy suave.","breadcrumb":{"@id":"https:\/\/www.bizkarra.com\/tienda-online\/productos-vascos\/postres-tipicos\/dulce-de-membrillo\/#breadcrumb"},"inLanguage":"es","potentialAction":[{"@type":"ReadAction","target":["https:\/\/www.bizkarra.com\/tienda-online\/productos-vascos\/postres-tipicos\/dulce-de-membrillo\/"]}]},{"@type":"BreadcrumbList","@id":"https:\/\/www.bizkarra.com\/tienda-online\/productos-vascos\/postres-tipicos\/dulce-de-membrillo\/#breadcrumb","itemListElement":[{"@type":"ListItem","position":1,"name":"Portada","item":"https:\/\/www.bizkarra.com\/tienda-online\/"},{"@type":"ListItem","position":2,"name":"Tienda","item":"https:\/\/www.bizkarra.com\/tienda-online\/productos-vascos\/"},{"@type":"ListItem","position":3,"name":"Dulce de Membrillo"}]},{"@type":"WebSite","@id":"https:\/\/www.bizkarra.com\/tienda-online\/#website","url":"https:\/\/www.bizkarra.com\/tienda-online\/","name":"Bizkarra","description":"Tienda Online de postres y dulces gourmet t\u00edpicos vascos","potentialAction":[{"@type":"SearchAction","target":{"@type":"EntryPoint","urlTemplate":"https:\/\/www.bizkarra.com\/tienda-online\/?s={search_term_string}"},"query-input":"required name=search_term_string"}],"inLanguage":"es"}]}},"_links":{"self":[{"href":"https:\/\/www.bizkarra.com\/tienda-online\/wp-json\/wp\/v2\/product\/7282"}],"collection":[{"href":"https:\/\/www.bizkarra.com\/tienda-online\/wp-json\/wp\/v2\/product"}],"about":[{"href":"https:\/\/www.bizkarra.com\/tienda-online\/wp-json\/wp\/v2\/types\/product"}],"wp:featuredmedia":[{"embeddable":true,"href":"https:\/\/www.bizkarra.com\/tienda-online\/wp-json\/wp\/v2\/media\/7283"}],"wp:attachment":[{"href":"https:\/\/www.bizkarra.com\/tienda-online\/wp-json\/wp\/v2\/media?parent=7282"}],"wp:term":[{"taxonomy":"product_cat","embeddable":true,"href":"https:\/\/www.bizkarra.com\/tienda-online\/wp-json\/wp\/v2\/product_cat?post=7282"},{"taxonomy":"product_tag","embeddable":true,"href":"https:\/\/www.bizkarra.com\/tienda-online\/wp-json\/wp\/v2\/product_tag?post=7282"}],"curies":[{"name":"wp","href":"https:\/\/api.w.org\/{rel}","templated":true}]}}