{"id":7275,"date":"2023-07-19T17:27:34","date_gmt":"2023-07-19T17:27:34","guid":{"rendered":"https:\/\/www.bizkarra.com\/tienda-online\/?post_type=product&#038;p=7275"},"modified":"2024-10-24T16:26:25","modified_gmt":"2024-10-24T16:26:25","slug":"caja-de-pasteles-de-arroz","status":"publish","type":"product","link":"https:\/\/www.bizkarra.com\/tienda-online\/productos-vascos\/postres-tipicos\/caja-de-pasteles-de-arroz\/","title":{"rendered":"Caja de pasteles de arroz"},"content":{"rendered":"<p>En esta caja de pasteles de arroz hay tradici\u00f3n e innovaci\u00f3n. La originalidad de nuestros pasteles de arroz viene por partida doble.<\/p>\n<p>Primero, porque -seg\u00fan una de las versiones que circulan sobre su origen- la receta original era con harina de arroz, que se sustituy\u00f3 por harina de trigo en la receta tradicional.<\/p>\n<p>Segundo, porque somos la \u00fanica pasteler\u00eda artesana que los elabora con harina de arroz. No siempre lo hemos hecho as\u00ed; anteriormente lo hac\u00edamos de la forma tradicional hasta que en el sesenta aniversario -en 2017- decidimos darle un giro innovador a la receta.<\/p>\n<p style=\"text-align: justify;\"><strong>ELIGE TU SELECCI\u00d3N<br \/>\n<\/strong><strong><em>P\u00e1sate por la secci\u00f3n de productos y mira todas las especialidades, te va a resultar muy dif\u00edcil elegir!<\/em><\/strong><\/p>\n<p style=\"text-align: justify;\"><strong><em>Ll\u00e1manos o m\u00e1ndanos un whatsapp sin compromiso y te explicaremos todo lo que quieras saber <\/em><\/strong><b><i>para escoger tu producto o combinaci\u00f3n ideal.<\/i><\/b><\/p>\n<h3 style=\"padding-left: 120px; text-align: center;\"><span style=\"color: #000000;\"><a style=\"color: #000000;\" href=\"tel: 34944568508\">944 56 85 08<\/a><\/span><\/h3>\n<h3 style=\"text-align: center; padding-left: 120px;\"><span style=\"color: #000000;\"><a style=\"color: #000000;\" href=\"https:\/\/wa.me\/34655 61 39 81\">655 61 39 81<\/a><\/span><\/h3>\n<h3 style=\"text-align: center; padding-left: 120px;\"><span style=\"color: #000000;\"><a style=\"color: #000000;\" href=\"mailto:ventaonline@bizkarra.com\">ventaonline@bizkarra.com<\/a><\/span><\/h3>\n","protected":false},"excerpt":{"rendered":"<p>\u00a1El \u00fanico elaborado con harina de arroz!<\/p>\n<p>Nuestro pastel m\u00e1s t\u00edpico en su versi\u00f3n m\u00e1s original y con una dosis extra de cremosidad. Trasl\u00e1date a territorio bilba\u00edno a trav\u00e9s de uno de nuestros sabores m\u00e1s reconocibles y disfruta de los aut\u00e9nticos desayunos del botxo. \u00a1Vas a querer quedarte!<\/p>\n<p>Contiene:<\/p>\n<ul>\n<li>12 <a href=\"https:\/\/www.bizkarra.com\/tienda-online\/productos-vascos\/postres-tipicos\/pastel-de-arroz\/\">pasteles de arroz<\/a> de raci\u00f3n<\/li>\n<\/ul>\n","protected":false},"featured_media":7276,"template":"","meta":[],"product_cat":[189],"product_tag":[],"yoast_head":"<!-- This site is optimized with the Yoast SEO plugin v22.1 - https:\/\/yoast.com\/wordpress\/plugins\/seo\/ -->\n<title>Caja de pasteles de arroz - Bizkarra<\/title>\n<meta name=\"description\" content=\"Caja de pasteles de arroz con una docena de pasteles de arroz de raci\u00f3n. Uno de los pocos pasteles de arroz, si no el \u00fanico, que se elabora con harina de arroz\" \/>\n<meta name=\"robots\" content=\"index, follow, max-snippet:-1, max-image-preview:large, max-video-preview:-1\" \/>\n<link rel=\"canonical\" href=\"https:\/\/www.bizkarra.com\/tienda-online\/productos-vascos\/postres-tipicos\/caja-de-pasteles-de-arroz\/\" \/>\n<meta property=\"og:locale\" content=\"es_ES\" \/>\n<meta property=\"og:type\" content=\"article\" \/>\n<meta property=\"og:title\" content=\"Caja de pasteles de arroz - Bizkarra\" \/>\n<meta property=\"og:description\" content=\"Caja de pasteles de arroz con una docena de pasteles de arroz de raci\u00f3n. Uno de los pocos pasteles de arroz, si no el \u00fanico, que se elabora con harina de arroz\" \/>\n<meta property=\"og:url\" content=\"https:\/\/www.bizkarra.com\/tienda-online\/productos-vascos\/postres-tipicos\/caja-de-pasteles-de-arroz\/\" \/>\n<meta property=\"og:site_name\" content=\"Bizkarra\" \/>\n<meta property=\"article:modified_time\" content=\"2024-10-24T16:26:25+00:00\" \/>\n<meta property=\"og:image\" content=\"https:\/\/www.bizkarra.com\/tienda-online\/wp-content\/uploads\/2023\/07\/caja-12-arroces.jpg\" \/>\n\t<meta property=\"og:image:width\" content=\"1860\" \/>\n\t<meta property=\"og:image:height\" content=\"1966\" \/>\n\t<meta property=\"og:image:type\" content=\"image\/jpeg\" \/>\n<meta name=\"twitter:card\" content=\"summary_large_image\" \/>\n<!-- \/ Yoast SEO plugin. -->","yoast_head_json":{"title":"Caja de pasteles de arroz - Bizkarra","description":"Caja de pasteles de arroz con una docena de pasteles de arroz de raci\u00f3n. Uno de los pocos pasteles de arroz, si no el \u00fanico, que se elabora con harina de arroz","robots":{"index":"index","follow":"follow","max-snippet":"max-snippet:-1","max-image-preview":"max-image-preview:large","max-video-preview":"max-video-preview:-1"},"canonical":"https:\/\/www.bizkarra.com\/tienda-online\/productos-vascos\/postres-tipicos\/caja-de-pasteles-de-arroz\/","og_locale":"es_ES","og_type":"article","og_title":"Caja de pasteles de arroz - Bizkarra","og_description":"Caja de pasteles de arroz con una docena de pasteles de arroz de raci\u00f3n. Uno de los pocos pasteles de arroz, si no el \u00fanico, que se elabora con harina de arroz","og_url":"https:\/\/www.bizkarra.com\/tienda-online\/productos-vascos\/postres-tipicos\/caja-de-pasteles-de-arroz\/","og_site_name":"Bizkarra","article_modified_time":"2024-10-24T16:26:25+00:00","og_image":[{"width":1860,"height":1966,"url":"https:\/\/www.bizkarra.com\/tienda-online\/wp-content\/uploads\/2023\/07\/caja-12-arroces.jpg","type":"image\/jpeg"}],"twitter_card":"summary_large_image","schema":{"@context":"https:\/\/schema.org","@graph":[{"@type":"WebPage","@id":"https:\/\/www.bizkarra.com\/tienda-online\/productos-vascos\/postres-tipicos\/caja-de-pasteles-de-arroz\/","url":"https:\/\/www.bizkarra.com\/tienda-online\/productos-vascos\/postres-tipicos\/caja-de-pasteles-de-arroz\/","name":"Caja de pasteles de arroz - Bizkarra","isPartOf":{"@id":"https:\/\/www.bizkarra.com\/tienda-online\/#website"},"datePublished":"2023-07-19T17:27:34+00:00","dateModified":"2024-10-24T16:26:25+00:00","description":"Caja de pasteles de arroz con una docena de pasteles de arroz de raci\u00f3n. Uno de los pocos pasteles de arroz, si no el \u00fanico, que se elabora con harina de arroz","breadcrumb":{"@id":"https:\/\/www.bizkarra.com\/tienda-online\/productos-vascos\/postres-tipicos\/caja-de-pasteles-de-arroz\/#breadcrumb"},"inLanguage":"es","potentialAction":[{"@type":"ReadAction","target":["https:\/\/www.bizkarra.com\/tienda-online\/productos-vascos\/postres-tipicos\/caja-de-pasteles-de-arroz\/"]}]},{"@type":"BreadcrumbList","@id":"https:\/\/www.bizkarra.com\/tienda-online\/productos-vascos\/postres-tipicos\/caja-de-pasteles-de-arroz\/#breadcrumb","itemListElement":[{"@type":"ListItem","position":1,"name":"Portada","item":"https:\/\/www.bizkarra.com\/tienda-online\/"},{"@type":"ListItem","position":2,"name":"Tienda","item":"https:\/\/www.bizkarra.com\/tienda-online\/productos-vascos\/"},{"@type":"ListItem","position":3,"name":"Caja de pasteles de arroz"}]},{"@type":"WebSite","@id":"https:\/\/www.bizkarra.com\/tienda-online\/#website","url":"https:\/\/www.bizkarra.com\/tienda-online\/","name":"Bizkarra","description":"Tienda Online de postres y dulces gourmet t\u00edpicos vascos","potentialAction":[{"@type":"SearchAction","target":{"@type":"EntryPoint","urlTemplate":"https:\/\/www.bizkarra.com\/tienda-online\/?s={search_term_string}"},"query-input":"required name=search_term_string"}],"inLanguage":"es"}]}},"_links":{"self":[{"href":"https:\/\/www.bizkarra.com\/tienda-online\/wp-json\/wp\/v2\/product\/7275"}],"collection":[{"href":"https:\/\/www.bizkarra.com\/tienda-online\/wp-json\/wp\/v2\/product"}],"about":[{"href":"https:\/\/www.bizkarra.com\/tienda-online\/wp-json\/wp\/v2\/types\/product"}],"wp:featuredmedia":[{"embeddable":true,"href":"https:\/\/www.bizkarra.com\/tienda-online\/wp-json\/wp\/v2\/media\/7276"}],"wp:attachment":[{"href":"https:\/\/www.bizkarra.com\/tienda-online\/wp-json\/wp\/v2\/media?parent=7275"}],"wp:term":[{"taxonomy":"product_cat","embeddable":true,"href":"https:\/\/www.bizkarra.com\/tienda-online\/wp-json\/wp\/v2\/product_cat?post=7275"},{"taxonomy":"product_tag","embeddable":true,"href":"https:\/\/www.bizkarra.com\/tienda-online\/wp-json\/wp\/v2\/product_tag?post=7275"}],"curies":[{"name":"wp","href":"https:\/\/api.w.org\/{rel}","templated":true}]}}