{"id":7267,"date":"2023-07-19T16:19:25","date_gmt":"2023-07-19T16:19:25","guid":{"rendered":"https:\/\/www.bizkarra.com\/tienda-online\/?post_type=product&#038;p=7267"},"modified":"2024-10-24T16:15:50","modified_gmt":"2024-10-24T16:15:50","slug":"caja-dulces-tipicos-de-bilbao","status":"publish","type":"product","link":"https:\/\/www.bizkarra.com\/tienda-online\/productos-vascos\/postres-tipicos\/caja-dulces-tipicos-de-bilbao\/","title":{"rendered":"Caja de dulces t\u00edpicos de Bilbao"},"content":{"rendered":"<p>En este pack de dulces t\u00edpicos de Bilbao y Bizkaia te presentamos tres sabores emblem\u00e1ticos de nuestra pasteler\u00eda tradicional, que est\u00e1n tambi\u00e9n en el top ventas de nuestra tienda online.<\/p>\n<p>Disfrutar\u00e1s con la delicada textura del bollo de mantequilla relleno, una delicia que seduce ya en los primeros bocados. Tambi\u00e9n con la cremosidad de nuestro pastel de arroz, que es uno de los pocos de la zona -si no el \u00fanico- que se elabora con harina de arroz. Adem\u00e1s, te gustar\u00e1 la crocancia de nuestra palmera de coco con su hojaldre en el punto perfecto.<\/p>\n<p>Podr\u00e1s contrastar todas estas sensaciones en una degustaci\u00f3n de dulces t\u00edpicos de Bilbao y, adem\u00e1s, convocar a tu c\u00edrculo de amistades m\u00e1s cercano \u00a1te lo agradecer\u00e1n!<\/p>\n<p>&nbsp;<\/p>\n<p style=\"text-align: justify;\"><strong>ELIGE TU SELECCI\u00d3N<br \/>\n<\/strong><strong><em>P\u00e1sate por la secci\u00f3n de productos y mira todas las especialidades, te va a resultar muy dif\u00edcil elegir!<\/em><\/strong><\/p>\n<p style=\"text-align: justify;\"><strong><em>Ll\u00e1manos o m\u00e1ndanos un whatsapp sin compromiso y te explicaremos todo lo que quieras saber\u00a0<\/em><\/strong><b><i>para escoger tu producto o combinaci\u00f3n ideal.<\/i><\/b><\/p>\n<h3 style=\"padding-left: 120px; text-align: center;\"><span style=\"color: #000000;\"><a style=\"color: #000000;\" href=\"tel: 34944568508\">944 56 85 08<\/a><\/span><\/h3>\n<h3 style=\"text-align: center; padding-left: 120px;\"><span style=\"color: #000000;\"><a style=\"color: #000000;\" href=\"https:\/\/wa.me\/34655 61 39 81\">655 61 39 81<\/a><\/span><\/h3>\n<h3 style=\"text-align: center; padding-left: 120px;\"><span style=\"color: #000000;\"><a style=\"color: #000000;\" href=\"mailto:ventaonline@bizkarra.com\">ventaonline@bizkarra.com<\/a><\/span><\/h3>\n","protected":false},"excerpt":{"rendered":"<p>Estos tres dulces de Bilbao compiten por ser el mejor. Descubre nuestra pasteler\u00eda artesana con esta selecci\u00f3n que re\u00fane las especialidades m\u00e1s solicitadas en nuestra tienda online.<\/p>\n<p>\u00a1Pon fecha a esta degustaci\u00f3n de dulces bilba\u00ednos!<\/p>\n<p>Contiene:<\/p>\n<ul>\n<li>6 <a href=\"https:\/\/www.bizkarra.com\/tienda-online\/productos-vascos\/dulces\/palmera-de-coco\/\">palmeras de coco<\/a><\/li>\n<li>6 <a href=\"https:\/\/www.bizkarra.com\/tienda-online\/productos-vascos\/postres-tipicos\/bollo-de-mantequilla\/\">bollos de mantequilla<\/a><\/li>\n<li>6 <a href=\"https:\/\/www.bizkarra.com\/tienda-online\/productos-vascos\/postres-tipicos\/pastel-de-arroz\/\">pasteles de arroz<\/a><\/li>\n<\/ul>\n","protected":false},"featured_media":7271,"template":"","meta":[],"product_cat":[189],"product_tag":[],"yoast_head":"<!-- This site is optimized with the Yoast SEO plugin v22.1 - https:\/\/yoast.com\/wordpress\/plugins\/seo\/ -->\n<title>Caja de Dulces t\u00edpicos de Bilbao - Bizkarra<\/title>\n<meta name=\"description\" content=\"Una caja de tres dulces t\u00edpicos de Bilbao, que son tambi\u00e9n top ventas en nuestra tienda online.\" \/>\n<meta name=\"robots\" content=\"index, follow, max-snippet:-1, max-image-preview:large, max-video-preview:-1\" \/>\n<link rel=\"canonical\" href=\"https:\/\/www.bizkarra.com\/tienda-online\/productos-vascos\/postres-tipicos\/caja-dulces-tipicos-de-bilbao\/\" \/>\n<meta property=\"og:locale\" content=\"es_ES\" \/>\n<meta property=\"og:type\" content=\"article\" \/>\n<meta property=\"og:title\" content=\"Caja de Dulces t\u00edpicos de Bilbao - Bizkarra\" \/>\n<meta property=\"og:description\" content=\"Una caja de tres dulces t\u00edpicos de Bilbao, que son tambi\u00e9n top ventas en nuestra tienda online.\" \/>\n<meta property=\"og:url\" content=\"https:\/\/www.bizkarra.com\/tienda-online\/productos-vascos\/postres-tipicos\/caja-dulces-tipicos-de-bilbao\/\" \/>\n<meta property=\"og:site_name\" content=\"Bizkarra\" \/>\n<meta property=\"article:modified_time\" content=\"2024-10-24T16:15:50+00:00\" \/>\n<meta property=\"og:image\" content=\"https:\/\/www.bizkarra.com\/tienda-online\/wp-content\/uploads\/2023\/07\/sorta-Bilbokoa-dulces-tipicos-de-Bilbao-2.jpg\" \/>\n\t<meta property=\"og:image:width\" content=\"1933\" \/>\n\t<meta property=\"og:image:height\" content=\"2048\" \/>\n\t<meta property=\"og:image:type\" content=\"image\/jpeg\" \/>\n<meta name=\"twitter:card\" content=\"summary_large_image\" \/>\n<!-- \/ Yoast SEO plugin. -->","yoast_head_json":{"title":"Caja de Dulces t\u00edpicos de Bilbao - Bizkarra","description":"Una caja de tres dulces t\u00edpicos de Bilbao, que son tambi\u00e9n top ventas en nuestra tienda online.","robots":{"index":"index","follow":"follow","max-snippet":"max-snippet:-1","max-image-preview":"max-image-preview:large","max-video-preview":"max-video-preview:-1"},"canonical":"https:\/\/www.bizkarra.com\/tienda-online\/productos-vascos\/postres-tipicos\/caja-dulces-tipicos-de-bilbao\/","og_locale":"es_ES","og_type":"article","og_title":"Caja de Dulces t\u00edpicos de Bilbao - Bizkarra","og_description":"Una caja de tres dulces t\u00edpicos de Bilbao, que son tambi\u00e9n top ventas en nuestra tienda online.","og_url":"https:\/\/www.bizkarra.com\/tienda-online\/productos-vascos\/postres-tipicos\/caja-dulces-tipicos-de-bilbao\/","og_site_name":"Bizkarra","article_modified_time":"2024-10-24T16:15:50+00:00","og_image":[{"width":1933,"height":2048,"url":"https:\/\/www.bizkarra.com\/tienda-online\/wp-content\/uploads\/2023\/07\/sorta-Bilbokoa-dulces-tipicos-de-Bilbao-2.jpg","type":"image\/jpeg"}],"twitter_card":"summary_large_image","schema":{"@context":"https:\/\/schema.org","@graph":[{"@type":"WebPage","@id":"https:\/\/www.bizkarra.com\/tienda-online\/productos-vascos\/postres-tipicos\/caja-dulces-tipicos-de-bilbao\/","url":"https:\/\/www.bizkarra.com\/tienda-online\/productos-vascos\/postres-tipicos\/caja-dulces-tipicos-de-bilbao\/","name":"Caja de Dulces t\u00edpicos de Bilbao - Bizkarra","isPartOf":{"@id":"https:\/\/www.bizkarra.com\/tienda-online\/#website"},"datePublished":"2023-07-19T16:19:25+00:00","dateModified":"2024-10-24T16:15:50+00:00","description":"Una caja de tres dulces t\u00edpicos de Bilbao, que son tambi\u00e9n top ventas en nuestra tienda online.","breadcrumb":{"@id":"https:\/\/www.bizkarra.com\/tienda-online\/productos-vascos\/postres-tipicos\/caja-dulces-tipicos-de-bilbao\/#breadcrumb"},"inLanguage":"es","potentialAction":[{"@type":"ReadAction","target":["https:\/\/www.bizkarra.com\/tienda-online\/productos-vascos\/postres-tipicos\/caja-dulces-tipicos-de-bilbao\/"]}]},{"@type":"BreadcrumbList","@id":"https:\/\/www.bizkarra.com\/tienda-online\/productos-vascos\/postres-tipicos\/caja-dulces-tipicos-de-bilbao\/#breadcrumb","itemListElement":[{"@type":"ListItem","position":1,"name":"Portada","item":"https:\/\/www.bizkarra.com\/tienda-online\/"},{"@type":"ListItem","position":2,"name":"Tienda","item":"https:\/\/www.bizkarra.com\/tienda-online\/productos-vascos\/"},{"@type":"ListItem","position":3,"name":"Caja de dulces t\u00edpicos de Bilbao"}]},{"@type":"WebSite","@id":"https:\/\/www.bizkarra.com\/tienda-online\/#website","url":"https:\/\/www.bizkarra.com\/tienda-online\/","name":"Bizkarra","description":"Tienda Online de postres y dulces gourmet t\u00edpicos vascos","potentialAction":[{"@type":"SearchAction","target":{"@type":"EntryPoint","urlTemplate":"https:\/\/www.bizkarra.com\/tienda-online\/?s={search_term_string}"},"query-input":"required name=search_term_string"}],"inLanguage":"es"}]}},"_links":{"self":[{"href":"https:\/\/www.bizkarra.com\/tienda-online\/wp-json\/wp\/v2\/product\/7267"}],"collection":[{"href":"https:\/\/www.bizkarra.com\/tienda-online\/wp-json\/wp\/v2\/product"}],"about":[{"href":"https:\/\/www.bizkarra.com\/tienda-online\/wp-json\/wp\/v2\/types\/product"}],"wp:featuredmedia":[{"embeddable":true,"href":"https:\/\/www.bizkarra.com\/tienda-online\/wp-json\/wp\/v2\/media\/7271"}],"wp:attachment":[{"href":"https:\/\/www.bizkarra.com\/tienda-online\/wp-json\/wp\/v2\/media?parent=7267"}],"wp:term":[{"taxonomy":"product_cat","embeddable":true,"href":"https:\/\/www.bizkarra.com\/tienda-online\/wp-json\/wp\/v2\/product_cat?post=7267"},{"taxonomy":"product_tag","embeddable":true,"href":"https:\/\/www.bizkarra.com\/tienda-online\/wp-json\/wp\/v2\/product_tag?post=7267"}],"curies":[{"name":"wp","href":"https:\/\/api.w.org\/{rel}","templated":true}]}}