{"id":7150,"date":"2023-03-03T15:11:50","date_gmt":"2023-03-03T15:11:50","guid":{"rendered":"https:\/\/www.bizkarra.com\/tienda-online\/?post_type=product&#038;p=7150"},"modified":"2024-10-24T16:55:19","modified_gmt":"2024-10-24T16:55:19","slug":"txirloras-de-san-jose","status":"publish","type":"product","link":"https:\/\/www.bizkarra.com\/tienda-online\/productos-vascos\/postres-tipicos\/txirloras-de-san-jose\/","title":{"rendered":"Caja de Txirloras de San Jos\u00e9"},"content":{"rendered":"<p>Elaboramos txirloras de San Jos\u00e9 \u00fanicamente en las fechas cercanas al 19 de marzo. Su base es una masa muy parecida a la de las pastas de t\u00e9, recubierta de almendra picada y horneada. Nada m\u00e1s salir del horno, todav\u00eda calientes, le damos la curiosa forma envolvi\u00e9ndolas, una a una, alrededor de un canutillo y dej\u00e1ndolas enfriar as\u00ed. Y posteriormente las ba\u00f1amos en chocolate negro y chocolate con leche. \u00a1Todo a mano!<\/p>\n<p>Puedes elegir la que m\u00e1s te guste o combinar los dos, indic\u00e1ndolo al hacer el pedido.<\/p>\n<p>Ingredientes:\u00a0(al\u00e9rgenos en negrita):<\/p>\n<ul>\n<li>Txirloras chocolate con leche: Harina de trigo (<strong>gluten<\/strong>),\u00a0chocolate con leche 34% cacao, az\u00facar, mantequilla (<strong>leche<\/strong>), leche.<\/li>\n<li>Txirloras chocolate negro: Harina de trigo (<strong>gluten<\/strong>), chocolate negro 65% cacao, az\u00facar, mantequilla (<strong>leche<\/strong>), leche.<\/li>\n<\/ul>\n<p>&nbsp;<\/p>\n<p style=\"text-align: justify;\"><strong>ELIGE TU SELECCI\u00d3N<br \/>\n<\/strong><strong><em>La composici\u00f3n de todas nuestras sortas es personalizable. Incluso, si te has enamorado locamente de uno de nuestros productos puedes llenarla hasta arriba con \u00e9l y ninguno m\u00e1s. P\u00e1sate por la secci\u00f3n de productos y mira todas las especialidades, te va a resultar muy dif\u00edcil elegir!<\/em><\/strong><\/p>\n<p style=\"text-align: justify;\"><strong><em>Ll\u00e1manos o m\u00e1ndanos un whatsapp sin compromiso y te explicaremos todo lo que quieras saber para escoger o preparar tu sorta ideal.<\/em><\/strong><\/p>\n<h3 style=\"padding-left: 120px; text-align: center;\"><span style=\"color: #000000;\"><a style=\"color: #000000;\" href=\"tel: 34944568508\">944 56 85 08<\/a><\/span><\/h3>\n<h3 style=\"text-align: center; padding-left: 120px;\"><span style=\"color: #000000;\"><a style=\"color: #000000;\" href=\"https:\/\/wa.me\/34655 61 39 81\">655 61 39 81<\/a><\/span><\/h3>\n<h3 style=\"text-align: center; padding-left: 120px;\"><span style=\"color: #000000;\"><a style=\"color: #000000;\" href=\"mailto:ventaonline@bizkarra.com\">ventaonline@bizkarra.com<\/a><\/span><\/h3>\n","protected":false},"excerpt":{"rendered":"<p>\u00a1Un homenaje a aita!<\/p>\n<p>Con las Txirloras de San Jos\u00e9 celebramos en Bizkaia el D\u00eda del Padre. Estos sabrosos dulces nos recuerdan a las virutas de madera que puedes encontrar en una carpinter\u00eda. Perfectas para regalar y compartir en familia.<\/p>\n<p>Las hacemos en dos variedades: ba\u00f1adas en chocolate negro y chocolate con leche. Puedes elegir la que m\u00e1s te guste o combinar los dos, indic\u00e1ndolo al hacer el pedido.<\/p>\n<p>Contiene:<\/p>\n<ul>\n<li>Caja de Txirloras, 600gr, 20 unidades aproximadamente<\/li>\n<\/ul>\n","protected":false},"featured_media":7151,"template":"","meta":[],"product_cat":[189,193],"product_tag":[],"yoast_head":"<!-- This site is optimized with the Yoast SEO plugin v22.1 - https:\/\/yoast.com\/wordpress\/plugins\/seo\/ -->\n<title>Caja de Txirloras de San Jos\u00e9<\/title>\n<meta name=\"description\" content=\"Con las Txirloras de San Jos\u00e9 celebramos en Bizkaia el D\u00eda del Padre. Estos sabrosos dulces nos recuerdan a las virutas de madera que puedes encontrar en una carpinter\u00eda.\" \/>\n<meta name=\"robots\" content=\"index, follow, max-snippet:-1, max-image-preview:large, max-video-preview:-1\" \/>\n<link rel=\"canonical\" href=\"https:\/\/www.bizkarra.com\/tienda-online\/productos-vascos\/postres-tipicos\/txirloras-de-san-jose\/\" \/>\n<meta property=\"og:locale\" content=\"es_ES\" \/>\n<meta property=\"og:type\" content=\"article\" \/>\n<meta property=\"og:title\" content=\"Caja de Txirloras de San Jos\u00e9\" \/>\n<meta property=\"og:description\" content=\"Con las Txirloras de San Jos\u00e9 celebramos en Bizkaia el D\u00eda del Padre. Estos sabrosos dulces nos recuerdan a las virutas de madera que puedes encontrar en una carpinter\u00eda.\" \/>\n<meta property=\"og:url\" content=\"https:\/\/www.bizkarra.com\/tienda-online\/productos-vascos\/postres-tipicos\/txirloras-de-san-jose\/\" \/>\n<meta property=\"og:site_name\" content=\"Bizkarra\" \/>\n<meta property=\"article:modified_time\" content=\"2024-10-24T16:55:19+00:00\" \/>\n<meta property=\"og:image\" content=\"https:\/\/www.bizkarra.com\/tienda-online\/wp-content\/uploads\/2023\/03\/IMG_0089-txirloras-scaled.jpg\" \/>\n\t<meta property=\"og:image:width\" content=\"2560\" \/>\n\t<meta property=\"og:image:height\" content=\"1707\" \/>\n\t<meta property=\"og:image:type\" content=\"image\/jpeg\" \/>\n<meta name=\"twitter:card\" content=\"summary_large_image\" \/>\n<!-- \/ Yoast SEO plugin. -->","yoast_head_json":{"title":"Caja de Txirloras de San Jos\u00e9","description":"Con las Txirloras de San Jos\u00e9 celebramos en Bizkaia el D\u00eda del Padre. Estos sabrosos dulces nos recuerdan a las virutas de madera que puedes encontrar en una carpinter\u00eda.","robots":{"index":"index","follow":"follow","max-snippet":"max-snippet:-1","max-image-preview":"max-image-preview:large","max-video-preview":"max-video-preview:-1"},"canonical":"https:\/\/www.bizkarra.com\/tienda-online\/productos-vascos\/postres-tipicos\/txirloras-de-san-jose\/","og_locale":"es_ES","og_type":"article","og_title":"Caja de Txirloras de San Jos\u00e9","og_description":"Con las Txirloras de San Jos\u00e9 celebramos en Bizkaia el D\u00eda del Padre. Estos sabrosos dulces nos recuerdan a las virutas de madera que puedes encontrar en una carpinter\u00eda.","og_url":"https:\/\/www.bizkarra.com\/tienda-online\/productos-vascos\/postres-tipicos\/txirloras-de-san-jose\/","og_site_name":"Bizkarra","article_modified_time":"2024-10-24T16:55:19+00:00","og_image":[{"width":2560,"height":1707,"url":"https:\/\/www.bizkarra.com\/tienda-online\/wp-content\/uploads\/2023\/03\/IMG_0089-txirloras-scaled.jpg","type":"image\/jpeg"}],"twitter_card":"summary_large_image","schema":{"@context":"https:\/\/schema.org","@graph":[{"@type":"WebPage","@id":"https:\/\/www.bizkarra.com\/tienda-online\/productos-vascos\/postres-tipicos\/txirloras-de-san-jose\/","url":"https:\/\/www.bizkarra.com\/tienda-online\/productos-vascos\/postres-tipicos\/txirloras-de-san-jose\/","name":"Caja de Txirloras de San Jos\u00e9","isPartOf":{"@id":"https:\/\/www.bizkarra.com\/tienda-online\/#website"},"datePublished":"2023-03-03T15:11:50+00:00","dateModified":"2024-10-24T16:55:19+00:00","description":"Con las Txirloras de San Jos\u00e9 celebramos en Bizkaia el D\u00eda del Padre. Estos sabrosos dulces nos recuerdan a las virutas de madera que puedes encontrar en una carpinter\u00eda.","breadcrumb":{"@id":"https:\/\/www.bizkarra.com\/tienda-online\/productos-vascos\/postres-tipicos\/txirloras-de-san-jose\/#breadcrumb"},"inLanguage":"es","potentialAction":[{"@type":"ReadAction","target":["https:\/\/www.bizkarra.com\/tienda-online\/productos-vascos\/postres-tipicos\/txirloras-de-san-jose\/"]}]},{"@type":"BreadcrumbList","@id":"https:\/\/www.bizkarra.com\/tienda-online\/productos-vascos\/postres-tipicos\/txirloras-de-san-jose\/#breadcrumb","itemListElement":[{"@type":"ListItem","position":1,"name":"Portada","item":"https:\/\/www.bizkarra.com\/tienda-online\/"},{"@type":"ListItem","position":2,"name":"Tienda","item":"https:\/\/www.bizkarra.com\/tienda-online\/productos-vascos\/"},{"@type":"ListItem","position":3,"name":"Caja de Txirloras de San Jos\u00e9"}]},{"@type":"WebSite","@id":"https:\/\/www.bizkarra.com\/tienda-online\/#website","url":"https:\/\/www.bizkarra.com\/tienda-online\/","name":"Bizkarra","description":"Tienda Online de postres y dulces gourmet t\u00edpicos vascos","potentialAction":[{"@type":"SearchAction","target":{"@type":"EntryPoint","urlTemplate":"https:\/\/www.bizkarra.com\/tienda-online\/?s={search_term_string}"},"query-input":"required name=search_term_string"}],"inLanguage":"es"}]}},"_links":{"self":[{"href":"https:\/\/www.bizkarra.com\/tienda-online\/wp-json\/wp\/v2\/product\/7150"}],"collection":[{"href":"https:\/\/www.bizkarra.com\/tienda-online\/wp-json\/wp\/v2\/product"}],"about":[{"href":"https:\/\/www.bizkarra.com\/tienda-online\/wp-json\/wp\/v2\/types\/product"}],"wp:featuredmedia":[{"embeddable":true,"href":"https:\/\/www.bizkarra.com\/tienda-online\/wp-json\/wp\/v2\/media\/7151"}],"wp:attachment":[{"href":"https:\/\/www.bizkarra.com\/tienda-online\/wp-json\/wp\/v2\/media?parent=7150"}],"wp:term":[{"taxonomy":"product_cat","embeddable":true,"href":"https:\/\/www.bizkarra.com\/tienda-online\/wp-json\/wp\/v2\/product_cat?post=7150"},{"taxonomy":"product_tag","embeddable":true,"href":"https:\/\/www.bizkarra.com\/tienda-online\/wp-json\/wp\/v2\/product_tag?post=7150"}],"curies":[{"name":"wp","href":"https:\/\/api.w.org\/{rel}","templated":true}]}}