{"id":6274,"date":"2021-11-07T13:27:14","date_gmt":"2021-11-07T13:27:14","guid":{"rendered":"https:\/\/www.bizkarra.com\/tienda-online\/?post_type=product&#038;p=6274"},"modified":"2025-02-06T16:03:58","modified_gmt":"2025-02-06T16:03:58","slug":"tabla-de-quesos","status":"publish","type":"product","link":"https:\/\/www.bizkarra.com\/tienda-online\/productos-vascos\/sortak\/tabla-de-quesos\/","title":{"rendered":"Tabla de quesos"},"content":{"rendered":"<p>Este surtido de quesos para regalar es perfecto para quienes buscan comprar una tabla de quesos y sorprender con una propuesta gourmet y original. Lo lograr\u00e1n con esta combinaci\u00f3n que incluye nuestras elaboraciones m\u00e1s singulares, \u00fanicas de nuestro obrador: el turr\u00f3n de queso y las trufas de queso. Las hacemos con dos variedades distintas del queso de oveja que se hace en la queser\u00eda artesana de los Bizkarra-Legorra en Urkiola, con la leche que da su peque\u00f1a caba\u00f1a. Tanto el turr\u00f3n como las trufas destacan por su arom\u00e1tico matiz y la armon\u00eda de la fusi\u00f3n entre el queso y el resto de ingredientes, principalmente chocolate.<\/p>\n<p>Entre los quesos para regalar se incluye una cu\u00f1a de queso Idiazabal curado y su complemento perfecto, que es el dulce de membrillo que elaboramos en el obrador. Lo hacemos con la carne de membrillo que recogemos de nuestros \u00e1rboles frutales ubicados en el exterior de nuestras instalaciones de Usansolo. \u00a1Sabor 100% origen y Km0!<\/p>\n<p>Ingredientes del dulce de membrillo (al\u00e9rgenos en negrita):\u00a0Carne de membrillo, az\u00facar<\/p>\n<p>Todas las sortak est\u00e1n marcadas con el precio final,\u00a0<strong>con env\u00edo gratuito a toda la pen\u00ednsula (islas consultar)<\/strong>.<\/p>\n<p style=\"text-align: justify;\"><strong>ELIGE TU SELECCI\u00d3N<br \/>\n<\/strong><strong><em>P\u00e1sate por la secci\u00f3n de productos y mira todas las especialidades, te va a resultar muy dif\u00edcil elegir!\u00a0<\/em><\/strong><strong><em>Ll\u00e1manos o m\u00e1ndanos un whatsapp sin compromiso y te explicaremos todo lo que quieras saber para escoger o preparar tu combinaci\u00f3n ideal.<\/em><\/strong><\/p>\n<h3 style=\"padding-left: 120px; text-align: center;\"><span style=\"color: #000000;\"><a style=\"color: #000000;\" href=\"tel: 34944568508\">944 56 85 08<\/a><\/span><\/h3>\n<h3 style=\"text-align: center; padding-left: 120px;\"><span style=\"color: #000000;\"><a style=\"color: #000000;\" href=\"https:\/\/wa.me\/34655 61 39 81\">655 61 39 81<\/a><\/span><\/h3>\n<h3 style=\"text-align: center; padding-left: 120px;\"><span style=\"color: #000000;\"><a style=\"color: #000000;\" href=\"mailto:ventaonline@bizkarra.com\">ventaonline@bizkarra.com<\/a><\/span><\/h3>\n<p>&nbsp;<\/p>\n","protected":false},"excerpt":{"rendered":"<p>Si te gustan las tablas de quesos originales, no te pierdas esta tabla de quesos preparada para paladares que disfrutan con la fusi\u00f3n del queso y el dulce.<\/p>\n<p>La mejor cesta de quesos para regalar \u00a1Puro sabor de Bizkaia!<\/p>\n<p>Contiene:<\/p>\n<ul>\n<li>Cu\u00f1a de <a href=\"https:\/\/www.bizkarra.com\/tienda-online\/productos-vascos\/dulces\/dulces-navidenos\/turron-de-queso\/\">turr\u00f3n de queso de Urkiola<\/a>, 200 gr<\/li>\n<li><a href=\"https:\/\/www.bizkarra.com\/tienda-online\/productos-vascos\/dulces\/dulces-navidenos\/trufas-de-queso-de-urkiola\/\">Trufas de queso de Urkiola<\/a>, 160 gr, 8 unidades<\/li>\n<li>Cu\u00f1a de queso Idiazabal curado, 300 gr<\/li>\n<li>Dulce de membrillo, 200 gr<\/li>\n<li>Presentaci\u00f3n en tabla de madera de 40 cm de largo x 15 cm de ancho<\/li>\n<\/ul>\n","protected":false},"featured_media":6275,"template":"","meta":[],"product_cat":[185],"product_tag":[],"yoast_head":"<!-- This site is optimized with the Yoast SEO plugin v22.1 - https:\/\/yoast.com\/wordpress\/plugins\/seo\/ -->\n<title>Tabla de quesos - Bizkarra<\/title>\n<meta name=\"description\" content=\"Si te gustan las tablas de quesos originales, no te pierdas esta tabla de quesos preparada que hemos creado para paladares que disfrutan con la fusi\u00f3n del queso y el dulce.\" \/>\n<meta name=\"robots\" content=\"index, follow, max-snippet:-1, max-image-preview:large, max-video-preview:-1\" \/>\n<link rel=\"canonical\" href=\"https:\/\/www.bizkarra.com\/tienda-online\/productos-vascos\/sortak\/tabla-de-quesos\/\" \/>\n<meta property=\"og:locale\" content=\"es_ES\" \/>\n<meta property=\"og:type\" content=\"article\" \/>\n<meta property=\"og:title\" content=\"Tabla de quesos - Bizkarra\" \/>\n<meta property=\"og:description\" content=\"Si te gustan las tablas de quesos originales, no te pierdas esta tabla de quesos preparada que hemos creado para paladares que disfrutan con la fusi\u00f3n del queso y el dulce.\" \/>\n<meta property=\"og:url\" content=\"https:\/\/www.bizkarra.com\/tienda-online\/productos-vascos\/sortak\/tabla-de-quesos\/\" \/>\n<meta property=\"og:site_name\" content=\"Bizkarra\" \/>\n<meta property=\"article:modified_time\" content=\"2025-02-06T16:03:58+00:00\" \/>\n<meta property=\"og:image\" content=\"https:\/\/www.bizkarra.com\/tienda-online\/wp-content\/uploads\/2021\/11\/B-4-tabla-scaled.jpg\" \/>\n\t<meta property=\"og:image:width\" content=\"2560\" \/>\n\t<meta property=\"og:image:height\" content=\"1748\" \/>\n\t<meta property=\"og:image:type\" content=\"image\/jpeg\" \/>\n<meta name=\"twitter:card\" content=\"summary_large_image\" \/>\n<!-- \/ Yoast SEO plugin. -->","yoast_head_json":{"title":"Tabla de quesos - Bizkarra","description":"Si te gustan las tablas de quesos originales, no te pierdas esta tabla de quesos preparada que hemos creado para paladares que disfrutan con la fusi\u00f3n del queso y el dulce.","robots":{"index":"index","follow":"follow","max-snippet":"max-snippet:-1","max-image-preview":"max-image-preview:large","max-video-preview":"max-video-preview:-1"},"canonical":"https:\/\/www.bizkarra.com\/tienda-online\/productos-vascos\/sortak\/tabla-de-quesos\/","og_locale":"es_ES","og_type":"article","og_title":"Tabla de quesos - Bizkarra","og_description":"Si te gustan las tablas de quesos originales, no te pierdas esta tabla de quesos preparada que hemos creado para paladares que disfrutan con la fusi\u00f3n del queso y el dulce.","og_url":"https:\/\/www.bizkarra.com\/tienda-online\/productos-vascos\/sortak\/tabla-de-quesos\/","og_site_name":"Bizkarra","article_modified_time":"2025-02-06T16:03:58+00:00","og_image":[{"width":2560,"height":1748,"url":"https:\/\/www.bizkarra.com\/tienda-online\/wp-content\/uploads\/2021\/11\/B-4-tabla-scaled.jpg","type":"image\/jpeg"}],"twitter_card":"summary_large_image","schema":{"@context":"https:\/\/schema.org","@graph":[{"@type":"WebPage","@id":"https:\/\/www.bizkarra.com\/tienda-online\/productos-vascos\/sortak\/tabla-de-quesos\/","url":"https:\/\/www.bizkarra.com\/tienda-online\/productos-vascos\/sortak\/tabla-de-quesos\/","name":"Tabla de quesos - Bizkarra","isPartOf":{"@id":"https:\/\/www.bizkarra.com\/tienda-online\/#website"},"datePublished":"2021-11-07T13:27:14+00:00","dateModified":"2025-02-06T16:03:58+00:00","description":"Si te gustan las tablas de quesos originales, no te pierdas esta tabla de quesos preparada que hemos creado para paladares que disfrutan con la fusi\u00f3n del queso y el dulce.","breadcrumb":{"@id":"https:\/\/www.bizkarra.com\/tienda-online\/productos-vascos\/sortak\/tabla-de-quesos\/#breadcrumb"},"inLanguage":"es","potentialAction":[{"@type":"ReadAction","target":["https:\/\/www.bizkarra.com\/tienda-online\/productos-vascos\/sortak\/tabla-de-quesos\/"]}]},{"@type":"BreadcrumbList","@id":"https:\/\/www.bizkarra.com\/tienda-online\/productos-vascos\/sortak\/tabla-de-quesos\/#breadcrumb","itemListElement":[{"@type":"ListItem","position":1,"name":"Portada","item":"https:\/\/www.bizkarra.com\/tienda-online\/"},{"@type":"ListItem","position":2,"name":"Tienda","item":"https:\/\/www.bizkarra.com\/tienda-online\/productos-vascos\/"},{"@type":"ListItem","position":3,"name":"Tabla de quesos"}]},{"@type":"WebSite","@id":"https:\/\/www.bizkarra.com\/tienda-online\/#website","url":"https:\/\/www.bizkarra.com\/tienda-online\/","name":"Bizkarra","description":"Tienda Online de postres y dulces gourmet t\u00edpicos vascos","potentialAction":[{"@type":"SearchAction","target":{"@type":"EntryPoint","urlTemplate":"https:\/\/www.bizkarra.com\/tienda-online\/?s={search_term_string}"},"query-input":"required name=search_term_string"}],"inLanguage":"es"}]}},"_links":{"self":[{"href":"https:\/\/www.bizkarra.com\/tienda-online\/wp-json\/wp\/v2\/product\/6274"}],"collection":[{"href":"https:\/\/www.bizkarra.com\/tienda-online\/wp-json\/wp\/v2\/product"}],"about":[{"href":"https:\/\/www.bizkarra.com\/tienda-online\/wp-json\/wp\/v2\/types\/product"}],"wp:featuredmedia":[{"embeddable":true,"href":"https:\/\/www.bizkarra.com\/tienda-online\/wp-json\/wp\/v2\/media\/6275"}],"wp:attachment":[{"href":"https:\/\/www.bizkarra.com\/tienda-online\/wp-json\/wp\/v2\/media?parent=6274"}],"wp:term":[{"taxonomy":"product_cat","embeddable":true,"href":"https:\/\/www.bizkarra.com\/tienda-online\/wp-json\/wp\/v2\/product_cat?post=6274"},{"taxonomy":"product_tag","embeddable":true,"href":"https:\/\/www.bizkarra.com\/tienda-online\/wp-json\/wp\/v2\/product_tag?post=6274"}],"curies":[{"name":"wp","href":"https:\/\/api.w.org\/{rel}","templated":true}]}}