{"id":6128,"date":"2021-06-07T09:45:25","date_gmt":"2021-06-07T09:45:25","guid":{"rendered":"https:\/\/www.bizkarra.com\/tienda-online\/?post_type=product&#038;p=6128"},"modified":"2024-10-24T17:37:40","modified_gmt":"2024-10-24T17:37:40","slug":"brasas-dulces-de-san-juan","status":"publish","type":"product","link":"https:\/\/www.bizkarra.com\/tienda-online\/productos-vascos\/postres-tipicos\/brasas-dulces-de-san-juan\/","title":{"rendered":"Caja de Brasas dulces de San Juan"},"content":{"rendered":"<p>Creamos las Brasas unidas a la fiesta de San Juan y se han convertido en el dulce de las c\u00e1lidas noches del mes de junio. Es perfecto para la \u00e9poca; est\u00e1 hecho de delicioso hojaldre relleno de finas capas de cabello de \u00e1ngel.<\/p>\n<p>Estas brasas dulces simbolizan la purificaci\u00f3n a trav\u00e9s del fuego de las hogueras. Su forma es plana y delgada; despu\u00e9s del horneado se tuesta a las llamas por la parte superior. As\u00ed adquiere un toque crujiente y un aspecto de surgir de los rescoldos de la hoguera.<\/p>\n<p>Ingredientes:\u00a0(al\u00e9rgenos en negrita): Harina de trigo (<strong><u>gluten<\/u><\/strong>), manteca de cerdo, margarina vegetal no trans, cabello de \u00e1ngel (calabaza y az\u00facar), <strong><u>huevos<\/u><\/strong>, az\u00facar, mantequilla (<strong><u>leche<\/u><\/strong>), levadura prensada y sal.<\/p>\n<p>&nbsp;<\/p>\n<p style=\"text-align: justify;\"><strong>ELIGE TU SELECCI\u00d3N<br \/>\n<\/strong><strong><em>La composici\u00f3n de todas nuestras sortas es personalizable. Incluso, si te has enamorado locamente de uno de nuestros productos puedes llenarla hasta arriba con \u00e9l y ninguno m\u00e1s. P\u00e1sate por la secci\u00f3n de productos y mira todas las especialidades, te va a resultar muy dif\u00edcil elegir!<\/em><\/strong><\/p>\n<p style=\"text-align: justify;\"><strong><em>Ll\u00e1manos o m\u00e1ndanos un whatsapp sin compromiso y te explicaremos todo lo que quieras saber para escoger o preparar tu sorta ideal.<\/em><\/strong><\/p>\n<h3 style=\"padding-left: 120px; text-align: center;\"><span style=\"color: #000000;\"><a style=\"color: #000000;\" href=\"tel: 34944568508\">944 56 85 08<\/a><\/span><\/h3>\n<h3 style=\"text-align: center; padding-left: 120px;\"><span style=\"color: #000000;\"><a style=\"color: #000000;\" href=\"https:\/\/wa.me\/34655 61 39 81\">655 61 39 81<\/a><\/span><\/h3>\n<h3 style=\"text-align: center; padding-left: 120px;\"><span style=\"color: #000000;\"><a style=\"color: #000000;\" href=\"mailto:ventaonline@bizkarra.com\">ventaonline@bizkarra.com<\/a><\/span><\/h3>\n","protected":false},"excerpt":{"rendered":"<p>\u00a1Descubre el dulce de junio!<\/p>\n<p>Disfruta de las noches veraniegas al aire libre con nuestras brasas dulces de San Juan.<\/p>\n<p>Contiene:<\/p>\n<ul>\n<li>Brasas de San Juan, 1 kilo; equivalente aproximadamente a 10 raciones<\/li>\n<\/ul>\n","protected":false},"featured_media":6129,"template":"","meta":[],"product_cat":[189,193],"product_tag":[],"yoast_head":"<!-- This site is optimized with the Yoast SEO plugin v22.1 - https:\/\/yoast.com\/wordpress\/plugins\/seo\/ -->\n<title>Caja de Brasas dulces de San Juan<\/title>\n<meta name=\"description\" content=\"Estas brasas dulces de San Juan son el postre perfecto de las noches de verano, de fino hojaldre relleno de cabello de \u00e1ngel.\" \/>\n<meta name=\"robots\" content=\"index, follow, max-snippet:-1, max-image-preview:large, max-video-preview:-1\" \/>\n<link rel=\"canonical\" href=\"https:\/\/www.bizkarra.com\/tienda-online\/productos-vascos\/postres-tipicos\/brasas-dulces-de-san-juan\/\" \/>\n<meta property=\"og:locale\" content=\"es_ES\" \/>\n<meta property=\"og:type\" content=\"article\" \/>\n<meta property=\"og:title\" content=\"Caja de Brasas dulces de San Juan\" \/>\n<meta property=\"og:description\" content=\"Estas brasas dulces de San Juan son el postre perfecto de las noches de verano, de fino hojaldre relleno de cabello de \u00e1ngel.\" \/>\n<meta property=\"og:url\" content=\"https:\/\/www.bizkarra.com\/tienda-online\/productos-vascos\/postres-tipicos\/brasas-dulces-de-san-juan\/\" \/>\n<meta property=\"og:site_name\" content=\"Bizkarra\" \/>\n<meta property=\"article:modified_time\" content=\"2024-10-24T17:37:40+00:00\" \/>\n<meta property=\"og:image\" content=\"https:\/\/www.bizkarra.com\/tienda-online\/wp-content\/uploads\/2021\/06\/Brasas.jpeg\" \/>\n\t<meta property=\"og:image:width\" content=\"1280\" \/>\n\t<meta property=\"og:image:height\" content=\"853\" \/>\n\t<meta property=\"og:image:type\" content=\"image\/jpeg\" \/>\n<meta name=\"twitter:card\" content=\"summary_large_image\" \/>\n<!-- \/ Yoast SEO plugin. -->","yoast_head_json":{"title":"Caja de Brasas dulces de San Juan","description":"Estas brasas dulces de San Juan son el postre perfecto de las noches de verano, de fino hojaldre relleno de cabello de \u00e1ngel.","robots":{"index":"index","follow":"follow","max-snippet":"max-snippet:-1","max-image-preview":"max-image-preview:large","max-video-preview":"max-video-preview:-1"},"canonical":"https:\/\/www.bizkarra.com\/tienda-online\/productos-vascos\/postres-tipicos\/brasas-dulces-de-san-juan\/","og_locale":"es_ES","og_type":"article","og_title":"Caja de Brasas dulces de San Juan","og_description":"Estas brasas dulces de San Juan son el postre perfecto de las noches de verano, de fino hojaldre relleno de cabello de \u00e1ngel.","og_url":"https:\/\/www.bizkarra.com\/tienda-online\/productos-vascos\/postres-tipicos\/brasas-dulces-de-san-juan\/","og_site_name":"Bizkarra","article_modified_time":"2024-10-24T17:37:40+00:00","og_image":[{"width":1280,"height":853,"url":"https:\/\/www.bizkarra.com\/tienda-online\/wp-content\/uploads\/2021\/06\/Brasas.jpeg","type":"image\/jpeg"}],"twitter_card":"summary_large_image","schema":{"@context":"https:\/\/schema.org","@graph":[{"@type":"WebPage","@id":"https:\/\/www.bizkarra.com\/tienda-online\/productos-vascos\/postres-tipicos\/brasas-dulces-de-san-juan\/","url":"https:\/\/www.bizkarra.com\/tienda-online\/productos-vascos\/postres-tipicos\/brasas-dulces-de-san-juan\/","name":"Caja de Brasas dulces de San Juan","isPartOf":{"@id":"https:\/\/www.bizkarra.com\/tienda-online\/#website"},"datePublished":"2021-06-07T09:45:25+00:00","dateModified":"2024-10-24T17:37:40+00:00","description":"Estas brasas dulces de San Juan son el postre perfecto de las noches de verano, de fino hojaldre relleno de cabello de \u00e1ngel.","breadcrumb":{"@id":"https:\/\/www.bizkarra.com\/tienda-online\/productos-vascos\/postres-tipicos\/brasas-dulces-de-san-juan\/#breadcrumb"},"inLanguage":"es","potentialAction":[{"@type":"ReadAction","target":["https:\/\/www.bizkarra.com\/tienda-online\/productos-vascos\/postres-tipicos\/brasas-dulces-de-san-juan\/"]}]},{"@type":"BreadcrumbList","@id":"https:\/\/www.bizkarra.com\/tienda-online\/productos-vascos\/postres-tipicos\/brasas-dulces-de-san-juan\/#breadcrumb","itemListElement":[{"@type":"ListItem","position":1,"name":"Portada","item":"https:\/\/www.bizkarra.com\/tienda-online\/"},{"@type":"ListItem","position":2,"name":"Tienda","item":"https:\/\/www.bizkarra.com\/tienda-online\/productos-vascos\/"},{"@type":"ListItem","position":3,"name":"Caja de Brasas dulces de San Juan"}]},{"@type":"WebSite","@id":"https:\/\/www.bizkarra.com\/tienda-online\/#website","url":"https:\/\/www.bizkarra.com\/tienda-online\/","name":"Bizkarra","description":"Tienda Online de postres y dulces gourmet t\u00edpicos vascos","potentialAction":[{"@type":"SearchAction","target":{"@type":"EntryPoint","urlTemplate":"https:\/\/www.bizkarra.com\/tienda-online\/?s={search_term_string}"},"query-input":"required name=search_term_string"}],"inLanguage":"es"}]}},"_links":{"self":[{"href":"https:\/\/www.bizkarra.com\/tienda-online\/wp-json\/wp\/v2\/product\/6128"}],"collection":[{"href":"https:\/\/www.bizkarra.com\/tienda-online\/wp-json\/wp\/v2\/product"}],"about":[{"href":"https:\/\/www.bizkarra.com\/tienda-online\/wp-json\/wp\/v2\/types\/product"}],"wp:featuredmedia":[{"embeddable":true,"href":"https:\/\/www.bizkarra.com\/tienda-online\/wp-json\/wp\/v2\/media\/6129"}],"wp:attachment":[{"href":"https:\/\/www.bizkarra.com\/tienda-online\/wp-json\/wp\/v2\/media?parent=6128"}],"wp:term":[{"taxonomy":"product_cat","embeddable":true,"href":"https:\/\/www.bizkarra.com\/tienda-online\/wp-json\/wp\/v2\/product_cat?post=6128"},{"taxonomy":"product_tag","embeddable":true,"href":"https:\/\/www.bizkarra.com\/tienda-online\/wp-json\/wp\/v2\/product_tag?post=6128"}],"curies":[{"name":"wp","href":"https:\/\/api.w.org\/{rel}","templated":true}]}}