{"id":5925,"date":"2021-04-01T11:52:53","date_gmt":"2021-04-01T11:52:53","guid":{"rendered":"https:\/\/www.bizkarra.com\/tienda-online\/?post_type=product&#038;p=5925"},"modified":"2024-10-24T17:23:31","modified_gmt":"2024-10-24T17:23:31","slug":"maridaje-de-vino-kauten-y-trufas-de-queso","status":"publish","type":"product","link":"https:\/\/www.bizkarra.com\/tienda-online\/productos-vascos\/maridaje-de-vinos-y-trufas\/maridaje-de-vino-kauten-y-trufas-de-queso\/","title":{"rendered":"Maridaje Kauten"},"content":{"rendered":"<p>Elaborada con queso de pastor tradicional, se trata de uno de los sabores m\u00e1s distintivos de nuestra tierra. Como con los quesos, nuestra trufa permite una gran flexibilidad, ofreci\u00e9ndonos momentos variados: a temperatura baja, encontraremos una trufa crujiente, de sabor marcado y salinidad contenida, que evolucionar\u00e1 en boca; y a medida que nos acercamos a la temperatura ambiente, notaremos c\u00f3mo la presencia del queso y su salinidad afloran notablemente, impregnando nuestro paladar de forma envolvente y haciendo al queso protagonista de nuevo.<\/p>\n<p>Con este vino, descubriremos las caracter\u00edsticas propias de la garnacha navarra: un sabor ligeramente especiado y a frutas negras, que hacen de este caldo, una alternativa sabrosa y equilibrada, con mucha personalidad. En boca, percibiremos c\u00f3mo ambos sabores evolucionan, combin\u00e1ndose y equilibr\u00e1ndose, envolvi\u00e9ndonos el paladar con el sabor umami.<\/p>\n<p><strong>Ritual de cata:<\/strong><\/p>\n<p>Temperatura de las trufas: temperatura ambiente<\/p>\n<p>Temperatura del vino: 15 &#8211; 16 \u00baC aproximadamente<\/p>\n<p>Probaremos primero la trufa, con un peque\u00f1o bocado, dejando que desarrolle el sabor en boca. Al principio notaremos el sabor l\u00e1cteo y curado del queso y seg\u00fan la trufa consiga subir de temperatura en boca, iremos notando la salinidad. Con ese sabor aun en la boca, probaremos el vino. Identificaremos un vino con gran presencia y con notas a frutos negros, que se fundir\u00e1 con el sabor del queso y nos dejar\u00e1 en boca un sabor umami.<\/p>\n<p>Todos los maridajes est\u00e1n marcados con el precio final, <strong>incluido el env\u00edo<\/strong> a toda Espa\u00f1a.<\/p>\n<p style=\"text-align: justify;\"><strong><em>Ll\u00e1manos o m\u00e1ndanos un whatsapp sin compromiso y te explicaremos todo lo que quieras saber en relaci\u00f3n a este maridaje<\/em><\/strong><\/p>\n<h3 style=\"padding-left: 120px; text-align: center;\"><span style=\"color: #000000;\"><a style=\"color: #000000;\" href=\"tel: 34944568508\">944 56 85 08<\/a><\/span><\/h3>\n<h3 style=\"text-align: center; padding-left: 120px;\"><span style=\"color: #000000;\"><a style=\"color: #000000;\" href=\"https:\/\/wa.me\/34655 61 39 81\">655 61 39 81<\/a><\/span><\/h3>\n<h3 style=\"text-align: center; padding-left: 120px;\"><span style=\"color: #000000;\"><a style=\"color: #000000;\" href=\"mailto:ventaonline@bizkarra.com\">ventaonline@bizkarra.com<\/a><\/span><\/h3>\n","protected":false},"excerpt":{"rendered":"<p>Redescubramos nuestras trufas de queso combin\u00e1ndolas con este caldo navarro, el complemento perfecto<\/p>\n<p>Contiene:<\/p>\n<ul>\n<li><a href=\"https:\/\/www.bizkarra.com\/tienda-online\/productos-vascos\/trufas-vascas\/trufas-de-queso-de-urkiola\/\" target=\"_blank\" rel=\"noopener noreferrer\">Caja de trufas de queso de Urkiola<\/a>, 150 gr.<\/li>\n<li>Botella Kauten, vino tinto, 750 ml.<\/li>\n<\/ul>\n","protected":false},"featured_media":5926,"template":"","meta":[],"product_cat":[196],"product_tag":[],"yoast_head":"<!-- This site is optimized with the Yoast SEO plugin v22.1 - https:\/\/yoast.com\/wordpress\/plugins\/seo\/ -->\n<title>Maridaje de vino Kauten y trufas de queso - Bizkarra<\/title>\n<meta name=\"description\" content=\"Vive una experiencia gourmet con este maridaje de vino Kauten y trufas de queso; complemento perfecto.\" \/>\n<meta name=\"robots\" content=\"index, follow, max-snippet:-1, max-image-preview:large, max-video-preview:-1\" \/>\n<link rel=\"canonical\" href=\"https:\/\/www.bizkarra.com\/tienda-online\/productos-vascos\/maridaje-de-vinos-y-trufas\/maridaje-de-vino-kauten-y-trufas-de-queso\/\" \/>\n<meta property=\"og:locale\" content=\"es_ES\" \/>\n<meta property=\"og:type\" content=\"article\" \/>\n<meta property=\"og:title\" content=\"Maridaje de vino Kauten y trufas de queso - Bizkarra\" \/>\n<meta property=\"og:description\" content=\"Vive una experiencia gourmet con este maridaje de vino Kauten y trufas de queso; complemento perfecto.\" \/>\n<meta property=\"og:url\" content=\"https:\/\/www.bizkarra.com\/tienda-online\/productos-vascos\/maridaje-de-vinos-y-trufas\/maridaje-de-vino-kauten-y-trufas-de-queso\/\" \/>\n<meta property=\"og:site_name\" content=\"Bizkarra\" \/>\n<meta property=\"article:modified_time\" content=\"2024-10-24T17:23:31+00:00\" \/>\n<meta property=\"og:image\" content=\"https:\/\/www.bizkarra.com\/tienda-online\/wp-content\/uploads\/2021\/04\/IMG_0395-scaled.jpg\" \/>\n\t<meta property=\"og:image:width\" content=\"2560\" \/>\n\t<meta property=\"og:image:height\" content=\"1707\" \/>\n\t<meta property=\"og:image:type\" content=\"image\/jpeg\" \/>\n<meta name=\"twitter:card\" content=\"summary_large_image\" \/>\n<!-- \/ Yoast SEO plugin. -->","yoast_head_json":{"title":"Maridaje de vino Kauten y trufas de queso - Bizkarra","description":"Vive una experiencia gourmet con este maridaje de vino Kauten y trufas de queso; complemento perfecto.","robots":{"index":"index","follow":"follow","max-snippet":"max-snippet:-1","max-image-preview":"max-image-preview:large","max-video-preview":"max-video-preview:-1"},"canonical":"https:\/\/www.bizkarra.com\/tienda-online\/productos-vascos\/maridaje-de-vinos-y-trufas\/maridaje-de-vino-kauten-y-trufas-de-queso\/","og_locale":"es_ES","og_type":"article","og_title":"Maridaje de vino Kauten y trufas de queso - Bizkarra","og_description":"Vive una experiencia gourmet con este maridaje de vino Kauten y trufas de queso; complemento perfecto.","og_url":"https:\/\/www.bizkarra.com\/tienda-online\/productos-vascos\/maridaje-de-vinos-y-trufas\/maridaje-de-vino-kauten-y-trufas-de-queso\/","og_site_name":"Bizkarra","article_modified_time":"2024-10-24T17:23:31+00:00","og_image":[{"width":2560,"height":1707,"url":"https:\/\/www.bizkarra.com\/tienda-online\/wp-content\/uploads\/2021\/04\/IMG_0395-scaled.jpg","type":"image\/jpeg"}],"twitter_card":"summary_large_image","schema":{"@context":"https:\/\/schema.org","@graph":[{"@type":"WebPage","@id":"https:\/\/www.bizkarra.com\/tienda-online\/productos-vascos\/maridaje-de-vinos-y-trufas\/maridaje-de-vino-kauten-y-trufas-de-queso\/","url":"https:\/\/www.bizkarra.com\/tienda-online\/productos-vascos\/maridaje-de-vinos-y-trufas\/maridaje-de-vino-kauten-y-trufas-de-queso\/","name":"Maridaje de vino Kauten y trufas de queso - Bizkarra","isPartOf":{"@id":"https:\/\/www.bizkarra.com\/tienda-online\/#website"},"datePublished":"2021-04-01T11:52:53+00:00","dateModified":"2024-10-24T17:23:31+00:00","description":"Vive una experiencia gourmet con este maridaje de vino Kauten y trufas de queso; complemento perfecto.","breadcrumb":{"@id":"https:\/\/www.bizkarra.com\/tienda-online\/productos-vascos\/maridaje-de-vinos-y-trufas\/maridaje-de-vino-kauten-y-trufas-de-queso\/#breadcrumb"},"inLanguage":"es","potentialAction":[{"@type":"ReadAction","target":["https:\/\/www.bizkarra.com\/tienda-online\/productos-vascos\/maridaje-de-vinos-y-trufas\/maridaje-de-vino-kauten-y-trufas-de-queso\/"]}]},{"@type":"BreadcrumbList","@id":"https:\/\/www.bizkarra.com\/tienda-online\/productos-vascos\/maridaje-de-vinos-y-trufas\/maridaje-de-vino-kauten-y-trufas-de-queso\/#breadcrumb","itemListElement":[{"@type":"ListItem","position":1,"name":"Portada","item":"https:\/\/www.bizkarra.com\/tienda-online\/"},{"@type":"ListItem","position":2,"name":"Tienda","item":"https:\/\/www.bizkarra.com\/tienda-online\/productos-vascos\/"},{"@type":"ListItem","position":3,"name":"Maridaje Kauten"}]},{"@type":"WebSite","@id":"https:\/\/www.bizkarra.com\/tienda-online\/#website","url":"https:\/\/www.bizkarra.com\/tienda-online\/","name":"Bizkarra","description":"Tienda Online de postres y dulces gourmet t\u00edpicos vascos","potentialAction":[{"@type":"SearchAction","target":{"@type":"EntryPoint","urlTemplate":"https:\/\/www.bizkarra.com\/tienda-online\/?s={search_term_string}"},"query-input":"required name=search_term_string"}],"inLanguage":"es"}]}},"_links":{"self":[{"href":"https:\/\/www.bizkarra.com\/tienda-online\/wp-json\/wp\/v2\/product\/5925"}],"collection":[{"href":"https:\/\/www.bizkarra.com\/tienda-online\/wp-json\/wp\/v2\/product"}],"about":[{"href":"https:\/\/www.bizkarra.com\/tienda-online\/wp-json\/wp\/v2\/types\/product"}],"wp:featuredmedia":[{"embeddable":true,"href":"https:\/\/www.bizkarra.com\/tienda-online\/wp-json\/wp\/v2\/media\/5926"}],"wp:attachment":[{"href":"https:\/\/www.bizkarra.com\/tienda-online\/wp-json\/wp\/v2\/media?parent=5925"}],"wp:term":[{"taxonomy":"product_cat","embeddable":true,"href":"https:\/\/www.bizkarra.com\/tienda-online\/wp-json\/wp\/v2\/product_cat?post=5925"},{"taxonomy":"product_tag","embeddable":true,"href":"https:\/\/www.bizkarra.com\/tienda-online\/wp-json\/wp\/v2\/product_tag?post=5925"}],"curies":[{"name":"wp","href":"https:\/\/api.w.org\/{rel}","templated":true}]}}