{"id":5918,"date":"2021-04-01T10:53:17","date_gmt":"2021-04-01T10:53:17","guid":{"rendered":"https:\/\/www.bizkarra.com\/tienda-online\/?post_type=product&#038;p=5918"},"modified":"2024-10-24T17:24:37","modified_gmt":"2024-10-24T17:24:37","slug":"maridaje-de-vino-artuke-y-trufas-aceite","status":"publish","type":"product","link":"https:\/\/www.bizkarra.com\/tienda-online\/productos-vascos\/maridaje-de-vinos-y-trufas\/maridaje-de-vino-artuke-y-trufas-aceite\/","title":{"rendered":"Maridaje Artuke"},"content":{"rendered":"<p>De los trujales de \u00c1lava nos llega el aceite complejo y equilibrado de sabor suave, que incorporamos en nuestras trufas. Como resultado, al morderlas notaremos c\u00f3mo el interior se funde r\u00e1pidamente, descubriendo un sabor delicado y terminando con una sensaci\u00f3n oleosa al fondo del paladar.<\/p>\n<p>Tras catar el vino, distinguiremos la maceraci\u00f3n carb\u00f3nica en el olor y sabor afrutados, record\u00e1ndonos a frutos rojos, y con una acidez muy contenida, pero suficiente para combinar de forma arm\u00f3nica ambos sabores, haci\u00e9ndonos desear un segundo bocado.<\/p>\n<p><strong>Ritual de cata:<\/strong><\/p>\n<p>Temperatura de las trufas: temperatura ambiente<\/p>\n<p>Temperatura del vino: 13-15 \u00baC<\/p>\n<p>Comenzaremos por la trufa, tomando un peque\u00f1o bocado y degust\u00e1ndola sin prisa. Cuando hallamos acabado con ella, tomaremos un sorbo de vino movi\u00e9ndolo en la boca para combinar ambos sabores. Intercala peque\u00f1os bocados de trufa con el vino, palade\u00e1ndolo lentamente y dejando que los sabores y aromas fluyan.<\/p>\n<p>Todos los maridajes est\u00e1n marcados con el precio final, <strong>incluido el env\u00edo<\/strong> a toda Espa\u00f1a.<\/p>\n<p style=\"text-align: justify;\"><strong><em>Ll\u00e1manos o m\u00e1ndanos un whatsapp sin compromiso y te explicaremos todo lo que quieras saber en relaci\u00f3n a este maridaje<\/em><\/strong><\/p>\n<h3 style=\"padding-left: 120px; text-align: center;\"><span style=\"color: #000000;\"><a style=\"color: #000000;\" href=\"tel: 34944568508\">944 56 85 08<\/a><\/span><\/h3>\n<h3 style=\"text-align: center; padding-left: 120px;\"><span style=\"color: #000000;\"><a style=\"color: #000000;\" href=\"https:\/\/wa.me\/34655 61 39 81\">655 61 39 81<\/a><\/span><\/h3>\n<h3 style=\"text-align: center; padding-left: 120px;\"><span style=\"color: #000000;\"><a style=\"color: #000000;\" href=\"mailto:ventaonline@bizkarra.com\">ventaonline@bizkarra.com<\/a><\/span><\/h3>\n","protected":false},"excerpt":{"rendered":"<p>Descubre una nueva forma de disfrutar de nuestras trufas de aceite, marid\u00e1ndolas con este selecto tinto de maceraci\u00f3n carb\u00f3nica. Con esta combinaci\u00f3n volvemos al origen, a la tierra y a las elaboraciones m\u00e1s antiguas de la Rioja Alavesa.<\/p>\n<p>Contiene:<\/p>\n<ul>\n<li><a href=\"https:\/\/www.bizkarra.com\/tienda-online\/productos-vascos\/trufas-vascas\/trufas-de-aceite-de-moreda-de-alava\/\" target=\"_blank\" rel=\"noopener noreferrer\">Caja de trufas de aceite de Moreda de \u00c1lava<\/a> 150 gr.<\/li>\n<li>Botella Artuke, vino tinto de maceraci\u00f3n carb\u00f3nica 750 ml.<\/li>\n<\/ul>\n","protected":false},"featured_media":5919,"template":"","meta":[],"product_cat":[196],"product_tag":[],"yoast_head":"<!-- This site is optimized with the Yoast SEO plugin v22.1 - https:\/\/yoast.com\/wordpress\/plugins\/seo\/ -->\n<title>Maridaje de vino Artuke y trufas de aceite - Bizkarra<\/title>\n<meta name=\"description\" content=\"Descubre una nueva forma de aperitivo con este maridaje de vino Artuke y trufas de aceite, que combinan sutilmente con este tinto de maceraci\u00f3n carb\u00f3nica.\" \/>\n<meta name=\"robots\" content=\"index, follow, max-snippet:-1, max-image-preview:large, max-video-preview:-1\" \/>\n<link rel=\"canonical\" href=\"https:\/\/www.bizkarra.com\/tienda-online\/productos-vascos\/maridaje-de-vinos-y-trufas\/maridaje-de-vino-artuke-y-trufas-aceite\/\" \/>\n<meta property=\"og:locale\" content=\"es_ES\" \/>\n<meta property=\"og:type\" content=\"article\" \/>\n<meta property=\"og:title\" content=\"Maridaje de vino Artuke y trufas de aceite - Bizkarra\" \/>\n<meta property=\"og:description\" content=\"Descubre una nueva forma de aperitivo con este maridaje de vino Artuke y trufas de aceite, que combinan sutilmente con este tinto de maceraci\u00f3n carb\u00f3nica.\" \/>\n<meta property=\"og:url\" content=\"https:\/\/www.bizkarra.com\/tienda-online\/productos-vascos\/maridaje-de-vinos-y-trufas\/maridaje-de-vino-artuke-y-trufas-aceite\/\" \/>\n<meta property=\"og:site_name\" content=\"Bizkarra\" \/>\n<meta property=\"article:modified_time\" content=\"2024-10-24T17:24:37+00:00\" \/>\n<meta property=\"og:image\" content=\"https:\/\/www.bizkarra.com\/tienda-online\/wp-content\/uploads\/2021\/04\/IMG_0404.jpg\" \/>\n\t<meta property=\"og:image:width\" content=\"2506\" \/>\n\t<meta property=\"og:image:height\" content=\"2306\" \/>\n\t<meta property=\"og:image:type\" content=\"image\/jpeg\" \/>\n<meta name=\"twitter:card\" content=\"summary_large_image\" \/>\n<!-- \/ Yoast SEO plugin. -->","yoast_head_json":{"title":"Maridaje de vino Artuke y trufas de aceite - Bizkarra","description":"Descubre una nueva forma de aperitivo con este maridaje de vino Artuke y trufas de aceite, que combinan sutilmente con este tinto de maceraci\u00f3n carb\u00f3nica.","robots":{"index":"index","follow":"follow","max-snippet":"max-snippet:-1","max-image-preview":"max-image-preview:large","max-video-preview":"max-video-preview:-1"},"canonical":"https:\/\/www.bizkarra.com\/tienda-online\/productos-vascos\/maridaje-de-vinos-y-trufas\/maridaje-de-vino-artuke-y-trufas-aceite\/","og_locale":"es_ES","og_type":"article","og_title":"Maridaje de vino Artuke y trufas de aceite - Bizkarra","og_description":"Descubre una nueva forma de aperitivo con este maridaje de vino Artuke y trufas de aceite, que combinan sutilmente con este tinto de maceraci\u00f3n carb\u00f3nica.","og_url":"https:\/\/www.bizkarra.com\/tienda-online\/productos-vascos\/maridaje-de-vinos-y-trufas\/maridaje-de-vino-artuke-y-trufas-aceite\/","og_site_name":"Bizkarra","article_modified_time":"2024-10-24T17:24:37+00:00","og_image":[{"width":2506,"height":2306,"url":"https:\/\/www.bizkarra.com\/tienda-online\/wp-content\/uploads\/2021\/04\/IMG_0404.jpg","type":"image\/jpeg"}],"twitter_card":"summary_large_image","schema":{"@context":"https:\/\/schema.org","@graph":[{"@type":"WebPage","@id":"https:\/\/www.bizkarra.com\/tienda-online\/productos-vascos\/maridaje-de-vinos-y-trufas\/maridaje-de-vino-artuke-y-trufas-aceite\/","url":"https:\/\/www.bizkarra.com\/tienda-online\/productos-vascos\/maridaje-de-vinos-y-trufas\/maridaje-de-vino-artuke-y-trufas-aceite\/","name":"Maridaje de vino Artuke y trufas de aceite - Bizkarra","isPartOf":{"@id":"https:\/\/www.bizkarra.com\/tienda-online\/#website"},"datePublished":"2021-04-01T10:53:17+00:00","dateModified":"2024-10-24T17:24:37+00:00","description":"Descubre una nueva forma de aperitivo con este maridaje de vino Artuke y trufas de aceite, que combinan sutilmente con este tinto de maceraci\u00f3n carb\u00f3nica.","breadcrumb":{"@id":"https:\/\/www.bizkarra.com\/tienda-online\/productos-vascos\/maridaje-de-vinos-y-trufas\/maridaje-de-vino-artuke-y-trufas-aceite\/#breadcrumb"},"inLanguage":"es","potentialAction":[{"@type":"ReadAction","target":["https:\/\/www.bizkarra.com\/tienda-online\/productos-vascos\/maridaje-de-vinos-y-trufas\/maridaje-de-vino-artuke-y-trufas-aceite\/"]}]},{"@type":"BreadcrumbList","@id":"https:\/\/www.bizkarra.com\/tienda-online\/productos-vascos\/maridaje-de-vinos-y-trufas\/maridaje-de-vino-artuke-y-trufas-aceite\/#breadcrumb","itemListElement":[{"@type":"ListItem","position":1,"name":"Portada","item":"https:\/\/www.bizkarra.com\/tienda-online\/"},{"@type":"ListItem","position":2,"name":"Tienda","item":"https:\/\/www.bizkarra.com\/tienda-online\/productos-vascos\/"},{"@type":"ListItem","position":3,"name":"Maridaje Artuke"}]},{"@type":"WebSite","@id":"https:\/\/www.bizkarra.com\/tienda-online\/#website","url":"https:\/\/www.bizkarra.com\/tienda-online\/","name":"Bizkarra","description":"Tienda Online de postres y dulces gourmet t\u00edpicos vascos","potentialAction":[{"@type":"SearchAction","target":{"@type":"EntryPoint","urlTemplate":"https:\/\/www.bizkarra.com\/tienda-online\/?s={search_term_string}"},"query-input":"required name=search_term_string"}],"inLanguage":"es"}]}},"_links":{"self":[{"href":"https:\/\/www.bizkarra.com\/tienda-online\/wp-json\/wp\/v2\/product\/5918"}],"collection":[{"href":"https:\/\/www.bizkarra.com\/tienda-online\/wp-json\/wp\/v2\/product"}],"about":[{"href":"https:\/\/www.bizkarra.com\/tienda-online\/wp-json\/wp\/v2\/types\/product"}],"wp:featuredmedia":[{"embeddable":true,"href":"https:\/\/www.bizkarra.com\/tienda-online\/wp-json\/wp\/v2\/media\/5919"}],"wp:attachment":[{"href":"https:\/\/www.bizkarra.com\/tienda-online\/wp-json\/wp\/v2\/media?parent=5918"}],"wp:term":[{"taxonomy":"product_cat","embeddable":true,"href":"https:\/\/www.bizkarra.com\/tienda-online\/wp-json\/wp\/v2\/product_cat?post=5918"},{"taxonomy":"product_tag","embeddable":true,"href":"https:\/\/www.bizkarra.com\/tienda-online\/wp-json\/wp\/v2\/product_tag?post=5918"}],"curies":[{"name":"wp","href":"https:\/\/api.w.org\/{rel}","templated":true}]}}