{"id":5907,"date":"2021-03-30T10:54:51","date_gmt":"2021-03-30T10:54:51","guid":{"rendered":"https:\/\/www.bizkarra.com\/tienda-online\/?post_type=product&#038;p=5907"},"modified":"2024-10-24T16:44:15","modified_gmt":"2024-10-24T16:44:15","slug":"palmera-de-chocolate","status":"publish","type":"product","link":"https:\/\/www.bizkarra.com\/tienda-online\/productos-vascos\/dulces\/palmera-de-chocolate\/","title":{"rendered":"Palmera de chocolate"},"content":{"rendered":"<p>Nuestra palmera de chocolate est\u00e1 hecha del sabroso hojaldre que amasamos en nuestro obrador y horneamos al punto \u00f3ptimo de crocancia, para ba\u00f1ar luego en chocolate con leche.<\/p>\n<p><strong>Ingredientes:<\/strong><\/p>\n<div class=\"wpb_text_column wpb_content_element \">\n<div class=\"wpb_wrapper\">\n<div class=\"wpb_text_column wpb_content_element \">\n<div class=\"wpb_wrapper\">\n<div class=\"wpb_text_column wpb_content_element \">\n<div class=\"wpb_wrapper\">\n<div class=\"wpb_text_column wpb_content_element \">\n<div class=\"wpb_wrapper\">\n<div class=\"wpb_text_column wpb_content_element \">\n<div class=\"wpb_wrapper\">\n<div class=\"wpb_text_column wpb_content_element \">\n<div class=\"wpb_wrapper\">\n<p>(<em>Al\u00e9rgenos en negrita<\/em>) Harina de trigo (<strong><u>gluten<\/u><\/strong>), Margarina vegetal sin trans, aceite girasol y sal. Chocolate con <strong><u>leche<\/u><\/strong> 34% cacao.<\/p>\n<\/div>\n<\/div>\n<\/div>\n<\/div>\n<\/div>\n<\/div>\n<\/div>\n<\/div>\n<\/div>\n<\/div>\n<\/div>\n<\/div>\n<p style=\"text-align: justify;\"><strong><em>Ll\u00e1manos o m\u00e1ndanos un Whatsapp sin compromiso y te explicaremos todo lo que quieras saber para escoger tus productos o combinaci\u00f3n ideal.<\/em><\/strong><\/p>\n<p>&nbsp;<\/p>\n<h3 style=\"padding-left: 120px; text-align: center;\"><span style=\"color: #000000;\"><a style=\"color: #000000;\" href=\"tel: 34944568508\">944 56 85 08<\/a><\/span><\/h3>\n<h3 style=\"text-align: center; padding-left: 120px;\"><span style=\"color: #000000;\"><a style=\"color: #000000;\" href=\"https:\/\/wa.me\/34655 61 39 81\">655 61 39 81<\/a><\/span><\/h3>\n<h3 style=\"text-align: center; padding-left: 120px;\"><span style=\"color: #000000;\"><a style=\"color: #000000;\" href=\"mailto:ventaonline@bizkarra.com\">ventaonline@bizkarra.com<\/a><\/span><\/h3>\n<p>&nbsp;<\/p>\n","protected":false},"excerpt":{"rendered":"<p>Alma artesana y coraz\u00f3n de hojaldre<\/p>\n<p>As\u00ed son nuestras palmeras de chocolate con leche; todas diferentes, porque las elaboramos a mano, una a una.<\/p>\n<p>Presentaci\u00f3n:<\/p>\n<ul>\n<li>Una palmera de chocolate, de raci\u00f3n individual<\/li>\n<\/ul>\n","protected":false},"featured_media":5988,"template":"","meta":[],"product_cat":[190],"product_tag":[],"yoast_head":"<!-- This site is optimized with the Yoast SEO plugin v22.1 - https:\/\/yoast.com\/wordpress\/plugins\/seo\/ -->\n<title>Palmera de Chocolate - Bizkarra<\/title>\n<meta name=\"description\" content=\"Una palmera de chocolate con el coraz\u00f3n del mejor hojaldre; amasado en nuestro obrador y horneado al punto \u00f3ptimo.\" \/>\n<meta name=\"robots\" content=\"index, follow, max-snippet:-1, max-image-preview:large, max-video-preview:-1\" \/>\n<link rel=\"canonical\" href=\"https:\/\/www.bizkarra.com\/tienda-online\/productos-vascos\/dulces\/palmera-de-chocolate\/\" \/>\n<meta property=\"og:locale\" content=\"es_ES\" \/>\n<meta property=\"og:type\" content=\"article\" \/>\n<meta property=\"og:title\" content=\"Palmera de Chocolate - Bizkarra\" \/>\n<meta property=\"og:description\" content=\"Una palmera de chocolate con el coraz\u00f3n del mejor hojaldre; amasado en nuestro obrador y horneado al punto \u00f3ptimo.\" \/>\n<meta property=\"og:url\" content=\"https:\/\/www.bizkarra.com\/tienda-online\/productos-vascos\/dulces\/palmera-de-chocolate\/\" \/>\n<meta property=\"og:site_name\" content=\"Bizkarra\" \/>\n<meta property=\"article:modified_time\" content=\"2024-10-24T16:44:15+00:00\" \/>\n<meta property=\"og:image\" content=\"https:\/\/www.bizkarra.com\/tienda-online\/wp-content\/uploads\/2021\/04\/dulces-1.jpg\" \/>\n\t<meta property=\"og:image:width\" content=\"1100\" \/>\n\t<meta property=\"og:image:height\" content=\"543\" \/>\n\t<meta property=\"og:image:type\" content=\"image\/jpeg\" \/>\n<meta name=\"twitter:card\" content=\"summary_large_image\" \/>\n<!-- \/ Yoast SEO plugin. -->","yoast_head_json":{"title":"Palmera de Chocolate - Bizkarra","description":"Una palmera de chocolate con el coraz\u00f3n del mejor hojaldre; amasado en nuestro obrador y horneado al punto \u00f3ptimo.","robots":{"index":"index","follow":"follow","max-snippet":"max-snippet:-1","max-image-preview":"max-image-preview:large","max-video-preview":"max-video-preview:-1"},"canonical":"https:\/\/www.bizkarra.com\/tienda-online\/productos-vascos\/dulces\/palmera-de-chocolate\/","og_locale":"es_ES","og_type":"article","og_title":"Palmera de Chocolate - Bizkarra","og_description":"Una palmera de chocolate con el coraz\u00f3n del mejor hojaldre; amasado en nuestro obrador y horneado al punto \u00f3ptimo.","og_url":"https:\/\/www.bizkarra.com\/tienda-online\/productos-vascos\/dulces\/palmera-de-chocolate\/","og_site_name":"Bizkarra","article_modified_time":"2024-10-24T16:44:15+00:00","og_image":[{"width":1100,"height":543,"url":"https:\/\/www.bizkarra.com\/tienda-online\/wp-content\/uploads\/2021\/04\/dulces-1.jpg","type":"image\/jpeg"}],"twitter_card":"summary_large_image","schema":{"@context":"https:\/\/schema.org","@graph":[{"@type":"WebPage","@id":"https:\/\/www.bizkarra.com\/tienda-online\/productos-vascos\/dulces\/palmera-de-chocolate\/","url":"https:\/\/www.bizkarra.com\/tienda-online\/productos-vascos\/dulces\/palmera-de-chocolate\/","name":"Palmera de Chocolate - Bizkarra","isPartOf":{"@id":"https:\/\/www.bizkarra.com\/tienda-online\/#website"},"datePublished":"2021-03-30T10:54:51+00:00","dateModified":"2024-10-24T16:44:15+00:00","description":"Una palmera de chocolate con el coraz\u00f3n del mejor hojaldre; amasado en nuestro obrador y horneado al punto \u00f3ptimo.","breadcrumb":{"@id":"https:\/\/www.bizkarra.com\/tienda-online\/productos-vascos\/dulces\/palmera-de-chocolate\/#breadcrumb"},"inLanguage":"es","potentialAction":[{"@type":"ReadAction","target":["https:\/\/www.bizkarra.com\/tienda-online\/productos-vascos\/dulces\/palmera-de-chocolate\/"]}]},{"@type":"BreadcrumbList","@id":"https:\/\/www.bizkarra.com\/tienda-online\/productos-vascos\/dulces\/palmera-de-chocolate\/#breadcrumb","itemListElement":[{"@type":"ListItem","position":1,"name":"Portada","item":"https:\/\/www.bizkarra.com\/tienda-online\/"},{"@type":"ListItem","position":2,"name":"Tienda","item":"https:\/\/www.bizkarra.com\/tienda-online\/productos-vascos\/"},{"@type":"ListItem","position":3,"name":"Palmera de chocolate"}]},{"@type":"WebSite","@id":"https:\/\/www.bizkarra.com\/tienda-online\/#website","url":"https:\/\/www.bizkarra.com\/tienda-online\/","name":"Bizkarra","description":"Tienda Online de postres y dulces gourmet t\u00edpicos vascos","potentialAction":[{"@type":"SearchAction","target":{"@type":"EntryPoint","urlTemplate":"https:\/\/www.bizkarra.com\/tienda-online\/?s={search_term_string}"},"query-input":"required name=search_term_string"}],"inLanguage":"es"}]}},"_links":{"self":[{"href":"https:\/\/www.bizkarra.com\/tienda-online\/wp-json\/wp\/v2\/product\/5907"}],"collection":[{"href":"https:\/\/www.bizkarra.com\/tienda-online\/wp-json\/wp\/v2\/product"}],"about":[{"href":"https:\/\/www.bizkarra.com\/tienda-online\/wp-json\/wp\/v2\/types\/product"}],"wp:featuredmedia":[{"embeddable":true,"href":"https:\/\/www.bizkarra.com\/tienda-online\/wp-json\/wp\/v2\/media\/5988"}],"wp:attachment":[{"href":"https:\/\/www.bizkarra.com\/tienda-online\/wp-json\/wp\/v2\/media?parent=5907"}],"wp:term":[{"taxonomy":"product_cat","embeddable":true,"href":"https:\/\/www.bizkarra.com\/tienda-online\/wp-json\/wp\/v2\/product_cat?post=5907"},{"taxonomy":"product_tag","embeddable":true,"href":"https:\/\/www.bizkarra.com\/tienda-online\/wp-json\/wp\/v2\/product_tag?post=5907"}],"curies":[{"name":"wp","href":"https:\/\/api.w.org\/{rel}","templated":true}]}}