{"id":5862,"date":"2021-03-18T18:55:41","date_gmt":"2021-03-18T18:55:41","guid":{"rendered":"https:\/\/www.bizkarra.com\/tienda-online\/?post_type=product&#038;p=5862"},"modified":"2024-10-24T16:48:14","modified_gmt":"2024-10-24T16:48:14","slug":"pastel-vasco","status":"publish","type":"product","link":"https:\/\/www.bizkarra.com\/tienda-online\/productos-vascos\/postres-tipicos\/pastel-vasco\/","title":{"rendered":"Pastel Vasco"},"content":{"rendered":"<p>Este pastel es originario del Pa\u00eds Vasco franc\u00e9s, pero se ha popularizado y extendido a todo el territorio. No hay una \u00fanica receta, aunque todas ellas tienen unas l\u00edneas maestras en com\u00fan. Nosotros lo hacemos elaborando una fina masa para la base, que posteriormente rellenamos de crema pastelera \u201caderezada\u201d y se tapa en parte superior con una l\u00e1mina de la misma masa. Es un pastel de sabor suave, que elaboramos en esta versi\u00f3n de pastel individual y en versi\u00f3n m\u00e1s grande de tarta, pero en ambos casos con el mismo procedimiento.<\/p>\n<p><strong>Ingredientes:<\/strong><\/p>\n<p>(al\u00e9rgenos en negrita) Harina de trigo (<strong><u>gluten<\/u><\/strong>), az\u00facar, mantequilla (<strong><u>leche<\/u><\/strong>), maicena, <strong><u>huevos<\/u><\/strong>, sal e impulsor<\/p>\n<p>&nbsp;<\/p>\n<p style=\"text-align: justify;\"><strong><em>Ll\u00e1manos o m\u00e1ndanos un Whatsapp sin compromiso y te explicaremos todo lo que quieras saber para escoger tus productos o preparar tu combinaci\u00f3n ideal.<\/em><\/strong><\/p>\n<p>&nbsp;<\/p>\n<h3 style=\"padding-left: 120px; text-align: center;\"><span style=\"color: #000000;\"><a style=\"color: #000000;\" href=\"tel: 34944568508\">944 56 85 08<\/a><\/span><\/h3>\n<h3 style=\"text-align: center; padding-left: 120px;\"><span style=\"color: #000000;\"><a style=\"color: #000000;\" href=\"https:\/\/wa.me\/34655 61 39 81\">655 61 39 81<\/a><\/span><\/h3>\n<h3 style=\"text-align: center; padding-left: 120px;\"><span style=\"color: #000000;\"><a style=\"color: #000000;\" href=\"mailto:ventaonline@bizkarra.com\">ventaonline@bizkarra.com<\/a><\/span><\/h3>\n<p>&nbsp;<\/p>\n","protected":false},"excerpt":{"rendered":"<p>\u00a1Te conquistar\u00e1 su toque secreto!<\/p>\n<p>Te lo aseguramos por experiencia; parece un pastel vasco m\u00e1s, pero te encantar\u00e1 por su cremosidad y por el sabor singular que le da el toque \u201csecreto\u201d que le ponemos a la receta.<\/p>\n<p>Presentaci\u00f3n:<\/p>\n<p>Pastel vasco de una raci\u00f3n<\/p>\n","protected":false},"featured_media":5863,"template":"","meta":[],"product_cat":[189],"product_tag":[],"yoast_head":"<!-- This site is optimized with the Yoast SEO plugin v22.1 - https:\/\/yoast.com\/wordpress\/plugins\/seo\/ -->\n<title>Pastel Vasco - Bizkarra<\/title>\n<meta name=\"description\" content=\"Elaboramos nuestro pastel vasco siguiendo la receta tradicional, pero con un toque secreto que le da una cremosidad y sabor extra.\" \/>\n<meta name=\"robots\" content=\"index, follow, max-snippet:-1, max-image-preview:large, max-video-preview:-1\" \/>\n<link rel=\"canonical\" href=\"https:\/\/www.bizkarra.com\/tienda-online\/productos-vascos\/postres-tipicos\/pastel-vasco\/\" \/>\n<meta property=\"og:locale\" content=\"es_ES\" \/>\n<meta property=\"og:type\" content=\"article\" \/>\n<meta property=\"og:title\" content=\"Pastel Vasco - Bizkarra\" \/>\n<meta property=\"og:description\" content=\"Elaboramos nuestro pastel vasco siguiendo la receta tradicional, pero con un toque secreto que le da una cremosidad y sabor extra.\" \/>\n<meta property=\"og:url\" content=\"https:\/\/www.bizkarra.com\/tienda-online\/productos-vascos\/postres-tipicos\/pastel-vasco\/\" \/>\n<meta property=\"og:site_name\" content=\"Bizkarra\" \/>\n<meta property=\"article:modified_time\" content=\"2024-10-24T16:48:14+00:00\" \/>\n<meta property=\"og:image\" content=\"https:\/\/www.bizkarra.com\/tienda-online\/wp-content\/uploads\/2021\/03\/IMG_0055-pastel-vasco-racion-scaled.jpg\" \/>\n\t<meta property=\"og:image:width\" content=\"2560\" \/>\n\t<meta property=\"og:image:height\" content=\"1913\" \/>\n\t<meta property=\"og:image:type\" content=\"image\/jpeg\" \/>\n<meta name=\"twitter:card\" content=\"summary_large_image\" \/>\n<!-- \/ Yoast SEO plugin. -->","yoast_head_json":{"title":"Pastel Vasco - Bizkarra","description":"Elaboramos nuestro pastel vasco siguiendo la receta tradicional, pero con un toque secreto que le da una cremosidad y sabor extra.","robots":{"index":"index","follow":"follow","max-snippet":"max-snippet:-1","max-image-preview":"max-image-preview:large","max-video-preview":"max-video-preview:-1"},"canonical":"https:\/\/www.bizkarra.com\/tienda-online\/productos-vascos\/postres-tipicos\/pastel-vasco\/","og_locale":"es_ES","og_type":"article","og_title":"Pastel Vasco - Bizkarra","og_description":"Elaboramos nuestro pastel vasco siguiendo la receta tradicional, pero con un toque secreto que le da una cremosidad y sabor extra.","og_url":"https:\/\/www.bizkarra.com\/tienda-online\/productos-vascos\/postres-tipicos\/pastel-vasco\/","og_site_name":"Bizkarra","article_modified_time":"2024-10-24T16:48:14+00:00","og_image":[{"width":2560,"height":1913,"url":"https:\/\/www.bizkarra.com\/tienda-online\/wp-content\/uploads\/2021\/03\/IMG_0055-pastel-vasco-racion-scaled.jpg","type":"image\/jpeg"}],"twitter_card":"summary_large_image","schema":{"@context":"https:\/\/schema.org","@graph":[{"@type":"WebPage","@id":"https:\/\/www.bizkarra.com\/tienda-online\/productos-vascos\/postres-tipicos\/pastel-vasco\/","url":"https:\/\/www.bizkarra.com\/tienda-online\/productos-vascos\/postres-tipicos\/pastel-vasco\/","name":"Pastel Vasco - Bizkarra","isPartOf":{"@id":"https:\/\/www.bizkarra.com\/tienda-online\/#website"},"datePublished":"2021-03-18T18:55:41+00:00","dateModified":"2024-10-24T16:48:14+00:00","description":"Elaboramos nuestro pastel vasco siguiendo la receta tradicional, pero con un toque secreto que le da una cremosidad y sabor extra.","breadcrumb":{"@id":"https:\/\/www.bizkarra.com\/tienda-online\/productos-vascos\/postres-tipicos\/pastel-vasco\/#breadcrumb"},"inLanguage":"es","potentialAction":[{"@type":"ReadAction","target":["https:\/\/www.bizkarra.com\/tienda-online\/productos-vascos\/postres-tipicos\/pastel-vasco\/"]}]},{"@type":"BreadcrumbList","@id":"https:\/\/www.bizkarra.com\/tienda-online\/productos-vascos\/postres-tipicos\/pastel-vasco\/#breadcrumb","itemListElement":[{"@type":"ListItem","position":1,"name":"Portada","item":"https:\/\/www.bizkarra.com\/tienda-online\/"},{"@type":"ListItem","position":2,"name":"Tienda","item":"https:\/\/www.bizkarra.com\/tienda-online\/productos-vascos\/"},{"@type":"ListItem","position":3,"name":"Pastel Vasco"}]},{"@type":"WebSite","@id":"https:\/\/www.bizkarra.com\/tienda-online\/#website","url":"https:\/\/www.bizkarra.com\/tienda-online\/","name":"Bizkarra","description":"Tienda Online de postres y dulces gourmet t\u00edpicos vascos","potentialAction":[{"@type":"SearchAction","target":{"@type":"EntryPoint","urlTemplate":"https:\/\/www.bizkarra.com\/tienda-online\/?s={search_term_string}"},"query-input":"required name=search_term_string"}],"inLanguage":"es"}]}},"_links":{"self":[{"href":"https:\/\/www.bizkarra.com\/tienda-online\/wp-json\/wp\/v2\/product\/5862"}],"collection":[{"href":"https:\/\/www.bizkarra.com\/tienda-online\/wp-json\/wp\/v2\/product"}],"about":[{"href":"https:\/\/www.bizkarra.com\/tienda-online\/wp-json\/wp\/v2\/types\/product"}],"wp:featuredmedia":[{"embeddable":true,"href":"https:\/\/www.bizkarra.com\/tienda-online\/wp-json\/wp\/v2\/media\/5863"}],"wp:attachment":[{"href":"https:\/\/www.bizkarra.com\/tienda-online\/wp-json\/wp\/v2\/media?parent=5862"}],"wp:term":[{"taxonomy":"product_cat","embeddable":true,"href":"https:\/\/www.bizkarra.com\/tienda-online\/wp-json\/wp\/v2\/product_cat?post=5862"},{"taxonomy":"product_tag","embeddable":true,"href":"https:\/\/www.bizkarra.com\/tienda-online\/wp-json\/wp\/v2\/product_tag?post=5862"}],"curies":[{"name":"wp","href":"https:\/\/api.w.org\/{rel}","templated":true}]}}