{"id":5858,"date":"2021-03-18T18:45:38","date_gmt":"2021-03-18T18:45:38","guid":{"rendered":"https:\/\/www.bizkarra.com\/tienda-online\/?post_type=product&#038;p=5858"},"modified":"2024-10-24T16:09:46","modified_gmt":"2024-10-24T16:09:46","slug":"hori-bai-dulces-vascos","status":"publish","type":"product","link":"https:\/\/www.bizkarra.com\/tienda-online\/productos-vascos\/sortak\/hori-bai-dulces-vascos\/","title":{"rendered":"Sorta Hori Bai &#8211; Aut\u00e9ntica"},"content":{"rendered":"<p>La mayor\u00eda de los dulces vascos de esta sorta se enmarcan en el concepto Km 0. Hemos llevado a la pasteler\u00eda algunos de los productos de nuestra tierra, como la manzana reineta, la sal del Valle salado de A\u00f1ana, queso de Urkiola\u2026<\/p>\n<p>Todas las sortak est\u00e1n marcadas con el precio final,\u00a0<strong>con env\u00edo gratuito a toda la pen\u00ednsula (islas consultar)<\/strong>.<\/p>\n<p style=\"text-align: justify;\"><strong>ELIGE TU SELECCI\u00d3N<br \/>\n<\/strong><strong><em>La composici\u00f3n de todas nuestras sortas es personalizable. Incluso, si te has enamorado locamente de uno de nuestros productos puedes llenarla hasta arriba con \u00e9l y ninguno m\u00e1s. P\u00e1sate por la secci\u00f3n de productos y mira todas las especialidades, te va a resultar muy dif\u00edcil elegir!<\/em><\/strong><\/p>\n<p style=\"text-align: justify;\"><strong><em>Ll\u00e1manos o m\u00e1ndanos un whatsapp sin compromiso y te explicaremos todo lo que quieras saber para escoger o preparar tu sorta ideal.<\/em><\/strong><\/p>\n<h3 style=\"padding-left: 120px; text-align: center;\"><span style=\"color: #000000;\"><a style=\"color: #000000;\" href=\"tel: 34944568508\">944 56 85 08<\/a><\/span><\/h3>\n<h3 style=\"text-align: center; padding-left: 120px;\"><span style=\"color: #000000;\"><a style=\"color: #000000;\" href=\"https:\/\/wa.me\/34655 61 39 81\">655 61 39 81<\/a><\/span><\/h3>\n<h3 style=\"text-align: center; padding-left: 120px;\"><span style=\"color: #000000;\"><a style=\"color: #000000;\" href=\"mailto:ventaonline@bizkarra.com\">ventaonline@bizkarra.com<\/a><\/span><\/h3>\n","protected":false},"excerpt":{"rendered":"<p>De Sopela a A\u00f1ana, los sabores de nuestra tierra y nuestras amamas-aitites.<\/p>\n<p>\u00a1La ruta est\u00e1 marcada!\u00a0\u00bfCu\u00e1ndo quieres empezar?<\/p>\n<p>Contiene:<\/p>\n<ul>\n<li><a href=\"https:\/\/www.bizkarra.com\/tienda-online\/productos-vascos\/dulces\/pastas-de-te-con-mantequilla\/\" target=\"_blank\" rel=\"noopener noreferrer\">Caja pastas de t\u00e9 con mantequilla,<\/a> 300 gr.<\/li>\n<li><a href=\"https:\/\/www.bizkarra.com\/tienda-online\/productos-vascos\/postres-tipicos\/pastel-vasco\/\" target=\"_blank\" rel=\"noopener noreferrer\">Pastel vasco<\/a>, 4 unidades (de raci\u00f3n)<\/li>\n<li><a href=\"https:\/\/www.bizkarra.com\/tienda-online\/productos-vascos\/sin-azucar\/mermelada-sin-azucar-con-yacon\/\" target=\"_blank\" rel=\"noopener noreferrer\">Tarro mermelada sin az\u00facar con yac\u00f3n de frambuesa<\/a>, 370 gr.<\/li>\n<li><a href=\"https:\/\/www.bizkarra.com\/tienda-online\/productos-vascos\/dulces\/palmeritas-multicereales\/\" target=\"_blank\" rel=\"noopener noreferrer\">Caja Palmeritas multicereales con chocolate<\/a>, 6 unidades<\/li>\n<li><a href=\"https:\/\/www.bizkarra.com\/tienda-online\/productos-vascos\/chocolate\/chocolate-a-la-sal-de-an%cc%83ana\/\" target=\"_blank\" rel=\"noopener noreferrer\">Chocolate a la sal de A\u00f1ana<\/a>, 200gr.<\/li>\n<li><a href=\"https:\/\/www.bizkarra.com\/tienda-online\/productos-vascos\/trufas-vascas\/trufas-intxaursaltsa\/\" target=\"_blank\" rel=\"noopener noreferrer\">Caja de trufas de intxaursaltsa<\/a>, 150 gr.<\/li>\n<li><a href=\"https:\/\/www.bizkarra.com\/tienda-online\/productos-vascos\/trufas-vascas\/trufas-de-queso-de-urkiola\/\" target=\"_blank\" rel=\"noopener noreferrer\">Caja de trufas de queso de Urkiola<\/a>, 150 gr.<\/li>\n<li><a href=\"https:\/\/www.bizkarra.com\/tienda-online\/productos-vascos\/postres-tipicos\/dulce-de-manzana-reineta-de-usansolo\/\" target=\"_blank\" rel=\"noopener noreferrer\">Tarro dulce de Manaza reineta de Usansolo<\/a>, 370gr<\/li>\n<\/ul>\n","protected":false},"featured_media":5860,"template":"","meta":[],"product_cat":[185],"product_tag":[],"yoast_head":"<!-- This site is optimized with the Yoast SEO plugin v22.1 - https:\/\/yoast.com\/wordpress\/plugins\/seo\/ -->\n<title>Sorta Hori Bai - Aut\u00e9ntica - Bizkarra<\/title>\n<meta name=\"description\" content=\"Pack de dulces vascos que incluye recetas aut\u00e9nticas como el pastel vasco y el dulce de manzana\" \/>\n<meta name=\"robots\" content=\"index, follow, max-snippet:-1, max-image-preview:large, max-video-preview:-1\" \/>\n<link rel=\"canonical\" href=\"https:\/\/www.bizkarra.com\/tienda-online\/productos-vascos\/sortak\/hori-bai-dulces-vascos\/\" \/>\n<meta property=\"og:locale\" content=\"es_ES\" \/>\n<meta property=\"og:type\" content=\"article\" \/>\n<meta property=\"og:title\" content=\"Sorta Hori Bai - Aut\u00e9ntica - Bizkarra\" \/>\n<meta property=\"og:description\" content=\"Pack de dulces vascos que incluye recetas aut\u00e9nticas como el pastel vasco y el dulce de manzana\" \/>\n<meta property=\"og:url\" content=\"https:\/\/www.bizkarra.com\/tienda-online\/productos-vascos\/sortak\/hori-bai-dulces-vascos\/\" \/>\n<meta property=\"og:site_name\" content=\"Bizkarra\" \/>\n<meta property=\"article:modified_time\" content=\"2024-10-24T16:09:46+00:00\" \/>\n<meta property=\"og:image\" content=\"https:\/\/www.bizkarra.com\/tienda-online\/wp-content\/uploads\/2021\/03\/IMG_0051-Bertako-scaled.jpg\" \/>\n\t<meta property=\"og:image:width\" content=\"2560\" \/>\n\t<meta property=\"og:image:height\" content=\"1929\" \/>\n\t<meta property=\"og:image:type\" content=\"image\/jpeg\" \/>\n<meta name=\"twitter:card\" content=\"summary_large_image\" \/>\n<!-- \/ Yoast SEO plugin. -->","yoast_head_json":{"title":"Sorta Hori Bai - Aut\u00e9ntica - Bizkarra","description":"Pack de dulces vascos que incluye recetas aut\u00e9nticas como el pastel vasco y el dulce de manzana","robots":{"index":"index","follow":"follow","max-snippet":"max-snippet:-1","max-image-preview":"max-image-preview:large","max-video-preview":"max-video-preview:-1"},"canonical":"https:\/\/www.bizkarra.com\/tienda-online\/productos-vascos\/sortak\/hori-bai-dulces-vascos\/","og_locale":"es_ES","og_type":"article","og_title":"Sorta Hori Bai - Aut\u00e9ntica - Bizkarra","og_description":"Pack de dulces vascos que incluye recetas aut\u00e9nticas como el pastel vasco y el dulce de manzana","og_url":"https:\/\/www.bizkarra.com\/tienda-online\/productos-vascos\/sortak\/hori-bai-dulces-vascos\/","og_site_name":"Bizkarra","article_modified_time":"2024-10-24T16:09:46+00:00","og_image":[{"width":2560,"height":1929,"url":"https:\/\/www.bizkarra.com\/tienda-online\/wp-content\/uploads\/2021\/03\/IMG_0051-Bertako-scaled.jpg","type":"image\/jpeg"}],"twitter_card":"summary_large_image","schema":{"@context":"https:\/\/schema.org","@graph":[{"@type":"WebPage","@id":"https:\/\/www.bizkarra.com\/tienda-online\/productos-vascos\/sortak\/hori-bai-dulces-vascos\/","url":"https:\/\/www.bizkarra.com\/tienda-online\/productos-vascos\/sortak\/hori-bai-dulces-vascos\/","name":"Sorta Hori Bai - Aut\u00e9ntica - Bizkarra","isPartOf":{"@id":"https:\/\/www.bizkarra.com\/tienda-online\/#website"},"datePublished":"2021-03-18T18:45:38+00:00","dateModified":"2024-10-24T16:09:46+00:00","description":"Pack de dulces vascos que incluye recetas aut\u00e9nticas como el pastel vasco y el dulce de manzana","breadcrumb":{"@id":"https:\/\/www.bizkarra.com\/tienda-online\/productos-vascos\/sortak\/hori-bai-dulces-vascos\/#breadcrumb"},"inLanguage":"es","potentialAction":[{"@type":"ReadAction","target":["https:\/\/www.bizkarra.com\/tienda-online\/productos-vascos\/sortak\/hori-bai-dulces-vascos\/"]}]},{"@type":"BreadcrumbList","@id":"https:\/\/www.bizkarra.com\/tienda-online\/productos-vascos\/sortak\/hori-bai-dulces-vascos\/#breadcrumb","itemListElement":[{"@type":"ListItem","position":1,"name":"Portada","item":"https:\/\/www.bizkarra.com\/tienda-online\/"},{"@type":"ListItem","position":2,"name":"Tienda","item":"https:\/\/www.bizkarra.com\/tienda-online\/productos-vascos\/"},{"@type":"ListItem","position":3,"name":"Sorta Hori Bai &#8211; Aut\u00e9ntica"}]},{"@type":"WebSite","@id":"https:\/\/www.bizkarra.com\/tienda-online\/#website","url":"https:\/\/www.bizkarra.com\/tienda-online\/","name":"Bizkarra","description":"Tienda Online de postres y dulces gourmet t\u00edpicos vascos","potentialAction":[{"@type":"SearchAction","target":{"@type":"EntryPoint","urlTemplate":"https:\/\/www.bizkarra.com\/tienda-online\/?s={search_term_string}"},"query-input":"required name=search_term_string"}],"inLanguage":"es"}]}},"_links":{"self":[{"href":"https:\/\/www.bizkarra.com\/tienda-online\/wp-json\/wp\/v2\/product\/5858"}],"collection":[{"href":"https:\/\/www.bizkarra.com\/tienda-online\/wp-json\/wp\/v2\/product"}],"about":[{"href":"https:\/\/www.bizkarra.com\/tienda-online\/wp-json\/wp\/v2\/types\/product"}],"wp:featuredmedia":[{"embeddable":true,"href":"https:\/\/www.bizkarra.com\/tienda-online\/wp-json\/wp\/v2\/media\/5860"}],"wp:attachment":[{"href":"https:\/\/www.bizkarra.com\/tienda-online\/wp-json\/wp\/v2\/media?parent=5858"}],"wp:term":[{"taxonomy":"product_cat","embeddable":true,"href":"https:\/\/www.bizkarra.com\/tienda-online\/wp-json\/wp\/v2\/product_cat?post=5858"},{"taxonomy":"product_tag","embeddable":true,"href":"https:\/\/www.bizkarra.com\/tienda-online\/wp-json\/wp\/v2\/product_tag?post=5858"}],"curies":[{"name":"wp","href":"https:\/\/api.w.org\/{rel}","templated":true}]}}