{"id":5832,"date":"2021-03-18T16:36:36","date_gmt":"2021-03-18T16:36:36","guid":{"rendered":"https:\/\/www.bizkarra.com\/tienda-online\/?post_type=product&#038;p=5832"},"modified":"2024-10-24T16:12:18","modified_gmt":"2024-10-24T16:12:18","slug":"oliba-trufas-de-aceite-y-aceite","status":"publish","type":"product","link":"https:\/\/www.bizkarra.com\/tienda-online\/productos-vascos\/sortak\/oliba-trufas-de-aceite-y-aceite\/","title":{"rendered":"Sorta Oliba &#8211; Aceite de Moreda de \u00c1lava"},"content":{"rendered":"<p>En esta sorta reunimos nuestras originales trufas de aceite y el aceite La Equidad. Este aceite es m\u00e1s que un producto; es un modo de vida en la localidad de La Rioja Alavesa de Moreda de \u00c1lava, donde el trujal lleva funcionando desde 1947. M\u00e1s de cien productores de la zona se re\u00fanen en la cooperativa La Equidad y se afanan cada a\u00f1o en traernos a la mesa lo mejor de sus olivares. Con esta materia prima excelente \u2013 un aceite con calidad certificada Eusko Label \u2013 creamos estas trufas, que \u00fanicamente puedes encontrar en Bizkarra.<\/p>\n<p>Todas las sortak est\u00e1n marcadas con el precio final,\u00a0<strong>con env\u00edo gratuito a toda la pen\u00ednsula (islas consultar)<\/strong>.<\/p>\n<p style=\"text-align: justify;\"><strong>ELIGE TU SELECCI\u00d3N<br \/>\n<\/strong><strong><em>La composici\u00f3n de todas nuestras sortas es personalizable. Incluso, si te has enamorado locamente de uno de nuestros productos puedes llenarla hasta arriba con \u00e9l y ninguno m\u00e1s. P\u00e1sate por la secci\u00f3n de productos y mira todas las especialidades, te va a resultar muy dif\u00edcil elegir!<\/em><\/strong><\/p>\n<p style=\"text-align: justify;\"><strong><em>Ll\u00e1manos o m\u00e1ndanos un whatsapp sin compromiso y te explicaremos todo lo que quieras saber para escoger o preparar tu sorta ideal.<\/em><\/strong><\/p>\n<h3 style=\"padding-left: 120px; text-align: center;\"><span style=\"color: #000000;\"><a style=\"color: #000000;\" href=\"tel: 34944568508\">944 56 85 08<\/a><\/span><\/h3>\n<h3 style=\"text-align: center; padding-left: 120px;\"><span style=\"color: #000000;\"><a style=\"color: #000000;\" href=\"https:\/\/wa.me\/34655 61 39 81\">655 61 39 81<\/a><\/span><\/h3>\n<h3 style=\"text-align: center; padding-left: 120px;\"><span style=\"color: #000000;\"><a style=\"color: #000000;\" href=\"mailto:ventaonline@bizkarra.com\">ventaonline@bizkarra.com<\/a><\/span><\/h3>\n","protected":false},"excerpt":{"rendered":"<p>\u00a1Nuestro excepcional aceite y sus trufas!<\/p>\n<p>Disfruta plenamente del sabor equilibrado de este Aceite Virgen Extra de Moreda de \u00c1lava. Este oro l\u00edquido se obtiene mediante extracci\u00f3n en fr\u00edo a partir de aceitunas de la variedad aut\u00f3ctona Arroniz y en el obrador los hemos transformado en deliciosas trufas de aceite. Una combinaci\u00f3n para sorprender.<\/p>\n<p>Contiene<\/p>\n<ul>\n<li>Caja de <a href=\"https:\/\/www.bizkarra.com\/tienda-online\/productos-vascos\/trufas-vascas\/trufas-de-aceite-de-moreda-de-alava\/\" target=\"_blank\" rel=\"noopener noreferrer\">trufas de aceite de Moreda de \u00c1lava<\/a>, 150 gr.<\/li>\n<li>Botella de <a href=\"https:\/\/www.bizkarra.com\/tienda-online\/productos-vascos\/otros\/aceite-la-equidad-moreda-de-alava-euko-label\/\" target=\"_blank\" rel=\"noopener noreferrer\">aceite OVE La Equidad, de Moreda de \u00c1lava, Eusko Label<\/a>, 500 ml.<\/li>\n<\/ul>\n","protected":false},"featured_media":5834,"template":"","meta":[],"product_cat":[185],"product_tag":[],"yoast_head":"<!-- This site is optimized with the Yoast SEO plugin v22.1 - https:\/\/yoast.com\/wordpress\/plugins\/seo\/ -->\n<title>Sorta Oliba - Trufas de aceite y aceite - Bizkarra<\/title>\n<meta name=\"description\" content=\"La sorta Oliba lleva hasta t\u00ed nuestras famosas trufas de aceite y el aceite La Equidad, originario de Moreda de \u00c1lava\" \/>\n<meta name=\"robots\" content=\"index, follow, max-snippet:-1, max-image-preview:large, max-video-preview:-1\" \/>\n<link rel=\"canonical\" href=\"https:\/\/www.bizkarra.com\/tienda-online\/productos-vascos\/sortak\/oliba-trufas-de-aceite-y-aceite\/\" \/>\n<meta property=\"og:locale\" content=\"es_ES\" \/>\n<meta property=\"og:type\" content=\"article\" \/>\n<meta property=\"og:title\" content=\"Sorta Oliba - Trufas de aceite y aceite - Bizkarra\" \/>\n<meta property=\"og:description\" content=\"La sorta Oliba lleva hasta t\u00ed nuestras famosas trufas de aceite y el aceite La Equidad, originario de Moreda de \u00c1lava\" \/>\n<meta property=\"og:url\" content=\"https:\/\/www.bizkarra.com\/tienda-online\/productos-vascos\/sortak\/oliba-trufas-de-aceite-y-aceite\/\" \/>\n<meta property=\"og:site_name\" content=\"Bizkarra\" \/>\n<meta property=\"article:modified_time\" content=\"2024-10-24T16:12:18+00:00\" \/>\n<meta property=\"og:image\" content=\"https:\/\/www.bizkarra.com\/tienda-online\/wp-content\/uploads\/2021\/03\/IMG_1946-oliba-2-scaled.jpg\" \/>\n\t<meta property=\"og:image:width\" content=\"2560\" \/>\n\t<meta property=\"og:image:height\" content=\"1707\" \/>\n\t<meta property=\"og:image:type\" content=\"image\/jpeg\" \/>\n<meta name=\"twitter:card\" content=\"summary_large_image\" \/>\n<!-- \/ Yoast SEO plugin. -->","yoast_head_json":{"title":"Sorta Oliba - Trufas de aceite y aceite - Bizkarra","description":"La sorta Oliba lleva hasta t\u00ed nuestras famosas trufas de aceite y el aceite La Equidad, originario de Moreda de \u00c1lava","robots":{"index":"index","follow":"follow","max-snippet":"max-snippet:-1","max-image-preview":"max-image-preview:large","max-video-preview":"max-video-preview:-1"},"canonical":"https:\/\/www.bizkarra.com\/tienda-online\/productos-vascos\/sortak\/oliba-trufas-de-aceite-y-aceite\/","og_locale":"es_ES","og_type":"article","og_title":"Sorta Oliba - Trufas de aceite y aceite - Bizkarra","og_description":"La sorta Oliba lleva hasta t\u00ed nuestras famosas trufas de aceite y el aceite La Equidad, originario de Moreda de \u00c1lava","og_url":"https:\/\/www.bizkarra.com\/tienda-online\/productos-vascos\/sortak\/oliba-trufas-de-aceite-y-aceite\/","og_site_name":"Bizkarra","article_modified_time":"2024-10-24T16:12:18+00:00","og_image":[{"width":2560,"height":1707,"url":"https:\/\/www.bizkarra.com\/tienda-online\/wp-content\/uploads\/2021\/03\/IMG_1946-oliba-2-scaled.jpg","type":"image\/jpeg"}],"twitter_card":"summary_large_image","schema":{"@context":"https:\/\/schema.org","@graph":[{"@type":"WebPage","@id":"https:\/\/www.bizkarra.com\/tienda-online\/productos-vascos\/sortak\/oliba-trufas-de-aceite-y-aceite\/","url":"https:\/\/www.bizkarra.com\/tienda-online\/productos-vascos\/sortak\/oliba-trufas-de-aceite-y-aceite\/","name":"Sorta Oliba - Trufas de aceite y aceite - Bizkarra","isPartOf":{"@id":"https:\/\/www.bizkarra.com\/tienda-online\/#website"},"datePublished":"2021-03-18T16:36:36+00:00","dateModified":"2024-10-24T16:12:18+00:00","description":"La sorta Oliba lleva hasta t\u00ed nuestras famosas trufas de aceite y el aceite La Equidad, originario de Moreda de \u00c1lava","breadcrumb":{"@id":"https:\/\/www.bizkarra.com\/tienda-online\/productos-vascos\/sortak\/oliba-trufas-de-aceite-y-aceite\/#breadcrumb"},"inLanguage":"es","potentialAction":[{"@type":"ReadAction","target":["https:\/\/www.bizkarra.com\/tienda-online\/productos-vascos\/sortak\/oliba-trufas-de-aceite-y-aceite\/"]}]},{"@type":"BreadcrumbList","@id":"https:\/\/www.bizkarra.com\/tienda-online\/productos-vascos\/sortak\/oliba-trufas-de-aceite-y-aceite\/#breadcrumb","itemListElement":[{"@type":"ListItem","position":1,"name":"Portada","item":"https:\/\/www.bizkarra.com\/tienda-online\/"},{"@type":"ListItem","position":2,"name":"Tienda","item":"https:\/\/www.bizkarra.com\/tienda-online\/productos-vascos\/"},{"@type":"ListItem","position":3,"name":"Sorta Oliba &#8211; Aceite de Moreda de \u00c1lava"}]},{"@type":"WebSite","@id":"https:\/\/www.bizkarra.com\/tienda-online\/#website","url":"https:\/\/www.bizkarra.com\/tienda-online\/","name":"Bizkarra","description":"Tienda Online de postres y dulces gourmet t\u00edpicos vascos","potentialAction":[{"@type":"SearchAction","target":{"@type":"EntryPoint","urlTemplate":"https:\/\/www.bizkarra.com\/tienda-online\/?s={search_term_string}"},"query-input":"required name=search_term_string"}],"inLanguage":"es"}]}},"_links":{"self":[{"href":"https:\/\/www.bizkarra.com\/tienda-online\/wp-json\/wp\/v2\/product\/5832"}],"collection":[{"href":"https:\/\/www.bizkarra.com\/tienda-online\/wp-json\/wp\/v2\/product"}],"about":[{"href":"https:\/\/www.bizkarra.com\/tienda-online\/wp-json\/wp\/v2\/types\/product"}],"wp:featuredmedia":[{"embeddable":true,"href":"https:\/\/www.bizkarra.com\/tienda-online\/wp-json\/wp\/v2\/media\/5834"}],"wp:attachment":[{"href":"https:\/\/www.bizkarra.com\/tienda-online\/wp-json\/wp\/v2\/media?parent=5832"}],"wp:term":[{"taxonomy":"product_cat","embeddable":true,"href":"https:\/\/www.bizkarra.com\/tienda-online\/wp-json\/wp\/v2\/product_cat?post=5832"},{"taxonomy":"product_tag","embeddable":true,"href":"https:\/\/www.bizkarra.com\/tienda-online\/wp-json\/wp\/v2\/product_tag?post=5832"}],"curies":[{"name":"wp","href":"https:\/\/api.w.org\/{rel}","templated":true}]}}