{"id":5804,"date":"2021-03-04T09:37:40","date_gmt":"2021-03-04T09:37:40","guid":{"rendered":"https:\/\/www.bizkarra.com\/tienda-online\/?post_type=product&#038;p=5804"},"modified":"2024-10-24T16:24:48","modified_gmt":"2024-10-24T16:24:48","slug":"caja-de-bollos-de-mantequilla","status":"publish","type":"product","link":"https:\/\/www.bizkarra.com\/tienda-online\/productos-vascos\/postres-tipicos\/caja-de-bollos-de-mantequilla\/","title":{"rendered":"Caja de bollos de mantequilla"},"content":{"rendered":"<p>Esta caja de bollos de mantequilla reci\u00e9n hechos contiene una docena de unidades individuales, en el tama\u00f1o tradicional de raci\u00f3n. Piensa bien c\u00f3mo los quieres distribuir, y con qui\u00e9n te planteas compartirla. Puedes organizar un desayuno o merienda al estilo Bilbao, reservar algunos congel\u00e1ndolos o ir tom\u00e1ndolos cuando te apetezcan; con la tranquilidad de que aqu\u00ed nos tienes cuando vayas a necesitar m\u00e1s.<\/p>\n<p>&nbsp;<\/p>\n<p style=\"text-align: justify;\"><strong>ELIGE TU SELECCI\u00d3N<br \/>\n<\/strong><strong><em>P\u00e1sate por la secci\u00f3n de productos y mira todas las especialidades, te va a resultar muy dif\u00edcil elegir!<\/em><\/strong><\/p>\n<p style=\"text-align: justify;\"><strong><i>Ll\u00e1manos o m\u00e1ndanos un whatsapp sin compromiso y te explicaremos todo lo que quieras saber para escoger tu producto o\u00a0combinaci\u00f3n\u00a0ideal.<\/i><\/strong><\/p>\n<h3 style=\"padding-left: 120px; text-align: center;\"><span style=\"color: #000000;\"><a style=\"color: #000000;\" href=\"tel: 34944568508\">944 56 85 08<\/a><\/span><\/h3>\n<h3 style=\"text-align: center; padding-left: 120px;\"><span style=\"color: #000000;\"><a style=\"color: #000000;\" href=\"https:\/\/wa.me\/34655 61 39 81\">655 61 39 81<\/a><\/span><\/h3>\n<h3 style=\"text-align: center; padding-left: 120px;\"><span style=\"color: #000000;\"><a style=\"color: #000000;\" href=\"mailto:ventaonline@bizkarra.com\">ventaonline@bizkarra.com<\/a><\/span><\/h3>\n","protected":false},"excerpt":{"rendered":"<p>\u00a1El bollo m\u00e1s deseado!<\/p>\n<p>Si has llegado hasta aqu\u00ed es porque tu tambi\u00e9n compartes el ansia de disfrutar de un bollo de mantequilla de vez en cuando. Morder la esponjosa masa, saborear el relleno de crema de mantequilla y notar c\u00f3mo se deshace en la boca\u2026 no te cuento m\u00e1s y dale al clic para tener estas 12 delicias en tu casa.<\/p>\n<p>Contiene<\/p>\n<ul>\n<li>12 <a href=\"https:\/\/www.bizkarra.com\/tienda-online\/productos-vascos\/postres-tipicos\/bollo-de-mantequilla\/\" target=\"_blank\" rel=\"noopener noreferrer\">bollos de mantequilla<\/a>, tama\u00f1o individual<\/li>\n<\/ul>\n","protected":false},"featured_media":5817,"template":"","meta":[],"product_cat":[189],"product_tag":[],"yoast_head":"<!-- This site is optimized with the Yoast SEO plugin v22.1 - https:\/\/yoast.com\/wordpress\/plugins\/seo\/ -->\n<title>Caja de bollos de mantequilla - Bizkarra<\/title>\n<meta name=\"description\" content=\"Caja de bollos de mantequilla con 12 unidades de nuestro bollo m\u00e1s t\u00edpico de Bilbao y Bizkaia, en formato tradicional.\" \/>\n<meta name=\"robots\" content=\"index, follow, max-snippet:-1, max-image-preview:large, max-video-preview:-1\" \/>\n<link rel=\"canonical\" href=\"https:\/\/www.bizkarra.com\/tienda-online\/productos-vascos\/postres-tipicos\/caja-de-bollos-de-mantequilla\/\" \/>\n<meta property=\"og:locale\" content=\"es_ES\" \/>\n<meta property=\"og:type\" content=\"article\" \/>\n<meta property=\"og:title\" content=\"Caja de bollos de mantequilla - Bizkarra\" \/>\n<meta property=\"og:description\" content=\"Caja de bollos de mantequilla con 12 unidades de nuestro bollo m\u00e1s t\u00edpico de Bilbao y Bizkaia, en formato tradicional.\" \/>\n<meta property=\"og:url\" content=\"https:\/\/www.bizkarra.com\/tienda-online\/productos-vascos\/postres-tipicos\/caja-de-bollos-de-mantequilla\/\" \/>\n<meta property=\"og:site_name\" content=\"Bizkarra\" \/>\n<meta property=\"article:modified_time\" content=\"2024-10-24T16:24:48+00:00\" \/>\n<meta property=\"og:image\" content=\"https:\/\/www.bizkarra.com\/tienda-online\/wp-content\/uploads\/2021\/03\/IMG_1928-caja-bollos-scaled.jpg\" \/>\n\t<meta property=\"og:image:width\" content=\"2560\" \/>\n\t<meta property=\"og:image:height\" content=\"1859\" \/>\n\t<meta property=\"og:image:type\" content=\"image\/jpeg\" \/>\n<meta name=\"twitter:card\" content=\"summary_large_image\" \/>\n<!-- \/ Yoast SEO plugin. -->","yoast_head_json":{"title":"Caja de bollos de mantequilla - Bizkarra","description":"Caja de bollos de mantequilla con 12 unidades de nuestro bollo m\u00e1s t\u00edpico de Bilbao y Bizkaia, en formato tradicional.","robots":{"index":"index","follow":"follow","max-snippet":"max-snippet:-1","max-image-preview":"max-image-preview:large","max-video-preview":"max-video-preview:-1"},"canonical":"https:\/\/www.bizkarra.com\/tienda-online\/productos-vascos\/postres-tipicos\/caja-de-bollos-de-mantequilla\/","og_locale":"es_ES","og_type":"article","og_title":"Caja de bollos de mantequilla - Bizkarra","og_description":"Caja de bollos de mantequilla con 12 unidades de nuestro bollo m\u00e1s t\u00edpico de Bilbao y Bizkaia, en formato tradicional.","og_url":"https:\/\/www.bizkarra.com\/tienda-online\/productos-vascos\/postres-tipicos\/caja-de-bollos-de-mantequilla\/","og_site_name":"Bizkarra","article_modified_time":"2024-10-24T16:24:48+00:00","og_image":[{"width":2560,"height":1859,"url":"https:\/\/www.bizkarra.com\/tienda-online\/wp-content\/uploads\/2021\/03\/IMG_1928-caja-bollos-scaled.jpg","type":"image\/jpeg"}],"twitter_card":"summary_large_image","schema":{"@context":"https:\/\/schema.org","@graph":[{"@type":"WebPage","@id":"https:\/\/www.bizkarra.com\/tienda-online\/productos-vascos\/postres-tipicos\/caja-de-bollos-de-mantequilla\/","url":"https:\/\/www.bizkarra.com\/tienda-online\/productos-vascos\/postres-tipicos\/caja-de-bollos-de-mantequilla\/","name":"Caja de bollos de mantequilla - Bizkarra","isPartOf":{"@id":"https:\/\/www.bizkarra.com\/tienda-online\/#website"},"datePublished":"2021-03-04T09:37:40+00:00","dateModified":"2024-10-24T16:24:48+00:00","description":"Caja de bollos de mantequilla con 12 unidades de nuestro bollo m\u00e1s t\u00edpico de Bilbao y Bizkaia, en formato tradicional.","breadcrumb":{"@id":"https:\/\/www.bizkarra.com\/tienda-online\/productos-vascos\/postres-tipicos\/caja-de-bollos-de-mantequilla\/#breadcrumb"},"inLanguage":"es","potentialAction":[{"@type":"ReadAction","target":["https:\/\/www.bizkarra.com\/tienda-online\/productos-vascos\/postres-tipicos\/caja-de-bollos-de-mantequilla\/"]}]},{"@type":"BreadcrumbList","@id":"https:\/\/www.bizkarra.com\/tienda-online\/productos-vascos\/postres-tipicos\/caja-de-bollos-de-mantequilla\/#breadcrumb","itemListElement":[{"@type":"ListItem","position":1,"name":"Portada","item":"https:\/\/www.bizkarra.com\/tienda-online\/"},{"@type":"ListItem","position":2,"name":"Tienda","item":"https:\/\/www.bizkarra.com\/tienda-online\/productos-vascos\/"},{"@type":"ListItem","position":3,"name":"Caja de bollos de mantequilla"}]},{"@type":"WebSite","@id":"https:\/\/www.bizkarra.com\/tienda-online\/#website","url":"https:\/\/www.bizkarra.com\/tienda-online\/","name":"Bizkarra","description":"Tienda Online de postres y dulces gourmet t\u00edpicos vascos","potentialAction":[{"@type":"SearchAction","target":{"@type":"EntryPoint","urlTemplate":"https:\/\/www.bizkarra.com\/tienda-online\/?s={search_term_string}"},"query-input":"required name=search_term_string"}],"inLanguage":"es"}]}},"_links":{"self":[{"href":"https:\/\/www.bizkarra.com\/tienda-online\/wp-json\/wp\/v2\/product\/5804"}],"collection":[{"href":"https:\/\/www.bizkarra.com\/tienda-online\/wp-json\/wp\/v2\/product"}],"about":[{"href":"https:\/\/www.bizkarra.com\/tienda-online\/wp-json\/wp\/v2\/types\/product"}],"wp:featuredmedia":[{"embeddable":true,"href":"https:\/\/www.bizkarra.com\/tienda-online\/wp-json\/wp\/v2\/media\/5817"}],"wp:attachment":[{"href":"https:\/\/www.bizkarra.com\/tienda-online\/wp-json\/wp\/v2\/media?parent=5804"}],"wp:term":[{"taxonomy":"product_cat","embeddable":true,"href":"https:\/\/www.bizkarra.com\/tienda-online\/wp-json\/wp\/v2\/product_cat?post=5804"},{"taxonomy":"product_tag","embeddable":true,"href":"https:\/\/www.bizkarra.com\/tienda-online\/wp-json\/wp\/v2\/product_tag?post=5804"}],"curies":[{"name":"wp","href":"https:\/\/api.w.org\/{rel}","templated":true}]}}