{"id":5800,"date":"2021-03-04T08:09:48","date_gmt":"2021-03-04T08:09:48","guid":{"rendered":"https:\/\/www.bizkarra.com\/tienda-online\/?post_type=product&#038;p=5800"},"modified":"2024-10-25T09:12:59","modified_gmt":"2024-10-25T09:12:59","slug":"mini-bollos-de-mantequilla","status":"publish","type":"product","link":"https:\/\/www.bizkarra.com\/tienda-online\/productos-vascos\/postres-tipicos\/mini-bollos-de-mantequilla\/","title":{"rendered":"Caja 12 mini bollos de mantequilla"},"content":{"rendered":"<p>Con una elaboraci\u00f3n sencilla pero delicada, los mini bollos de mantequilla te conquistar\u00e1n con su jugoso interior de crema de mantequilla. Su sabor forma parte de nuestro patrimonio gastron\u00f3mico. Es una de nuestras recetas de reposter\u00eda m\u00e1s t\u00edpicas y que m\u00e1s engancha, y uno de los productos que m\u00e1s nostalgia despierta cuando est\u00e1s fuera de casa. Para remediarlo, hemos cargado nuestra tienda online de estas especialidades.<\/p>\n<p><strong>Ingredientes:<br \/>\n<\/strong><\/p>\n<div class=\"wpb_text_column wpb_content_element \">\n<div class=\"wpb_wrapper\">\n<div class=\"wpb_text_column wpb_content_element \">\n<div class=\"wpb_wrapper\">\n<div class=\"wpb_text_column wpb_content_element \">\n<div class=\"wpb_wrapper\">\n<div class=\"wpb_text_column wpb_content_element \">\n<div class=\"wpb_wrapper\">\n<div class=\"wpb_text_column wpb_content_element \">\n<div class=\"wpb_wrapper\">\n<p style=\"font-weight: 400;\">(<em>al\u00e9rgenos en negrita<\/em>) Harina de trigo (<strong><u>gluten<\/u><\/strong>), <strong><u>leche<\/u><\/strong>, az\u00facar, mantequilla (<strong><u>leche<\/u><\/strong>), <strong><u>huevo<\/u><\/strong> y sal<\/p>\n<\/div>\n<\/div>\n<\/div>\n<\/div>\n<\/div>\n<\/div>\n<\/div>\n<\/div>\n<\/div>\n<\/div>\n<p>&nbsp;<\/p>\n<p style=\"text-align: justify;\"><strong><em>Ll\u00e1manos o m\u00e1ndanos un Whatsapp sin compromiso y te explicaremos todo lo que quieras saber para escoger o preparar tu sorta ideal.<\/em><\/strong><\/p>\n<h3 style=\"padding-left: 120px; text-align: center;\"><span style=\"color: #000000;\"><a style=\"color: #000000;\" href=\"tel: 34944568508\">944 56 85 08<\/a><\/span><\/h3>\n<h3 style=\"text-align: center; padding-left: 120px;\"><span style=\"color: #000000;\"><a style=\"color: #000000;\" href=\"https:\/\/wa.me\/34655 61 39 81\">655 61 39 81<\/a><\/span><\/h3>\n<h3 style=\"text-align: center; padding-left: 120px;\"><span style=\"color: #000000;\"><a style=\"color: #000000;\" href=\"mailto:ventaonline@bizkarra.com\">ventaonline@bizkarra.com<\/a><\/span><\/h3>\n<p>&nbsp;<\/p>\n","protected":false},"excerpt":{"rendered":"<p>\u00a1Est\u00e1n pidiendo que organices una merienda!<\/p>\n<p>La versi\u00f3n mini del famoso bollo tradicional de Bilbao y Bizkaia. Igual de deliciosos y esponjosos, pero en formato \u201ccapricho\u201d para combinar con otras variedades.<\/p>\n<p>Presentaci\u00f3n:<\/p>\n<ul>\n<li>Caja de 12 Mini bollos de mantequilla, tama\u00f1o peque\u00f1o<\/li>\n<\/ul>\n","protected":false},"featured_media":5819,"template":"","meta":[],"product_cat":[189],"product_tag":[],"yoast_head":"<!-- This site is optimized with the Yoast SEO plugin v22.1 - https:\/\/yoast.com\/wordpress\/plugins\/seo\/ -->\n<title>Mini bollos de mantequilla - Bizkarra<\/title>\n<meta name=\"description\" content=\"Los mini bollos de mantequilla son la versi\u00f3n en peque\u00f1o del tradicional bollo de manquilla que s\u00f3lo se toma en Bilbao y Bizkaia.\" \/>\n<meta name=\"robots\" content=\"index, follow, max-snippet:-1, max-image-preview:large, max-video-preview:-1\" \/>\n<link rel=\"canonical\" href=\"https:\/\/www.bizkarra.com\/tienda-online\/productos-vascos\/postres-tipicos\/mini-bollos-de-mantequilla\/\" \/>\n<meta property=\"og:locale\" content=\"es_ES\" \/>\n<meta property=\"og:type\" content=\"article\" \/>\n<meta property=\"og:title\" content=\"Mini bollos de mantequilla - Bizkarra\" \/>\n<meta property=\"og:description\" content=\"Los mini bollos de mantequilla son la versi\u00f3n en peque\u00f1o del tradicional bollo de manquilla que s\u00f3lo se toma en Bilbao y Bizkaia.\" \/>\n<meta property=\"og:url\" content=\"https:\/\/www.bizkarra.com\/tienda-online\/productos-vascos\/postres-tipicos\/mini-bollos-de-mantequilla\/\" \/>\n<meta property=\"og:site_name\" content=\"Bizkarra\" \/>\n<meta property=\"article:modified_time\" content=\"2024-10-25T09:12:59+00:00\" \/>\n<meta property=\"og:image\" content=\"https:\/\/www.bizkarra.com\/tienda-online\/wp-content\/uploads\/2021\/02\/IMG_0156-mini-bollo-mantequilla-scaled.jpg\" \/>\n\t<meta property=\"og:image:width\" content=\"2560\" \/>\n\t<meta property=\"og:image:height\" content=\"1707\" \/>\n\t<meta property=\"og:image:type\" content=\"image\/jpeg\" \/>\n<meta name=\"twitter:card\" content=\"summary_large_image\" \/>\n<!-- \/ Yoast SEO plugin. -->","yoast_head_json":{"title":"Mini bollos de mantequilla - Bizkarra","description":"Los mini bollos de mantequilla son la versi\u00f3n en peque\u00f1o del tradicional bollo de manquilla que s\u00f3lo se toma en Bilbao y Bizkaia.","robots":{"index":"index","follow":"follow","max-snippet":"max-snippet:-1","max-image-preview":"max-image-preview:large","max-video-preview":"max-video-preview:-1"},"canonical":"https:\/\/www.bizkarra.com\/tienda-online\/productos-vascos\/postres-tipicos\/mini-bollos-de-mantequilla\/","og_locale":"es_ES","og_type":"article","og_title":"Mini bollos de mantequilla - Bizkarra","og_description":"Los mini bollos de mantequilla son la versi\u00f3n en peque\u00f1o del tradicional bollo de manquilla que s\u00f3lo se toma en Bilbao y Bizkaia.","og_url":"https:\/\/www.bizkarra.com\/tienda-online\/productos-vascos\/postres-tipicos\/mini-bollos-de-mantequilla\/","og_site_name":"Bizkarra","article_modified_time":"2024-10-25T09:12:59+00:00","og_image":[{"width":2560,"height":1707,"url":"https:\/\/www.bizkarra.com\/tienda-online\/wp-content\/uploads\/2021\/02\/IMG_0156-mini-bollo-mantequilla-scaled.jpg","type":"image\/jpeg"}],"twitter_card":"summary_large_image","schema":{"@context":"https:\/\/schema.org","@graph":[{"@type":"WebPage","@id":"https:\/\/www.bizkarra.com\/tienda-online\/productos-vascos\/postres-tipicos\/mini-bollos-de-mantequilla\/","url":"https:\/\/www.bizkarra.com\/tienda-online\/productos-vascos\/postres-tipicos\/mini-bollos-de-mantequilla\/","name":"Mini bollos de mantequilla - Bizkarra","isPartOf":{"@id":"https:\/\/www.bizkarra.com\/tienda-online\/#website"},"datePublished":"2021-03-04T08:09:48+00:00","dateModified":"2024-10-25T09:12:59+00:00","description":"Los mini bollos de mantequilla son la versi\u00f3n en peque\u00f1o del tradicional bollo de manquilla que s\u00f3lo se toma en Bilbao y Bizkaia.","breadcrumb":{"@id":"https:\/\/www.bizkarra.com\/tienda-online\/productos-vascos\/postres-tipicos\/mini-bollos-de-mantequilla\/#breadcrumb"},"inLanguage":"es","potentialAction":[{"@type":"ReadAction","target":["https:\/\/www.bizkarra.com\/tienda-online\/productos-vascos\/postres-tipicos\/mini-bollos-de-mantequilla\/"]}]},{"@type":"BreadcrumbList","@id":"https:\/\/www.bizkarra.com\/tienda-online\/productos-vascos\/postres-tipicos\/mini-bollos-de-mantequilla\/#breadcrumb","itemListElement":[{"@type":"ListItem","position":1,"name":"Portada","item":"https:\/\/www.bizkarra.com\/tienda-online\/"},{"@type":"ListItem","position":2,"name":"Tienda","item":"https:\/\/www.bizkarra.com\/tienda-online\/productos-vascos\/"},{"@type":"ListItem","position":3,"name":"Caja 12 mini bollos de mantequilla"}]},{"@type":"WebSite","@id":"https:\/\/www.bizkarra.com\/tienda-online\/#website","url":"https:\/\/www.bizkarra.com\/tienda-online\/","name":"Bizkarra","description":"Tienda Online de postres y dulces gourmet t\u00edpicos vascos","potentialAction":[{"@type":"SearchAction","target":{"@type":"EntryPoint","urlTemplate":"https:\/\/www.bizkarra.com\/tienda-online\/?s={search_term_string}"},"query-input":"required name=search_term_string"}],"inLanguage":"es"}]}},"_links":{"self":[{"href":"https:\/\/www.bizkarra.com\/tienda-online\/wp-json\/wp\/v2\/product\/5800"}],"collection":[{"href":"https:\/\/www.bizkarra.com\/tienda-online\/wp-json\/wp\/v2\/product"}],"about":[{"href":"https:\/\/www.bizkarra.com\/tienda-online\/wp-json\/wp\/v2\/types\/product"}],"wp:featuredmedia":[{"embeddable":true,"href":"https:\/\/www.bizkarra.com\/tienda-online\/wp-json\/wp\/v2\/media\/5819"}],"wp:attachment":[{"href":"https:\/\/www.bizkarra.com\/tienda-online\/wp-json\/wp\/v2\/media?parent=5800"}],"wp:term":[{"taxonomy":"product_cat","embeddable":true,"href":"https:\/\/www.bizkarra.com\/tienda-online\/wp-json\/wp\/v2\/product_cat?post=5800"},{"taxonomy":"product_tag","embeddable":true,"href":"https:\/\/www.bizkarra.com\/tienda-online\/wp-json\/wp\/v2\/product_tag?post=5800"}],"curies":[{"name":"wp","href":"https:\/\/api.w.org\/{rel}","templated":true}]}}