{"id":5720,"date":"2021-02-22T12:23:23","date_gmt":"2021-02-22T12:23:23","guid":{"rendered":"https:\/\/www.bizkarra.com\/tienda-online\/?post_type=product&#038;p=5720"},"modified":"2024-10-24T16:37:08","modified_gmt":"2024-10-24T16:37:08","slug":"mermelada-sin-azucar-con-yacon","status":"publish","type":"product","link":"https:\/\/www.bizkarra.com\/tienda-online\/productos-vascos\/sin-azucar\/mermelada-sin-azucar-con-yacon\/","title":{"rendered":"Mermelada Sin Az\u00facar con Yac\u00f3n"},"content":{"rendered":"<p>Buscando siempre el producto m\u00e1s natural, nuestras mermeladas sin az\u00facares a\u00f1adidos incorporan la ra\u00edz del yac\u00f3n como principal edulcorante. El yac\u00f3n es un tub\u00e9rculo que se cultiva en las zonas c\u00e1lidas de la cordillera de los Andes y consum\u00edan los pueblos ind\u00edgenas. Se consume, principalmente natural, como fruta o en zumo. Sus propiedades se derivan de sus componentes: contiene probi\u00f3ticos, fibra y antioxidantes en los tub\u00e9rculos, as\u00ed como vitaminas B1, B y C en su ra\u00edz, entre otros elementos.<\/p>\n<p><strong>Ingredientes:<br \/>\n<\/strong><\/p>\n<div class=\"wpb_text_column wpb_content_element \">\n<div class=\"wpb_wrapper\">\n<div class=\"wpb_text_column wpb_content_element \">\n<div class=\"wpb_wrapper\">\n<div class=\"wpb_text_column wpb_content_element \">\n<div class=\"wpb_wrapper\">\n<div class=\"wpb_text_column wpb_content_element \">\n<div class=\"wpb_wrapper\">\n<div class=\"wpb_text_column wpb_content_element \">\n<div class=\"wpb_wrapper\">\n<div class=\"wpb_text_column wpb_content_element \">\n<div class=\"wpb_wrapper\">\n<div class=\"wpb_text_column wpb_content_element \">\n<div class=\"wpb_wrapper\">\n<p><em>(al\u00e9rgenos en negrita) <\/em><em>Fruta fresca seg\u00fan referencia (60%), fibra de achicoria y yac\u00f3n.<\/em><\/p>\n<p><em>Por ser producto elaborado en nuestro obrador, puede contener trazas de\u00a0<b>frutos secos, gluten, huevo, leche<\/b>.<\/em><\/p>\n<\/div>\n<\/div>\n<p>Tarro mermelada sin az\u00facar con yac\u00f3n de <strong>albaricoque, ciruela, frambuesa, fresa, lim\u00f3n, mandarina y \u00a1Ahora tambi\u00e9n de MANZANA REINETA DE USANSOLO!, 370 gr.<\/strong><\/p>\n<p>&nbsp;<\/p>\n<\/div>\n<\/div>\n<\/div>\n<\/div>\n<\/div>\n<\/div>\n<\/div>\n<\/div>\n<\/div>\n<\/div>\n<\/div>\n<\/div>\n<p style=\"text-align: justify;\"><strong><em>Ll\u00e1manos o m\u00e1ndanos un Whatsapp sin compromiso y te explicaremos todo lo que quieras saber para escoger tus productos o preparar tu combinaci\u00f3n ideal.<\/em><\/strong><\/p>\n<p>&nbsp;<\/p>\n<h3 style=\"padding-left: 120px; text-align: center;\"><span style=\"color: #000000;\"><a style=\"color: #000000;\" href=\"tel: 34944568508\">944 56 85 08<\/a><\/span><\/h3>\n<h3 style=\"text-align: center; padding-left: 120px;\"><span style=\"color: #000000;\"><a style=\"color: #000000;\" href=\"https:\/\/wa.me\/34655 61 39 81\">655 61 39 81<\/a><\/span><\/h3>\n<h3 style=\"text-align: center; padding-left: 120px;\"><span style=\"color: #000000;\"><a style=\"color: #000000;\" href=\"mailto:ventaonline@bizkarra.com\">ventaonline@bizkarra.com<\/a><\/span><\/h3>\n<p>&nbsp;<\/p>\n","protected":false},"excerpt":{"rendered":"<div class=\"wpb_text_column wpb_content_element \">\n<div class=\"wpb_wrapper\">\n<div class=\"wpb_text_column wpb_content_element \">\n<div class=\"wpb_wrapper\">\n<div class=\"wpb_text_column wpb_content_element \">\n<div class=\"wpb_wrapper\">\n<div class=\"wpb_text_column wpb_content_element \">\n<div class=\"wpb_wrapper\">\n<div class=\"wpb_text_column wpb_content_element \">\n<div class=\"wpb_wrapper\">\n<div class=\"wpb_text_column wpb_content_element \">\n<div class=\"wpb_wrapper\">\n<div class=\"wpb_text_column wpb_content_element \">\n<div class=\"wpb_wrapper\">\n<div class=\"wpb_text_column wpb_content_element \">\n<div class=\"wpb_wrapper\">\n<div class=\"wpb_text_column wpb_content_element \">\n<div class=\"wpb_wrapper\">\n<p>Con una buena fruta y utilizando como edulcorante natural la ra\u00edz de yac\u00f3n, hacemos en el obrador estas mermeladas sin azucares a\u00f1adidos. Tienen todo el sabor de la fruta natural y la textura de la mejor mermelada artesana. Nuestra gama incluye 6 variedades de mermelada: <strong>albaricoque, ciruela, frambuesa, fresa, lim\u00f3n y mandarina<\/strong>. <strong>\u00a1Y ahora tambi\u00e9n elaboramos mermelada de Manzana reineta de Usansolo, con nuestra propia cosecha de manzanas!<\/strong><\/p>\n<p>Estas mermeladas tienen una historia de innovaci\u00f3n, ya que surgen de un proyecto para investigar edulcorantes naturales y desarrollar una mermelada elaborada sin edulcorantes intensivos, utilizando \u00edntegramente ingredientes naturales. Esto nos ha permitido crear estas mermeladas sin az\u00facar de alta calidad gastron\u00f3mica.<\/p>\n<p>Indica la variedad elegida al hacer tu pedido, en la casilla de &#8220;<em>Notas sobre tu pedido<\/em>&#8220;.<\/p>\n<\/div>\n<\/div>\n<\/div>\n<\/div>\n<\/div>\n<\/div>\n<\/div>\n<\/div>\n<\/div>\n<\/div>\n<\/div>\n<\/div>\n<\/div>\n<\/div>\n<\/div>\n<\/div>\n<\/div>\n<\/div>\n","protected":false},"featured_media":6884,"template":"","meta":[],"product_cat":[192],"product_tag":[],"yoast_head":"<!-- This site is optimized with the Yoast SEO plugin v22.1 - https:\/\/yoast.com\/wordpress\/plugins\/seo\/ -->\n<title>Mermelada Sin Az\u00facar con Yac\u00f3n - Bizkarra<\/title>\n<meta name=\"description\" content=\"La dulzura de esta mermelada sin az\u00facar proviene del yac\u00f3n, el edulcorante natural con que la elaboramos. Disponible en diferentes sabores.\" \/>\n<meta name=\"robots\" content=\"index, follow, max-snippet:-1, max-image-preview:large, max-video-preview:-1\" \/>\n<link rel=\"canonical\" href=\"https:\/\/www.bizkarra.com\/tienda-online\/productos-vascos\/sin-azucar\/mermelada-sin-azucar-con-yacon\/\" \/>\n<meta property=\"og:locale\" content=\"es_ES\" \/>\n<meta property=\"og:type\" content=\"article\" \/>\n<meta property=\"og:title\" content=\"Mermelada Sin Az\u00facar con Yac\u00f3n - Bizkarra\" \/>\n<meta property=\"og:description\" content=\"La dulzura de esta mermelada sin az\u00facar proviene del yac\u00f3n, el edulcorante natural con que la elaboramos. Disponible en diferentes sabores.\" \/>\n<meta property=\"og:url\" content=\"https:\/\/www.bizkarra.com\/tienda-online\/productos-vascos\/sin-azucar\/mermelada-sin-azucar-con-yacon\/\" \/>\n<meta property=\"og:site_name\" content=\"Bizkarra\" \/>\n<meta property=\"article:modified_time\" content=\"2024-10-24T16:37:08+00:00\" \/>\n<meta property=\"og:image\" content=\"https:\/\/www.bizkarra.com\/tienda-online\/wp-content\/uploads\/2021\/02\/mermeladas-blanco2-scaled.jpg\" \/>\n\t<meta property=\"og:image:width\" content=\"2560\" \/>\n\t<meta property=\"og:image:height\" content=\"2560\" \/>\n\t<meta property=\"og:image:type\" content=\"image\/jpeg\" \/>\n<meta name=\"twitter:card\" content=\"summary_large_image\" \/>\n<!-- \/ Yoast SEO plugin. -->","yoast_head_json":{"title":"Mermelada Sin Az\u00facar con Yac\u00f3n - Bizkarra","description":"La dulzura de esta mermelada sin az\u00facar proviene del yac\u00f3n, el edulcorante natural con que la elaboramos. Disponible en diferentes sabores.","robots":{"index":"index","follow":"follow","max-snippet":"max-snippet:-1","max-image-preview":"max-image-preview:large","max-video-preview":"max-video-preview:-1"},"canonical":"https:\/\/www.bizkarra.com\/tienda-online\/productos-vascos\/sin-azucar\/mermelada-sin-azucar-con-yacon\/","og_locale":"es_ES","og_type":"article","og_title":"Mermelada Sin Az\u00facar con Yac\u00f3n - Bizkarra","og_description":"La dulzura de esta mermelada sin az\u00facar proviene del yac\u00f3n, el edulcorante natural con que la elaboramos. Disponible en diferentes sabores.","og_url":"https:\/\/www.bizkarra.com\/tienda-online\/productos-vascos\/sin-azucar\/mermelada-sin-azucar-con-yacon\/","og_site_name":"Bizkarra","article_modified_time":"2024-10-24T16:37:08+00:00","og_image":[{"width":2560,"height":2560,"url":"https:\/\/www.bizkarra.com\/tienda-online\/wp-content\/uploads\/2021\/02\/mermeladas-blanco2-scaled.jpg","type":"image\/jpeg"}],"twitter_card":"summary_large_image","schema":{"@context":"https:\/\/schema.org","@graph":[{"@type":"WebPage","@id":"https:\/\/www.bizkarra.com\/tienda-online\/productos-vascos\/sin-azucar\/mermelada-sin-azucar-con-yacon\/","url":"https:\/\/www.bizkarra.com\/tienda-online\/productos-vascos\/sin-azucar\/mermelada-sin-azucar-con-yacon\/","name":"Mermelada Sin Az\u00facar con Yac\u00f3n - Bizkarra","isPartOf":{"@id":"https:\/\/www.bizkarra.com\/tienda-online\/#website"},"datePublished":"2021-02-22T12:23:23+00:00","dateModified":"2024-10-24T16:37:08+00:00","description":"La dulzura de esta mermelada sin az\u00facar proviene del yac\u00f3n, el edulcorante natural con que la elaboramos. Disponible en diferentes sabores.","breadcrumb":{"@id":"https:\/\/www.bizkarra.com\/tienda-online\/productos-vascos\/sin-azucar\/mermelada-sin-azucar-con-yacon\/#breadcrumb"},"inLanguage":"es","potentialAction":[{"@type":"ReadAction","target":["https:\/\/www.bizkarra.com\/tienda-online\/productos-vascos\/sin-azucar\/mermelada-sin-azucar-con-yacon\/"]}]},{"@type":"BreadcrumbList","@id":"https:\/\/www.bizkarra.com\/tienda-online\/productos-vascos\/sin-azucar\/mermelada-sin-azucar-con-yacon\/#breadcrumb","itemListElement":[{"@type":"ListItem","position":1,"name":"Portada","item":"https:\/\/www.bizkarra.com\/tienda-online\/"},{"@type":"ListItem","position":2,"name":"Tienda","item":"https:\/\/www.bizkarra.com\/tienda-online\/productos-vascos\/"},{"@type":"ListItem","position":3,"name":"Mermelada Sin Az\u00facar con Yac\u00f3n"}]},{"@type":"WebSite","@id":"https:\/\/www.bizkarra.com\/tienda-online\/#website","url":"https:\/\/www.bizkarra.com\/tienda-online\/","name":"Bizkarra","description":"Tienda Online de postres y dulces gourmet t\u00edpicos vascos","potentialAction":[{"@type":"SearchAction","target":{"@type":"EntryPoint","urlTemplate":"https:\/\/www.bizkarra.com\/tienda-online\/?s={search_term_string}"},"query-input":"required name=search_term_string"}],"inLanguage":"es"}]}},"_links":{"self":[{"href":"https:\/\/www.bizkarra.com\/tienda-online\/wp-json\/wp\/v2\/product\/5720"}],"collection":[{"href":"https:\/\/www.bizkarra.com\/tienda-online\/wp-json\/wp\/v2\/product"}],"about":[{"href":"https:\/\/www.bizkarra.com\/tienda-online\/wp-json\/wp\/v2\/types\/product"}],"wp:featuredmedia":[{"embeddable":true,"href":"https:\/\/www.bizkarra.com\/tienda-online\/wp-json\/wp\/v2\/media\/6884"}],"wp:attachment":[{"href":"https:\/\/www.bizkarra.com\/tienda-online\/wp-json\/wp\/v2\/media?parent=5720"}],"wp:term":[{"taxonomy":"product_cat","embeddable":true,"href":"https:\/\/www.bizkarra.com\/tienda-online\/wp-json\/wp\/v2\/product_cat?post=5720"},{"taxonomy":"product_tag","embeddable":true,"href":"https:\/\/www.bizkarra.com\/tienda-online\/wp-json\/wp\/v2\/product_tag?post=5720"}],"curies":[{"name":"wp","href":"https:\/\/api.w.org\/{rel}","templated":true}]}}