{"id":5670,"date":"2021-02-05T08:04:27","date_gmt":"2021-02-05T08:04:27","guid":{"rendered":"https:\/\/www.bizkarra.com\/tienda-online\/?post_type=product&#038;p=5670"},"modified":"2025-02-06T15:56:56","modified_gmt":"2025-02-06T15:56:56","slug":"turron-sokonusco-sin-azucar","status":"publish","type":"product","link":"https:\/\/www.bizkarra.com\/tienda-online\/productos-vascos\/sin-azucar\/turron-sokonusco-sin-azucar\/","title":{"rendered":"Turr\u00f3n Sokonusco Sin Az\u00facar"},"content":{"rendered":"<p><strong>Ingredientes:<br \/>\n<\/strong><\/p>\n<div class=\"wpb_text_column wpb_content_element \">\n<div class=\"wpb_wrapper\">\n<div class=\"wpb_text_column wpb_content_element \">\n<div class=\"wpb_wrapper\">\n<div class=\"wpb_text_column wpb_content_element \">\n<div class=\"wpb_wrapper\">\n<div class=\"wpb_text_column wpb_content_element \">\n<div class=\"wpb_wrapper\">\n<div class=\"wpb_text_column wpb_content_element \">\n<div class=\"wpb_wrapper\">\n<div class=\"wpb_text_column wpb_content_element \">\n<div class=\"wpb_wrapper\">\n<p><em>(al\u00e9rgenos en negrita)\u00a0<\/em><b>Almendra<\/b>, achicoria, chocolate con<b>\u00a0leche<\/b>\u00a0s\/a, chocolate negro 65% cacao s\/a, chocolate blanco (<b>leche<\/b>) s\/a, maltitol, manteca de cacao, sucralosa, agua.<\/p>\n<p>Por ser producto elaborado en nuestro obrador, puede contener trazas de\u00a0<b>gluten, huevo.<\/b><\/p>\n<\/div>\n<\/div>\n<\/div>\n<\/div>\n<\/div>\n<\/div>\n<\/div>\n<\/div>\n<p>Tableta de turr\u00f3n de Sokonusco sin az\u00facares a\u00f1adidos, 150 gr.<\/p>\n<\/div>\n<\/div>\n<\/div>\n<\/div>\n<p><span style=\"color: #000000;\"><em><span style=\"font-weight: 400;\">\u00a1P\u00e1sate por la secci\u00f3n de productos y mira todas las especialidades, \u00a1te va a resultar muy dif\u00edcil elegir!<\/span><\/em><\/span><\/p>\n<p><center><a class=\"qodef-btn qodef-btn-medium qodef-btn-solid\" href=\"https:\/\/www.bizkarra.com\/tienda-online\/productos-vascos\/\" target=\"_blank\" rel=\"noopener noreferrer\"><span class=\"qodef-btn-text\">Saber m\u00e1s<\/span><\/a><\/center><\/p>\n<p style=\"text-align: justify;\"><strong><em>Ll\u00e1manos o m\u00e1ndanos un Whatsapp sin compromiso y te explicaremos todo lo que quieras saber para escoger tus productos o preparar tu combinaci\u00f3n ideal.<\/em><\/strong><\/p>\n<p>&nbsp;<\/p>\n<h3 style=\"padding-left: 120px; text-align: center;\"><span style=\"color: #000000;\"><a style=\"color: #000000;\" href=\"tel: 34944568508\">944 56 85 08<\/a><\/span><\/h3>\n<h3 style=\"text-align: center; padding-left: 120px;\"><span style=\"color: #000000;\"><a style=\"color: #000000;\" href=\"https:\/\/wa.me\/34655 61 39 81\">655 61 39 81<\/a><\/span><\/h3>\n<h3 style=\"text-align: center; padding-left: 120px;\"><span style=\"color: #000000;\"><a style=\"color: #000000;\" href=\"mailto:ventaonline@bizkarra.com\">ventaonline@bizkarra.com<\/a><\/span><\/h3>\n<p>&nbsp;<\/p>\n","protected":false},"excerpt":{"rendered":"<div class=\"wpb_text_column wpb_content_element \">\n<div class=\"wpb_wrapper\">\n<div class=\"wpb_text_column wpb_content_element \">\n<div class=\"wpb_wrapper\">\n<div class=\"wpb_text_column wpb_content_element \">\n<div class=\"wpb_wrapper\">\n<div class=\"wpb_text_column wpb_content_element \">\n<div class=\"wpb_wrapper\">\n<div class=\"wpb_text_column wpb_content_element \">\n<div class=\"wpb_wrapper\">\n<div class=\"wpb_text_column wpb_content_element \">\n<div class=\"wpb_wrapper\">\n<div class=\"wpb_text_column wpb_content_element \">\n<div class=\"wpb_wrapper\">\n<div class=\"wpb_text_column wpb_content_element \">\n<div class=\"wpb_wrapper\">\n<div class=\"wpb_text_column wpb_content_element \">\n<div class=\"wpb_wrapper\">\n<p>El Sokonusco es el turr\u00f3n m\u00e1s t\u00edpico de Bilbao y exclusivo de la capital, aunque desde hace tiempo ya tiempo se ha extendido su elaboraci\u00f3n a toda Bizkaia, como algo propio de la gastronom\u00eda navide\u00f1a local. Toma su nombre de Santa Ana de Soconusco, en M\u00e9xico, donde cuentan que el bizkaino I\u00f1igo de Urrutia -que hab\u00eda emigrado a buscar fortuna- encontr\u00f3 la planta de cacao y la trajo en su vuelta a Bilbao, utiliz\u00e1ndola en la pasteler\u00eda familiar para hacer este particular turr\u00f3n.<\/p>\n<p>Nuestra versi\u00f3n sin az\u00facares a\u00f1adidos del turr\u00f3n de Sokonuko mantiene toda la identidad del postre tradicional, con sus caracter\u00edsticos tres chocolates dispuestos capa sobre capa para que al contar obtengamos la cl\u00e1sica tableta tricolor. Eso si, adaptado en su composici\u00f3n para quienes buscan un turr\u00f3n artesano sin az\u00facar.<\/p>\n<\/div>\n<\/div>\n<\/div>\n<\/div>\n<\/div>\n<\/div>\n<\/div>\n<\/div>\n<\/div>\n<\/div>\n<\/div>\n<\/div>\n<\/div>\n<\/div>\n<\/div>\n<\/div>\n<\/div>\n<\/div>\n","protected":false},"featured_media":5671,"template":"","meta":[],"product_cat":[192],"product_tag":[],"yoast_head":"<!-- This site is optimized with the Yoast SEO plugin v22.1 - https:\/\/yoast.com\/wordpress\/plugins\/seo\/ -->\n<title>Turr\u00f3n Sokonusco Sin Az\u00facar - Bizkarra<\/title>\n<meta name=\"description\" content=\"Compra Online Turr\u00f3n Sokonusco Sin Az\u00facar. Bizkarra, pasteler\u00eda artesanal online en Bilbao. Turr\u00f3n Sokonusco Sin Az\u00facar\" \/>\n<meta name=\"robots\" content=\"index, follow, max-snippet:-1, max-image-preview:large, max-video-preview:-1\" \/>\n<link rel=\"canonical\" href=\"https:\/\/www.bizkarra.com\/tienda-online\/productos-vascos\/sin-azucar\/turron-sokonusco-sin-azucar\/\" \/>\n<meta property=\"og:locale\" content=\"es_ES\" \/>\n<meta property=\"og:type\" content=\"article\" \/>\n<meta property=\"og:title\" content=\"Turr\u00f3n Sokonusco Sin Az\u00facar - Bizkarra\" \/>\n<meta property=\"og:description\" content=\"Compra Online Turr\u00f3n Sokonusco Sin Az\u00facar. Bizkarra, pasteler\u00eda artesanal online en Bilbao. Turr\u00f3n Sokonusco Sin Az\u00facar\" \/>\n<meta property=\"og:url\" content=\"https:\/\/www.bizkarra.com\/tienda-online\/productos-vascos\/sin-azucar\/turron-sokonusco-sin-azucar\/\" \/>\n<meta property=\"og:site_name\" content=\"Bizkarra\" \/>\n<meta property=\"article:modified_time\" content=\"2025-02-06T15:56:56+00:00\" \/>\n<meta property=\"og:image\" content=\"https:\/\/www.bizkarra.com\/tienda-online\/wp-content\/uploads\/2021\/02\/turron-sokonusco-sin-azucar.jpg\" \/>\n\t<meta property=\"og:image:width\" content=\"700\" \/>\n\t<meta property=\"og:image:height\" content=\"700\" \/>\n\t<meta property=\"og:image:type\" content=\"image\/jpeg\" \/>\n<meta name=\"twitter:card\" content=\"summary_large_image\" \/>\n<!-- \/ Yoast SEO plugin. -->","yoast_head_json":{"title":"Turr\u00f3n Sokonusco Sin Az\u00facar - Bizkarra","description":"Compra Online Turr\u00f3n Sokonusco Sin Az\u00facar. Bizkarra, pasteler\u00eda artesanal online en Bilbao. Turr\u00f3n Sokonusco Sin Az\u00facar","robots":{"index":"index","follow":"follow","max-snippet":"max-snippet:-1","max-image-preview":"max-image-preview:large","max-video-preview":"max-video-preview:-1"},"canonical":"https:\/\/www.bizkarra.com\/tienda-online\/productos-vascos\/sin-azucar\/turron-sokonusco-sin-azucar\/","og_locale":"es_ES","og_type":"article","og_title":"Turr\u00f3n Sokonusco Sin Az\u00facar - Bizkarra","og_description":"Compra Online Turr\u00f3n Sokonusco Sin Az\u00facar. Bizkarra, pasteler\u00eda artesanal online en Bilbao. Turr\u00f3n Sokonusco Sin Az\u00facar","og_url":"https:\/\/www.bizkarra.com\/tienda-online\/productos-vascos\/sin-azucar\/turron-sokonusco-sin-azucar\/","og_site_name":"Bizkarra","article_modified_time":"2025-02-06T15:56:56+00:00","og_image":[{"width":700,"height":700,"url":"https:\/\/www.bizkarra.com\/tienda-online\/wp-content\/uploads\/2021\/02\/turron-sokonusco-sin-azucar.jpg","type":"image\/jpeg"}],"twitter_card":"summary_large_image","schema":{"@context":"https:\/\/schema.org","@graph":[{"@type":"WebPage","@id":"https:\/\/www.bizkarra.com\/tienda-online\/productos-vascos\/sin-azucar\/turron-sokonusco-sin-azucar\/","url":"https:\/\/www.bizkarra.com\/tienda-online\/productos-vascos\/sin-azucar\/turron-sokonusco-sin-azucar\/","name":"Turr\u00f3n Sokonusco Sin Az\u00facar - Bizkarra","isPartOf":{"@id":"https:\/\/www.bizkarra.com\/tienda-online\/#website"},"datePublished":"2021-02-05T08:04:27+00:00","dateModified":"2025-02-06T15:56:56+00:00","description":"Compra Online Turr\u00f3n Sokonusco Sin Az\u00facar. Bizkarra, pasteler\u00eda artesanal online en Bilbao. Turr\u00f3n Sokonusco Sin Az\u00facar","breadcrumb":{"@id":"https:\/\/www.bizkarra.com\/tienda-online\/productos-vascos\/sin-azucar\/turron-sokonusco-sin-azucar\/#breadcrumb"},"inLanguage":"es","potentialAction":[{"@type":"ReadAction","target":["https:\/\/www.bizkarra.com\/tienda-online\/productos-vascos\/sin-azucar\/turron-sokonusco-sin-azucar\/"]}]},{"@type":"BreadcrumbList","@id":"https:\/\/www.bizkarra.com\/tienda-online\/productos-vascos\/sin-azucar\/turron-sokonusco-sin-azucar\/#breadcrumb","itemListElement":[{"@type":"ListItem","position":1,"name":"Portada","item":"https:\/\/www.bizkarra.com\/tienda-online\/"},{"@type":"ListItem","position":2,"name":"Tienda","item":"https:\/\/www.bizkarra.com\/tienda-online\/productos-vascos\/"},{"@type":"ListItem","position":3,"name":"Turr\u00f3n Sokonusco Sin Az\u00facar"}]},{"@type":"WebSite","@id":"https:\/\/www.bizkarra.com\/tienda-online\/#website","url":"https:\/\/www.bizkarra.com\/tienda-online\/","name":"Bizkarra","description":"Tienda Online de postres y dulces gourmet t\u00edpicos vascos","potentialAction":[{"@type":"SearchAction","target":{"@type":"EntryPoint","urlTemplate":"https:\/\/www.bizkarra.com\/tienda-online\/?s={search_term_string}"},"query-input":"required name=search_term_string"}],"inLanguage":"es"}]}},"_links":{"self":[{"href":"https:\/\/www.bizkarra.com\/tienda-online\/wp-json\/wp\/v2\/product\/5670"}],"collection":[{"href":"https:\/\/www.bizkarra.com\/tienda-online\/wp-json\/wp\/v2\/product"}],"about":[{"href":"https:\/\/www.bizkarra.com\/tienda-online\/wp-json\/wp\/v2\/types\/product"}],"wp:featuredmedia":[{"embeddable":true,"href":"https:\/\/www.bizkarra.com\/tienda-online\/wp-json\/wp\/v2\/media\/5671"}],"wp:attachment":[{"href":"https:\/\/www.bizkarra.com\/tienda-online\/wp-json\/wp\/v2\/media?parent=5670"}],"wp:term":[{"taxonomy":"product_cat","embeddable":true,"href":"https:\/\/www.bizkarra.com\/tienda-online\/wp-json\/wp\/v2\/product_cat?post=5670"},{"taxonomy":"product_tag","embeddable":true,"href":"https:\/\/www.bizkarra.com\/tienda-online\/wp-json\/wp\/v2\/product_tag?post=5670"}],"curies":[{"name":"wp","href":"https:\/\/api.w.org\/{rel}","templated":true}]}}