{"id":5649,"date":"2021-02-05T07:38:39","date_gmt":"2021-02-05T07:38:39","guid":{"rendered":"https:\/\/www.bizkarra.com\/tienda-online\/?post_type=product&#038;p=5649"},"modified":"2025-02-06T16:35:42","modified_gmt":"2025-02-06T16:35:42","slug":"frutas-chocolateadas","status":"publish","type":"product","link":"https:\/\/www.bizkarra.com\/tienda-online\/productos-vascos\/dulces\/frutas-chocolateadas\/","title":{"rendered":"Frutas Chocolateadas"},"content":{"rendered":"<p><strong>Ingredientes:<br \/>\n<\/strong><\/p>\n<div class=\"wpb_text_column wpb_content_element \">\n<div class=\"wpb_wrapper\">\n<div class=\"wpb_text_column wpb_content_element \">\n<div class=\"wpb_wrapper\">\n<div class=\"wpb_text_column wpb_content_element \">\n<div class=\"wpb_wrapper\">\n<div class=\"wpb_text_column wpb_content_element \">\n<div class=\"wpb_wrapper\">\n<p><em>(al\u00e9rgenos en negrita): <\/em>Frutas variadas con hueso y sin hueso con chocolate negro\u00a065%\u00a0cacao.<\/p>\n<p>Por ser producto elaborado en nuestro obrador, puede contener trazas de\u00a0<b>frutos secos, gluten, huevo, leche.<\/b><\/p>\n<\/div>\n<\/div>\n<\/div>\n<\/div>\n<p>Caja de frutas chocolateadas de 200 gr.<\/p>\n<\/div>\n<\/div>\n<\/div>\n<\/div>\n<p><span style=\"color: #000000;\"><em><span style=\"font-weight: 400;\">\u00a1P\u00e1sate por la secci\u00f3n de productos y mira todas las especialidades, \u00a1te va a resultar muy dif\u00edcil elegir!<\/span><\/em><\/span><\/p>\n<p><center><a class=\"qodef-btn qodef-btn-medium qodef-btn-solid\" href=\"https:\/\/www.bizkarra.com\/tienda-online\/productos-vascos\/\" target=\"_blank\" rel=\"noopener noreferrer\"><span class=\"qodef-btn-text\">Saber m\u00e1s<\/span><\/a><\/center><\/p>\n<p style=\"text-align: justify;\"><strong><em>Ll\u00e1manos o m\u00e1ndanos un Whatsapp sin compromiso y te explicaremos todo lo que quieras saber para escoger tus productos o combinaci\u00f3n ideal.<\/em><\/strong><\/p>\n<p>&nbsp;<\/p>\n<h3 style=\"padding-left: 120px; text-align: center;\"><span style=\"color: #000000;\"><a style=\"color: #000000;\" href=\"tel: 34944568508\">944 56 85 08<\/a><\/span><\/h3>\n<h3 style=\"text-align: center; padding-left: 120px;\"><span style=\"color: #000000;\"><a style=\"color: #000000;\" href=\"https:\/\/wa.me\/34655 61 39 81\">655 61 39 81<\/a><\/span><\/h3>\n<h3 style=\"text-align: center; padding-left: 120px;\"><span style=\"color: #000000;\"><a style=\"color: #000000;\" href=\"mailto:ventaonline@bizkarra.com\">ventaonline@bizkarra.com<\/a><\/span><\/h3>\n<p>&nbsp;<\/p>\n","protected":false},"excerpt":{"rendered":"<div class=\"wpb_text_column wpb_content_element \">\n<div class=\"wpb_wrapper\">\n<div class=\"wpb_text_column wpb_content_element \">\n<div class=\"wpb_wrapper\">\n<div class=\"wpb_text_column wpb_content_element \">\n<div class=\"wpb_wrapper\">\n<div class=\"wpb_text_column wpb_content_element \">\n<div class=\"wpb_wrapper\">\n<div class=\"wpb_text_column wpb_content_element \">\n<div class=\"wpb_wrapper\">\n<p>Estas frutas ba\u00f1adas de chocolate negro\u00a065%\u00a0tienen un sabor intenso que nos lleva a la Navidad de antes, con amama y aitite; que nos transportan a la infancia y aquellas mesas llenas de postres que rivalizaban en ser deliciosos. \u00bfRecuerdas? Seguro que has jugado m\u00e1s de una vez a acertar la fruta del interior por el color del envoltorio\u2026 lo mord\u00edas y lo comprobabas\u2026 \u201cjusto esta no me gusta\u201d y se la dabas a una amama encantada de probarlas todas.<\/p>\n<p>Puede ser que ahora te gusten todas o que quieras seguir compartiendo esos momentos \u00fanicos con los tuyos. Si te gustan, seguramente te encantar\u00e1n, porque son de esos sabores que crean afici\u00f3n \u201cde por vida\u201d.<\/p>\n<p>Presentaci\u00f3n:<\/p>\n<ul>\n<li>Caja de frutas ba\u00f1adas en chocolate de 200 gr.<\/li>\n<\/ul>\n<\/div>\n<\/div>\n<\/div>\n<\/div>\n<\/div>\n<\/div>\n<\/div>\n<\/div>\n<\/div>\n<\/div>\n","protected":false},"featured_media":5651,"template":"","meta":[],"product_cat":[191,190],"product_tag":[],"yoast_head":"<!-- This site is optimized with the Yoast SEO plugin v22.1 - https:\/\/yoast.com\/wordpress\/plugins\/seo\/ -->\n<title>Frutas ba\u00f1adas en Chocolate - Bizkarra<\/title>\n<meta name=\"description\" content=\"Compra Online Frutas Chocolateadas. Bizkarra, pasteler\u00eda artesanal online en Bilbao. Frutas ba\u00f1adas en chocolate\" \/>\n<meta name=\"robots\" content=\"index, follow, max-snippet:-1, max-image-preview:large, max-video-preview:-1\" \/>\n<link rel=\"canonical\" href=\"https:\/\/www.bizkarra.com\/tienda-online\/productos-vascos\/dulces\/frutas-chocolateadas\/\" \/>\n<meta property=\"og:locale\" content=\"es_ES\" \/>\n<meta property=\"og:type\" content=\"article\" \/>\n<meta property=\"og:title\" content=\"Frutas ba\u00f1adas en Chocolate - Bizkarra\" \/>\n<meta property=\"og:description\" content=\"Compra Online Frutas Chocolateadas. Bizkarra, pasteler\u00eda artesanal online en Bilbao. Frutas ba\u00f1adas en chocolate\" \/>\n<meta property=\"og:url\" content=\"https:\/\/www.bizkarra.com\/tienda-online\/productos-vascos\/dulces\/frutas-chocolateadas\/\" \/>\n<meta property=\"og:site_name\" content=\"Bizkarra\" \/>\n<meta property=\"article:modified_time\" content=\"2025-02-06T16:35:42+00:00\" \/>\n<meta property=\"og:image\" content=\"https:\/\/www.bizkarra.com\/tienda-online\/wp-content\/uploads\/2021\/02\/Frutas-chocolateadas.jpg\" \/>\n\t<meta property=\"og:image:width\" content=\"700\" \/>\n\t<meta property=\"og:image:height\" content=\"700\" \/>\n\t<meta property=\"og:image:type\" content=\"image\/jpeg\" \/>\n<meta name=\"twitter:card\" content=\"summary_large_image\" \/>\n<!-- \/ Yoast SEO plugin. -->","yoast_head_json":{"title":"Frutas ba\u00f1adas en Chocolate - Bizkarra","description":"Compra Online Frutas Chocolateadas. Bizkarra, pasteler\u00eda artesanal online en Bilbao. Frutas ba\u00f1adas en chocolate","robots":{"index":"index","follow":"follow","max-snippet":"max-snippet:-1","max-image-preview":"max-image-preview:large","max-video-preview":"max-video-preview:-1"},"canonical":"https:\/\/www.bizkarra.com\/tienda-online\/productos-vascos\/dulces\/frutas-chocolateadas\/","og_locale":"es_ES","og_type":"article","og_title":"Frutas ba\u00f1adas en Chocolate - Bizkarra","og_description":"Compra Online Frutas Chocolateadas. Bizkarra, pasteler\u00eda artesanal online en Bilbao. Frutas ba\u00f1adas en chocolate","og_url":"https:\/\/www.bizkarra.com\/tienda-online\/productos-vascos\/dulces\/frutas-chocolateadas\/","og_site_name":"Bizkarra","article_modified_time":"2025-02-06T16:35:42+00:00","og_image":[{"width":700,"height":700,"url":"https:\/\/www.bizkarra.com\/tienda-online\/wp-content\/uploads\/2021\/02\/Frutas-chocolateadas.jpg","type":"image\/jpeg"}],"twitter_card":"summary_large_image","schema":{"@context":"https:\/\/schema.org","@graph":[{"@type":"WebPage","@id":"https:\/\/www.bizkarra.com\/tienda-online\/productos-vascos\/dulces\/frutas-chocolateadas\/","url":"https:\/\/www.bizkarra.com\/tienda-online\/productos-vascos\/dulces\/frutas-chocolateadas\/","name":"Frutas ba\u00f1adas en Chocolate - Bizkarra","isPartOf":{"@id":"https:\/\/www.bizkarra.com\/tienda-online\/#website"},"datePublished":"2021-02-05T07:38:39+00:00","dateModified":"2025-02-06T16:35:42+00:00","description":"Compra Online Frutas Chocolateadas. Bizkarra, pasteler\u00eda artesanal online en Bilbao. Frutas ba\u00f1adas en chocolate","breadcrumb":{"@id":"https:\/\/www.bizkarra.com\/tienda-online\/productos-vascos\/dulces\/frutas-chocolateadas\/#breadcrumb"},"inLanguage":"es","potentialAction":[{"@type":"ReadAction","target":["https:\/\/www.bizkarra.com\/tienda-online\/productos-vascos\/dulces\/frutas-chocolateadas\/"]}]},{"@type":"BreadcrumbList","@id":"https:\/\/www.bizkarra.com\/tienda-online\/productos-vascos\/dulces\/frutas-chocolateadas\/#breadcrumb","itemListElement":[{"@type":"ListItem","position":1,"name":"Portada","item":"https:\/\/www.bizkarra.com\/tienda-online\/"},{"@type":"ListItem","position":2,"name":"Tienda","item":"https:\/\/www.bizkarra.com\/tienda-online\/productos-vascos\/"},{"@type":"ListItem","position":3,"name":"Frutas Chocolateadas"}]},{"@type":"WebSite","@id":"https:\/\/www.bizkarra.com\/tienda-online\/#website","url":"https:\/\/www.bizkarra.com\/tienda-online\/","name":"Bizkarra","description":"Tienda Online de postres y dulces gourmet t\u00edpicos vascos","potentialAction":[{"@type":"SearchAction","target":{"@type":"EntryPoint","urlTemplate":"https:\/\/www.bizkarra.com\/tienda-online\/?s={search_term_string}"},"query-input":"required name=search_term_string"}],"inLanguage":"es"}]}},"_links":{"self":[{"href":"https:\/\/www.bizkarra.com\/tienda-online\/wp-json\/wp\/v2\/product\/5649"}],"collection":[{"href":"https:\/\/www.bizkarra.com\/tienda-online\/wp-json\/wp\/v2\/product"}],"about":[{"href":"https:\/\/www.bizkarra.com\/tienda-online\/wp-json\/wp\/v2\/types\/product"}],"wp:featuredmedia":[{"embeddable":true,"href":"https:\/\/www.bizkarra.com\/tienda-online\/wp-json\/wp\/v2\/media\/5651"}],"wp:attachment":[{"href":"https:\/\/www.bizkarra.com\/tienda-online\/wp-json\/wp\/v2\/media?parent=5649"}],"wp:term":[{"taxonomy":"product_cat","embeddable":true,"href":"https:\/\/www.bizkarra.com\/tienda-online\/wp-json\/wp\/v2\/product_cat?post=5649"},{"taxonomy":"product_tag","embeddable":true,"href":"https:\/\/www.bizkarra.com\/tienda-online\/wp-json\/wp\/v2\/product_tag?post=5649"}],"curies":[{"name":"wp","href":"https:\/\/api.w.org\/{rel}","templated":true}]}}