{"id":5641,"date":"2021-02-05T07:28:48","date_gmt":"2021-02-05T07:28:48","guid":{"rendered":"https:\/\/www.bizkarra.com\/tienda-online\/?post_type=product&#038;p=5641"},"modified":"2024-10-24T16:49:26","modified_gmt":"2024-10-24T16:49:26","slug":"bollo-de-mantequilla","status":"publish","type":"product","link":"https:\/\/www.bizkarra.com\/tienda-online\/productos-vascos\/postres-tipicos\/bollo-de-mantequilla\/","title":{"rendered":"Bollo de Mantequilla"},"content":{"rendered":"<p><strong>Ingredientes:<br \/>\n<\/strong><\/p>\n<div class=\"wpb_text_column wpb_content_element \">\n<div class=\"wpb_wrapper\">\n<div class=\"wpb_text_column wpb_content_element \">\n<div class=\"wpb_wrapper\">\n<p><em>(al\u00e9rgenos en negrita)<\/em>: Harina de trigo (<b>gluten<\/b>),\u00a0<b>leche<\/b>, az\u00facar, mantequilla (<b>leche<\/b>), huevo y sal.<\/p>\n<p>Por ser producto elaborado en nuestro obrador, puede contener trazas de\u00a0<b>frutos secos.<\/b><\/p>\n<p>Bollos de mantequilla en dos tama\u00f1os: de raci\u00f3n individual y minibollo de mantequilla<\/p>\n<\/div>\n<\/div>\n<\/div>\n<\/div>\n<p>&nbsp;<\/p>\n<p style=\"text-align: justify;\"><strong><em>Ll\u00e1manos o m\u00e1ndanos un Whatsapp sin compromiso y te explicaremos todo lo que quieras saber para escoger tus productos o preparar tu combinaci\u00f3n ideal.<\/em><\/strong><\/p>\n<p>&nbsp;<\/p>\n<h3 style=\"padding-left: 120px; text-align: center;\"><span style=\"color: #000000;\"><a style=\"color: #000000;\" href=\"tel: 34944568508\">944 56 85 08<\/a><\/span><\/h3>\n<h3 style=\"text-align: center; padding-left: 120px;\"><span style=\"color: #000000;\"><a style=\"color: #000000;\" href=\"https:\/\/wa.me\/34655 61 39 81\">655 61 39 81<\/a><\/span><\/h3>\n<h3 style=\"text-align: center; padding-left: 120px;\"><span style=\"color: #000000;\"><a style=\"color: #000000;\" href=\"mailto:ventaonline@bizkarra.com\">ventaonline@bizkarra.com<\/a><\/span><\/h3>\n<p>&nbsp;<\/p>\n","protected":false},"excerpt":{"rendered":"<div class=\"wpb_text_column wpb_content_element \">\n<div class=\"wpb_wrapper\">\n<div class=\"wpb_text_column wpb_content_element \">\n<div class=\"wpb_wrapper\">\n<div class=\"wpb_text_column wpb_content_element \">\n<div class=\"wpb_wrapper\">\n<div class=\"wpb_text_column wpb_content_element \">\n<div class=\"wpb_wrapper\">\n<p>El bollo de mantequilla es otro producto muy t\u00edpico en Bizkaia, que se remonta a la \u00e9poca de la primera lecher\u00eda Suiza en Bilbao, que populariz\u00f3 la receta. Es un bollo de leche relleno de mantequilla, que elaboramos enriquecido con masa madre Bizkarra. El proceso es muy b\u00e1sico: amasado, fermentaci\u00f3n y horneado, previamente untado por encima de huevo. La clave est\u00e1 en la cocci\u00f3n a fuego alto durante muy poco tiempo para que quede totalmente hecho pero muy jugoso. Una vez azucarado y fr\u00edo se rellena con crema de mantequilla emulsionada muy suave\u2026 y a disfrutar.<\/p>\n<p>Este bollo es uno de los \u201ctesoros\u201d de nuestra reposter\u00eda tradicional y hace las delicias de bizkainos y bizkainas en desayunos, meriendas o hamaiketakos\u2026 est\u00e1 tan ligado a nuestra vida cotidiana que la sensaci\u00f3n de saborear este dulce abre la puerta a un mundo de vivencias y sensaciones\u2026 sobre todo si est\u00e1s lejos de casa y no lo puedes saborear. Algo que hemos vivido en nuestras carnes, y tenemos firme decisi\u00f3n de remediar a trav\u00e9s de nuestras sortas.<\/p>\n<p>Este es en tama\u00f1o individual, pero lo elaboramos tambi\u00e9n en formato minibollo de mantequilla<\/p>\n<\/div>\n<\/div>\n<\/div>\n<\/div>\n<\/div>\n<\/div>\n<\/div>\n<\/div>\n","protected":false},"featured_media":5819,"template":"","meta":[],"product_cat":[189],"product_tag":[],"yoast_head":"<!-- This site is optimized with the Yoast SEO plugin v22.1 - https:\/\/yoast.com\/wordpress\/plugins\/seo\/ -->\n<title>Bollo de Mantequilla - Bizkarra<\/title>\n<meta name=\"description\" content=\"El bollo de mantequilla es uno de los dulces m\u00e1s emblem\u00e1ticos de Bilbao y Bizkaia. Esponjoso y relleno de crema de mantequilla, lo elaboramos diariamente.\" \/>\n<meta name=\"robots\" content=\"index, follow, max-snippet:-1, max-image-preview:large, max-video-preview:-1\" \/>\n<link rel=\"canonical\" href=\"https:\/\/www.bizkarra.com\/tienda-online\/productos-vascos\/postres-tipicos\/bollo-de-mantequilla\/\" \/>\n<meta property=\"og:locale\" content=\"es_ES\" \/>\n<meta property=\"og:type\" content=\"article\" \/>\n<meta property=\"og:title\" content=\"Bollo de Mantequilla - Bizkarra\" \/>\n<meta property=\"og:description\" content=\"El bollo de mantequilla es uno de los dulces m\u00e1s emblem\u00e1ticos de Bilbao y Bizkaia. Esponjoso y relleno de crema de mantequilla, lo elaboramos diariamente.\" \/>\n<meta property=\"og:url\" content=\"https:\/\/www.bizkarra.com\/tienda-online\/productos-vascos\/postres-tipicos\/bollo-de-mantequilla\/\" \/>\n<meta property=\"og:site_name\" content=\"Bizkarra\" \/>\n<meta property=\"article:modified_time\" content=\"2024-10-24T16:49:26+00:00\" \/>\n<meta property=\"og:image\" content=\"https:\/\/www.bizkarra.com\/tienda-online\/wp-content\/uploads\/2021\/02\/IMG_0156-mini-bollo-mantequilla-scaled.jpg\" \/>\n\t<meta property=\"og:image:width\" content=\"2560\" \/>\n\t<meta property=\"og:image:height\" content=\"1707\" \/>\n\t<meta property=\"og:image:type\" content=\"image\/jpeg\" \/>\n<meta name=\"twitter:card\" content=\"summary_large_image\" \/>\n<!-- \/ Yoast SEO plugin. -->","yoast_head_json":{"title":"Bollo de Mantequilla - Bizkarra","description":"El bollo de mantequilla es uno de los dulces m\u00e1s emblem\u00e1ticos de Bilbao y Bizkaia. Esponjoso y relleno de crema de mantequilla, lo elaboramos diariamente.","robots":{"index":"index","follow":"follow","max-snippet":"max-snippet:-1","max-image-preview":"max-image-preview:large","max-video-preview":"max-video-preview:-1"},"canonical":"https:\/\/www.bizkarra.com\/tienda-online\/productos-vascos\/postres-tipicos\/bollo-de-mantequilla\/","og_locale":"es_ES","og_type":"article","og_title":"Bollo de Mantequilla - Bizkarra","og_description":"El bollo de mantequilla es uno de los dulces m\u00e1s emblem\u00e1ticos de Bilbao y Bizkaia. Esponjoso y relleno de crema de mantequilla, lo elaboramos diariamente.","og_url":"https:\/\/www.bizkarra.com\/tienda-online\/productos-vascos\/postres-tipicos\/bollo-de-mantequilla\/","og_site_name":"Bizkarra","article_modified_time":"2024-10-24T16:49:26+00:00","og_image":[{"width":2560,"height":1707,"url":"https:\/\/www.bizkarra.com\/tienda-online\/wp-content\/uploads\/2021\/02\/IMG_0156-mini-bollo-mantequilla-scaled.jpg","type":"image\/jpeg"}],"twitter_card":"summary_large_image","schema":{"@context":"https:\/\/schema.org","@graph":[{"@type":"WebPage","@id":"https:\/\/www.bizkarra.com\/tienda-online\/productos-vascos\/postres-tipicos\/bollo-de-mantequilla\/","url":"https:\/\/www.bizkarra.com\/tienda-online\/productos-vascos\/postres-tipicos\/bollo-de-mantequilla\/","name":"Bollo de Mantequilla - Bizkarra","isPartOf":{"@id":"https:\/\/www.bizkarra.com\/tienda-online\/#website"},"datePublished":"2021-02-05T07:28:48+00:00","dateModified":"2024-10-24T16:49:26+00:00","description":"El bollo de mantequilla es uno de los dulces m\u00e1s emblem\u00e1ticos de Bilbao y Bizkaia. Esponjoso y relleno de crema de mantequilla, lo elaboramos diariamente.","breadcrumb":{"@id":"https:\/\/www.bizkarra.com\/tienda-online\/productos-vascos\/postres-tipicos\/bollo-de-mantequilla\/#breadcrumb"},"inLanguage":"es","potentialAction":[{"@type":"ReadAction","target":["https:\/\/www.bizkarra.com\/tienda-online\/productos-vascos\/postres-tipicos\/bollo-de-mantequilla\/"]}]},{"@type":"BreadcrumbList","@id":"https:\/\/www.bizkarra.com\/tienda-online\/productos-vascos\/postres-tipicos\/bollo-de-mantequilla\/#breadcrumb","itemListElement":[{"@type":"ListItem","position":1,"name":"Portada","item":"https:\/\/www.bizkarra.com\/tienda-online\/"},{"@type":"ListItem","position":2,"name":"Tienda","item":"https:\/\/www.bizkarra.com\/tienda-online\/productos-vascos\/"},{"@type":"ListItem","position":3,"name":"Bollo de Mantequilla"}]},{"@type":"WebSite","@id":"https:\/\/www.bizkarra.com\/tienda-online\/#website","url":"https:\/\/www.bizkarra.com\/tienda-online\/","name":"Bizkarra","description":"Tienda Online de postres y dulces gourmet t\u00edpicos vascos","potentialAction":[{"@type":"SearchAction","target":{"@type":"EntryPoint","urlTemplate":"https:\/\/www.bizkarra.com\/tienda-online\/?s={search_term_string}"},"query-input":"required name=search_term_string"}],"inLanguage":"es"}]}},"_links":{"self":[{"href":"https:\/\/www.bizkarra.com\/tienda-online\/wp-json\/wp\/v2\/product\/5641"}],"collection":[{"href":"https:\/\/www.bizkarra.com\/tienda-online\/wp-json\/wp\/v2\/product"}],"about":[{"href":"https:\/\/www.bizkarra.com\/tienda-online\/wp-json\/wp\/v2\/types\/product"}],"wp:featuredmedia":[{"embeddable":true,"href":"https:\/\/www.bizkarra.com\/tienda-online\/wp-json\/wp\/v2\/media\/5819"}],"wp:attachment":[{"href":"https:\/\/www.bizkarra.com\/tienda-online\/wp-json\/wp\/v2\/media?parent=5641"}],"wp:term":[{"taxonomy":"product_cat","embeddable":true,"href":"https:\/\/www.bizkarra.com\/tienda-online\/wp-json\/wp\/v2\/product_cat?post=5641"},{"taxonomy":"product_tag","embeddable":true,"href":"https:\/\/www.bizkarra.com\/tienda-online\/wp-json\/wp\/v2\/product_tag?post=5641"}],"curies":[{"name":"wp","href":"https:\/\/api.w.org\/{rel}","templated":true}]}}