{"id":5635,"date":"2021-02-04T18:01:44","date_gmt":"2021-02-04T18:01:44","guid":{"rendered":"https:\/\/www.bizkarra.com\/tienda-online\/?post_type=product&#038;p=5635"},"modified":"2025-02-06T15:50:33","modified_gmt":"2025-02-06T15:50:33","slug":"turron-de-yema-de-huevos-de-larrabetzu","status":"publish","type":"product","link":"https:\/\/www.bizkarra.com\/tienda-online\/productos-vascos\/turrones-vascos\/turron-de-yema-de-huevos-de-larrabetzu\/","title":{"rendered":"Turr\u00f3n de Yema de Huevos de Larrabetzu"},"content":{"rendered":"<p><strong>Ingredientes:<br \/>\n<\/strong><\/p>\n<div class=\"wpb_text_column wpb_content_element \">\n<div class=\"wpb_wrapper\">\n<p><em>(al\u00e9rgenos en negrita)<\/em>:<b>Almendra<\/b>, Yemas de\u00a0<b>huevo de Larrabetzu<\/b>, az\u00facar, corteza de lim\u00f3n.<\/p>\n<p>Por ser producto elaborado en nuestro obrador, puede contener trazas\u00a0<b>gluten, leche.<\/b><\/p>\n<\/div>\n<\/div>\n<p>Tableta de turr\u00f3n\u00a0de yema\u00a0de 200 gr.<\/p>\n<p><span style=\"color: #000000;\"><em><span style=\"font-weight: 400;\">\u00a1P\u00e1sate por la secci\u00f3n de productos y mira todas las especialidades, \u00a1te va a resultar muy dif\u00edcil elegir!<\/span><\/em><\/span><\/p>\n<p><center><a class=\"qodef-btn qodef-btn-medium qodef-btn-solid\" href=\"https:\/\/www.bizkarra.com\/tienda-online\/productos-vascos\/\" target=\"_blank\" rel=\"noopener noreferrer\"><span class=\"qodef-btn-text\">Saber m\u00e1s<\/span><\/a><\/center><\/p>\n<p style=\"text-align: justify;\"><strong><em>Ll\u00e1manos o m\u00e1ndanos un Whatsapp sin compromiso y te explicaremos todo lo que quieras saber para escoger tus productos o preparar tu combinaci\u00f3n ideal.<\/em><\/strong><\/p>\n<p>&nbsp;<\/p>\n<h3 style=\"padding-left: 120px; text-align: center;\"><span style=\"color: #000000;\"><a style=\"color: #000000;\" href=\"tel: 34944568508\">944 56 85 08<\/a><\/span><\/h3>\n<h3 style=\"text-align: center; padding-left: 120px;\"><span style=\"color: #000000;\"><a style=\"color: #000000;\" href=\"https:\/\/wa.me\/34655 61 39 81\">655 61 39 81<\/a><\/span><\/h3>\n<h3 style=\"text-align: center; padding-left: 120px;\"><span style=\"color: #000000;\"><a style=\"color: #000000;\" href=\"mailto:ventaonline@bizkarra.com\">ventaonline@bizkarra.com<\/a><\/span><\/h3>\n<p>&nbsp;<\/p>\n","protected":false},"excerpt":{"rendered":"<div class=\"wpb_text_column wpb_content_element \">\n<div class=\"wpb_wrapper\">\n<div class=\"wpb_text_column wpb_content_element \">\n<div class=\"wpb_wrapper\">\n<div class=\"wpb_text_column wpb_content_element \">\n<div class=\"wpb_wrapper\">\n<p>El turr\u00f3n de yema es puro sabor y delicadeza. Su elaboraci\u00f3n es la de un mazap\u00e1n de yema y almendra sin tostar en la que se fusionan los sabores; una masa que se trabaja con mimo en el obrador. Una vez finalizado el proceso, el resultado es una mezcla muy suave y tierna, con el inconfundible sabor de las yemas destacando sobre el fondo almendrado.<\/p>\n<p>Esta nota inconfundible de sabor lo aporta un huevo de alta calidad, procedente de la granja de Itziar Aspuru en Larrabetzu, que es su forma de vida y el legado recibido de sus padres Benigno y M\u00aa Carmen, quienes la fundaron en 1970. Itziar cuida de su granja y sus gallinas con dedicaci\u00f3n y exigentes requisitos, avalados por su certificaci\u00f3n Welfair en Bienestar Animal.<\/p>\n<\/div>\n<\/div>\n<\/div>\n<\/div>\n<\/div>\n<\/div>\n","protected":false},"featured_media":5636,"template":"","meta":[],"product_cat":[188],"product_tag":[],"yoast_head":"<!-- This site is optimized with the Yoast SEO plugin v22.1 - https:\/\/yoast.com\/wordpress\/plugins\/seo\/ -->\n<title>Turr\u00f3n de Yema de Huevos de Larrabetzu - Bizkarra<\/title>\n<meta name=\"description\" content=\"Compra Online Turr\u00f3n de Yema de Huevos de Larrabetzu. Bizkarra, pasteler\u00eda artesanal online en Bilbao.\" \/>\n<meta name=\"robots\" content=\"index, follow, max-snippet:-1, max-image-preview:large, max-video-preview:-1\" \/>\n<link rel=\"canonical\" href=\"https:\/\/www.bizkarra.com\/tienda-online\/productos-vascos\/turrones-vascos\/turron-de-yema-de-huevos-de-larrabetzu\/\" \/>\n<meta property=\"og:locale\" content=\"es_ES\" \/>\n<meta property=\"og:type\" content=\"article\" \/>\n<meta property=\"og:title\" content=\"Turr\u00f3n de Yema de Huevos de Larrabetzu - Bizkarra\" \/>\n<meta property=\"og:description\" content=\"Compra Online Turr\u00f3n de Yema de Huevos de Larrabetzu. Bizkarra, pasteler\u00eda artesanal online en Bilbao.\" \/>\n<meta property=\"og:url\" content=\"https:\/\/www.bizkarra.com\/tienda-online\/productos-vascos\/turrones-vascos\/turron-de-yema-de-huevos-de-larrabetzu\/\" \/>\n<meta property=\"og:site_name\" content=\"Bizkarra\" \/>\n<meta property=\"article:modified_time\" content=\"2025-02-06T15:50:33+00:00\" \/>\n<meta property=\"og:image\" content=\"https:\/\/www.bizkarra.com\/tienda-online\/wp-content\/uploads\/2021\/02\/Turron-de-yema-de-huevos-de-larrabetzu.jpg\" \/>\n\t<meta property=\"og:image:width\" content=\"700\" \/>\n\t<meta property=\"og:image:height\" content=\"700\" \/>\n\t<meta property=\"og:image:type\" content=\"image\/jpeg\" \/>\n<meta name=\"twitter:card\" content=\"summary_large_image\" \/>\n<!-- \/ Yoast SEO plugin. -->","yoast_head_json":{"title":"Turr\u00f3n de Yema de Huevos de Larrabetzu - Bizkarra","description":"Compra Online Turr\u00f3n de Yema de Huevos de Larrabetzu. Bizkarra, pasteler\u00eda artesanal online en Bilbao.","robots":{"index":"index","follow":"follow","max-snippet":"max-snippet:-1","max-image-preview":"max-image-preview:large","max-video-preview":"max-video-preview:-1"},"canonical":"https:\/\/www.bizkarra.com\/tienda-online\/productos-vascos\/turrones-vascos\/turron-de-yema-de-huevos-de-larrabetzu\/","og_locale":"es_ES","og_type":"article","og_title":"Turr\u00f3n de Yema de Huevos de Larrabetzu - Bizkarra","og_description":"Compra Online Turr\u00f3n de Yema de Huevos de Larrabetzu. Bizkarra, pasteler\u00eda artesanal online en Bilbao.","og_url":"https:\/\/www.bizkarra.com\/tienda-online\/productos-vascos\/turrones-vascos\/turron-de-yema-de-huevos-de-larrabetzu\/","og_site_name":"Bizkarra","article_modified_time":"2025-02-06T15:50:33+00:00","og_image":[{"width":700,"height":700,"url":"https:\/\/www.bizkarra.com\/tienda-online\/wp-content\/uploads\/2021\/02\/Turron-de-yema-de-huevos-de-larrabetzu.jpg","type":"image\/jpeg"}],"twitter_card":"summary_large_image","schema":{"@context":"https:\/\/schema.org","@graph":[{"@type":"WebPage","@id":"https:\/\/www.bizkarra.com\/tienda-online\/productos-vascos\/turrones-vascos\/turron-de-yema-de-huevos-de-larrabetzu\/","url":"https:\/\/www.bizkarra.com\/tienda-online\/productos-vascos\/turrones-vascos\/turron-de-yema-de-huevos-de-larrabetzu\/","name":"Turr\u00f3n de Yema de Huevos de Larrabetzu - Bizkarra","isPartOf":{"@id":"https:\/\/www.bizkarra.com\/tienda-online\/#website"},"datePublished":"2021-02-04T18:01:44+00:00","dateModified":"2025-02-06T15:50:33+00:00","description":"Compra Online Turr\u00f3n de Yema de Huevos de Larrabetzu. Bizkarra, pasteler\u00eda artesanal online en Bilbao.","breadcrumb":{"@id":"https:\/\/www.bizkarra.com\/tienda-online\/productos-vascos\/turrones-vascos\/turron-de-yema-de-huevos-de-larrabetzu\/#breadcrumb"},"inLanguage":"es","potentialAction":[{"@type":"ReadAction","target":["https:\/\/www.bizkarra.com\/tienda-online\/productos-vascos\/turrones-vascos\/turron-de-yema-de-huevos-de-larrabetzu\/"]}]},{"@type":"BreadcrumbList","@id":"https:\/\/www.bizkarra.com\/tienda-online\/productos-vascos\/turrones-vascos\/turron-de-yema-de-huevos-de-larrabetzu\/#breadcrumb","itemListElement":[{"@type":"ListItem","position":1,"name":"Portada","item":"https:\/\/www.bizkarra.com\/tienda-online\/"},{"@type":"ListItem","position":2,"name":"Tienda","item":"https:\/\/www.bizkarra.com\/tienda-online\/productos-vascos\/"},{"@type":"ListItem","position":3,"name":"Turr\u00f3n de Yema de Huevos de Larrabetzu"}]},{"@type":"WebSite","@id":"https:\/\/www.bizkarra.com\/tienda-online\/#website","url":"https:\/\/www.bizkarra.com\/tienda-online\/","name":"Bizkarra","description":"Tienda Online de postres y dulces gourmet t\u00edpicos vascos","potentialAction":[{"@type":"SearchAction","target":{"@type":"EntryPoint","urlTemplate":"https:\/\/www.bizkarra.com\/tienda-online\/?s={search_term_string}"},"query-input":"required name=search_term_string"}],"inLanguage":"es"}]}},"_links":{"self":[{"href":"https:\/\/www.bizkarra.com\/tienda-online\/wp-json\/wp\/v2\/product\/5635"}],"collection":[{"href":"https:\/\/www.bizkarra.com\/tienda-online\/wp-json\/wp\/v2\/product"}],"about":[{"href":"https:\/\/www.bizkarra.com\/tienda-online\/wp-json\/wp\/v2\/types\/product"}],"wp:featuredmedia":[{"embeddable":true,"href":"https:\/\/www.bizkarra.com\/tienda-online\/wp-json\/wp\/v2\/media\/5636"}],"wp:attachment":[{"href":"https:\/\/www.bizkarra.com\/tienda-online\/wp-json\/wp\/v2\/media?parent=5635"}],"wp:term":[{"taxonomy":"product_cat","embeddable":true,"href":"https:\/\/www.bizkarra.com\/tienda-online\/wp-json\/wp\/v2\/product_cat?post=5635"},{"taxonomy":"product_tag","embeddable":true,"href":"https:\/\/www.bizkarra.com\/tienda-online\/wp-json\/wp\/v2\/product_tag?post=5635"}],"curies":[{"name":"wp","href":"https:\/\/api.w.org\/{rel}","templated":true}]}}