{"id":5633,"date":"2021-02-04T17:59:32","date_gmt":"2021-02-04T17:59:32","guid":{"rendered":"https:\/\/www.bizkarra.com\/tienda-online\/?post_type=product&#038;p=5633"},"modified":"2025-02-06T15:51:42","modified_gmt":"2025-02-06T15:51:42","slug":"turron-trufado","status":"publish","type":"product","link":"https:\/\/www.bizkarra.com\/tienda-online\/productos-vascos\/turrones-vascos\/turron-trufado\/","title":{"rendered":"Turr\u00f3n Trufado"},"content":{"rendered":"<p><strong>Ingredientes:<br \/>\n<\/strong><\/p>\n<div class=\"wpb_text_column wpb_content_element \">\n<div class=\"wpb_wrapper\">\n<p><em>(al\u00e9rgenos en negrita)<\/em>:\u00a0Nata 38%MG (<b>leche<\/b>), cacao en polvo, mantequilla (<b>leche<\/b>), chocolate negro 70% cacao.<\/p>\n<p>Por ser producto elaborado en nuestro obrador, puede contener trazas de\u00a0<b>frutos secos, gluten, huevo.<\/b><\/p>\n<\/div>\n<\/div>\n<p>Caja de delicias de turr\u00f3n de trufado, de 200 gr.<\/p>\n<p><span style=\"color: #000000;\"><em><span style=\"font-weight: 400;\">\u00a1P\u00e1sate por la secci\u00f3n de productos y mira todas las especialidades, \u00a1te va a resultar muy dif\u00edcil elegir!<\/span><\/em><\/span><\/p>\n<p><center><a class=\"qodef-btn qodef-btn-medium qodef-btn-solid\" href=\"https:\/\/www.bizkarra.com\/tienda-online\/productos-vascos\/\" target=\"_blank\" rel=\"noopener noreferrer\"><span class=\"qodef-btn-text\">Saber m\u00e1s<\/span><\/a><\/center><\/p>\n<p style=\"text-align: justify;\"><strong><em>Ll\u00e1manos o m\u00e1ndanos un Whatsapp sin compromiso y te explicaremos todo lo que quieras saber para escoger tus productos o preparar tu combinaci\u00f3n ideal.<\/em><\/strong><\/p>\n<p>&nbsp;<\/p>\n<h3 style=\"padding-left: 120px; text-align: center;\"><span style=\"color: #000000;\"><a style=\"color: #000000;\" href=\"tel: 34944568508\">944 56 85 08<\/a><\/span><\/h3>\n<h3 style=\"text-align: center; padding-left: 120px;\"><span style=\"color: #000000;\"><a style=\"color: #000000;\" href=\"https:\/\/wa.me\/34655 61 39 81\">655 61 39 81<\/a><\/span><\/h3>\n<h3 style=\"text-align: center; padding-left: 120px;\"><span style=\"color: #000000;\"><a style=\"color: #000000;\" href=\"mailto:ventaonline@bizkarra.com\">ventaonline@bizkarra.com<\/a><\/span><\/h3>\n<p>&nbsp;<\/p>\n","protected":false},"excerpt":{"rendered":"<div class=\"wpb_text_column wpb_content_element \">\n<div class=\"wpb_wrapper\">\n<div class=\"wpb_text_column wpb_content_element \">\n<div class=\"wpb_wrapper\">\n<div class=\"wpb_text_column wpb_content_element \">\n<div class=\"wpb_wrapper\">\n<p>El turr\u00f3n trufado es uno de los cl\u00e1sicos de navidad en nuestro obrador y el turr\u00f3n de chocolate por excelencia. Es como un bomb\u00f3n en versi\u00f3n de turr\u00f3n navide\u00f1o; est\u00e1 hecho de trufa muy esponjosa y recubierto con una capa crujiente de chocolate. Este contraste entre el exterior y el interior proporciona al morder la sensaci\u00f3n de dar un crujiente bocado a un bomb\u00f3n de suave relleno. En boca, las sensaciones se completan con el sabor intenso del chocolate con 70% de cacao.<\/p>\n<\/div>\n<\/div>\n<\/div>\n<\/div>\n<\/div>\n<\/div>\n","protected":false},"featured_media":5634,"template":"","meta":[],"product_cat":[188],"product_tag":[],"yoast_head":"<!-- This site is optimized with the Yoast SEO plugin v22.1 - https:\/\/yoast.com\/wordpress\/plugins\/seo\/ -->\n<title>Turr\u00f3n Trufado - Bizkarra<\/title>\n<meta name=\"description\" content=\"Compra Online Turr\u00f3n Trufado. Bizkarra, pasteler\u00eda artesanal online en Bilbao. Turr\u00f3n Trufado\" \/>\n<meta name=\"robots\" content=\"index, follow, max-snippet:-1, max-image-preview:large, max-video-preview:-1\" \/>\n<link rel=\"canonical\" href=\"https:\/\/www.bizkarra.com\/tienda-online\/productos-vascos\/turrones-vascos\/turron-trufado\/\" \/>\n<meta property=\"og:locale\" content=\"es_ES\" \/>\n<meta property=\"og:type\" content=\"article\" \/>\n<meta property=\"og:title\" content=\"Turr\u00f3n Trufado - Bizkarra\" \/>\n<meta property=\"og:description\" content=\"Compra Online Turr\u00f3n Trufado. Bizkarra, pasteler\u00eda artesanal online en Bilbao. Turr\u00f3n Trufado\" \/>\n<meta property=\"og:url\" content=\"https:\/\/www.bizkarra.com\/tienda-online\/productos-vascos\/turrones-vascos\/turron-trufado\/\" \/>\n<meta property=\"og:site_name\" content=\"Bizkarra\" \/>\n<meta property=\"article:modified_time\" content=\"2025-02-06T15:51:42+00:00\" \/>\n<meta property=\"og:image\" content=\"https:\/\/www.bizkarra.com\/tienda-online\/wp-content\/uploads\/2021\/02\/turron-trufado.jpg\" \/>\n\t<meta property=\"og:image:width\" content=\"700\" \/>\n\t<meta property=\"og:image:height\" content=\"700\" \/>\n\t<meta property=\"og:image:type\" content=\"image\/jpeg\" \/>\n<meta name=\"twitter:card\" content=\"summary_large_image\" \/>\n<!-- \/ Yoast SEO plugin. -->","yoast_head_json":{"title":"Turr\u00f3n Trufado - Bizkarra","description":"Compra Online Turr\u00f3n Trufado. Bizkarra, pasteler\u00eda artesanal online en Bilbao. Turr\u00f3n Trufado","robots":{"index":"index","follow":"follow","max-snippet":"max-snippet:-1","max-image-preview":"max-image-preview:large","max-video-preview":"max-video-preview:-1"},"canonical":"https:\/\/www.bizkarra.com\/tienda-online\/productos-vascos\/turrones-vascos\/turron-trufado\/","og_locale":"es_ES","og_type":"article","og_title":"Turr\u00f3n Trufado - Bizkarra","og_description":"Compra Online Turr\u00f3n Trufado. Bizkarra, pasteler\u00eda artesanal online en Bilbao. Turr\u00f3n Trufado","og_url":"https:\/\/www.bizkarra.com\/tienda-online\/productos-vascos\/turrones-vascos\/turron-trufado\/","og_site_name":"Bizkarra","article_modified_time":"2025-02-06T15:51:42+00:00","og_image":[{"width":700,"height":700,"url":"https:\/\/www.bizkarra.com\/tienda-online\/wp-content\/uploads\/2021\/02\/turron-trufado.jpg","type":"image\/jpeg"}],"twitter_card":"summary_large_image","schema":{"@context":"https:\/\/schema.org","@graph":[{"@type":"WebPage","@id":"https:\/\/www.bizkarra.com\/tienda-online\/productos-vascos\/turrones-vascos\/turron-trufado\/","url":"https:\/\/www.bizkarra.com\/tienda-online\/productos-vascos\/turrones-vascos\/turron-trufado\/","name":"Turr\u00f3n Trufado - Bizkarra","isPartOf":{"@id":"https:\/\/www.bizkarra.com\/tienda-online\/#website"},"datePublished":"2021-02-04T17:59:32+00:00","dateModified":"2025-02-06T15:51:42+00:00","description":"Compra Online Turr\u00f3n Trufado. Bizkarra, pasteler\u00eda artesanal online en Bilbao. Turr\u00f3n Trufado","breadcrumb":{"@id":"https:\/\/www.bizkarra.com\/tienda-online\/productos-vascos\/turrones-vascos\/turron-trufado\/#breadcrumb"},"inLanguage":"es","potentialAction":[{"@type":"ReadAction","target":["https:\/\/www.bizkarra.com\/tienda-online\/productos-vascos\/turrones-vascos\/turron-trufado\/"]}]},{"@type":"BreadcrumbList","@id":"https:\/\/www.bizkarra.com\/tienda-online\/productos-vascos\/turrones-vascos\/turron-trufado\/#breadcrumb","itemListElement":[{"@type":"ListItem","position":1,"name":"Portada","item":"https:\/\/www.bizkarra.com\/tienda-online\/"},{"@type":"ListItem","position":2,"name":"Tienda","item":"https:\/\/www.bizkarra.com\/tienda-online\/productos-vascos\/"},{"@type":"ListItem","position":3,"name":"Turr\u00f3n Trufado"}]},{"@type":"WebSite","@id":"https:\/\/www.bizkarra.com\/tienda-online\/#website","url":"https:\/\/www.bizkarra.com\/tienda-online\/","name":"Bizkarra","description":"Tienda Online de postres y dulces gourmet t\u00edpicos vascos","potentialAction":[{"@type":"SearchAction","target":{"@type":"EntryPoint","urlTemplate":"https:\/\/www.bizkarra.com\/tienda-online\/?s={search_term_string}"},"query-input":"required name=search_term_string"}],"inLanguage":"es"}]}},"_links":{"self":[{"href":"https:\/\/www.bizkarra.com\/tienda-online\/wp-json\/wp\/v2\/product\/5633"}],"collection":[{"href":"https:\/\/www.bizkarra.com\/tienda-online\/wp-json\/wp\/v2\/product"}],"about":[{"href":"https:\/\/www.bizkarra.com\/tienda-online\/wp-json\/wp\/v2\/types\/product"}],"wp:featuredmedia":[{"embeddable":true,"href":"https:\/\/www.bizkarra.com\/tienda-online\/wp-json\/wp\/v2\/media\/5634"}],"wp:attachment":[{"href":"https:\/\/www.bizkarra.com\/tienda-online\/wp-json\/wp\/v2\/media?parent=5633"}],"wp:term":[{"taxonomy":"product_cat","embeddable":true,"href":"https:\/\/www.bizkarra.com\/tienda-online\/wp-json\/wp\/v2\/product_cat?post=5633"},{"taxonomy":"product_tag","embeddable":true,"href":"https:\/\/www.bizkarra.com\/tienda-online\/wp-json\/wp\/v2\/product_tag?post=5633"}],"curies":[{"name":"wp","href":"https:\/\/api.w.org\/{rel}","templated":true}]}}