{"id":5631,"date":"2021-02-04T17:56:33","date_gmt":"2021-02-04T17:56:33","guid":{"rendered":"https:\/\/www.bizkarra.com\/tienda-online\/?post_type=product&#038;p=5631"},"modified":"2025-02-06T15:52:45","modified_gmt":"2025-02-06T15:52:45","slug":"seleccion-turrones-vascos","status":"publish","type":"product","link":"https:\/\/www.bizkarra.com\/tienda-online\/productos-vascos\/turrones-vascos\/seleccion-turrones-vascos\/","title":{"rendered":"Selecci\u00f3n Turrones Vascos"},"content":{"rendered":"<p><strong>Ingredientes:<br \/>\n<\/strong><\/p>\n<div class=\"wpb_text_column wpb_content_element \">\n<div class=\"wpb_wrapper\">\n<p><em>(al\u00e9rgenos en negrita)<\/em>:<\/p>\n<p>Turr\u00f3n de queso de Urkiola:<b>\u00a0Almendra<\/b>, az\u00facar, Queso de oveja (<b>leche<\/b>), chocolate blanco (<b>leche<\/b>), manteca de cacao, brandy y sal.<\/p>\n<p>Turr\u00f3n de Intxaursaltsa:\u00a0<b>Nuez<\/b>, az\u00facar, pralin\u00e9 de\u00a0<b>almendra<\/b>, chocolate blanco (<b>leche<\/b>), manteca de cacao, brandy.<\/p>\n<p>Turr\u00f3n de Sokonusko:\u00a0<b>Almendra<\/b>, az\u00facar, chocolate con\u00a0<b>leche<\/b>, chocolate negro 65% cacao, chocolate blanco (<b>leche<\/b>), manteca de cacao, brandy.<\/p>\n<p>Por ser producto elaborado en nuestro obrador, puede contener trazas de\u00a0<b>gluten, huevo.<\/b><\/p>\n<\/div>\n<\/div>\n<p>Caja de selecci\u00f3n de turrones vascos, ya cortado, de 200 gr.<\/p>\n<p><span style=\"color: #000000;\"><em><span style=\"font-weight: 400;\">\u00a1P\u00e1sate por la secci\u00f3n de productos y mira todas las especialidades, \u00a1te va a resultar muy dif\u00edcil elegir!<\/span><\/em><\/span><\/p>\n<p><center><a class=\"qodef-btn qodef-btn-medium qodef-btn-solid\" href=\"https:\/\/www.bizkarra.com\/tienda-online\/productos-vascos\/\" target=\"_blank\" rel=\"noopener noreferrer\"><span class=\"qodef-btn-text\">Saber m\u00e1s<\/span><\/a><\/center><\/p>\n<p style=\"text-align: justify;\"><strong><em>Ll\u00e1manos o m\u00e1ndanos un Whatsapp sin compromiso y te explicaremos todo lo que quieras saber para escoger tus productos o preparar tu combinaci\u00f3n ideal.<\/em><\/strong><\/p>\n<p>&nbsp;<\/p>\n<h3 style=\"padding-left: 120px; text-align: center;\"><span style=\"color: #000000;\"><a style=\"color: #000000;\" href=\"tel: 34944568508\">944 56 85 08<\/a><\/span><\/h3>\n<h3 style=\"text-align: center; padding-left: 120px;\"><span style=\"color: #000000;\"><a style=\"color: #000000;\" href=\"https:\/\/wa.me\/34655 61 39 81\">655 61 39 81<\/a><\/span><\/h3>\n<h3 style=\"text-align: center; padding-left: 120px;\"><span style=\"color: #000000;\"><a style=\"color: #000000;\" href=\"mailto:ventaonline@bizkarra.com\">ventaonline@bizkarra.com<\/a><\/span><\/h3>\n<p>&nbsp;<\/p>\n","protected":false},"excerpt":{"rendered":"<div class=\"wpb_text_column wpb_content_element \">\n<div class=\"wpb_wrapper\">\n<div class=\"wpb_text_column wpb_content_element \">\n<div class=\"wpb_wrapper\">\n<div class=\"wpb_text_column wpb_content_element \">\n<div class=\"wpb_wrapper\">\n<p>Nuestra selecci\u00f3n de turr\u00f3n incluye los bocados m\u00e1s deliciosos de nuestros turrones vascos, ya troceados:<\/p>\n<p>Turr\u00f3n de queso de Urkiola, de la peque\u00f1a queser\u00eda artesanal de la familia Bizkarra-Legorra, que desde 1924 elabora este queso partiendo, \u00fanicamente, de su caba\u00f1a de ovejas.<\/p>\n<p>Turr\u00f3n de Intxaursaltsa, el tradicional postre de nueces, t\u00edpico de la nochebuena vasca, que hemos recreado en nuestro obrador como turr\u00f3n, partiendo de la receta familiar de la amama Mari. Uno de los pocos turrones que se elaboran con nueces.<\/p>\n<p>Turr\u00f3n de Sokonusko, exclusivo de los pasteleros bilba\u00ednos, y seg\u00fan cuentan, en su origen hecho con cacao tra\u00eddo de Santa Ana de Soconusco.<\/p>\n<p>Todo el sabor de la navidad vasca en una caja de turrones surtidos.<\/p>\n<\/div>\n<\/div>\n<\/div>\n<\/div>\n<\/div>\n<\/div>\n","protected":false},"featured_media":5632,"template":"","meta":[],"product_cat":[188],"product_tag":[],"yoast_head":"<!-- This site is optimized with the Yoast SEO plugin v22.1 - https:\/\/yoast.com\/wordpress\/plugins\/seo\/ -->\n<title>Selecci\u00f3n Turrones Vascos - Bizkarra<\/title>\n<meta name=\"description\" content=\"Compra Online Selecci\u00f3n Turrones Vascos. Bizkarra, pasteler\u00eda artesanal online en Bilbao. Turrones Vascos\" \/>\n<meta name=\"robots\" content=\"index, follow, max-snippet:-1, max-image-preview:large, max-video-preview:-1\" \/>\n<link rel=\"canonical\" href=\"https:\/\/www.bizkarra.com\/tienda-online\/productos-vascos\/turrones-vascos\/seleccion-turrones-vascos\/\" \/>\n<meta property=\"og:locale\" content=\"es_ES\" \/>\n<meta property=\"og:type\" content=\"article\" \/>\n<meta property=\"og:title\" content=\"Selecci\u00f3n Turrones Vascos - Bizkarra\" \/>\n<meta property=\"og:description\" content=\"Compra Online Selecci\u00f3n Turrones Vascos. Bizkarra, pasteler\u00eda artesanal online en Bilbao. Turrones Vascos\" \/>\n<meta property=\"og:url\" content=\"https:\/\/www.bizkarra.com\/tienda-online\/productos-vascos\/turrones-vascos\/seleccion-turrones-vascos\/\" \/>\n<meta property=\"og:site_name\" content=\"Bizkarra\" \/>\n<meta property=\"article:modified_time\" content=\"2025-02-06T15:52:45+00:00\" \/>\n<meta property=\"og:image\" content=\"https:\/\/www.bizkarra.com\/tienda-online\/wp-content\/uploads\/2021\/02\/seleccion-turrones-vascos.jpg\" \/>\n\t<meta property=\"og:image:width\" content=\"700\" \/>\n\t<meta property=\"og:image:height\" content=\"700\" \/>\n\t<meta property=\"og:image:type\" content=\"image\/jpeg\" \/>\n<meta name=\"twitter:card\" content=\"summary_large_image\" \/>\n<!-- \/ Yoast SEO plugin. -->","yoast_head_json":{"title":"Selecci\u00f3n Turrones Vascos - Bizkarra","description":"Compra Online Selecci\u00f3n Turrones Vascos. Bizkarra, pasteler\u00eda artesanal online en Bilbao. Turrones Vascos","robots":{"index":"index","follow":"follow","max-snippet":"max-snippet:-1","max-image-preview":"max-image-preview:large","max-video-preview":"max-video-preview:-1"},"canonical":"https:\/\/www.bizkarra.com\/tienda-online\/productos-vascos\/turrones-vascos\/seleccion-turrones-vascos\/","og_locale":"es_ES","og_type":"article","og_title":"Selecci\u00f3n Turrones Vascos - Bizkarra","og_description":"Compra Online Selecci\u00f3n Turrones Vascos. Bizkarra, pasteler\u00eda artesanal online en Bilbao. Turrones Vascos","og_url":"https:\/\/www.bizkarra.com\/tienda-online\/productos-vascos\/turrones-vascos\/seleccion-turrones-vascos\/","og_site_name":"Bizkarra","article_modified_time":"2025-02-06T15:52:45+00:00","og_image":[{"width":700,"height":700,"url":"https:\/\/www.bizkarra.com\/tienda-online\/wp-content\/uploads\/2021\/02\/seleccion-turrones-vascos.jpg","type":"image\/jpeg"}],"twitter_card":"summary_large_image","schema":{"@context":"https:\/\/schema.org","@graph":[{"@type":"WebPage","@id":"https:\/\/www.bizkarra.com\/tienda-online\/productos-vascos\/turrones-vascos\/seleccion-turrones-vascos\/","url":"https:\/\/www.bizkarra.com\/tienda-online\/productos-vascos\/turrones-vascos\/seleccion-turrones-vascos\/","name":"Selecci\u00f3n Turrones Vascos - Bizkarra","isPartOf":{"@id":"https:\/\/www.bizkarra.com\/tienda-online\/#website"},"datePublished":"2021-02-04T17:56:33+00:00","dateModified":"2025-02-06T15:52:45+00:00","description":"Compra Online Selecci\u00f3n Turrones Vascos. Bizkarra, pasteler\u00eda artesanal online en Bilbao. Turrones Vascos","breadcrumb":{"@id":"https:\/\/www.bizkarra.com\/tienda-online\/productos-vascos\/turrones-vascos\/seleccion-turrones-vascos\/#breadcrumb"},"inLanguage":"es","potentialAction":[{"@type":"ReadAction","target":["https:\/\/www.bizkarra.com\/tienda-online\/productos-vascos\/turrones-vascos\/seleccion-turrones-vascos\/"]}]},{"@type":"BreadcrumbList","@id":"https:\/\/www.bizkarra.com\/tienda-online\/productos-vascos\/turrones-vascos\/seleccion-turrones-vascos\/#breadcrumb","itemListElement":[{"@type":"ListItem","position":1,"name":"Portada","item":"https:\/\/www.bizkarra.com\/tienda-online\/"},{"@type":"ListItem","position":2,"name":"Tienda","item":"https:\/\/www.bizkarra.com\/tienda-online\/productos-vascos\/"},{"@type":"ListItem","position":3,"name":"Selecci\u00f3n Turrones Vascos"}]},{"@type":"WebSite","@id":"https:\/\/www.bizkarra.com\/tienda-online\/#website","url":"https:\/\/www.bizkarra.com\/tienda-online\/","name":"Bizkarra","description":"Tienda Online de postres y dulces gourmet t\u00edpicos vascos","potentialAction":[{"@type":"SearchAction","target":{"@type":"EntryPoint","urlTemplate":"https:\/\/www.bizkarra.com\/tienda-online\/?s={search_term_string}"},"query-input":"required name=search_term_string"}],"inLanguage":"es"}]}},"_links":{"self":[{"href":"https:\/\/www.bizkarra.com\/tienda-online\/wp-json\/wp\/v2\/product\/5631"}],"collection":[{"href":"https:\/\/www.bizkarra.com\/tienda-online\/wp-json\/wp\/v2\/product"}],"about":[{"href":"https:\/\/www.bizkarra.com\/tienda-online\/wp-json\/wp\/v2\/types\/product"}],"wp:featuredmedia":[{"embeddable":true,"href":"https:\/\/www.bizkarra.com\/tienda-online\/wp-json\/wp\/v2\/media\/5632"}],"wp:attachment":[{"href":"https:\/\/www.bizkarra.com\/tienda-online\/wp-json\/wp\/v2\/media?parent=5631"}],"wp:term":[{"taxonomy":"product_cat","embeddable":true,"href":"https:\/\/www.bizkarra.com\/tienda-online\/wp-json\/wp\/v2\/product_cat?post=5631"},{"taxonomy":"product_tag","embeddable":true,"href":"https:\/\/www.bizkarra.com\/tienda-online\/wp-json\/wp\/v2\/product_tag?post=5631"}],"curies":[{"name":"wp","href":"https:\/\/api.w.org\/{rel}","templated":true}]}}