{"id":5623,"date":"2021-02-04T17:38:28","date_gmt":"2021-02-04T17:38:28","guid":{"rendered":"https:\/\/www.bizkarra.com\/tienda-online\/?post_type=product&#038;p=5623"},"modified":"2024-10-24T16:38:15","modified_gmt":"2024-10-24T16:38:15","slug":"seleccion-trufas-de-bilbao","status":"publish","type":"product","link":"https:\/\/www.bizkarra.com\/tienda-online\/productos-vascos\/trufas-vascas\/seleccion-trufas-de-bilbao\/","title":{"rendered":"Selecci\u00f3n Trufas de Bilbao"},"content":{"rendered":"<p><strong>Ingredientes:<br \/>\n<\/strong><\/p>\n<div class=\"wpb_text_column wpb_content_element \">\n<div class=\"wpb_wrapper\">\n<p><em>(al\u00e9rgenos en negrita):<\/em><\/p>\n<p><strong>Trufas de Queso:\u00a0<\/strong>Chocolate blanco (<b>leche<\/b>), mantequilla (<b>leche<\/b>), queso de oveja (<b>leche<\/b>) curado, az\u00facar glas, licor cointreau.<\/p>\n<p><strong>Trufas Intxaursaltsa:\u00a0<\/strong><b>Nueces<\/b>, chocolate negro 65% cacao, mantequilla (<b>leche<\/b>), az\u00facar,\u00a0<b>almendra.<br \/>\n<\/b><\/p>\n<p><strong>Trufas de aceite:<\/strong>\u00a0Chocolate blanco (<b>leche<\/b>), mantequilla (<b>leche<\/b>), aceite de oliva virgen extra (La Equidad), az\u00facar glas, licor cointreau.<\/p>\n<p>Por ser producto elaborado en nuestro obrador, puede contener trazas de\u00a0<b>frutos secos, gluten, huevo.<\/b><\/p>\n<\/div>\n<\/div>\n<p>Caja de 8 trufas (3 queso, 3 intxaursaltsa, 2 aceite), 150gr.<\/p>\n<p><span style=\"color: #000000;\"><em><span style=\"font-weight: 400;\">\u00a1P\u00e1sate por la secci\u00f3n de productos y mira todas las especialidades, \u00a1te va a resultar muy dif\u00edcil elegir!<\/span><\/em><\/span><\/p>\n<p><center><a class=\"qodef-btn qodef-btn-medium qodef-btn-solid\" href=\"https:\/\/www.bizkarra.com\/tienda-online\/productos-vascos\/\" target=\"_blank\" rel=\"noopener noreferrer\"><span class=\"qodef-btn-text\">Saber m\u00e1s<\/span><\/a><\/center><\/p>\n<p style=\"text-align: justify;\"><strong><em>Ll\u00e1manos o m\u00e1ndanos un Whatsapp sin compromiso y te explicaremos todo lo que quieras saber para escoger tus productos o preparar tu combinaci\u00f3n ideal.<\/em><\/strong><\/p>\n<p>&nbsp;<\/p>\n<h3 style=\"padding-left: 120px; text-align: center;\"><span style=\"color: #000000;\"><a style=\"color: #000000;\" href=\"tel: 34944568508\">944 56 85 08<\/a><\/span><\/h3>\n<h3 style=\"text-align: center; padding-left: 120px;\"><span style=\"color: #000000;\"><a style=\"color: #000000;\" href=\"https:\/\/wa.me\/34655 61 39 81\">655 61 39 81<\/a><\/span><\/h3>\n<h3 style=\"text-align: center; padding-left: 120px;\"><span style=\"color: #000000;\"><a style=\"color: #000000;\" href=\"mailto:ventaonline@bizkarra.com\">ventaonline@bizkarra.com<\/a><\/span><\/h3>\n<p>&nbsp;<\/p>\n","protected":false},"excerpt":{"rendered":"<div class=\"wpb_text_column wpb_content_element \">\n<div class=\"wpb_wrapper\">\n<div class=\"wpb_text_column wpb_content_element \">\n<div class=\"wpb_wrapper\">\n<p>En esta caja te presentamos la selecci\u00f3n de trufas m\u00e1s original, a partir de ingredientes que son parte esencial de la gastronom\u00eda vasca.<\/p>\n<p>Las trufas de queso guardan todo el sabor del queso Bizkarra de oveja que elaboran los Bizkarra-Legorra en su queser\u00eda de Urkiola desde 1924. Una fusi\u00f3n de contraste dulce \u2013 salado muy suave y que no te deja indiferente.<\/p>\n<p>Las trufas de intxaursaltsa nos traen al paladar el recuerdo de la intxaursaltsa, el postre t\u00edpico de las navidades vascas que se elaboraba b\u00e1sicamente a partir de nueces, leche, y chocolate. Una trufa muy cremosa que parte de los ingredientes originales.<\/p>\n<p>Las trufas de aceite nos conectan con los aromas y las notas del aceite virgen extra La Equidad, cultivado en Moreda. Nos llevan a los paisajes de los olivares y a su antiguo trujal, en funcionamiento desde 1947.<\/p>\n<\/div>\n<\/div>\n<\/div>\n<\/div>\n","protected":false},"featured_media":5624,"template":"","meta":[],"product_cat":[187],"product_tag":[],"yoast_head":"<!-- This site is optimized with the Yoast SEO plugin v22.1 - https:\/\/yoast.com\/wordpress\/plugins\/seo\/ -->\n<title>Selecci\u00f3n Trufas de Bilbao - Bizkarra<\/title>\n<meta name=\"description\" content=\"Compra Online Selecci\u00f3n Trufas de Bilbao. Bizkarra, pasteler\u00eda artesanal online en Bilbao. Trufas de Bilbao\" \/>\n<meta name=\"robots\" content=\"index, follow, max-snippet:-1, max-image-preview:large, max-video-preview:-1\" \/>\n<link rel=\"canonical\" href=\"https:\/\/www.bizkarra.com\/tienda-online\/productos-vascos\/trufas-vascas\/seleccion-trufas-de-bilbao\/\" \/>\n<meta property=\"og:locale\" content=\"es_ES\" \/>\n<meta property=\"og:type\" content=\"article\" \/>\n<meta property=\"og:title\" content=\"Selecci\u00f3n Trufas de Bilbao - Bizkarra\" \/>\n<meta property=\"og:description\" content=\"Compra Online Selecci\u00f3n Trufas de Bilbao. Bizkarra, pasteler\u00eda artesanal online en Bilbao. Trufas de Bilbao\" \/>\n<meta property=\"og:url\" content=\"https:\/\/www.bizkarra.com\/tienda-online\/productos-vascos\/trufas-vascas\/seleccion-trufas-de-bilbao\/\" \/>\n<meta property=\"og:site_name\" content=\"Bizkarra\" \/>\n<meta property=\"article:modified_time\" content=\"2024-10-24T16:38:15+00:00\" \/>\n<meta property=\"og:image\" content=\"https:\/\/www.bizkarra.com\/tienda-online\/wp-content\/uploads\/2021\/02\/Trufas-de-Bilbao.jpg\" \/>\n\t<meta property=\"og:image:width\" content=\"700\" \/>\n\t<meta property=\"og:image:height\" content=\"700\" \/>\n\t<meta property=\"og:image:type\" content=\"image\/jpeg\" \/>\n<meta name=\"twitter:card\" content=\"summary_large_image\" \/>\n<!-- \/ Yoast SEO plugin. -->","yoast_head_json":{"title":"Selecci\u00f3n Trufas de Bilbao - Bizkarra","description":"Compra Online Selecci\u00f3n Trufas de Bilbao. Bizkarra, pasteler\u00eda artesanal online en Bilbao. Trufas de Bilbao","robots":{"index":"index","follow":"follow","max-snippet":"max-snippet:-1","max-image-preview":"max-image-preview:large","max-video-preview":"max-video-preview:-1"},"canonical":"https:\/\/www.bizkarra.com\/tienda-online\/productos-vascos\/trufas-vascas\/seleccion-trufas-de-bilbao\/","og_locale":"es_ES","og_type":"article","og_title":"Selecci\u00f3n Trufas de Bilbao - Bizkarra","og_description":"Compra Online Selecci\u00f3n Trufas de Bilbao. Bizkarra, pasteler\u00eda artesanal online en Bilbao. Trufas de Bilbao","og_url":"https:\/\/www.bizkarra.com\/tienda-online\/productos-vascos\/trufas-vascas\/seleccion-trufas-de-bilbao\/","og_site_name":"Bizkarra","article_modified_time":"2024-10-24T16:38:15+00:00","og_image":[{"width":700,"height":700,"url":"https:\/\/www.bizkarra.com\/tienda-online\/wp-content\/uploads\/2021\/02\/Trufas-de-Bilbao.jpg","type":"image\/jpeg"}],"twitter_card":"summary_large_image","schema":{"@context":"https:\/\/schema.org","@graph":[{"@type":"WebPage","@id":"https:\/\/www.bizkarra.com\/tienda-online\/productos-vascos\/trufas-vascas\/seleccion-trufas-de-bilbao\/","url":"https:\/\/www.bizkarra.com\/tienda-online\/productos-vascos\/trufas-vascas\/seleccion-trufas-de-bilbao\/","name":"Selecci\u00f3n Trufas de Bilbao - Bizkarra","isPartOf":{"@id":"https:\/\/www.bizkarra.com\/tienda-online\/#website"},"datePublished":"2021-02-04T17:38:28+00:00","dateModified":"2024-10-24T16:38:15+00:00","description":"Compra Online Selecci\u00f3n Trufas de Bilbao. Bizkarra, pasteler\u00eda artesanal online en Bilbao. Trufas de Bilbao","breadcrumb":{"@id":"https:\/\/www.bizkarra.com\/tienda-online\/productos-vascos\/trufas-vascas\/seleccion-trufas-de-bilbao\/#breadcrumb"},"inLanguage":"es","potentialAction":[{"@type":"ReadAction","target":["https:\/\/www.bizkarra.com\/tienda-online\/productos-vascos\/trufas-vascas\/seleccion-trufas-de-bilbao\/"]}]},{"@type":"BreadcrumbList","@id":"https:\/\/www.bizkarra.com\/tienda-online\/productos-vascos\/trufas-vascas\/seleccion-trufas-de-bilbao\/#breadcrumb","itemListElement":[{"@type":"ListItem","position":1,"name":"Portada","item":"https:\/\/www.bizkarra.com\/tienda-online\/"},{"@type":"ListItem","position":2,"name":"Tienda","item":"https:\/\/www.bizkarra.com\/tienda-online\/productos-vascos\/"},{"@type":"ListItem","position":3,"name":"Selecci\u00f3n Trufas de Bilbao"}]},{"@type":"WebSite","@id":"https:\/\/www.bizkarra.com\/tienda-online\/#website","url":"https:\/\/www.bizkarra.com\/tienda-online\/","name":"Bizkarra","description":"Tienda Online de postres y dulces gourmet t\u00edpicos vascos","potentialAction":[{"@type":"SearchAction","target":{"@type":"EntryPoint","urlTemplate":"https:\/\/www.bizkarra.com\/tienda-online\/?s={search_term_string}"},"query-input":"required name=search_term_string"}],"inLanguage":"es"}]}},"_links":{"self":[{"href":"https:\/\/www.bizkarra.com\/tienda-online\/wp-json\/wp\/v2\/product\/5623"}],"collection":[{"href":"https:\/\/www.bizkarra.com\/tienda-online\/wp-json\/wp\/v2\/product"}],"about":[{"href":"https:\/\/www.bizkarra.com\/tienda-online\/wp-json\/wp\/v2\/types\/product"}],"wp:featuredmedia":[{"embeddable":true,"href":"https:\/\/www.bizkarra.com\/tienda-online\/wp-json\/wp\/v2\/media\/5624"}],"wp:attachment":[{"href":"https:\/\/www.bizkarra.com\/tienda-online\/wp-json\/wp\/v2\/media?parent=5623"}],"wp:term":[{"taxonomy":"product_cat","embeddable":true,"href":"https:\/\/www.bizkarra.com\/tienda-online\/wp-json\/wp\/v2\/product_cat?post=5623"},{"taxonomy":"product_tag","embeddable":true,"href":"https:\/\/www.bizkarra.com\/tienda-online\/wp-json\/wp\/v2\/product_tag?post=5623"}],"curies":[{"name":"wp","href":"https:\/\/api.w.org\/{rel}","templated":true}]}}