{"id":5621,"date":"2021-02-04T17:36:03","date_gmt":"2021-02-04T17:36:03","guid":{"rendered":"https:\/\/www.bizkarra.com\/tienda-online\/?post_type=product&#038;p=5621"},"modified":"2024-10-24T16:38:29","modified_gmt":"2024-10-24T16:38:29","slug":"trufas-de-aceite-de-moreda-de-alava","status":"publish","type":"product","link":"https:\/\/www.bizkarra.com\/tienda-online\/productos-vascos\/trufas-vascas\/trufas-de-aceite-de-moreda-de-alava\/","title":{"rendered":"Trufas de Aceite de Moreda de \u00c1lava"},"content":{"rendered":"<p><strong>Ingredientes:<br \/>\n<\/strong><\/p>\n<p><em>(al\u00e9rgenos en negrita):\u00a0<\/em>Chocolate blanco (<b>leche<\/b>), mantequilla (<b>leche<\/b>), aceite de oliva virgen extra (La Equidad), az\u00facar glass.<\/p>\n<p>Por ser producto elaborado en nuestro obrador, puede contener trazas de\u00a0<b>frutos secos, gluten, huevo.<\/b><\/p>\n<p>Caja de 8 trufas, 150gr.<\/p>\n<p><span style=\"color: #000000;\"><em><span style=\"font-weight: 400;\">\u00a1P\u00e1sate por la secci\u00f3n de productos y mira todas las especialidades, \u00a1te va a resultar muy dif\u00edcil elegir!<\/span><\/em><\/span><\/p>\n<p><center><a class=\"qodef-btn qodef-btn-medium qodef-btn-solid\" href=\"https:\/\/www.bizkarra.com\/tienda-online\/productos-vascos\/\" target=\"_blank\" rel=\"noopener noreferrer\"><span class=\"qodef-btn-text\">Saber m\u00e1s<\/span><\/a><\/center><\/p>\n<p style=\"text-align: justify;\"><strong><em>Ll\u00e1manos o m\u00e1ndanos un Whatsapp sin compromiso y te explicaremos todo lo que quieras saber para escoger tus productos o preparar tu combinaci\u00f3n ideal.<\/em><\/strong><\/p>\n<p>&nbsp;<\/p>\n<h3 style=\"padding-left: 120px; text-align: center;\"><span style=\"color: #000000;\"><a style=\"color: #000000;\" href=\"tel: 34944568508\">944 56 85 08<\/a><\/span><\/h3>\n<h3 style=\"text-align: center; padding-left: 120px;\"><span style=\"color: #000000;\"><a style=\"color: #000000;\" href=\"https:\/\/wa.me\/34655 61 39 81\">655 61 39 81<\/a><\/span><\/h3>\n<h3 style=\"text-align: center; padding-left: 120px;\"><span style=\"color: #000000;\"><a style=\"color: #000000;\" href=\"mailto:ventaonline@bizkarra.com\">ventaonline@bizkarra.com<\/a><\/span><\/h3>\n<p>&nbsp;<\/p>\n","protected":false},"excerpt":{"rendered":"<div class=\"wpb_text_column wpb_content_element \">\n<div class=\"wpb_wrapper\">\n<div class=\"wpb_text_column wpb_content_element \">\n<div class=\"wpb_wrapper\">\n<p>En la provincia de Araba se conservan intactas las tradiciones de la aceituna y el aceite de sus ancestros. Los habitantes m\u00e1s longevos de Moreda, en la Cuadrilla de Laguardia, recuerdan c\u00f3mo todos los terrenos que rodeaban el pueblo formaban un gran olivar. El trujal, en funcionamiento desde 1947, atestigua la tradici\u00f3n olivarera de la zona donde hoy en d\u00eda la cooperativa \u201cLa Equidad\u201d se encarga de la recogida tradicional de la oliva de la variedad aut\u00f3ctona Arroniz.<\/p>\n<p>Como en Bizkarra, la elaboraci\u00f3n artesanal y el amor por la conservaci\u00f3n de nuestro patrimonio gastron\u00f3mico, gu\u00edan a los productores de este preciado aceite de origen vasco certificado por el Label de Calidad, que en Bizkarra incorporamos para la elaboraci\u00f3n de nuestra trufa de aceite de oliva. Una trufa arom\u00e1tica y untuosa, que despliega en el paladar sabores muy de nuestra tierra. Fruto de los valores compartidos y el saber hacer de \u201cLa equidad\u201d y nuestros reposteros de Bizkarra.<\/p>\n<\/div>\n<\/div>\n<\/div>\n<\/div>\n","protected":false},"featured_media":5622,"template":"","meta":[],"product_cat":[187],"product_tag":[],"yoast_head":"<!-- This site is optimized with the Yoast SEO plugin v22.1 - https:\/\/yoast.com\/wordpress\/plugins\/seo\/ -->\n<title>Trufas de Aceite de Moreda de \u00c1lava - Bizkarra<\/title>\n<meta name=\"description\" content=\"Compra Online Trufas de Aceite de Moreda de \u00c1lava. Bizkarra, pasteler\u00eda artesanal online en Bilbao. Trufas de Aceite de Moreda\" \/>\n<meta name=\"robots\" content=\"index, follow, max-snippet:-1, max-image-preview:large, max-video-preview:-1\" \/>\n<link rel=\"canonical\" href=\"https:\/\/www.bizkarra.com\/tienda-online\/productos-vascos\/trufas-vascas\/trufas-de-aceite-de-moreda-de-alava\/\" \/>\n<meta property=\"og:locale\" content=\"es_ES\" \/>\n<meta property=\"og:type\" content=\"article\" \/>\n<meta property=\"og:title\" content=\"Trufas de Aceite de Moreda de \u00c1lava - Bizkarra\" \/>\n<meta property=\"og:description\" content=\"Compra Online Trufas de Aceite de Moreda de \u00c1lava. Bizkarra, pasteler\u00eda artesanal online en Bilbao. Trufas de Aceite de Moreda\" \/>\n<meta property=\"og:url\" content=\"https:\/\/www.bizkarra.com\/tienda-online\/productos-vascos\/trufas-vascas\/trufas-de-aceite-de-moreda-de-alava\/\" \/>\n<meta property=\"og:site_name\" content=\"Bizkarra\" \/>\n<meta property=\"article:modified_time\" content=\"2024-10-24T16:38:29+00:00\" \/>\n<meta property=\"og:image\" content=\"https:\/\/www.bizkarra.com\/tienda-online\/wp-content\/uploads\/2021\/02\/trufas-de-aceite.jpg\" \/>\n\t<meta property=\"og:image:width\" content=\"700\" \/>\n\t<meta property=\"og:image:height\" content=\"700\" \/>\n\t<meta property=\"og:image:type\" content=\"image\/jpeg\" \/>\n<meta name=\"twitter:card\" content=\"summary_large_image\" \/>\n<!-- \/ Yoast SEO plugin. -->","yoast_head_json":{"title":"Trufas de Aceite de Moreda de \u00c1lava - Bizkarra","description":"Compra Online Trufas de Aceite de Moreda de \u00c1lava. Bizkarra, pasteler\u00eda artesanal online en Bilbao. Trufas de Aceite de Moreda","robots":{"index":"index","follow":"follow","max-snippet":"max-snippet:-1","max-image-preview":"max-image-preview:large","max-video-preview":"max-video-preview:-1"},"canonical":"https:\/\/www.bizkarra.com\/tienda-online\/productos-vascos\/trufas-vascas\/trufas-de-aceite-de-moreda-de-alava\/","og_locale":"es_ES","og_type":"article","og_title":"Trufas de Aceite de Moreda de \u00c1lava - Bizkarra","og_description":"Compra Online Trufas de Aceite de Moreda de \u00c1lava. Bizkarra, pasteler\u00eda artesanal online en Bilbao. Trufas de Aceite de Moreda","og_url":"https:\/\/www.bizkarra.com\/tienda-online\/productos-vascos\/trufas-vascas\/trufas-de-aceite-de-moreda-de-alava\/","og_site_name":"Bizkarra","article_modified_time":"2024-10-24T16:38:29+00:00","og_image":[{"width":700,"height":700,"url":"https:\/\/www.bizkarra.com\/tienda-online\/wp-content\/uploads\/2021\/02\/trufas-de-aceite.jpg","type":"image\/jpeg"}],"twitter_card":"summary_large_image","schema":{"@context":"https:\/\/schema.org","@graph":[{"@type":"WebPage","@id":"https:\/\/www.bizkarra.com\/tienda-online\/productos-vascos\/trufas-vascas\/trufas-de-aceite-de-moreda-de-alava\/","url":"https:\/\/www.bizkarra.com\/tienda-online\/productos-vascos\/trufas-vascas\/trufas-de-aceite-de-moreda-de-alava\/","name":"Trufas de Aceite de Moreda de \u00c1lava - Bizkarra","isPartOf":{"@id":"https:\/\/www.bizkarra.com\/tienda-online\/#website"},"datePublished":"2021-02-04T17:36:03+00:00","dateModified":"2024-10-24T16:38:29+00:00","description":"Compra Online Trufas de Aceite de Moreda de \u00c1lava. Bizkarra, pasteler\u00eda artesanal online en Bilbao. Trufas de Aceite de Moreda","breadcrumb":{"@id":"https:\/\/www.bizkarra.com\/tienda-online\/productos-vascos\/trufas-vascas\/trufas-de-aceite-de-moreda-de-alava\/#breadcrumb"},"inLanguage":"es","potentialAction":[{"@type":"ReadAction","target":["https:\/\/www.bizkarra.com\/tienda-online\/productos-vascos\/trufas-vascas\/trufas-de-aceite-de-moreda-de-alava\/"]}]},{"@type":"BreadcrumbList","@id":"https:\/\/www.bizkarra.com\/tienda-online\/productos-vascos\/trufas-vascas\/trufas-de-aceite-de-moreda-de-alava\/#breadcrumb","itemListElement":[{"@type":"ListItem","position":1,"name":"Portada","item":"https:\/\/www.bizkarra.com\/tienda-online\/"},{"@type":"ListItem","position":2,"name":"Tienda","item":"https:\/\/www.bizkarra.com\/tienda-online\/productos-vascos\/"},{"@type":"ListItem","position":3,"name":"Trufas de Aceite de Moreda de \u00c1lava"}]},{"@type":"WebSite","@id":"https:\/\/www.bizkarra.com\/tienda-online\/#website","url":"https:\/\/www.bizkarra.com\/tienda-online\/","name":"Bizkarra","description":"Tienda Online de postres y dulces gourmet t\u00edpicos vascos","potentialAction":[{"@type":"SearchAction","target":{"@type":"EntryPoint","urlTemplate":"https:\/\/www.bizkarra.com\/tienda-online\/?s={search_term_string}"},"query-input":"required name=search_term_string"}],"inLanguage":"es"}]}},"_links":{"self":[{"href":"https:\/\/www.bizkarra.com\/tienda-online\/wp-json\/wp\/v2\/product\/5621"}],"collection":[{"href":"https:\/\/www.bizkarra.com\/tienda-online\/wp-json\/wp\/v2\/product"}],"about":[{"href":"https:\/\/www.bizkarra.com\/tienda-online\/wp-json\/wp\/v2\/types\/product"}],"wp:featuredmedia":[{"embeddable":true,"href":"https:\/\/www.bizkarra.com\/tienda-online\/wp-json\/wp\/v2\/media\/5622"}],"wp:attachment":[{"href":"https:\/\/www.bizkarra.com\/tienda-online\/wp-json\/wp\/v2\/media?parent=5621"}],"wp:term":[{"taxonomy":"product_cat","embeddable":true,"href":"https:\/\/www.bizkarra.com\/tienda-online\/wp-json\/wp\/v2\/product_cat?post=5621"},{"taxonomy":"product_tag","embeddable":true,"href":"https:\/\/www.bizkarra.com\/tienda-online\/wp-json\/wp\/v2\/product_tag?post=5621"}],"curies":[{"name":"wp","href":"https:\/\/api.w.org\/{rel}","templated":true}]}}