{"id":5619,"date":"2021-02-04T17:23:57","date_gmt":"2021-02-04T17:23:57","guid":{"rendered":"https:\/\/www.bizkarra.com\/tienda-online\/?post_type=product&#038;p=5619"},"modified":"2024-10-24T16:38:44","modified_gmt":"2024-10-24T16:38:44","slug":"trufas-de-intxaursaltsa","status":"publish","type":"product","link":"https:\/\/www.bizkarra.com\/tienda-online\/productos-vascos\/trufas-vascas\/trufas-de-intxaursaltsa\/","title":{"rendered":"Trufas de Intxaursaltsa"},"content":{"rendered":"<p><strong>Ingredientes:<br \/>\n<\/strong><\/p>\n<p><em>(al\u00e9rgenos en negrita):<\/em>\u00a0<b>Nueces<\/b>, chocolate negro 65% cacao, mantequilla (<b>leche<\/b>), az\u00facar,\u00a0<b>almendra<\/b>.<\/p>\n<p>Por ser productos elaborados en nuestro obrador, puede contener trazas de\u00a0<b>gluten, huevo.<\/b><\/p>\n<p>Caja de 8 trufas, 150gr.<\/p>\n<p><span style=\"color: #000000;\"><em><span style=\"font-weight: 400;\">\u00a1P\u00e1sate por la secci\u00f3n de productos y mira todas las especialidades, \u00a1te va a resultar muy dif\u00edcil elegir!<\/span><\/em><\/span><\/p>\n<p><center><a class=\"qodef-btn qodef-btn-medium qodef-btn-solid\" href=\"https:\/\/www.bizkarra.com\/tienda-online\/productos-vascos\/\" target=\"_blank\" rel=\"noopener noreferrer\"><span class=\"qodef-btn-text\">Saber m\u00e1s<\/span><\/a><\/center><\/p>\n<p style=\"text-align: justify;\"><strong><em>Ll\u00e1manos o m\u00e1ndanos un Whatsapp sin compromiso y te explicaremos todo lo que quieras saber para escoger tus productos o preparar tu combinaci\u00f3n ideal.<\/em><\/strong><\/p>\n<p>&nbsp;<\/p>\n<h3 style=\"padding-left: 120px; text-align: center;\"><span style=\"color: #000000;\"><a style=\"color: #000000;\" href=\"tel: 34944568508\">944 56 85 08<\/a><\/span><\/h3>\n<h3 style=\"text-align: center; padding-left: 120px;\"><span style=\"color: #000000;\"><a style=\"color: #000000;\" href=\"https:\/\/wa.me\/34655 61 39 81\">655 61 39 81<\/a><\/span><\/h3>\n<h3 style=\"text-align: center; padding-left: 120px;\"><span style=\"color: #000000;\"><a style=\"color: #000000;\" href=\"mailto:ventaonline@bizkarra.com\">ventaonline@bizkarra.com<\/a><\/span><\/h3>\n<p>&nbsp;<\/p>\n","protected":false},"excerpt":{"rendered":"<div class=\"wpb_text_column wpb_content_element \">\n<div class=\"wpb_wrapper\">\n<p>Con los mismos ingredientes de la Intxaursaltsa -el postre t\u00edpico de las navidades vascas- y alg\u00fan toque \u201csecreto\u201d de la antigua receta familiar, hemos creado las trufas de Intxaursaltsa. Su sabor diferenciado proviene de las nueces -Intxaursatsa quiere decir \u201csalsa de nueces\u201d-, que son protagonistas en la receta, junto con la leche y el chocolate.<\/p>\n<p>Estas trufas recrean uno de nuestros sabores m\u00e1s antiguos, un alimento asociado a la vida en los caser\u00edos, al ciclo natural de las cosechas, al invierno y a las recetas transmitidas de generaci\u00f3n en generaci\u00f3n. En nuestro caso, llega directamente de nuestra amama \u201cMari\u201d, que lo ha preparado siempre en casa al estilo tradicional; un plato \u201cde cuchara\u201d que ven\u00eda acompa\u00f1ado de m\u00e1s de una historia.<\/p>\n<\/div>\n<\/div>\n","protected":false},"featured_media":5620,"template":"","meta":[],"product_cat":[187],"product_tag":[],"yoast_head":"<!-- This site is optimized with the Yoast SEO plugin v22.1 - https:\/\/yoast.com\/wordpress\/plugins\/seo\/ -->\n<title>Trufas de Intxaursaltsa - Bizkarra<\/title>\n<meta name=\"description\" content=\"Elaboramos nuestras trufas de intxaursaltsa con los mismos ingredientes que la intxaursaltsa original, el antiguo postre vasco de nuestros antepasados.\" \/>\n<meta name=\"robots\" content=\"noindex, follow\" \/>\n<meta property=\"og:locale\" content=\"es_ES\" \/>\n<meta property=\"og:type\" content=\"article\" \/>\n<meta property=\"og:title\" content=\"Trufas de Intxaursaltsa - Bizkarra\" \/>\n<meta property=\"og:description\" content=\"Elaboramos nuestras trufas de intxaursaltsa con los mismos ingredientes que la intxaursaltsa original, el antiguo postre vasco de nuestros antepasados.\" \/>\n<meta property=\"og:url\" content=\"https:\/\/www.bizkarra.com\/tienda-online\/productos-vascos\/trufas-vascas\/trufas-de-intxaursaltsa\/\" \/>\n<meta property=\"og:site_name\" content=\"Bizkarra\" \/>\n<meta property=\"article:modified_time\" content=\"2024-10-24T16:38:44+00:00\" \/>\n<meta property=\"og:image\" content=\"https:\/\/www.bizkarra.com\/tienda-online\/wp-content\/uploads\/2021\/02\/trufas-intxaursalsa.jpg\" \/>\n\t<meta property=\"og:image:width\" content=\"700\" \/>\n\t<meta property=\"og:image:height\" content=\"700\" \/>\n\t<meta property=\"og:image:type\" content=\"image\/jpeg\" \/>\n<meta name=\"twitter:card\" content=\"summary_large_image\" \/>\n<!-- \/ Yoast SEO plugin. -->","yoast_head_json":{"title":"Trufas de Intxaursaltsa - Bizkarra","description":"Elaboramos nuestras trufas de intxaursaltsa con los mismos ingredientes que la intxaursaltsa original, el antiguo postre vasco de nuestros antepasados.","robots":{"index":"noindex","follow":"follow"},"og_locale":"es_ES","og_type":"article","og_title":"Trufas de Intxaursaltsa - Bizkarra","og_description":"Elaboramos nuestras trufas de intxaursaltsa con los mismos ingredientes que la intxaursaltsa original, el antiguo postre vasco de nuestros antepasados.","og_url":"https:\/\/www.bizkarra.com\/tienda-online\/productos-vascos\/trufas-vascas\/trufas-de-intxaursaltsa\/","og_site_name":"Bizkarra","article_modified_time":"2024-10-24T16:38:44+00:00","og_image":[{"width":700,"height":700,"url":"https:\/\/www.bizkarra.com\/tienda-online\/wp-content\/uploads\/2021\/02\/trufas-intxaursalsa.jpg","type":"image\/jpeg"}],"twitter_card":"summary_large_image","schema":{"@context":"https:\/\/schema.org","@graph":[{"@type":"WebPage","@id":"https:\/\/www.bizkarra.com\/tienda-online\/productos-vascos\/trufas-vascas\/trufas-de-intxaursaltsa\/","url":"https:\/\/www.bizkarra.com\/tienda-online\/productos-vascos\/trufas-vascas\/trufas-de-intxaursaltsa\/","name":"Trufas de Intxaursaltsa - Bizkarra","isPartOf":{"@id":"https:\/\/www.bizkarra.com\/tienda-online\/#website"},"datePublished":"2021-02-04T17:23:57+00:00","dateModified":"2024-10-24T16:38:44+00:00","description":"Elaboramos nuestras trufas de intxaursaltsa con los mismos ingredientes que la intxaursaltsa original, el antiguo postre vasco de nuestros antepasados.","breadcrumb":{"@id":"https:\/\/www.bizkarra.com\/tienda-online\/productos-vascos\/trufas-vascas\/trufas-de-intxaursaltsa\/#breadcrumb"},"inLanguage":"es","potentialAction":[{"@type":"ReadAction","target":["https:\/\/www.bizkarra.com\/tienda-online\/productos-vascos\/trufas-vascas\/trufas-de-intxaursaltsa\/"]}]},{"@type":"BreadcrumbList","@id":"https:\/\/www.bizkarra.com\/tienda-online\/productos-vascos\/trufas-vascas\/trufas-de-intxaursaltsa\/#breadcrumb","itemListElement":[{"@type":"ListItem","position":1,"name":"Portada","item":"https:\/\/www.bizkarra.com\/tienda-online\/"},{"@type":"ListItem","position":2,"name":"Tienda","item":"https:\/\/www.bizkarra.com\/tienda-online\/productos-vascos\/"},{"@type":"ListItem","position":3,"name":"Trufas de Intxaursaltsa"}]},{"@type":"WebSite","@id":"https:\/\/www.bizkarra.com\/tienda-online\/#website","url":"https:\/\/www.bizkarra.com\/tienda-online\/","name":"Bizkarra","description":"Tienda Online de postres y dulces gourmet t\u00edpicos vascos","potentialAction":[{"@type":"SearchAction","target":{"@type":"EntryPoint","urlTemplate":"https:\/\/www.bizkarra.com\/tienda-online\/?s={search_term_string}"},"query-input":"required name=search_term_string"}],"inLanguage":"es"}]}},"_links":{"self":[{"href":"https:\/\/www.bizkarra.com\/tienda-online\/wp-json\/wp\/v2\/product\/5619"}],"collection":[{"href":"https:\/\/www.bizkarra.com\/tienda-online\/wp-json\/wp\/v2\/product"}],"about":[{"href":"https:\/\/www.bizkarra.com\/tienda-online\/wp-json\/wp\/v2\/types\/product"}],"wp:featuredmedia":[{"embeddable":true,"href":"https:\/\/www.bizkarra.com\/tienda-online\/wp-json\/wp\/v2\/media\/5620"}],"wp:attachment":[{"href":"https:\/\/www.bizkarra.com\/tienda-online\/wp-json\/wp\/v2\/media?parent=5619"}],"wp:term":[{"taxonomy":"product_cat","embeddable":true,"href":"https:\/\/www.bizkarra.com\/tienda-online\/wp-json\/wp\/v2\/product_cat?post=5619"},{"taxonomy":"product_tag","embeddable":true,"href":"https:\/\/www.bizkarra.com\/tienda-online\/wp-json\/wp\/v2\/product_tag?post=5619"}],"curies":[{"name":"wp","href":"https:\/\/api.w.org\/{rel}","templated":true}]}}