{"id":5617,"date":"2021-02-04T17:07:11","date_gmt":"2021-02-04T17:07:11","guid":{"rendered":"https:\/\/www.bizkarra.com\/tienda-online\/?post_type=product&#038;p=5617"},"modified":"2024-10-24T16:39:05","modified_gmt":"2024-10-24T16:39:05","slug":"trufas-de-queso-de-urkiola","status":"publish","type":"product","link":"https:\/\/www.bizkarra.com\/tienda-online\/productos-vascos\/trufas-vascas\/trufas-de-queso-de-urkiola\/","title":{"rendered":"Trufas de queso de Urkiola"},"content":{"rendered":"<p><strong>Ingredientes:<br \/>\n<\/strong><em>(al\u00e9rgenos en negrita)\u00a0<\/em>Chocolate blanco (<b>leche<\/b>), mantequilla (<b>leche<\/b>), queso de oveja (<b>leche<\/b>) curado, az\u00facar glass.<\/p>\n<p>Por ser producto elaborado en nuestro obrador, puede contener trazas de\u00a0<b>frutos secos, gluten, huevo.<\/b><\/p>\n<p>Caja de 8 trufas, 150gr.<\/p>\n<p><span style=\"color: #000000;\"><em><span style=\"font-weight: 400;\">\u00a1P\u00e1sate por la secci\u00f3n de productos y mira todas las especialidades, \u00a1te va a resultar muy dif\u00edcil elegir!<\/span><\/em><\/span><\/p>\n<p><center><a class=\"qodef-btn qodef-btn-medium qodef-btn-solid\" href=\"https:\/\/www.bizkarra.com\/tienda-online\/productos-vascos\/\" target=\"_blank\" rel=\"noopener noreferrer\"><span class=\"qodef-btn-text\">Saber m\u00e1s<\/span><\/a><\/center><\/p>\n<p style=\"text-align: justify;\"><strong><em>Ll\u00e1manos o m\u00e1ndanos un Whatsapp sin compromiso y te explicaremos todo lo que quieras saber para escoger tus productos o preparar tu combinaci\u00f3n ideal.<\/em><\/strong><\/p>\n<p>&nbsp;<\/p>\n<h3 style=\"padding-left: 120px; text-align: center;\"><span style=\"color: #000000;\"><a style=\"color: #000000;\" href=\"tel: 34944568508\">944 56 85 08<\/a><\/span><\/h3>\n<h3 style=\"text-align: center; padding-left: 120px;\"><span style=\"color: #000000;\"><a style=\"color: #000000;\" href=\"https:\/\/wa.me\/34655 61 39 81\">655 61 39 81<\/a><\/span><\/h3>\n<h3 style=\"text-align: center; padding-left: 120px;\"><span style=\"color: #000000;\"><a style=\"color: #000000;\" href=\"mailto:ventaonline@bizkarra.com\">ventaonline@bizkarra.com<\/a><\/span><\/h3>\n<p>&nbsp;<\/p>\n","protected":false},"excerpt":{"rendered":"<div class=\"wpb_text_column wpb_content_element \">\n<div class=\"wpb_wrapper\">\n<p>En las laderas de Urkiola pastan las ovejas de la peque\u00f1a caba\u00f1a que cuida la familia Bizkarra-Legorra, cuya actividad frente al Restaurante Bizkarra data de 1924. En su queser\u00eda artesana Elisabete es la tercera generaci\u00f3n familiar que elabora cada temporada este queso singular de edici\u00f3n limitada, que se hace exclusivamente con leche de la propia caba\u00f1a de ovejas milchschaf. Es un queso de sabor caracter\u00edstico y denominaci\u00f3n propia.<\/p>\n<p>Con esta exquisita materia prima hacemos las trufas de queso en el obrador, haciendo una emulsi\u00f3n de crema de queso que es la base de las trufas. Elisabete nos selecciona un tipo de queso de media curaci\u00f3n con el matiz de intensidad perfecto. Las trufas de queso llevan un ba\u00f1o exterior de chocolate blanco y una capa de az\u00facar glas, como unas trufas extra grandes que son a la vez peque\u00f1os quesitos.<\/p>\n<\/div>\n<\/div>\n","protected":false},"featured_media":5618,"template":"","meta":[],"product_cat":[187],"product_tag":[],"yoast_head":"<!-- This site is optimized with the Yoast SEO plugin v22.1 - https:\/\/yoast.com\/wordpress\/plugins\/seo\/ -->\n<title>Trufas de queso de Urkiola - Bizkarra<\/title>\n<meta name=\"description\" content=\"Exclusivas trufas de queso de Urkiola, que se hace en la peque\u00f1a queser\u00eda de los Bizkarra-Legorra, con leche de oveja. \u00a1De edici\u00f3n limitada!\" \/>\n<meta name=\"robots\" content=\"index, follow, max-snippet:-1, max-image-preview:large, max-video-preview:-1\" \/>\n<link rel=\"canonical\" href=\"https:\/\/www.bizkarra.com\/tienda-online\/productos-vascos\/trufas-vascas\/trufas-de-queso-de-urkiola\/\" \/>\n<meta property=\"og:locale\" content=\"es_ES\" \/>\n<meta property=\"og:type\" content=\"article\" \/>\n<meta property=\"og:title\" content=\"Trufas de queso de Urkiola - Bizkarra\" \/>\n<meta property=\"og:description\" content=\"Exclusivas trufas de queso de Urkiola, que se hace en la peque\u00f1a queser\u00eda de los Bizkarra-Legorra, con leche de oveja. \u00a1De edici\u00f3n limitada!\" \/>\n<meta property=\"og:url\" content=\"https:\/\/www.bizkarra.com\/tienda-online\/productos-vascos\/trufas-vascas\/trufas-de-queso-de-urkiola\/\" \/>\n<meta property=\"og:site_name\" content=\"Bizkarra\" \/>\n<meta property=\"article:modified_time\" content=\"2024-10-24T16:39:05+00:00\" \/>\n<meta property=\"og:image\" content=\"https:\/\/www.bizkarra.com\/tienda-online\/wp-content\/uploads\/2021\/02\/Trufas-de-queso-de-urquiola.jpg\" \/>\n\t<meta property=\"og:image:width\" content=\"700\" \/>\n\t<meta property=\"og:image:height\" content=\"700\" \/>\n\t<meta property=\"og:image:type\" content=\"image\/jpeg\" \/>\n<meta name=\"twitter:card\" content=\"summary_large_image\" \/>\n<!-- \/ Yoast SEO plugin. -->","yoast_head_json":{"title":"Trufas de queso de Urkiola - Bizkarra","description":"Exclusivas trufas de queso de Urkiola, que se hace en la peque\u00f1a queser\u00eda de los Bizkarra-Legorra, con leche de oveja. \u00a1De edici\u00f3n limitada!","robots":{"index":"index","follow":"follow","max-snippet":"max-snippet:-1","max-image-preview":"max-image-preview:large","max-video-preview":"max-video-preview:-1"},"canonical":"https:\/\/www.bizkarra.com\/tienda-online\/productos-vascos\/trufas-vascas\/trufas-de-queso-de-urkiola\/","og_locale":"es_ES","og_type":"article","og_title":"Trufas de queso de Urkiola - Bizkarra","og_description":"Exclusivas trufas de queso de Urkiola, que se hace en la peque\u00f1a queser\u00eda de los Bizkarra-Legorra, con leche de oveja. \u00a1De edici\u00f3n limitada!","og_url":"https:\/\/www.bizkarra.com\/tienda-online\/productos-vascos\/trufas-vascas\/trufas-de-queso-de-urkiola\/","og_site_name":"Bizkarra","article_modified_time":"2024-10-24T16:39:05+00:00","og_image":[{"width":700,"height":700,"url":"https:\/\/www.bizkarra.com\/tienda-online\/wp-content\/uploads\/2021\/02\/Trufas-de-queso-de-urquiola.jpg","type":"image\/jpeg"}],"twitter_card":"summary_large_image","schema":{"@context":"https:\/\/schema.org","@graph":[{"@type":"WebPage","@id":"https:\/\/www.bizkarra.com\/tienda-online\/productos-vascos\/trufas-vascas\/trufas-de-queso-de-urkiola\/","url":"https:\/\/www.bizkarra.com\/tienda-online\/productos-vascos\/trufas-vascas\/trufas-de-queso-de-urkiola\/","name":"Trufas de queso de Urkiola - Bizkarra","isPartOf":{"@id":"https:\/\/www.bizkarra.com\/tienda-online\/#website"},"datePublished":"2021-02-04T17:07:11+00:00","dateModified":"2024-10-24T16:39:05+00:00","description":"Exclusivas trufas de queso de Urkiola, que se hace en la peque\u00f1a queser\u00eda de los Bizkarra-Legorra, con leche de oveja. \u00a1De edici\u00f3n limitada!","breadcrumb":{"@id":"https:\/\/www.bizkarra.com\/tienda-online\/productos-vascos\/trufas-vascas\/trufas-de-queso-de-urkiola\/#breadcrumb"},"inLanguage":"es","potentialAction":[{"@type":"ReadAction","target":["https:\/\/www.bizkarra.com\/tienda-online\/productos-vascos\/trufas-vascas\/trufas-de-queso-de-urkiola\/"]}]},{"@type":"BreadcrumbList","@id":"https:\/\/www.bizkarra.com\/tienda-online\/productos-vascos\/trufas-vascas\/trufas-de-queso-de-urkiola\/#breadcrumb","itemListElement":[{"@type":"ListItem","position":1,"name":"Portada","item":"https:\/\/www.bizkarra.com\/tienda-online\/"},{"@type":"ListItem","position":2,"name":"Tienda","item":"https:\/\/www.bizkarra.com\/tienda-online\/productos-vascos\/"},{"@type":"ListItem","position":3,"name":"Trufas de queso de Urkiola"}]},{"@type":"WebSite","@id":"https:\/\/www.bizkarra.com\/tienda-online\/#website","url":"https:\/\/www.bizkarra.com\/tienda-online\/","name":"Bizkarra","description":"Tienda Online de postres y dulces gourmet t\u00edpicos vascos","potentialAction":[{"@type":"SearchAction","target":{"@type":"EntryPoint","urlTemplate":"https:\/\/www.bizkarra.com\/tienda-online\/?s={search_term_string}"},"query-input":"required name=search_term_string"}],"inLanguage":"es"}]}},"_links":{"self":[{"href":"https:\/\/www.bizkarra.com\/tienda-online\/wp-json\/wp\/v2\/product\/5617"}],"collection":[{"href":"https:\/\/www.bizkarra.com\/tienda-online\/wp-json\/wp\/v2\/product"}],"about":[{"href":"https:\/\/www.bizkarra.com\/tienda-online\/wp-json\/wp\/v2\/types\/product"}],"wp:featuredmedia":[{"embeddable":true,"href":"https:\/\/www.bizkarra.com\/tienda-online\/wp-json\/wp\/v2\/media\/5618"}],"wp:attachment":[{"href":"https:\/\/www.bizkarra.com\/tienda-online\/wp-json\/wp\/v2\/media?parent=5617"}],"wp:term":[{"taxonomy":"product_cat","embeddable":true,"href":"https:\/\/www.bizkarra.com\/tienda-online\/wp-json\/wp\/v2\/product_cat?post=5617"},{"taxonomy":"product_tag","embeddable":true,"href":"https:\/\/www.bizkarra.com\/tienda-online\/wp-json\/wp\/v2\/product_tag?post=5617"}],"curies":[{"name":"wp","href":"https:\/\/api.w.org\/{rel}","templated":true}]}}