{"id":4508,"date":"2020-10-22T14:50:29","date_gmt":"2020-10-22T14:50:29","guid":{"rendered":"https:\/\/www.bizkarra.com\/tienda-online\/?post_type=product&#038;p=4508"},"modified":"2024-09-24T18:29:38","modified_gmt":"2024-09-24T18:29:38","slug":"palmera-de-bilbao","status":"publish","type":"product","link":"https:\/\/www.bizkarra.com\/tienda-online\/productos-vascos\/dulces\/palmera-de-bilbao\/","title":{"rendered":"Palmera de Bilbao"},"content":{"rendered":"<p style=\"text-align: justify;\">En nuestro obrador de pasteler\u00eda, se trabaja el hojaldre en forma y disposici\u00f3n id\u00f3neas para hacer una palmera <span style=\"font-weight: 400;\">jugosa por dentro pero a la vez crujiente al morderla<\/span>. Parece dif\u00edcil, \u00bfverdad? Es que tenemos nuestro peque\u00f1o secreto \u201chojaldrado\u201d. Elaboramos el hojaldre de id\u00e9ntica forma a la de nuestras palmeras peque\u00f1as o palmeras de raci\u00f3n, dedic\u00e1ndole el tiempo necesario para que su sabor y textura sean las id\u00f3neas.<\/p>\n<p style=\"text-align: justify;\">La palmera se puede personalizar en acabados de chocolate con leche, chocolate negro, chocolate blanco y coco. Tambi\u00e9n se puede incluir un mensaje o dedicatoria.<\/p>\n<p><span style=\"color: #000000;\"><em><span style=\"font-weight: 400;\">\u00a1P\u00e1sate por la secci\u00f3n de productos y mira todas las especialidades, \u00a1te va a resultar muy dif\u00edcil elegir!<\/span><\/em><\/span><\/p>\n<p><center><a class=\"qodef-btn qodef-btn-medium qodef-btn-solid\" href=\"https:\/\/www.bizkarra.com\/tienda-online\/productos-vascos\/\" target=\"_blank\" rel=\"noopener noreferrer\"><span class=\"qodef-btn-text\">Saber m\u00e1s<\/span><\/a><\/center>\u00a0<strong>ELIGE TU SELECCI\u00d3N<br \/>\n<\/strong><strong><em>P\u00e1sate por la secci\u00f3n de productos y mira todas las especialidades, te va a resultar muy dif\u00edcil elegir!<\/em><\/strong><\/p>\n<p style=\"text-align: justify;\"><strong><em>Ll\u00e1manos o m\u00e1ndanos un whatsapp sin compromiso y te explicaremos todo lo que quieras saber para escoger tus productos o tu combinaci\u00f3n ideal.<\/em><\/strong><\/p>\n<p>&nbsp;<\/p>\n<h3 style=\"padding-left: 120px; text-align: center;\"><span style=\"color: #000000;\"><a style=\"color: #000000;\" href=\"tel: 34944568508\">944 56 85 08<\/a><\/span><\/h3>\n<h3 style=\"text-align: center; padding-left: 120px;\"><span style=\"color: #000000;\"><a style=\"color: #000000;\" href=\"https:\/\/wa.me\/34655 61 39 81\">655 61 39 81<\/a><\/span><\/h3>\n<h3 style=\"text-align: center; padding-left: 120px;\"><span style=\"color: #000000;\"><a style=\"color: #000000;\" href=\"mailto:ventaonline@bizkarra.com\">ventaonline@bizkarra.com<\/a><\/span><\/h3>\n","protected":false},"excerpt":{"rendered":"<p style=\"text-align: justify;\">He aqu\u00ed una palmera \u201cpeque\u00f1ita\u201d, de s\u00f3lo 60x40cm., de esas que aqu\u00ed se come cualquier persona solita en un pisp\u00e1s cuando le apetece picar algo. ;D<\/p>\n<p style=\"text-align: justify;\">Ahora en serio y dej\u00e9monos de bilbainadas; esta es una palmera de cuadrilla, una palmera de \u201caibalaostia\u201d, grande en todo. En el tama\u00f1o, en la textura del hojaldre crujiente, en el sabor&#8230; una se\u00f1ora palmera; una palmera gigante con un sabor muy, muy artesano.<\/p>\n<p>Ay\u00fadale a conseguir su misi\u00f3n en la vida: convertir un buen momento en una gran celebraci\u00f3n<\/p>\n<p><strong>Contiene:<\/strong><\/p>\n<p><span style=\"font-weight: 400;\">Palmera de hojaldre de dimensiones <\/span><span style=\"font-weight: 400;\">aproximadas de <\/span><span style=\"font-weight: 400;\">60 cm de ancho x 40 cm alto. Peso aproximado <\/span><span style=\"font-weight: 400;\">de 2,250kg.<\/span><\/p>\n","protected":false},"featured_media":5204,"template":"","meta":[],"product_cat":[190],"product_tag":[],"yoast_head":"<!-- This site is optimized with the Yoast SEO plugin v22.1 - https:\/\/yoast.com\/wordpress\/plugins\/seo\/ -->\n<title>Palmera de Bilbao - Bizkarra<\/title>\n<meta name=\"description\" content=\"Compra Online Palmera de Bilbao. Bizkarra, pasteler\u00eda artesanal online en Bilbao. Palmera de Bilbao\" \/>\n<meta name=\"robots\" content=\"index, follow, max-snippet:-1, max-image-preview:large, max-video-preview:-1\" \/>\n<link rel=\"canonical\" href=\"https:\/\/www.bizkarra.com\/tienda-online\/productos-vascos\/dulces\/palmera-de-bilbao\/\" \/>\n<meta property=\"og:locale\" content=\"es_ES\" \/>\n<meta property=\"og:type\" content=\"article\" \/>\n<meta property=\"og:title\" content=\"Palmera de Bilbao - Bizkarra\" \/>\n<meta property=\"og:description\" content=\"Compra Online Palmera de Bilbao. Bizkarra, pasteler\u00eda artesanal online en Bilbao. Palmera de Bilbao\" \/>\n<meta property=\"og:url\" content=\"https:\/\/www.bizkarra.com\/tienda-online\/productos-vascos\/dulces\/palmera-de-bilbao\/\" \/>\n<meta property=\"og:site_name\" content=\"Bizkarra\" \/>\n<meta property=\"article:modified_time\" content=\"2024-09-24T18:29:38+00:00\" \/>\n<meta property=\"og:image\" content=\"https:\/\/www.bizkarra.com\/tienda-online\/wp-content\/uploads\/2020\/10\/palmerahome.png\" \/>\n\t<meta property=\"og:image:width\" content=\"468\" \/>\n\t<meta property=\"og:image:height\" content=\"468\" \/>\n\t<meta property=\"og:image:type\" content=\"image\/png\" \/>\n<meta name=\"twitter:card\" content=\"summary_large_image\" \/>\n<!-- \/ Yoast SEO plugin. -->","yoast_head_json":{"title":"Palmera de Bilbao - Bizkarra","description":"Compra Online Palmera de Bilbao. Bizkarra, pasteler\u00eda artesanal online en Bilbao. Palmera de Bilbao","robots":{"index":"index","follow":"follow","max-snippet":"max-snippet:-1","max-image-preview":"max-image-preview:large","max-video-preview":"max-video-preview:-1"},"canonical":"https:\/\/www.bizkarra.com\/tienda-online\/productos-vascos\/dulces\/palmera-de-bilbao\/","og_locale":"es_ES","og_type":"article","og_title":"Palmera de Bilbao - Bizkarra","og_description":"Compra Online Palmera de Bilbao. Bizkarra, pasteler\u00eda artesanal online en Bilbao. Palmera de Bilbao","og_url":"https:\/\/www.bizkarra.com\/tienda-online\/productos-vascos\/dulces\/palmera-de-bilbao\/","og_site_name":"Bizkarra","article_modified_time":"2024-09-24T18:29:38+00:00","og_image":[{"width":468,"height":468,"url":"https:\/\/www.bizkarra.com\/tienda-online\/wp-content\/uploads\/2020\/10\/palmerahome.png","type":"image\/png"}],"twitter_card":"summary_large_image","schema":{"@context":"https:\/\/schema.org","@graph":[{"@type":"WebPage","@id":"https:\/\/www.bizkarra.com\/tienda-online\/productos-vascos\/dulces\/palmera-de-bilbao\/","url":"https:\/\/www.bizkarra.com\/tienda-online\/productos-vascos\/dulces\/palmera-de-bilbao\/","name":"Palmera de Bilbao - Bizkarra","isPartOf":{"@id":"https:\/\/www.bizkarra.com\/tienda-online\/#website"},"datePublished":"2020-10-22T14:50:29+00:00","dateModified":"2024-09-24T18:29:38+00:00","description":"Compra Online Palmera de Bilbao. Bizkarra, pasteler\u00eda artesanal online en Bilbao. Palmera de Bilbao","breadcrumb":{"@id":"https:\/\/www.bizkarra.com\/tienda-online\/productos-vascos\/dulces\/palmera-de-bilbao\/#breadcrumb"},"inLanguage":"es","potentialAction":[{"@type":"ReadAction","target":["https:\/\/www.bizkarra.com\/tienda-online\/productos-vascos\/dulces\/palmera-de-bilbao\/"]}]},{"@type":"BreadcrumbList","@id":"https:\/\/www.bizkarra.com\/tienda-online\/productos-vascos\/dulces\/palmera-de-bilbao\/#breadcrumb","itemListElement":[{"@type":"ListItem","position":1,"name":"Portada","item":"https:\/\/www.bizkarra.com\/tienda-online\/"},{"@type":"ListItem","position":2,"name":"Tienda","item":"https:\/\/www.bizkarra.com\/tienda-online\/productos-vascos\/"},{"@type":"ListItem","position":3,"name":"Palmera de Bilbao"}]},{"@type":"WebSite","@id":"https:\/\/www.bizkarra.com\/tienda-online\/#website","url":"https:\/\/www.bizkarra.com\/tienda-online\/","name":"Bizkarra","description":"Tienda Online de postres y dulces gourmet t\u00edpicos vascos","potentialAction":[{"@type":"SearchAction","target":{"@type":"EntryPoint","urlTemplate":"https:\/\/www.bizkarra.com\/tienda-online\/?s={search_term_string}"},"query-input":"required name=search_term_string"}],"inLanguage":"es"}]}},"_links":{"self":[{"href":"https:\/\/www.bizkarra.com\/tienda-online\/wp-json\/wp\/v2\/product\/4508"}],"collection":[{"href":"https:\/\/www.bizkarra.com\/tienda-online\/wp-json\/wp\/v2\/product"}],"about":[{"href":"https:\/\/www.bizkarra.com\/tienda-online\/wp-json\/wp\/v2\/types\/product"}],"wp:featuredmedia":[{"embeddable":true,"href":"https:\/\/www.bizkarra.com\/tienda-online\/wp-json\/wp\/v2\/media\/5204"}],"wp:attachment":[{"href":"https:\/\/www.bizkarra.com\/tienda-online\/wp-json\/wp\/v2\/media?parent=4508"}],"wp:term":[{"taxonomy":"product_cat","embeddable":true,"href":"https:\/\/www.bizkarra.com\/tienda-online\/wp-json\/wp\/v2\/product_cat?post=4508"},{"taxonomy":"product_tag","embeddable":true,"href":"https:\/\/www.bizkarra.com\/tienda-online\/wp-json\/wp\/v2\/product_tag?post=4508"}],"curies":[{"name":"wp","href":"https:\/\/api.w.org\/{rel}","templated":true}]}}