{"id":4505,"date":"2020-10-22T14:48:44","date_gmt":"2020-10-22T14:48:44","guid":{"rendered":"https:\/\/www.bizkarra.com\/tienda-online\/?post_type=product&#038;p=4505"},"modified":"2025-02-06T16:10:26","modified_gmt":"2025-02-06T16:10:26","slug":"sorta-apatz-navidad","status":"publish","type":"product","link":"https:\/\/www.bizkarra.com\/tienda-online\/productos-vascos\/sortak\/sorta-apatz-navidad\/","title":{"rendered":"Sorta Apatz Navidad"},"content":{"rendered":"<p style=\"text-align: justify;\">Esta cesta de productos vascos incluye dulces sin complicaciones, que en su sencillez muestran su perfecci\u00f3n. El bollo de mantequilla y el pastel de arroz son dulces t\u00edpicos de Bilbao\/Bizkaia, muy habituales en los desayunos, meriendas o aperitivos. En Bizkarra tienen una diferenciaci\u00f3n propia el pastel de arroz, que elaboramos con harina de arroz, frente al procedimiento m\u00e1s com\u00fan de utilizar harina de trigo. Y tambi\u00e9n la tarta vasca, que es excepcional con un toque jugoso muy especial. Este lote de gastronom\u00eda vasca se completa con chocolate a la taza, que combina a la perfecci\u00f3n con el bollo y los pasteles, y los polvorones con cereal alav\u00e9s Eusko Label, que dan el toque navide\u00f1o al conjunto.<\/p>\n<p>Todas las sortak est\u00e1n marcadas con el precio final,\u00a0<strong>con env\u00edo gratuito a toda la pen\u00ednsula (islas consultar)<\/strong>.<\/p>\n<p><span style=\"color: #000000;\"><em><span style=\"font-weight: 400;\">\u00a1P\u00e1sate por la secci\u00f3n de productos y mira todas las especialidades, \u00a1te va a resultar muy dif\u00edcil elegir!<\/span><\/em><\/span><\/p>\n<p><center><a class=\"qodef-btn qodef-btn-medium qodef-btn-solid\" href=\"https:\/\/www.bizkarra.com\/tienda-online\/productos-vascos\/\" target=\"_self\" rel=\"noopener noreferrer\"><span class=\"qodef-btn-text\">Saber m\u00e1s<\/span><\/a><\/center><\/p>\n<p style=\"text-align: justify;\"><strong>ELIGE TU SELECCI\u00d3N<br \/>\n<\/strong><strong><em>La composici\u00f3n de todas nuestras sortas es personalizable. Incluso, si te has enamorado locamente de uno de nuestros productos puedes llenarla hasta arriba con \u00e9l y ninguno m\u00e1s. P\u00e1sate por la secci\u00f3n de productos y mira todas las especialidades, te va a resultar muy dif\u00edcil elegir!<\/em><\/strong><\/p>\n<p style=\"text-align: justify;\"><strong><em>Ll\u00e1manos o m\u00e1ndanos un whatsapp sin compromiso y te explicaremos todo lo que quieras saber para escoger o preparar tu sorta ideal.<\/em><\/strong><\/p>\n<p>&nbsp;<\/p>\n<h3 style=\"padding-left: 120px; text-align: center;\"><span style=\"color: #000000;\"><a style=\"color: #000000;\" href=\"tel: 34944568508\">944 56 85 08<\/a><\/span><\/h3>\n<h3 style=\"text-align: center; padding-left: 120px;\"><span style=\"color: #000000;\"><a style=\"color: #000000;\" href=\"https:\/\/wa.me\/34655 61 39 81\">655 61 39 81<\/a><\/span><\/h3>\n<h3 style=\"text-align: center; padding-left: 120px;\"><span style=\"color: #000000;\"><a style=\"color: #000000;\" href=\"mailto:ventaonline@bizkarra.com\">ventaonline@bizkarra.com<\/a><\/span><\/h3>\n","protected":false},"excerpt":{"rendered":"<p style=\"text-align: justify;\">Quien piense que los vascos y las vascas no tenemos un lado tierno se equivoca de pleno. Esta es nuestra selecci\u00f3n m\u00e1s esponjosa y por eso la hemos denominado \u201capatz\u201d, que en Bizkaia significa esponjoso, tierno, suave.<\/p>\n<p style=\"text-align: justify;\">Incluye sabores que forman parte de nuestra historia y nuestra identidad colectiva; esos que m\u00e1s extra\u00f1amos y nos enternecen cuando estamos lejos de la tierra porque solo se pueden degustar en Bizkaia. Hablamos, por ejemplo, del bollo de mantequilla y el pastel de arroz, capaces de remover emociones intensas para quienes hemos crecido con ellos. Estos dulces saben a familia y amigos, a desayunos en el bar, a momentos cotidianos que se echan mucho de menos cuando faltan.<\/p>\n<p style=\"text-align: justify;\">Te enternecer\u00e1s con los bollos, los pasteles, las tartas, el chocolate y los polvorones que incluye.<\/p>\n<p>Contiene:<\/p>\n<p><a href=\"https:\/\/www.bizkarra.com\/tienda-online\/productos-vascos\/postres-tipicos\/bollo-de-mantequilla\/\" target=\"_blank\" rel=\"noopener noreferrer\">Bollos de Mantequilla Bilbao<\/a>. 4 unidades (cada unidad es raci\u00f3n individual)<br \/>\n<a href=\"https:\/\/www.bizkarra.com\/tienda-online\/productos-vascos\/postres-tipicos\/pastel-de-arroz\/\" target=\"_blank\" rel=\"noopener noreferrer\">Pastel de arroz<\/a>. 4 unidades (cada unidad es raci\u00f3n individual)<br \/>\n<a href=\"https:\/\/www.bizkarra.com\/tienda-online\/productos-vascos\/postres-tipicos\/tarta-vasca\/\" target=\"_blank\" rel=\"noopener noreferrer\">Tarta vasca<\/a>. 1 unidad (6 raciones aprox.)<br \/>\n<a href=\"https:\/\/www.bizkarra.com\/tienda-online\/productos-vascos\/chocolates\/chocolate-a-la-taza\/\" target=\"_blank\" rel=\"noopener noreferrer\">Paquete Chocolate a la taza<\/a>. 300gr.<br \/>\n<a href=\"https:\/\/www.bizkarra.com\/tienda-online\/productos-vascos\/postres-tipicos\/polvorones-con-cereal-alaves-eusko-label\/\">Polvorones con cereal alav\u00e9s Eusko Label<\/a>. 225gr.<\/p>\n","protected":false},"featured_media":4795,"template":"","meta":[],"product_cat":[185],"product_tag":[],"yoast_head":"<!-- This site is optimized with the Yoast SEO plugin v22.1 - https:\/\/yoast.com\/wordpress\/plugins\/seo\/ -->\n<title>Sorta Apatz Navidad - Bizkarra<\/title>\n<meta name=\"description\" content=\"Compra Online Sorta Apatz Navidad. Bizkarra, pasteler\u00eda artesanal online en Bilbao. cesta navide\u00f1a pasteler\u00eda vasca\" \/>\n<meta name=\"robots\" content=\"index, follow, max-snippet:-1, max-image-preview:large, max-video-preview:-1\" \/>\n<link rel=\"canonical\" href=\"https:\/\/www.bizkarra.com\/tienda-online\/productos-vascos\/sortak\/sorta-apatz-navidad\/\" \/>\n<meta property=\"og:locale\" content=\"es_ES\" \/>\n<meta property=\"og:type\" content=\"article\" \/>\n<meta property=\"og:title\" content=\"Sorta Apatz Navidad - Bizkarra\" \/>\n<meta property=\"og:description\" content=\"Compra Online Sorta Apatz Navidad. Bizkarra, pasteler\u00eda artesanal online en Bilbao. cesta navide\u00f1a pasteler\u00eda vasca\" \/>\n<meta property=\"og:url\" content=\"https:\/\/www.bizkarra.com\/tienda-online\/productos-vascos\/sortak\/sorta-apatz-navidad\/\" \/>\n<meta property=\"og:site_name\" content=\"Bizkarra\" \/>\n<meta property=\"article:modified_time\" content=\"2025-02-06T16:10:26+00:00\" \/>\n<meta property=\"og:image\" content=\"https:\/\/www.bizkarra.com\/tienda-online\/wp-content\/uploads\/2020\/10\/BIZKARRA-SORTAK-XAMURRA_APATZ.jpg\" \/>\n\t<meta property=\"og:image:width\" content=\"600\" \/>\n\t<meta property=\"og:image:height\" content=\"600\" \/>\n\t<meta property=\"og:image:type\" content=\"image\/jpeg\" \/>\n<meta name=\"twitter:card\" content=\"summary_large_image\" \/>\n<!-- \/ Yoast SEO plugin. -->","yoast_head_json":{"title":"Sorta Apatz Navidad - Bizkarra","description":"Compra Online Sorta Apatz Navidad. Bizkarra, pasteler\u00eda artesanal online en Bilbao. cesta navide\u00f1a pasteler\u00eda vasca","robots":{"index":"index","follow":"follow","max-snippet":"max-snippet:-1","max-image-preview":"max-image-preview:large","max-video-preview":"max-video-preview:-1"},"canonical":"https:\/\/www.bizkarra.com\/tienda-online\/productos-vascos\/sortak\/sorta-apatz-navidad\/","og_locale":"es_ES","og_type":"article","og_title":"Sorta Apatz Navidad - Bizkarra","og_description":"Compra Online Sorta Apatz Navidad. Bizkarra, pasteler\u00eda artesanal online en Bilbao. cesta navide\u00f1a pasteler\u00eda vasca","og_url":"https:\/\/www.bizkarra.com\/tienda-online\/productos-vascos\/sortak\/sorta-apatz-navidad\/","og_site_name":"Bizkarra","article_modified_time":"2025-02-06T16:10:26+00:00","og_image":[{"width":600,"height":600,"url":"https:\/\/www.bizkarra.com\/tienda-online\/wp-content\/uploads\/2020\/10\/BIZKARRA-SORTAK-XAMURRA_APATZ.jpg","type":"image\/jpeg"}],"twitter_card":"summary_large_image","schema":{"@context":"https:\/\/schema.org","@graph":[{"@type":"WebPage","@id":"https:\/\/www.bizkarra.com\/tienda-online\/productos-vascos\/sortak\/sorta-apatz-navidad\/","url":"https:\/\/www.bizkarra.com\/tienda-online\/productos-vascos\/sortak\/sorta-apatz-navidad\/","name":"Sorta Apatz Navidad - Bizkarra","isPartOf":{"@id":"https:\/\/www.bizkarra.com\/tienda-online\/#website"},"datePublished":"2020-10-22T14:48:44+00:00","dateModified":"2025-02-06T16:10:26+00:00","description":"Compra Online Sorta Apatz Navidad. Bizkarra, pasteler\u00eda artesanal online en Bilbao. cesta navide\u00f1a pasteler\u00eda vasca","breadcrumb":{"@id":"https:\/\/www.bizkarra.com\/tienda-online\/productos-vascos\/sortak\/sorta-apatz-navidad\/#breadcrumb"},"inLanguage":"es","potentialAction":[{"@type":"ReadAction","target":["https:\/\/www.bizkarra.com\/tienda-online\/productos-vascos\/sortak\/sorta-apatz-navidad\/"]}]},{"@type":"BreadcrumbList","@id":"https:\/\/www.bizkarra.com\/tienda-online\/productos-vascos\/sortak\/sorta-apatz-navidad\/#breadcrumb","itemListElement":[{"@type":"ListItem","position":1,"name":"Portada","item":"https:\/\/www.bizkarra.com\/tienda-online\/"},{"@type":"ListItem","position":2,"name":"Tienda","item":"https:\/\/www.bizkarra.com\/tienda-online\/productos-vascos\/"},{"@type":"ListItem","position":3,"name":"Sorta Apatz Navidad"}]},{"@type":"WebSite","@id":"https:\/\/www.bizkarra.com\/tienda-online\/#website","url":"https:\/\/www.bizkarra.com\/tienda-online\/","name":"Bizkarra","description":"Tienda Online de postres y dulces gourmet t\u00edpicos vascos","potentialAction":[{"@type":"SearchAction","target":{"@type":"EntryPoint","urlTemplate":"https:\/\/www.bizkarra.com\/tienda-online\/?s={search_term_string}"},"query-input":"required name=search_term_string"}],"inLanguage":"es"}]}},"_links":{"self":[{"href":"https:\/\/www.bizkarra.com\/tienda-online\/wp-json\/wp\/v2\/product\/4505"}],"collection":[{"href":"https:\/\/www.bizkarra.com\/tienda-online\/wp-json\/wp\/v2\/product"}],"about":[{"href":"https:\/\/www.bizkarra.com\/tienda-online\/wp-json\/wp\/v2\/types\/product"}],"wp:featuredmedia":[{"embeddable":true,"href":"https:\/\/www.bizkarra.com\/tienda-online\/wp-json\/wp\/v2\/media\/4795"}],"wp:attachment":[{"href":"https:\/\/www.bizkarra.com\/tienda-online\/wp-json\/wp\/v2\/media?parent=4505"}],"wp:term":[{"taxonomy":"product_cat","embeddable":true,"href":"https:\/\/www.bizkarra.com\/tienda-online\/wp-json\/wp\/v2\/product_cat?post=4505"},{"taxonomy":"product_tag","embeddable":true,"href":"https:\/\/www.bizkarra.com\/tienda-online\/wp-json\/wp\/v2\/product_tag?post=4505"}],"curies":[{"name":"wp","href":"https:\/\/api.w.org\/{rel}","templated":true}]}}