{"id":4504,"date":"2020-10-22T14:47:49","date_gmt":"2020-10-22T14:47:49","guid":{"rendered":"https:\/\/www.bizkarra.com\/tienda-online\/?post_type=product&#038;p=4504"},"modified":"2025-02-06T16:11:23","modified_gmt":"2025-02-06T16:11:23","slug":"sorta-botxo","status":"publish","type":"product","link":"https:\/\/www.bizkarra.com\/tienda-online\/productos-vascos\/sortak\/sorta-botxo\/","title":{"rendered":"Sorta Botxo"},"content":{"rendered":"<p style=\"text-align: justify;\">\u00bfSabes qu\u00e9 es lo que no puede faltar en una navidad en Bilbao? Nosotros te lo decimos: el turr\u00f3n de Sokonusko. Esta especialidad es exclusiva de Bilbao y los pasteleros artesanos locales \u201clo bordamos\u201d. Lo puedes reconocer por su caracter\u00edstico tono tricolor, porque se elabora con tres tipos de chocolate. Pero recuerda: si no es de aqu\u00ed no es Sokonusko.<\/p>\n<p style=\"text-align: justify;\">Y lo que tampoco falta aqu\u00ed es el gusto por lo aut\u00e9ntico y lo propio. Si te gustan las trufas, disfrutar\u00e1s de nuestras trufas de intxaursaltsa porque son tremendas en sabor y en tama\u00f1o. Y tremendamente originales, rescatando un sabor casi olvidado. Igualmente, con nuestra Lata Guggi Bilbao se puede saborear chocolate a lo grande, porque contiene casi medio kilo de chocolates variados. Y no puedes perderte nuestra mermelada casera.<\/p>\n<p>Todas las sortak est\u00e1n marcadas con el precio final,\u00a0<strong>con env\u00edo gratuito a toda la pen\u00ednsula (islas consultar)<\/strong>.<\/p>\n<p><span style=\"color: #000000;\"><em><span style=\"font-weight: 400;\">\u00a1P\u00e1sate por la secci\u00f3n de productos y mira todas las especialidades, \u00a1te va a resultar muy dif\u00edcil elegir!<\/span><\/em><\/span><\/p>\n<p><center><a class=\"qodef-btn qodef-btn-medium qodef-btn-solid\" href=\"https:\/\/www.bizkarra.com\/tienda-online\/productos-vascos\/\" target=\"_blank\" rel=\"noopener noreferrer\"><span class=\"qodef-btn-text\">Saber m\u00e1s<\/span><\/a><\/center><\/p>\n<p style=\"text-align: justify;\"><strong>ELIGE TU SELECCI\u00d3N<br \/>\n<\/strong><strong><em>P\u00e1sate por la secci\u00f3n de productos y mira todas las especialidades, te va a resultar muy dif\u00edcil elegir!\u00a0<\/em><\/strong><strong><em>Ll\u00e1manos o m\u00e1ndanos un whatsapp sin compromiso y te explicaremos todo lo que quieras saber para escoger o preparar tu sorta ideal.<\/em><\/strong><\/p>\n<p>&nbsp;<\/p>\n<h3 style=\"padding-left: 120px; text-align: center;\"><span style=\"color: #000000;\"><a style=\"color: #000000;\" href=\"tel: 34944568508\">944 56 85 08<\/a><\/span><\/h3>\n<h3 style=\"text-align: center; padding-left: 120px;\"><span style=\"color: #000000;\"><a style=\"color: #000000;\" href=\"https:\/\/wa.me\/34655 61 39 81\">655 61 39 81<\/a><\/span><\/h3>\n<h3 style=\"text-align: center; padding-left: 120px;\"><span style=\"color: #000000;\"><a style=\"color: #000000;\" href=\"mailto:ventaonline@bizkarra.com\">ventaonline@bizkarra.com<\/a><\/span><\/h3>\n","protected":false},"excerpt":{"rendered":"<p style=\"text-align: justify;\">La sorta m\u00e1s Bilba\u00edna de todas. Ning\u00fan txikitero de las siete calles se podr\u00eda resistir a esta selecci\u00f3n de especialidades. Ni nadie que se considere del \u201cmism\u00edsimo centro de Bilbao\u201d. Lo sabemos bien, porque, aunque somos de Usansolo, tenemos en La Villa nuestra segunda casa. Tambi\u00e9n se nos ha pegado un poco de ese car\u00e1cter txirene; no nos andamos con sinsorgadas, pero disfrutamos de la broma distendida y del simp\u00e1tico emoji que gui\u00f1a el ojo.<\/p>\n<p style=\"text-align: justify;\">Y puestos a hablar de botxo, hablemos de sus especialidades y recetas t\u00edpicas, que son muchas y variadas. En esta propuesta os ofrecemos algunas singulares como turrones, trufas, mermelada\u2026 con un toque muy de aqu\u00ed mismo. Atr\u00e9vete con ellos, que son \u00a1De A\u00fapa!<\/p>\n<p>Contiene:<\/p>\n<p><a href=\"https:\/\/www.bizkarra.com\/tienda-online\/productos-vascos\/turrones-vascos\/turron-de-sokonusko\/\" target=\"_blank\" rel=\"noopener noreferrer\">Caja de Turr\u00f3n Sokonusko<\/a>. 200gr<br \/>\n<a href=\"https:\/\/www.bizkarra.com\/tienda-online\/productos-vascos\/trufas-vascas\/trufas-de-intxaursaltsa\/\">Caja trufas de Intxaursaltsa<\/a>. 150gr<br \/>\n<a href=\"https:\/\/www.bizkarra.com\/tienda-online\/productos-vascos\/chocolate\/titanio-guggi-seleccion-de-chocolates\/\" target=\"_blank\" rel=\"noopener noreferrer\">Lata <span style=\"font-weight: 400;\">Titanio <\/span>Guggi de chocolate variado con frutas y frutos secos<\/a>. 450gr<br \/>\nTarro Mermelada de frambuesa. 370gr<\/p>\n","protected":false},"featured_media":4794,"template":"","meta":[],"product_cat":[185],"product_tag":[],"yoast_head":"<!-- This site is optimized with the Yoast SEO plugin v22.1 - https:\/\/yoast.com\/wordpress\/plugins\/seo\/ -->\n<title>Sorta Botxo - Bizkarra<\/title>\n<meta name=\"description\" content=\"Compra Online Sorta Botxo. Bizkarra, pasteler\u00eda artesanal online en Bilbao. lote de turrones vascos\" \/>\n<meta name=\"robots\" content=\"index, follow, max-snippet:-1, max-image-preview:large, max-video-preview:-1\" \/>\n<link rel=\"canonical\" href=\"https:\/\/www.bizkarra.com\/tienda-online\/productos-vascos\/sortak\/sorta-botxo\/\" \/>\n<meta property=\"og:locale\" content=\"es_ES\" \/>\n<meta property=\"og:type\" content=\"article\" \/>\n<meta property=\"og:title\" content=\"Sorta Botxo - Bizkarra\" \/>\n<meta property=\"og:description\" content=\"Compra Online Sorta Botxo. Bizkarra, pasteler\u00eda artesanal online en Bilbao. lote de turrones vascos\" \/>\n<meta property=\"og:url\" content=\"https:\/\/www.bizkarra.com\/tienda-online\/productos-vascos\/sortak\/sorta-botxo\/\" \/>\n<meta property=\"og:site_name\" content=\"Bizkarra\" \/>\n<meta property=\"article:modified_time\" content=\"2025-02-06T16:11:23+00:00\" \/>\n<meta property=\"og:image\" content=\"https:\/\/www.bizkarra.com\/tienda-online\/wp-content\/uploads\/2020\/10\/BIZKARRA-SORTAK-BOTXO_BOTXITO-GUREA.jpg\" \/>\n\t<meta property=\"og:image:width\" content=\"600\" \/>\n\t<meta property=\"og:image:height\" content=\"600\" \/>\n\t<meta property=\"og:image:type\" content=\"image\/jpeg\" \/>\n<meta name=\"twitter:card\" content=\"summary_large_image\" \/>\n<!-- \/ Yoast SEO plugin. -->","yoast_head_json":{"title":"Sorta Botxo - Bizkarra","description":"Compra Online Sorta Botxo. Bizkarra, pasteler\u00eda artesanal online en Bilbao. lote de turrones vascos","robots":{"index":"index","follow":"follow","max-snippet":"max-snippet:-1","max-image-preview":"max-image-preview:large","max-video-preview":"max-video-preview:-1"},"canonical":"https:\/\/www.bizkarra.com\/tienda-online\/productos-vascos\/sortak\/sorta-botxo\/","og_locale":"es_ES","og_type":"article","og_title":"Sorta Botxo - Bizkarra","og_description":"Compra Online Sorta Botxo. Bizkarra, pasteler\u00eda artesanal online en Bilbao. lote de turrones vascos","og_url":"https:\/\/www.bizkarra.com\/tienda-online\/productos-vascos\/sortak\/sorta-botxo\/","og_site_name":"Bizkarra","article_modified_time":"2025-02-06T16:11:23+00:00","og_image":[{"width":600,"height":600,"url":"https:\/\/www.bizkarra.com\/tienda-online\/wp-content\/uploads\/2020\/10\/BIZKARRA-SORTAK-BOTXO_BOTXITO-GUREA.jpg","type":"image\/jpeg"}],"twitter_card":"summary_large_image","schema":{"@context":"https:\/\/schema.org","@graph":[{"@type":"WebPage","@id":"https:\/\/www.bizkarra.com\/tienda-online\/productos-vascos\/sortak\/sorta-botxo\/","url":"https:\/\/www.bizkarra.com\/tienda-online\/productos-vascos\/sortak\/sorta-botxo\/","name":"Sorta Botxo - Bizkarra","isPartOf":{"@id":"https:\/\/www.bizkarra.com\/tienda-online\/#website"},"datePublished":"2020-10-22T14:47:49+00:00","dateModified":"2025-02-06T16:11:23+00:00","description":"Compra Online Sorta Botxo. Bizkarra, pasteler\u00eda artesanal online en Bilbao. lote de turrones vascos","breadcrumb":{"@id":"https:\/\/www.bizkarra.com\/tienda-online\/productos-vascos\/sortak\/sorta-botxo\/#breadcrumb"},"inLanguage":"es","potentialAction":[{"@type":"ReadAction","target":["https:\/\/www.bizkarra.com\/tienda-online\/productos-vascos\/sortak\/sorta-botxo\/"]}]},{"@type":"BreadcrumbList","@id":"https:\/\/www.bizkarra.com\/tienda-online\/productos-vascos\/sortak\/sorta-botxo\/#breadcrumb","itemListElement":[{"@type":"ListItem","position":1,"name":"Portada","item":"https:\/\/www.bizkarra.com\/tienda-online\/"},{"@type":"ListItem","position":2,"name":"Tienda","item":"https:\/\/www.bizkarra.com\/tienda-online\/productos-vascos\/"},{"@type":"ListItem","position":3,"name":"Sorta Botxo"}]},{"@type":"WebSite","@id":"https:\/\/www.bizkarra.com\/tienda-online\/#website","url":"https:\/\/www.bizkarra.com\/tienda-online\/","name":"Bizkarra","description":"Tienda Online de postres y dulces gourmet t\u00edpicos vascos","potentialAction":[{"@type":"SearchAction","target":{"@type":"EntryPoint","urlTemplate":"https:\/\/www.bizkarra.com\/tienda-online\/?s={search_term_string}"},"query-input":"required name=search_term_string"}],"inLanguage":"es"}]}},"_links":{"self":[{"href":"https:\/\/www.bizkarra.com\/tienda-online\/wp-json\/wp\/v2\/product\/4504"}],"collection":[{"href":"https:\/\/www.bizkarra.com\/tienda-online\/wp-json\/wp\/v2\/product"}],"about":[{"href":"https:\/\/www.bizkarra.com\/tienda-online\/wp-json\/wp\/v2\/types\/product"}],"wp:featuredmedia":[{"embeddable":true,"href":"https:\/\/www.bizkarra.com\/tienda-online\/wp-json\/wp\/v2\/media\/4794"}],"wp:attachment":[{"href":"https:\/\/www.bizkarra.com\/tienda-online\/wp-json\/wp\/v2\/media?parent=4504"}],"wp:term":[{"taxonomy":"product_cat","embeddable":true,"href":"https:\/\/www.bizkarra.com\/tienda-online\/wp-json\/wp\/v2\/product_cat?post=4504"},{"taxonomy":"product_tag","embeddable":true,"href":"https:\/\/www.bizkarra.com\/tienda-online\/wp-json\/wp\/v2\/product_tag?post=4504"}],"curies":[{"name":"wp","href":"https:\/\/api.w.org\/{rel}","templated":true}]}}