{"id":8,"date":"2020-10-19T11:39:36","date_gmt":"2020-10-19T11:39:36","guid":{"rendered":"http:\/\/www.laluca.com\/clientes\/bizkarra\/carrito\/"},"modified":"2023-03-31T11:01:54","modified_gmt":"2023-03-31T11:01:54","slug":"carrito-de-la-compra","status":"publish","type":"page","link":"https:\/\/www.bizkarra.com\/tienda-online\/carrito-de-la-compra\/","title":{"rendered":"Carrito"},"content":{"rendered":"<p>[vc_row][vc_column][vc_column_text]<\/p>\r\n<p><span style=\"font-size: medium;\"><strong>Si tu opci\u00f3n es recogida en tienda, te avisaremos por correo electr\u00f3nico cuando puedas recoger tu pedido. El plazo es de dos d\u00edas laborables\u00a0<\/strong>desde que realices el pedido.<\/span><\/p>\r\n<p><span style=\"font-size: medium;\"><strong>Si tu opci\u00f3n es env\u00edo a domicilio, recibir\u00e1s los productos en un plazo de tres d\u00edas laborables<\/strong> desde que realices el pedido. Las entregas en se realizan con SEUR de martes a viernes antes de las 13,30h. En el formulario de la direcci\u00f3n de env\u00edo tienes una casilla con las indicaciones que quieras dar a la agencia.<\/span><\/p>\r\n<p>En la pasarela de la banca online, <strong>comprueba que el pago se realiza con \u00e9xito<\/strong>. Una vez realizado el pago, recibir\u00e1s un correo electr\u00f3nico con la informaci\u00f3n del pedido.<\/p>\r\n<p><u><\/u><u><\/u><strong>En el pago por Bizum, deber\u00e1s introducir los tres d\u00edgitos de tu Clave Bizum<\/strong>, necesaria para realizar compras online. Esta clave se puede generar en la aplicaci\u00f3n, dirigi\u00e9ndose al men\u00fa &#8220;ajustes&#8221; o &#8220;configuraci\u00f3n&#8221;, &#8220;clave Bizum&#8221; o &#8220;obtener clave Bizum&#8221;.<\/p>\r\n<p><span style=\"font-size: small;\">Puedes consultar aqu\u00ed todas las <\/span><a href=\"https:\/\/www.bizkarra.com\/tienda-online\/condiciones-de-compra-envios-y-plazos\/\">Condiciones de compra, env\u00edos, y plazos<\/a><\/p>\r\n<p>[\/vc_column_text][\/vc_column][\/vc_row][vc_row css=&#8221;.vc_custom_1607615474960{margin-bottom: 30px !important;}&#8221;][vc_column][vc_column_text]\n<p>\n[\/vc_column_text][vc_empty_space][\/vc_column][\/vc_row][vc_row][vc_column][\/vc_column][\/vc_row]<\/p>","protected":false},"excerpt":{"rendered":"<p>[vc_row][vc_column][vc_column_text] Si tu opci\u00f3n es recogida en tienda, te avisaremos por correo electr\u00f3nico cuando puedas recoger tu pedido. El plazo es de dos d\u00edas laborables\u00a0desde que realices el pedido. Si tu opci\u00f3n es env\u00edo a domicilio, recibir\u00e1s los productos en un plazo de tres d\u00edas&#8230;<\/p>\n","protected":false},"author":1,"featured_media":0,"parent":0,"menu_order":0,"comment_status":"closed","ping_status":"closed","template":"","meta":{"footnotes":""},"yoast_head":"<!-- This site is optimized with the Yoast SEO plugin v22.1 - https:\/\/yoast.com\/wordpress\/plugins\/seo\/ -->\n<title>Carrito - Bizkarra<\/title>\n<meta name=\"description\" content=\"Recibir\u00e1s los productos en un plazo de tres d\u00edas laborables desde que realices el pedido. Las entregas en se realizan con SEUR de martes a viernes antes de las 13,30h.\" \/>\n<meta name=\"robots\" content=\"noindex, follow\" \/>\n<meta property=\"og:locale\" content=\"es_ES\" \/>\n<meta property=\"og:type\" content=\"article\" \/>\n<meta property=\"og:title\" content=\"Carrito - Bizkarra\" \/>\n<meta property=\"og:description\" content=\"Recibir\u00e1s los productos en un plazo de tres d\u00edas laborables desde que realices el pedido. Las entregas en se realizan con SEUR de martes a viernes antes de las 13,30h.\" \/>\n<meta property=\"og:url\" content=\"https:\/\/www.bizkarra.com\/tienda-online\/\" \/>\n<meta property=\"og:site_name\" content=\"Bizkarra\" \/>\n<meta property=\"article:modified_time\" content=\"2023-03-31T11:01:54+00:00\" \/>\n<meta name=\"twitter:card\" content=\"summary_large_image\" \/>\n<!-- \/ Yoast SEO plugin. -->","yoast_head_json":{"title":"Carrito - Bizkarra","description":"Recibir\u00e1s los productos en un plazo de tres d\u00edas laborables desde que realices el pedido. Las entregas en se realizan con SEUR de martes a viernes antes de las 13,30h.","robots":{"index":"noindex","follow":"follow"},"og_locale":"es_ES","og_type":"article","og_title":"Carrito - Bizkarra","og_description":"Recibir\u00e1s los productos en un plazo de tres d\u00edas laborables desde que realices el pedido. Las entregas en se realizan con SEUR de martes a viernes antes de las 13,30h.","og_url":"https:\/\/www.bizkarra.com\/tienda-online\/","og_site_name":"Bizkarra","article_modified_time":"2023-03-31T11:01:54+00:00","twitter_card":"summary_large_image","schema":{"@context":"https:\/\/schema.org","@graph":[{"@type":"WebPage","@id":"https:\/\/www.bizkarra.com\/tienda-online\/carrito-de-la-compra\/","url":"https:\/\/www.bizkarra.com\/tienda-online\/","name":"Carrito - Bizkarra","isPartOf":{"@id":"https:\/\/www.bizkarra.com\/tienda-online\/#website"},"datePublished":"2020-10-19T11:39:36+00:00","dateModified":"2023-03-31T11:01:54+00:00","description":"Recibir\u00e1s los productos en un plazo de tres d\u00edas laborables desde que realices el pedido. Las entregas en se realizan con SEUR de martes a viernes antes de las 13,30h.","breadcrumb":{"@id":"https:\/\/www.bizkarra.com\/tienda-online\/#breadcrumb"},"inLanguage":"es","potentialAction":[{"@type":"ReadAction","target":["https:\/\/www.bizkarra.com\/tienda-online\/"]}]},{"@type":"BreadcrumbList","@id":"https:\/\/www.bizkarra.com\/tienda-online\/#breadcrumb","itemListElement":[{"@type":"ListItem","position":1,"name":"Portada","item":"https:\/\/www.bizkarra.com\/tienda-online\/"},{"@type":"ListItem","position":2,"name":"Carrito"}]},{"@type":"WebSite","@id":"https:\/\/www.bizkarra.com\/tienda-online\/#website","url":"https:\/\/www.bizkarra.com\/tienda-online\/","name":"Bizkarra","description":"Tienda Online de postres y dulces gourmet t\u00edpicos vascos","potentialAction":[{"@type":"SearchAction","target":{"@type":"EntryPoint","urlTemplate":"https:\/\/www.bizkarra.com\/tienda-online\/?s={search_term_string}"},"query-input":"required name=search_term_string"}],"inLanguage":"es"}]}},"_links":{"self":[{"href":"https:\/\/www.bizkarra.com\/tienda-online\/wp-json\/wp\/v2\/pages\/8"}],"collection":[{"href":"https:\/\/www.bizkarra.com\/tienda-online\/wp-json\/wp\/v2\/pages"}],"about":[{"href":"https:\/\/www.bizkarra.com\/tienda-online\/wp-json\/wp\/v2\/types\/page"}],"author":[{"embeddable":true,"href":"https:\/\/www.bizkarra.com\/tienda-online\/wp-json\/wp\/v2\/users\/1"}],"replies":[{"embeddable":true,"href":"https:\/\/www.bizkarra.com\/tienda-online\/wp-json\/wp\/v2\/comments?post=8"}],"version-history":[{"count":5,"href":"https:\/\/www.bizkarra.com\/tienda-online\/wp-json\/wp\/v2\/pages\/8\/revisions"}],"predecessor-version":[{"id":7189,"href":"https:\/\/www.bizkarra.com\/tienda-online\/wp-json\/wp\/v2\/pages\/8\/revisions\/7189"}],"wp:attachment":[{"href":"https:\/\/www.bizkarra.com\/tienda-online\/wp-json\/wp\/v2\/media?parent=8"}],"curies":[{"name":"wp","href":"https:\/\/api.w.org\/{rel}","templated":true}]}}