{"id":7294,"date":"2023-07-27T08:16:12","date_gmt":"2023-07-27T08:16:12","guid":{"rendered":"https:\/\/www.bizkarra.com\/tienda-online\/?page_id=7294"},"modified":"2023-07-27T08:16:12","modified_gmt":"2023-07-27T08:16:12","slug":"aviso-legal","status":"publish","type":"page","link":"https:\/\/www.bizkarra.com\/tienda-online\/aviso-legal\/","title":{"rendered":"Aviso Legal"},"content":{"rendered":"<p>[vc_row][vc_column][vc_column_text]<\/p>\n<h3>Aviso Legal<\/h3>\n<p style=\"text-align: justify;\">El presente Aviso Legal regula el uso del servicio del portal de Internet con direcci\u00f3n https:\/\/www.bizkarra.com\/ cuyo responsable a efectos identificativos es:<\/p>\n<p>\u2022 RESPONSABLE: 1957 BIZKARRA SL<br \/>\n\u2022 CIF: B48102933<br \/>\n\u2022 Direcci\u00f3n: ARTETA BIDEA, 6, 48960, GALDAKAO, BIZKAIA<br \/>\n\u2022 Mail: ventaonline@bizkarra.com<\/p>\n<h3>Legislaci\u00f3n<\/h3>\n<p style=\"text-align: justify;\">Con car\u00e1cter general las relaciones entre 1957 BIZKARRA SL con los Usuarios de sus servicios telem\u00e1ticos, presentes en la Web, se encuentran sometidas a la legislaci\u00f3n y jurisdicci\u00f3n espa\u00f1olas.<\/p>\n<p style=\"text-align: justify;\">Las partes renuncian expresamente al fuero que les pudiera corresponder y someten expresamente a los Juzgados y Tribunales de Bizkaia para resolver cualquier controversia que pueda surgir en la interpretaci\u00f3n o ejecuci\u00f3n de las presentes condiciones contractuales.<\/p>\n<h3>Contenido y uso<\/h3>\n<p style=\"text-align: justify;\">El Usuario queda informado, y acepta, que el acceso a la presente web no supone, en modo alguno, el inicio de una relaci\u00f3n comercial con 1957 BIZKARRA SL<\/p>\n<p style=\"text-align: justify;\">El titular del Web no se identifica con las opiniones vertidas en el mismo por sus colaboradores. La Empresa se reserva el derecho de efectuar sin previo aviso las modificaciones que considere oportunas en su Web, pudiendo cambiar, suprimir o a\u00f1adir tanto los contenidos y servicios que se presten a trav\u00e9s de la misma como la forma en la que \u00e9stos aparezcan presentados o localizados en sus servidores.<\/p>\n<h3>Propiedad intelectual e industrial<\/h3>\n<p style=\"text-align: justify;\">Los derechos de propiedad intelectual del contenido de las p\u00e1ginas web, su dise\u00f1o gr\u00e1fico y c\u00f3digos son titularidad de 1957 BIZKARRA SL y, por tanto, queda prohibida su reproducci\u00f3n, distribuci\u00f3n, comunicaci\u00f3n p\u00fablica, transformaci\u00f3n o cualquier otra actividad que se pueda realizar con los contenidos de sus p\u00e1ginas web ni aun citando las fuentes, salvo consentimiento por escrito de 1957 BIZKARRA SL Todos los nombres comerciales, marcas o signos distintos de cualquier clase contenidos en las p\u00e1ginas web de la Empresa son propiedad de sus due\u00f1os y est\u00e1n protegidos por ley.<\/p>\n<h3>Enlaces (Links)<\/h3>\n<p style=\"text-align: justify;\">La presencia de enlaces (links) en las p\u00e1ginas web de 1957 BIZKARRA SL tienen finalidad meramente informativa y en ning\u00fan caso supone sugerencia, invitaci\u00f3n o recomendaci\u00f3n sobre los mismos.<\/p>\n<p>[\/vc_column_text][\/vc_column][\/vc_row]<\/p>\n","protected":false},"excerpt":{"rendered":"<p>[vc_row][vc_column][vc_column_text] Aviso Legal El presente Aviso Legal regula el uso del servicio del portal de Internet con direcci\u00f3n https:\/\/www.bizkarra.com\/ cuyo responsable a efectos identificativos es: \u2022 RESPONSABLE: 1957 BIZKARRA SL \u2022 CIF: B48102933 \u2022 Direcci\u00f3n: ARTETA BIDEA, 6, 48960, GALDAKAO, BIZKAIA \u2022 Mail: ventaonline@bizkarra.com Legislaci\u00f3n&#8230;<\/p>\n","protected":false},"author":1,"featured_media":0,"parent":0,"menu_order":0,"comment_status":"closed","ping_status":"open","template":"","meta":{"footnotes":""},"yoast_head":"<!-- This site is optimized with the Yoast SEO plugin v22.1 - https:\/\/yoast.com\/wordpress\/plugins\/seo\/ -->\n<title>Aviso Legal - Bizkarra<\/title>\n<meta name=\"robots\" content=\"noindex, follow\" \/>\n<meta property=\"og:locale\" content=\"es_ES\" \/>\n<meta property=\"og:type\" content=\"article\" \/>\n<meta property=\"og:title\" content=\"Aviso Legal - Bizkarra\" \/>\n<meta property=\"og:description\" content=\"[vc_row][vc_column][vc_column_text] Aviso Legal El presente Aviso Legal regula el uso del servicio del portal de Internet con direcci\u00f3n https:\/\/www.bizkarra.com\/ cuyo responsable a efectos identificativos es: \u2022 RESPONSABLE: 1957 BIZKARRA SL \u2022 CIF: B48102933 \u2022 Direcci\u00f3n: ARTETA BIDEA, 6, 48960, GALDAKAO, BIZKAIA \u2022 Mail: ventaonline@bizkarra.com Legislaci\u00f3n...\" \/>\n<meta property=\"og:url\" content=\"https:\/\/www.bizkarra.com\/tienda-online\/\" \/>\n<meta property=\"og:site_name\" content=\"Bizkarra\" \/>\n<meta name=\"twitter:card\" content=\"summary_large_image\" \/>\n<!-- \/ Yoast SEO plugin. -->","yoast_head_json":{"title":"Aviso Legal - Bizkarra","robots":{"index":"noindex","follow":"follow"},"og_locale":"es_ES","og_type":"article","og_title":"Aviso Legal - Bizkarra","og_description":"[vc_row][vc_column][vc_column_text] Aviso Legal El presente Aviso Legal regula el uso del servicio del portal de Internet con direcci\u00f3n https:\/\/www.bizkarra.com\/ cuyo responsable a efectos identificativos es: \u2022 RESPONSABLE: 1957 BIZKARRA SL \u2022 CIF: B48102933 \u2022 Direcci\u00f3n: ARTETA BIDEA, 6, 48960, GALDAKAO, BIZKAIA \u2022 Mail: ventaonline@bizkarra.com Legislaci\u00f3n...","og_url":"https:\/\/www.bizkarra.com\/tienda-online\/","og_site_name":"Bizkarra","twitter_card":"summary_large_image","schema":{"@context":"https:\/\/schema.org","@graph":[{"@type":"WebPage","@id":"https:\/\/www.bizkarra.com\/tienda-online\/aviso-legal\/","url":"https:\/\/www.bizkarra.com\/tienda-online\/","name":"Aviso Legal - Bizkarra","isPartOf":{"@id":"https:\/\/www.bizkarra.com\/tienda-online\/#website"},"datePublished":"2023-07-27T08:16:12+00:00","dateModified":"2023-07-27T08:16:12+00:00","breadcrumb":{"@id":"https:\/\/www.bizkarra.com\/tienda-online\/#breadcrumb"},"inLanguage":"es","potentialAction":[{"@type":"ReadAction","target":["https:\/\/www.bizkarra.com\/tienda-online\/"]}]},{"@type":"BreadcrumbList","@id":"https:\/\/www.bizkarra.com\/tienda-online\/#breadcrumb","itemListElement":[{"@type":"ListItem","position":1,"name":"Portada","item":"https:\/\/www.bizkarra.com\/tienda-online\/"},{"@type":"ListItem","position":2,"name":"Aviso Legal"}]},{"@type":"WebSite","@id":"https:\/\/www.bizkarra.com\/tienda-online\/#website","url":"https:\/\/www.bizkarra.com\/tienda-online\/","name":"Bizkarra","description":"Tienda Online de postres y dulces gourmet t\u00edpicos vascos","potentialAction":[{"@type":"SearchAction","target":{"@type":"EntryPoint","urlTemplate":"https:\/\/www.bizkarra.com\/tienda-online\/?s={search_term_string}"},"query-input":"required name=search_term_string"}],"inLanguage":"es"}]}},"_links":{"self":[{"href":"https:\/\/www.bizkarra.com\/tienda-online\/wp-json\/wp\/v2\/pages\/7294"}],"collection":[{"href":"https:\/\/www.bizkarra.com\/tienda-online\/wp-json\/wp\/v2\/pages"}],"about":[{"href":"https:\/\/www.bizkarra.com\/tienda-online\/wp-json\/wp\/v2\/types\/page"}],"author":[{"embeddable":true,"href":"https:\/\/www.bizkarra.com\/tienda-online\/wp-json\/wp\/v2\/users\/1"}],"replies":[{"embeddable":true,"href":"https:\/\/www.bizkarra.com\/tienda-online\/wp-json\/wp\/v2\/comments?post=7294"}],"version-history":[{"count":1,"href":"https:\/\/www.bizkarra.com\/tienda-online\/wp-json\/wp\/v2\/pages\/7294\/revisions"}],"predecessor-version":[{"id":7295,"href":"https:\/\/www.bizkarra.com\/tienda-online\/wp-json\/wp\/v2\/pages\/7294\/revisions\/7295"}],"wp:attachment":[{"href":"https:\/\/www.bizkarra.com\/tienda-online\/wp-json\/wp\/v2\/media?parent=7294"}],"curies":[{"name":"wp","href":"https:\/\/api.w.org\/{rel}","templated":true}]}}