{"id":6966,"date":"2022-10-04T08:40:16","date_gmt":"2022-10-04T08:40:16","guid":{"rendered":"https:\/\/www.bizkarra.com\/tienda-online\/?page_id=6966"},"modified":"2023-07-27T08:50:03","modified_gmt":"2023-07-27T08:50:03","slug":"suscribete-a-nuestro-newsletter","status":"publish","type":"page","link":"https:\/\/www.bizkarra.com\/tienda-online\/suscribete-a-nuestro-newsletter\/","title":{"rendered":"Suscr\u00edbete a nuestro newsletter"},"content":{"rendered":"<p><!-- Begin Mailchimp Signup Form --><\/p>\n<div id=\"mc_embed_signup\">\n<form id=\"mc-embedded-subscribe-form\" class=\"validate\" action=\"https:\/\/bizkarra.us2.list-manage.com\/subscribe\/post?u=3661f3a7e5a8be3a76cf7d3e4&amp;id=416846505b&amp;v_id=2335&amp;f_id=005c47e0f0\" method=\"post\" name=\"mc-embedded-subscribe-form\" target=\"_self\">\n<div id=\"mc_embed_signup_scroll\"><center><\/p>\n<h2>\u00a1Suscr\u00edbete a nuestro Newsletter!<\/h2>\n<div class=\"indicates-required\"><span class=\"asterisk\">*<\/span> indica campo requerido.<\/div>\n<p>&nbsp;<\/p>\n<p><\/center><br \/>\n<center><\/p>\n<div class=\"mc-field-group\">\n<p><label for=\"mce-EMAIL\">Email \u00a0\u00a0 \u00a0<span class=\"asterisk\">*<\/span><\/label> <input id=\"mce-EMAIL\" class=\"required email\" style=\"padding: 10px; min-width: 300px;\" name=\"EMAIL\" required=\"\" type=\"email\" value=\"\" \/><\/p>\n<p>&nbsp;<\/p>\n<\/div>\n<div class=\"mc-field-group\">\n<p><label for=\"mce-FNAME\">Nombre \u00a0\u00a0<\/label> <input id=\"mce-FNAME\" style=\"padding: 10px; min-width: 300px;\" name=\"FNAME\" type=\"text\" value=\"\" \/><\/p>\n<p>&nbsp;<\/p>\n<\/div>\n<div class=\"mc-field-group\">\n<p><label for=\"mce-LNAME\">Apellido \u00a0\u00a0<\/label> <input id=\"mce-LNAME\" style=\"padding: 10px; min-width: 300px;\" name=\"LNAME\" type=\"text\" value=\"\" \/><\/p>\n<p>&nbsp;<\/p>\n<\/div>\n<p><input type=\"checkbox\" id=\"aceptacion\" name=\"aceptacion\" required aria-required=\"true\" \/> He le\u00eddo y acepto la <a href=\"https:\/\/www.bizkarra.com\/tienda-online\/politica-privacidad\/\" target=\"_blank\" rel=\"noopener\">pol\u00edtica de privacidad<\/a> de la web.<\/p>\n<p><\/center><\/p>\n<div id=\"mergeRow-gdpr\" class=\"mergeRow gdpr-mergeRow content__gdprBlock mc-field-group\">\n<div class=\"content__gdpr\">\n<p style=\"color: #414141!important; font-size: 90%!important; line-height: 20px!important;\"><label><b>Permisos de Marketing<\/b><\/label><\/p>\n<p style=\"color: #999!important; font-size: 90%!important; line-height: 20px!important;\">Bizkarra utilizar\u00e1 la informaci\u00f3n que proporcione en este formulario para estar en contacto con usted y proporcionarle actualizaciones y marketing. H\u00e1ganos saber todas las formas en que le gustar\u00eda saber de nosotros:<\/p>\n<fieldset class=\"mc_fieldset gdprRequired mc-field-group\" name=\"interestgroup_field\"><label class=\"checkbox subfield\" for=\"gdpr_2205\"><input id=\"gdpr_2205\" class=\"av-checkbox \" checked=\"checked\" name=\"gdpr[2205]\" type=\"checkbox\" value=\"Y\" \/>Email <\/label><label class=\"checkbox subfield\" for=\"gdpr_2209\"><input id=\"gdpr_2209\" class=\"av-checkbox \" checked=\"checked\" name=\"gdpr[2209]\" type=\"checkbox\" value=\"Y\" \/>Mail Directo <\/label><label class=\"checkbox subfield\" for=\"gdpr_2213\"><input id=\"gdpr_2213\" class=\"av-checkbox \" checked=\"checked\" name=\"gdpr[2213]\" type=\"checkbox\" value=\"Y\" \/>Publicidad online personalizada <\/label><\/fieldset>\n<p style=\"color: #999!important; font-size: 90%!important; line-height: 20px!important;\">Puede cambiar de opini\u00f3n en cualquier momento haciendo click en el enlace para cancelar la suscripci\u00f3n en el pie de p\u00e1gina de cualquier correo electr\u00f3nico que reciba de nosotros, o comunic\u00e1ndose con nosotros en info@bizkarra.com. Trataremos su informaci\u00f3n con respeto. Para obtener m\u00e1s informaci\u00f3n sobre nuestras pr\u00e1cticas de privacidad, visite nuestro sitio web. Al hacer click a continuaci\u00f3n, acepta que podemos procesar su informaci\u00f3n de acuerdo con estos t\u00e9rminos.<\/p>\n<\/div>\n<div class=\"content__gdprLegal\">\n<p style=\"color: #999!important; font-size: 90%!important; line-height: 20px!important;\">Usamos Mailchimp como nuestra plataforma de marketing. Al hacer clic a continuaci\u00f3n para suscribirse, reconoce que su informaci\u00f3n se transferir\u00e1 a Mailchimp para su procesamiento. <a href=\"https:\/\/mailchimp.com\/legal\/terms\" target=\"_blank\" rel=\"noopener\">Obt\u00e9n m\u00e1s informaci\u00f3n sobre las pr\u00e1cticas de privacidad de Mailchimp aqu\u00ed.<\/a><\/p>\n<\/div>\n<\/div>\n<div id=\"mce-responses\" class=\"clear foot\">\n<div id=\"mce-error-response\" class=\"response\" style=\"display: none;\"><\/div>\n<div id=\"mce-success-response\" class=\"response\" style=\"display: none;\"><\/div>\n<\/div>\n<p><!-- real people should not fill this in and expect good things - do not remove this or risk form bot signups--><\/p>\n<div style=\"position: absolute; left: -5000px;\" aria-hidden=\"true\"><input tabindex=\"-1\" name=\"b_3661f3a7e5a8be3a76cf7d3e4_416846505b\" type=\"text\" value=\"\" \/><\/div>\n<div class=\"optionalParent\">\n<div class=\"clear foot\"><center><input id=\"mc-embedded-subscribe\" class=\"qodef-btn qodef-btn-large qodef-btn-solid\" style=\"border: 2px solid #000;\" name=\"subscribe\" type=\"submit\" value=\"Suscribirme\" \/><\/center><\/p>\n<p class=\"brandingLogo\" style=\"display: none;\"><a title=\"Mailchimp - email marketing made easy and fun\" href=\"http:\/\/eepurl.com\/iaxE-5\"><img decoding=\"async\" src=\"https:\/\/eep.io\/mc-cdn-images\/template_images\/branding_logo_text_dark_dtp.svg\" \/><\/a><\/p>\n<\/div>\n<\/div>\n<\/div>\n<\/form>\n<\/div>\n<p><!--End mc_embed_signup--><\/p>\n","protected":false},"excerpt":{"rendered":"<p>\u00a1Suscr\u00edbete a nuestro Newsletter! * indica campo requerido. &nbsp; Email \u00a0\u00a0 \u00a0* &nbsp; Nombre \u00a0\u00a0 &nbsp; Apellido \u00a0\u00a0 &nbsp; He le\u00eddo y acepto la pol\u00edtica de privacidad de la web. Permisos de Marketing Bizkarra utilizar\u00e1 la informaci\u00f3n que proporcione en este formulario para estar en&#8230;<\/p>\n","protected":false},"author":1,"featured_media":0,"parent":0,"menu_order":0,"comment_status":"closed","ping_status":"closed","template":"","meta":{"footnotes":""},"yoast_head":"<!-- This site is optimized with the Yoast SEO plugin v22.1 - https:\/\/yoast.com\/wordpress\/plugins\/seo\/ -->\n<title>Suscr\u00edbete a nuestro newsletter - Bizkarra<\/title>\n<meta name=\"robots\" content=\"index, follow, max-snippet:-1, max-image-preview:large, max-video-preview:-1\" \/>\n<link rel=\"canonical\" href=\"https:\/\/www.bizkarra.com\/tienda-online\/suscribete-a-nuestro-newsletter\/\" \/>\n<meta property=\"og:locale\" content=\"es_ES\" \/>\n<meta property=\"og:type\" content=\"article\" \/>\n<meta property=\"og:title\" content=\"Suscr\u00edbete a nuestro newsletter - Bizkarra\" \/>\n<meta property=\"og:description\" content=\"\u00a1Suscr\u00edbete a nuestro Newsletter! * indica campo requerido. &nbsp; Email \u00a0\u00a0 \u00a0* &nbsp; Nombre \u00a0\u00a0 &nbsp; Apellido \u00a0\u00a0 &nbsp; He le\u00eddo y acepto la pol\u00edtica de privacidad de la web. Permisos de Marketing Bizkarra utilizar\u00e1 la informaci\u00f3n que proporcione en este formulario para estar en...\" \/>\n<meta property=\"og:url\" content=\"https:\/\/www.bizkarra.com\/tienda-online\/suscribete-a-nuestro-newsletter\/\" \/>\n<meta property=\"og:site_name\" content=\"Bizkarra\" \/>\n<meta property=\"article:modified_time\" content=\"2023-07-27T08:50:03+00:00\" \/>\n<meta property=\"og:image\" content=\"https:\/\/eep.io\/mc-cdn-images\/template_images\/branding_logo_text_dark_dtp.svg\" \/>\n<meta name=\"twitter:card\" content=\"summary_large_image\" \/>\n<!-- \/ Yoast SEO plugin. -->","yoast_head_json":{"title":"Suscr\u00edbete a nuestro newsletter - Bizkarra","robots":{"index":"index","follow":"follow","max-snippet":"max-snippet:-1","max-image-preview":"max-image-preview:large","max-video-preview":"max-video-preview:-1"},"canonical":"https:\/\/www.bizkarra.com\/tienda-online\/suscribete-a-nuestro-newsletter\/","og_locale":"es_ES","og_type":"article","og_title":"Suscr\u00edbete a nuestro newsletter - Bizkarra","og_description":"\u00a1Suscr\u00edbete a nuestro Newsletter! * indica campo requerido. &nbsp; Email \u00a0\u00a0 \u00a0* &nbsp; Nombre \u00a0\u00a0 &nbsp; Apellido \u00a0\u00a0 &nbsp; He le\u00eddo y acepto la pol\u00edtica de privacidad de la web. Permisos de Marketing Bizkarra utilizar\u00e1 la informaci\u00f3n que proporcione en este formulario para estar en...","og_url":"https:\/\/www.bizkarra.com\/tienda-online\/suscribete-a-nuestro-newsletter\/","og_site_name":"Bizkarra","article_modified_time":"2023-07-27T08:50:03+00:00","og_image":[{"url":"https:\/\/eep.io\/mc-cdn-images\/template_images\/branding_logo_text_dark_dtp.svg"}],"twitter_card":"summary_large_image","schema":{"@context":"https:\/\/schema.org","@graph":[{"@type":"WebPage","@id":"https:\/\/www.bizkarra.com\/tienda-online\/suscribete-a-nuestro-newsletter\/","url":"https:\/\/www.bizkarra.com\/tienda-online\/suscribete-a-nuestro-newsletter\/","name":"Suscr\u00edbete a nuestro newsletter - Bizkarra","isPartOf":{"@id":"https:\/\/www.bizkarra.com\/tienda-online\/#website"},"datePublished":"2022-10-04T08:40:16+00:00","dateModified":"2023-07-27T08:50:03+00:00","breadcrumb":{"@id":"https:\/\/www.bizkarra.com\/tienda-online\/suscribete-a-nuestro-newsletter\/#breadcrumb"},"inLanguage":"es","potentialAction":[{"@type":"ReadAction","target":["https:\/\/www.bizkarra.com\/tienda-online\/suscribete-a-nuestro-newsletter\/"]}]},{"@type":"BreadcrumbList","@id":"https:\/\/www.bizkarra.com\/tienda-online\/suscribete-a-nuestro-newsletter\/#breadcrumb","itemListElement":[{"@type":"ListItem","position":1,"name":"Portada","item":"https:\/\/www.bizkarra.com\/tienda-online\/"},{"@type":"ListItem","position":2,"name":"Suscr\u00edbete a nuestro newsletter"}]},{"@type":"WebSite","@id":"https:\/\/www.bizkarra.com\/tienda-online\/#website","url":"https:\/\/www.bizkarra.com\/tienda-online\/","name":"Bizkarra","description":"Tienda Online de postres y dulces gourmet t\u00edpicos vascos","potentialAction":[{"@type":"SearchAction","target":{"@type":"EntryPoint","urlTemplate":"https:\/\/www.bizkarra.com\/tienda-online\/?s={search_term_string}"},"query-input":"required name=search_term_string"}],"inLanguage":"es"}]}},"_links":{"self":[{"href":"https:\/\/www.bizkarra.com\/tienda-online\/wp-json\/wp\/v2\/pages\/6966"}],"collection":[{"href":"https:\/\/www.bizkarra.com\/tienda-online\/wp-json\/wp\/v2\/pages"}],"about":[{"href":"https:\/\/www.bizkarra.com\/tienda-online\/wp-json\/wp\/v2\/types\/page"}],"author":[{"embeddable":true,"href":"https:\/\/www.bizkarra.com\/tienda-online\/wp-json\/wp\/v2\/users\/1"}],"replies":[{"embeddable":true,"href":"https:\/\/www.bizkarra.com\/tienda-online\/wp-json\/wp\/v2\/comments?post=6966"}],"version-history":[{"count":3,"href":"https:\/\/www.bizkarra.com\/tienda-online\/wp-json\/wp\/v2\/pages\/6966\/revisions"}],"predecessor-version":[{"id":7299,"href":"https:\/\/www.bizkarra.com\/tienda-online\/wp-json\/wp\/v2\/pages\/6966\/revisions\/7299"}],"wp:attachment":[{"href":"https:\/\/www.bizkarra.com\/tienda-online\/wp-json\/wp\/v2\/media?parent=6966"}],"curies":[{"name":"wp","href":"https:\/\/api.w.org\/{rel}","templated":true}]}}