{"id":5119,"date":"2020-11-23T12:52:14","date_gmt":"2020-11-23T12:52:14","guid":{"rendered":"https:\/\/www.bizkarra.com\/tienda-online\/?page_id=5119"},"modified":"2020-12-23T14:40:02","modified_gmt":"2020-12-23T14:40:02","slug":"acerca-de-nosotros","status":"publish","type":"page","link":"https:\/\/www.bizkarra.com\/tienda-online\/acerca-de-nosotros\/","title":{"rendered":"Nosotros"},"content":{"rendered":"<p>[vc_row content_width=&#8221;grid&#8221; content_aligment=&#8221;center&#8221; css=&#8221;.vc_custom_1606136588610{margin-top: 0px !important;margin-bottom: 0px !important;padding-top: 50px !important;padding-right: 40px !important;padding-bottom: 50px !important;padding-left: 40px !important;background-image: url(https:\/\/www.bizkarra.com\/tienda-online\/wp-content\/uploads\/2020\/11\/BIZKARRA_manos_amama-scaled.jpg?id=5121) !important;}&#8221;][vc_column css=&#8221;.vc_custom_1606136314943{background-color: rgba(0,0,0,0.76) !important;*background-color: rgb(0,0,0) !important;}&#8221;][vc_empty_space height=&#8221;20px&#8221;][vc_row_inner css=&#8221;.vc_custom_1606136424324{padding-right: 50px !important;padding-left: 50px !important;}&#8221;][vc_column_inner][vc_single_image image=&#8221;5125&#8243; alignment=&#8221;center&#8221;][vc_empty_space height=&#8221;50px&#8221;][vc_column_text el_class=&#8221;cabsub&#8221;]<\/p>\n<h2 style=\"text-align: center;\"><span style=\"color: #ffffff;\"><b>Una Marca con Historia Familiar <\/b><\/span><\/h2>\n<p>[\/vc_column_text][vc_column_text]<\/p>\n<p style=\"text-align: center;\"><span style=\"font-weight: 400; color: #ffffff;\">Somos una familia marcada por una pasi\u00f3n: la elaboraci\u00f3n de especialidades de panader\u00eda y pasteler\u00eda. Nuestra receta es una mezcla de esp\u00edritu artesanal y af\u00e1n por innovar, lo que nos ha permitido crecer y evolucionar con importantes reconocimientos.\u00a0<\/span><\/p>\n<p style=\"text-align: center;\"><span style=\"font-weight: 400; color: #ffffff;\">Entre ellos, dos especialmente significativos: el Premio a la Innovaci\u00f3n en el Comercio (2007) y a la Trayectoria Empresarial en el Comercio (2015), otorgados por el Gobierno Vasco y que recibimos con toda la emoci\u00f3n de ver reconocido \u201cen casa\u201d nuestro trabajo.\u00a0<\/span><\/p>\n<p style=\"text-align: center;\"><span style=\"font-weight: 400; color: #ffffff;\">Desde que en 1957 el aitite Esteban abri\u00f3 su panader\u00eda en Usansolo (Bizkaia) hasta hoy nos hemos actualizado y seguimos en continua adaptaci\u00f3n a los nuevos tiempos, pero la fidelidad al producto natural y los procedimientos de elaboraci\u00f3n originales siguen intactos. Esteban, su hijo Luis Mari y su nieto Eduardo han seguido coherentes con una filosof\u00eda de trabajo en la que todos los detalles cuentan; cuentan los sabores, las texturas, los ingredientes\u2026<\/span><\/p>\n<p style=\"text-align: center;\"><span style=\"font-weight: 400; color: #ffffff;\">En nuestras especialidades hay una forma de entender la elaboraci\u00f3n artesana: incorporando sabores de origen, materia prima de cercan\u00eda y colaborando con productores de nuestro entorno para unir sinergias y crear especialidades de alto valor a\u00f1adido, por su sabor, su calidad, su historia, su arraigo, sostenibilidad\u2026\u00a0<\/span><\/p>\n<p style=\"text-align: center;\"><span style=\"font-weight: 400; color: #ffffff;\">As\u00ed, en nuestras elaboraciones utilizamos cereal cultivado en Araba con certificado Eusko Label, huevos procedentes de explotaciones vascas\u2026 Tambi\u00e9n productos de reconocidas marcas de gastronom\u00eda vasca, como cerveza La Salve Bilbao, quesos Bizkarra de Urkiola o aceite La Equidad, con quienes colaboramos.\u00a0<\/span><\/p>\n<p style=\"text-align: center;\"><span style=\"font-weight: 400; color: #ffffff;\">Te ofrecemos la mejor tradici\u00f3n pastelera del Pa\u00eds Vasco y Bizkaia a trav\u00e9s de especialidades t\u00edpicas y \u00fanicas. En algunos casos se trata de viejos sabores rescatados de h\u00e1bitos olvidados, como la Intxaursaltsa, que hacemos tal y como nos la transmitieron nuestras amamas Josefa y Mari. En otros, propuestas de siempre como el Sokonusko y los polvorones vascos, o ideas originales como las trufas y turrones de queso. Tambi\u00e9n nuevas alternativas, como la gama de pasteler\u00eda sin az\u00facar y nuestros chocolates salados.\u00a0<\/span><\/p>\n<p style=\"text-align: center;\"><span style=\"font-weight: 400; color: #ffffff;\">En todos los casos, deliciosas combinaciones de sabores aut\u00e9nticos.<\/span><\/p>\n<p style=\"text-align: center;\"><span style=\"font-weight: 400; color: #ffffff;\">\u00a1Esperamos que te gusten!<\/span><\/p>\n<p>[\/vc_column_text][\/vc_column_inner][\/vc_row_inner][vc_empty_space height=&#8221;50px&#8221;]<a href=\"https:\/\/www.bizkarra.com\/\" target=\"_blank\"  class=\"qodef-btn qodef-btn-medium qodef-btn-solid\"  >\n    <span  class=\"qodef-btn-text\">Ir a nuestra web<\/span>\n    <\/a>[vc_empty_space height=&#8221;50px&#8221;][\/vc_column][\/vc_row]<\/p>\n","protected":false},"excerpt":{"rendered":"<p>[vc_row content_width=&#8221;grid&#8221; content_aligment=&#8221;center&#8221; css=&#8221;.vc_custom_1606136588610{margin-top: 0px !important;margin-bottom: 0px !important;padding-top: 50px !important;padding-right: 40px !important;padding-bottom: 50px !important;padding-left: 40px !important;background-image: url(https:\/\/www.bizkarra.com\/tienda-online\/wp-content\/uploads\/2020\/11\/BIZKARRA_manos_amama-scaled.jpg?id=5121) !important;}&#8221;][vc_column css=&#8221;.vc_custom_1606136314943{background-color: rgba(0,0,0,0.76) !important;*background-color: rgb(0,0,0) !important;}&#8221;][vc_empty_space height=&#8221;20px&#8221;][vc_row_inner css=&#8221;.vc_custom_1606136424324{padding-right: 50px !important;padding-left: 50px !important;}&#8221;][vc_column_inner][vc_single_image image=&#8221;5125&#8243; alignment=&#8221;center&#8221;][vc_empty_space height=&#8221;50px&#8221;][vc_column_text el_class=&#8221;cabsub&#8221;] Una Marca con Historia Familiar [\/vc_column_text][vc_column_text] Somos una familia marcada por una&#8230;<\/p>\n","protected":false},"author":1,"featured_media":0,"parent":0,"menu_order":1,"comment_status":"closed","ping_status":"closed","template":"full-width.php","meta":{"footnotes":""},"yoast_head":"<!-- This site is optimized with the Yoast SEO plugin v22.1 - https:\/\/yoast.com\/wordpress\/plugins\/seo\/ -->\n<title>Acerca de Nosotros - Bizkarra<\/title>\n<meta name=\"description\" content=\"Somos una marca familiar de tercera generaci\u00f3n y tambi\u00e9n toda una familia marcada por una actividad: la elaboraci\u00f3n de especialidades de panader\u00eda y pasteler\u00eda.\" \/>\n<meta name=\"robots\" content=\"index, follow, max-snippet:-1, max-image-preview:large, max-video-preview:-1\" \/>\n<link rel=\"canonical\" href=\"https:\/\/www.bizkarra.com\/tienda-online\/acerca-de-nosotros\/\" \/>\n<meta property=\"og:locale\" content=\"es_ES\" \/>\n<meta property=\"og:type\" content=\"article\" \/>\n<meta property=\"og:title\" content=\"Acerca de Nosotros - Bizkarra\" \/>\n<meta property=\"og:description\" content=\"Somos una marca familiar de tercera generaci\u00f3n y tambi\u00e9n toda una familia marcada por una actividad: la elaboraci\u00f3n de especialidades de panader\u00eda y pasteler\u00eda.\" \/>\n<meta property=\"og:url\" content=\"https:\/\/www.bizkarra.com\/tienda-online\/acerca-de-nosotros\/\" \/>\n<meta property=\"og:site_name\" content=\"Bizkarra\" \/>\n<meta property=\"article:modified_time\" content=\"2020-12-23T14:40:02+00:00\" \/>\n<meta name=\"twitter:card\" content=\"summary_large_image\" \/>\n<!-- \/ Yoast SEO plugin. -->","yoast_head_json":{"title":"Acerca de Nosotros - Bizkarra","description":"Somos una marca familiar de tercera generaci\u00f3n y tambi\u00e9n toda una familia marcada por una actividad: la elaboraci\u00f3n de especialidades de panader\u00eda y pasteler\u00eda.","robots":{"index":"index","follow":"follow","max-snippet":"max-snippet:-1","max-image-preview":"max-image-preview:large","max-video-preview":"max-video-preview:-1"},"canonical":"https:\/\/www.bizkarra.com\/tienda-online\/acerca-de-nosotros\/","og_locale":"es_ES","og_type":"article","og_title":"Acerca de Nosotros - Bizkarra","og_description":"Somos una marca familiar de tercera generaci\u00f3n y tambi\u00e9n toda una familia marcada por una actividad: la elaboraci\u00f3n de especialidades de panader\u00eda y pasteler\u00eda.","og_url":"https:\/\/www.bizkarra.com\/tienda-online\/acerca-de-nosotros\/","og_site_name":"Bizkarra","article_modified_time":"2020-12-23T14:40:02+00:00","twitter_card":"summary_large_image","schema":{"@context":"https:\/\/schema.org","@graph":[{"@type":"WebPage","@id":"https:\/\/www.bizkarra.com\/tienda-online\/acerca-de-nosotros\/","url":"https:\/\/www.bizkarra.com\/tienda-online\/acerca-de-nosotros\/","name":"Acerca de Nosotros - Bizkarra","isPartOf":{"@id":"https:\/\/www.bizkarra.com\/tienda-online\/#website"},"datePublished":"2020-11-23T12:52:14+00:00","dateModified":"2020-12-23T14:40:02+00:00","description":"Somos una marca familiar de tercera generaci\u00f3n y tambi\u00e9n toda una familia marcada por una actividad: la elaboraci\u00f3n de especialidades de panader\u00eda y pasteler\u00eda.","breadcrumb":{"@id":"https:\/\/www.bizkarra.com\/tienda-online\/acerca-de-nosotros\/#breadcrumb"},"inLanguage":"es","potentialAction":[{"@type":"ReadAction","target":["https:\/\/www.bizkarra.com\/tienda-online\/acerca-de-nosotros\/"]}]},{"@type":"BreadcrumbList","@id":"https:\/\/www.bizkarra.com\/tienda-online\/acerca-de-nosotros\/#breadcrumb","itemListElement":[{"@type":"ListItem","position":1,"name":"Portada","item":"https:\/\/www.bizkarra.com\/tienda-online\/"},{"@type":"ListItem","position":2,"name":"Nosotros"}]},{"@type":"WebSite","@id":"https:\/\/www.bizkarra.com\/tienda-online\/#website","url":"https:\/\/www.bizkarra.com\/tienda-online\/","name":"Bizkarra","description":"Tienda Online de postres y dulces gourmet t\u00edpicos vascos","potentialAction":[{"@type":"SearchAction","target":{"@type":"EntryPoint","urlTemplate":"https:\/\/www.bizkarra.com\/tienda-online\/?s={search_term_string}"},"query-input":"required name=search_term_string"}],"inLanguage":"es"}]}},"_links":{"self":[{"href":"https:\/\/www.bizkarra.com\/tienda-online\/wp-json\/wp\/v2\/pages\/5119"}],"collection":[{"href":"https:\/\/www.bizkarra.com\/tienda-online\/wp-json\/wp\/v2\/pages"}],"about":[{"href":"https:\/\/www.bizkarra.com\/tienda-online\/wp-json\/wp\/v2\/types\/page"}],"author":[{"embeddable":true,"href":"https:\/\/www.bizkarra.com\/tienda-online\/wp-json\/wp\/v2\/users\/1"}],"replies":[{"embeddable":true,"href":"https:\/\/www.bizkarra.com\/tienda-online\/wp-json\/wp\/v2\/comments?post=5119"}],"version-history":[{"count":0,"href":"https:\/\/www.bizkarra.com\/tienda-online\/wp-json\/wp\/v2\/pages\/5119\/revisions"}],"wp:attachment":[{"href":"https:\/\/www.bizkarra.com\/tienda-online\/wp-json\/wp\/v2\/media?parent=5119"}],"curies":[{"name":"wp","href":"https:\/\/api.w.org\/{rel}","templated":true}]}}