{"id":4697,"date":"2020-11-03T16:32:51","date_gmt":"2020-11-03T16:32:51","guid":{"rendered":"https:\/\/www.bizkarra.com\/tienda-online\/?page_id=4697"},"modified":"2021-11-15T12:37:39","modified_gmt":"2021-11-15T12:37:39","slug":"trufas-variadas-sin-azucar","status":"publish","type":"page","link":"https:\/\/www.bizkarra.com\/tienda-online\/producto-vasco\/sin-azucar\/trufas-variadas-sin-azucar\/","title":{"rendered":"Trufas variadas sin az\u00facar"},"content":{"rendered":"<p>[vc_row content_aligment=&#8221;center&#8221; css=&#8221;.vc_custom_1606133878083{margin-bottom: 70px !important;padding-top: 0px !important;padding-bottom: 0px !important;background-image: url(https:\/\/www.bizkarra.com\/tienda-online\/wp-content\/uploads\/2020\/11\/banner-productos.jpg?id=5096) !important;background-position: center !important;background-repeat: no-repeat !important;background-size: cover !important;}&#8221;][vc_column width=&#8221;1\/4&#8243;][vc_empty_space height=&#8221;50px&#8221;][vc_single_image image=&#8221;4435&#8243; img_size=&#8221;medium&#8221; alignment=&#8221;center&#8221;][vc_empty_space height=&#8221;20px&#8221;][\/vc_column][vc_column width=&#8221;1\/2&#8243;][vc_empty_space height=&#8221;100px&#8221;][vc_column_text el_class=&#8221;textoblanco&#8221;]<\/p>\n<h1 style=\"text-align: center;\">TRUFAS VARIADAS<br \/>\nSIN AZ\u00daCAR<\/h1>\n<p>[\/vc_column_text][vc_empty_space height=&#8221;50px&#8221;][\/vc_column][vc_column width=&#8221;1\/4&#8243; css=&#8221;.vc_custom_1603365788580{margin-top: 0px !important;margin-right: 0px !important;margin-bottom: 0px !important;margin-left: 0px !important;padding-top: 50px !important;padding-bottom: 50px !important;background-color: rgba(0,0,0,0.5) !important;*background-color: rgb(0,0,0) !important;}&#8221;][vc_column_text el_class=&#8221;textoblanco&#8221; css=&#8221;.vc_custom_1606475869993{padding-right: 20px !important;padding-left: 20px !important;}&#8221;]<\/p>\n<h3 style=\"text-align: center;\"><img loading=\"lazy\" decoding=\"async\" class=\"alignnone size-full wp-image-4542\" src=\"https:\/\/www.bizkarra.com\/tienda-online\/wp-content\/uploads\/2020\/10\/ICONOS-01.png\" alt=\"\" width=\"40\" height=\"40\" \/><br \/>\n<a href=\"tel: 34944568508\">944 56 85 08<\/a><\/h3>\n<h3 style=\"text-align: center;\"><\/h3>\n<p>[\/vc_column_text][vc_empty_space height=&#8221;20px&#8221;][vc_column_text el_class=&#8221;textoblanco&#8221; css=&#8221;.vc_custom_1607960891710{padding-right: 20px !important;padding-left: 20px !important;}&#8221;]<\/p>\n<h3 style=\"text-align: center;\"><span style=\"color: #ffffff;\"><img loading=\"lazy\" decoding=\"async\" class=\"size-full wp-image-4543 aligncenter\" src=\"https:\/\/www.bizkarra.com\/tienda-online\/wp-content\/uploads\/2020\/10\/ICONOS-02.png\" alt=\"\" width=\"40\" height=\"40\" \/><\/span><\/h3>\n<h3><\/h3>\n<h3 style=\"text-align: center;\"><a href=\"https:\/\/wa.me\/34655 61 39 81\">655 61 39 81<\/a><\/h3>\n<p>[\/vc_column_text][\/vc_column][\/vc_row][vc_row content_width=&#8221;grid&#8221; css=&#8221;.vc_custom_1603363621138{margin-top: 40px !important;margin-bottom: 40px !important;}&#8221;][vc_column][vc_single_image image=&#8221;4814&#8243; img_size=&#8221;full&#8221;][\/vc_column][\/vc_row][vc_row content_width=&#8221;grid&#8221; css=&#8221;.vc_custom_1603363621138{margin-top: 40px !important;margin-bottom: 40px !important;}&#8221;][vc_column width=&#8221;1\/6&#8243;][vc_empty_space height=&#8221;1px&#8221;][\/vc_column][vc_column width=&#8221;2\/3&#8243;][vc_column_text]<\/p>\n<p style=\"text-align: center;\"><span style=\"font-weight: 400;\">Saborear cada una de estas trufas sin az\u00facar es un sencillo placer; como un peque\u00f1o gesto de pararse y detener el tiempo por unos instantes. Luego todo sigue\u2026 pero con una sonrisa. Si te identificas con el momento, estar\u00e1s deseando que estas trufas lleguen a tus manos.<\/span><\/p>\n<p style=\"text-align: center;\"><span style=\"font-weight: 400;\">Nuestra versi\u00f3n de trufas sin azucares a\u00f1adidos se elaboran de id\u00e9ntica forma que el resto de trufas; con paciencia, el saber hacer que nos da la experiencia y procedimientos muy medidos de principio a fin. La \u00fanica diferencia es que hemos adaptado los ingredientes y la receta acordes a las elaboraciones de pasteler\u00eda sin az\u00facar, con el fin de precisar todos los detalles para lograr estas delicias. <\/span><\/p>\n<p>[\/vc_column_text][vc_empty_space][\/vc_column][vc_column width=&#8221;1\/6&#8243;][vc_empty_space height=&#8221;1px&#8221;][\/vc_column][\/vc_row][vc_row content_width=&#8221;grid&#8221; css=&#8221;.vc_custom_1603363621138{margin-top: 40px !important;margin-bottom: 40px !important;}&#8221;][vc_column width=&#8221;1\/2&#8243;][vc_column_text el_class=&#8221;cabsub&#8221;]<\/p>\n<h2>INGREDIENTES<\/h2>\n<p>[\/vc_column_text][vc_empty_space][vc_column_text]<span style=\"font-weight: 400;\"><em>(al\u00e9rgenos en negrita)<\/em> <\/span><span style=\"font-weight: 400;\">Chocolate negro 55 % cacao, mantequilla <\/span><b>leche<\/b><span style=\"font-weight: 400;\">, maltitol, cacao, licor Cognac y lecitina de <\/span><b>soja<\/b><span style=\"font-weight: 400;\">.<\/span><\/p>\n<p><span style=\"font-weight: 400;\">Por ser producto elaborado en nuestro obrador, puede contener trazas de <\/span><b>frutos secos, gluten, huevo.<\/b>[\/vc_column_text][vc_empty_space][\/vc_column][vc_column width=&#8221;1\/2&#8243;][vc_column_text el_class=&#8221;cabsub&#8221;]<\/p>\n<h2>PRESENTACI\u00d3N Y PRECIO<\/h2>\n<p>[\/vc_column_text][vc_empty_space][vc_column_text]<\/p>\n<p style=\"text-align: justify;\"><span style=\"font-weight: 400;\">Paquete de trufas de chocolate sin az\u00facar, 200 gr.<\/span><\/p>\n<p><strong>Precio:<\/strong> 12\u20ac[\/vc_column_text][vc_empty_space][\/vc_column][\/vc_row]<\/p>\n","protected":false},"excerpt":{"rendered":"<p>[vc_row content_aligment=&#8221;center&#8221; css=&#8221;.vc_custom_1606133878083{margin-bottom: 70px !important;padding-top: 0px !important;padding-bottom: 0px !important;background-image: url(https:\/\/www.bizkarra.com\/tienda-online\/wp-content\/uploads\/2020\/11\/banner-productos.jpg?id=5096) !important;background-position: center !important;background-repeat: no-repeat !important;background-size: cover !important;}&#8221;][vc_column width=&#8221;1\/4&#8243;][vc_empty_space height=&#8221;50px&#8221;][vc_single_image image=&#8221;4435&#8243; img_size=&#8221;medium&#8221; alignment=&#8221;center&#8221;][vc_empty_space height=&#8221;20px&#8221;][\/vc_column][vc_column width=&#8221;1\/2&#8243;][vc_empty_space height=&#8221;100px&#8221;][vc_column_text el_class=&#8221;textoblanco&#8221;] TRUFAS VARIADAS SIN AZ\u00daCAR [\/vc_column_text][vc_empty_space height=&#8221;50px&#8221;][\/vc_column][vc_column width=&#8221;1\/4&#8243; css=&#8221;.vc_custom_1603365788580{margin-top: 0px !important;margin-right: 0px !important;margin-bottom: 0px !important;margin-left: 0px !important;padding-top: 50px !important;padding-bottom: 50px&#8230;<\/p>\n","protected":false},"author":1,"featured_media":0,"parent":4690,"menu_order":2,"comment_status":"closed","ping_status":"closed","template":"full-width.php","meta":{"footnotes":""},"yoast_head":"<!-- This site is optimized with the Yoast SEO plugin v22.1 - https:\/\/yoast.com\/wordpress\/plugins\/seo\/ -->\n<title>Trufas variadas sin az\u00facar - Bizkarra<\/title>\n<meta name=\"robots\" content=\"noindex, follow\" \/>\n<meta property=\"og:locale\" content=\"es_ES\" \/>\n<meta property=\"og:type\" content=\"article\" \/>\n<meta property=\"og:title\" content=\"Trufas variadas sin az\u00facar - Bizkarra\" \/>\n<meta property=\"og:description\" content=\"[vc_row content_aligment=&#8221;center&#8221; css=&#8221;.vc_custom_1606133878083{margin-bottom: 70px !important;padding-top: 0px !important;padding-bottom: 0px !important;background-image: url(https:\/\/www.bizkarra.com\/tienda-online\/wp-content\/uploads\/2020\/11\/banner-productos.jpg?id=5096) !important;background-position: center !important;background-repeat: no-repeat !important;background-size: cover !important;}&#8221;][vc_column width=&#8221;1\/4&#8243;][vc_empty_space height=&#8221;50px&#8221;][vc_single_image image=&#8221;4435&#8243; img_size=&#8221;medium&#8221; alignment=&#8221;center&#8221;][vc_empty_space height=&#8221;20px&#8221;][\/vc_column][vc_column width=&#8221;1\/2&#8243;][vc_empty_space height=&#8221;100px&#8221;][vc_column_text el_class=&#8221;textoblanco&#8221;] TRUFAS VARIADAS SIN AZ\u00daCAR [\/vc_column_text][vc_empty_space height=&#8221;50px&#8221;][\/vc_column][vc_column width=&#8221;1\/4&#8243; css=&#8221;.vc_custom_1603365788580{margin-top: 0px !important;margin-right: 0px !important;margin-bottom: 0px !important;margin-left: 0px !important;padding-top: 50px !important;padding-bottom: 50px...\" \/>\n<meta property=\"og:url\" content=\"https:\/\/www.bizkarra.com\/tienda-online\/productos-vascos\/sin-azucar\/trufas-de-chocolate-sin-azucar\/\" \/>\n<meta property=\"og:site_name\" content=\"Bizkarra\" \/>\n<meta property=\"article:modified_time\" content=\"2021-11-15T12:37:39+00:00\" \/>\n<meta property=\"og:image\" content=\"https:\/\/www.bizkarra.com\/tienda-online\/wp-content\/uploads\/2020\/10\/ICONOS-01.png\" \/>\n<meta name=\"twitter:card\" content=\"summary_large_image\" \/>\n<!-- \/ Yoast SEO plugin. -->","yoast_head_json":{"title":"Trufas variadas sin az\u00facar - Bizkarra","robots":{"index":"noindex","follow":"follow"},"og_locale":"es_ES","og_type":"article","og_title":"Trufas variadas sin az\u00facar - Bizkarra","og_description":"[vc_row content_aligment=&#8221;center&#8221; css=&#8221;.vc_custom_1606133878083{margin-bottom: 70px !important;padding-top: 0px !important;padding-bottom: 0px !important;background-image: url(https:\/\/www.bizkarra.com\/tienda-online\/wp-content\/uploads\/2020\/11\/banner-productos.jpg?id=5096) !important;background-position: center !important;background-repeat: no-repeat !important;background-size: cover !important;}&#8221;][vc_column width=&#8221;1\/4&#8243;][vc_empty_space height=&#8221;50px&#8221;][vc_single_image image=&#8221;4435&#8243; img_size=&#8221;medium&#8221; alignment=&#8221;center&#8221;][vc_empty_space height=&#8221;20px&#8221;][\/vc_column][vc_column width=&#8221;1\/2&#8243;][vc_empty_space height=&#8221;100px&#8221;][vc_column_text el_class=&#8221;textoblanco&#8221;] TRUFAS VARIADAS SIN AZ\u00daCAR [\/vc_column_text][vc_empty_space height=&#8221;50px&#8221;][\/vc_column][vc_column width=&#8221;1\/4&#8243; css=&#8221;.vc_custom_1603365788580{margin-top: 0px !important;margin-right: 0px !important;margin-bottom: 0px !important;margin-left: 0px !important;padding-top: 50px !important;padding-bottom: 50px...","og_url":"https:\/\/www.bizkarra.com\/tienda-online\/productos-vascos\/sin-azucar\/trufas-de-chocolate-sin-azucar\/","og_site_name":"Bizkarra","article_modified_time":"2021-11-15T12:37:39+00:00","og_image":[{"url":"https:\/\/www.bizkarra.com\/tienda-online\/wp-content\/uploads\/2020\/10\/ICONOS-01.png"}],"twitter_card":"summary_large_image","schema":{"@context":"https:\/\/schema.org","@graph":[{"@type":"WebPage","@id":"https:\/\/www.bizkarra.com\/tienda-online\/producto-vasco\/sin-azucar\/trufas-variadas-sin-azucar\/","url":"https:\/\/www.bizkarra.com\/tienda-online\/productos-vascos\/sin-azucar\/trufas-de-chocolate-sin-azucar\/","name":"Trufas variadas sin az\u00facar - Bizkarra","isPartOf":{"@id":"https:\/\/www.bizkarra.com\/tienda-online\/#website"},"datePublished":"2020-11-03T16:32:51+00:00","dateModified":"2021-11-15T12:37:39+00:00","breadcrumb":{"@id":"https:\/\/www.bizkarra.com\/tienda-online\/productos-vascos\/sin-azucar\/trufas-de-chocolate-sin-azucar\/#breadcrumb"},"inLanguage":"es","potentialAction":[{"@type":"ReadAction","target":["https:\/\/www.bizkarra.com\/tienda-online\/productos-vascos\/sin-azucar\/trufas-de-chocolate-sin-azucar\/"]}]},{"@type":"BreadcrumbList","@id":"https:\/\/www.bizkarra.com\/tienda-online\/productos-vascos\/sin-azucar\/trufas-de-chocolate-sin-azucar\/#breadcrumb","itemListElement":[{"@type":"ListItem","position":1,"name":"Portada","item":"https:\/\/www.bizkarra.com\/tienda-online\/"},{"@type":"ListItem","position":2,"name":"Productos","item":"https:\/\/www.bizkarra.com\/tienda-online\/producto-vasco\/"},{"@type":"ListItem","position":3,"name":"Sin az\u00facar Bizkarra","item":"https:\/\/www.bizkarra.com\/tienda-online\/producto-vasco\/sin-azucar\/"},{"@type":"ListItem","position":4,"name":"Trufas variadas sin az\u00facar"}]},{"@type":"WebSite","@id":"https:\/\/www.bizkarra.com\/tienda-online\/#website","url":"https:\/\/www.bizkarra.com\/tienda-online\/","name":"Bizkarra","description":"Tienda Online de postres y dulces gourmet t\u00edpicos vascos","potentialAction":[{"@type":"SearchAction","target":{"@type":"EntryPoint","urlTemplate":"https:\/\/www.bizkarra.com\/tienda-online\/?s={search_term_string}"},"query-input":"required name=search_term_string"}],"inLanguage":"es"}]}},"_links":{"self":[{"href":"https:\/\/www.bizkarra.com\/tienda-online\/wp-json\/wp\/v2\/pages\/4697"}],"collection":[{"href":"https:\/\/www.bizkarra.com\/tienda-online\/wp-json\/wp\/v2\/pages"}],"about":[{"href":"https:\/\/www.bizkarra.com\/tienda-online\/wp-json\/wp\/v2\/types\/page"}],"author":[{"embeddable":true,"href":"https:\/\/www.bizkarra.com\/tienda-online\/wp-json\/wp\/v2\/users\/1"}],"replies":[{"embeddable":true,"href":"https:\/\/www.bizkarra.com\/tienda-online\/wp-json\/wp\/v2\/comments?post=4697"}],"version-history":[{"count":0,"href":"https:\/\/www.bizkarra.com\/tienda-online\/wp-json\/wp\/v2\/pages\/4697\/revisions"}],"up":[{"embeddable":true,"href":"https:\/\/www.bizkarra.com\/tienda-online\/wp-json\/wp\/v2\/pages\/4690"}],"wp:attachment":[{"href":"https:\/\/www.bizkarra.com\/tienda-online\/wp-json\/wp\/v2\/media?parent=4697"}],"curies":[{"name":"wp","href":"https:\/\/api.w.org\/{rel}","templated":true}]}}