{"id":4667,"date":"2020-11-03T16:15:40","date_gmt":"2020-11-03T16:15:40","guid":{"rendered":"https:\/\/www.bizkarra.com\/tienda-online\/?page_id=4667"},"modified":"2021-11-15T12:25:46","modified_gmt":"2021-11-15T12:25:46","slug":"delicias-variadas","status":"publish","type":"page","link":"https:\/\/www.bizkarra.com\/tienda-online\/producto-vasco\/turrones-y-delicias-bizkarra\/delicias-variadas\/","title":{"rendered":"Selecci\u00f3n Turrones vascos"},"content":{"rendered":"<p>[vc_row content_aligment=&#8221;center&#8221; css=&#8221;.vc_custom_1607084057753{margin-bottom: 20px !important;padding-top: 0px !important;padding-bottom: 0px !important;background-image: url(https:\/\/www.bizkarra.com\/tienda-online\/wp-content\/uploads\/2020\/11\/shutterstock_1816124888-scaled.jpg?id=5048) !important;background-position: center !important;background-repeat: no-repeat !important;background-size: cover !important;}&#8221;][vc_column width=&#8221;1\/4&#8243;][vc_empty_space height=&#8221;50px&#8221;][vc_single_image image=&#8221;4435&#8243; img_size=&#8221;medium&#8221; alignment=&#8221;center&#8221;][vc_empty_space height=&#8221;20px&#8221;][\/vc_column][vc_column width=&#8221;1\/2&#8243;][vc_empty_space height=&#8221;100px&#8221;][vc_column_text el_class=&#8221;textoblanco&#8221;]<\/p>\n<h1 style=\"text-align: center;\"><b> SELECCI\u00d3N <\/b><b>TURRONES VASCOS<\/b><\/h1>\n<p>[\/vc_column_text][vc_empty_space height=&#8221;50px&#8221;][\/vc_column][vc_column width=&#8221;1\/4&#8243; css=&#8221;.vc_custom_1603365788580{margin-top: 0px !important;margin-right: 0px !important;margin-bottom: 0px !important;margin-left: 0px !important;padding-top: 50px !important;padding-bottom: 50px !important;background-color: rgba(0,0,0,0.5) !important;*background-color: rgb(0,0,0) !important;}&#8221;][vc_column_text el_class=&#8221;textoblanco&#8221; css=&#8221;.vc_custom_1606473722717{padding-right: 20px !important;padding-left: 20px !important;}&#8221;]<\/p>\n<h3 style=\"text-align: center;\"><img loading=\"lazy\" decoding=\"async\" class=\"alignnone size-full wp-image-4542\" src=\"https:\/\/www.bizkarra.com\/tienda-online\/wp-content\/uploads\/2020\/10\/ICONOS-01.png\" alt=\"\" width=\"40\" height=\"40\" \/><br \/>\n<a href=\"tel: 34944568508\">944 56 85 08<\/a><\/h3>\n<h3 style=\"text-align: center;\"><\/h3>\n<p>[\/vc_column_text][vc_empty_space height=&#8221;20px&#8221;][vc_column_text el_class=&#8221;textoblanco&#8221; css=&#8221;.vc_custom_1607959096681{padding-right: 20px !important;padding-left: 20px !important;}&#8221;]<\/p>\n<h3 style=\"text-align: center;\"><span style=\"color: #ffffff;\"><img loading=\"lazy\" decoding=\"async\" class=\"size-full wp-image-4543 aligncenter\" src=\"https:\/\/www.bizkarra.com\/tienda-online\/wp-content\/uploads\/2020\/10\/ICONOS-02.png\" alt=\"\" width=\"40\" height=\"40\" \/><\/span><\/h3>\n<h3><\/h3>\n<h3 style=\"text-align: center;\"><a href=\"https:\/\/wa.me\/34655 61 39 81\">655 61 39 81<\/a><\/h3>\n<p>[\/vc_column_text][\/vc_column][\/vc_row][vc_row content_width=&#8221;grid&#8221; css=&#8221;.vc_custom_1607084075336{margin-top: 0px !important;margin-bottom: 40px !important;border-top-width: 0px !important;padding-top: 0px !important;}&#8221;][vc_column][vc_single_image image=&#8221;4761&#8243; img_size=&#8221;full&#8221;][\/vc_column][\/vc_row][vc_row content_width=&#8221;grid&#8221; css=&#8221;.vc_custom_1603363621138{margin-top: 40px !important;margin-bottom: 40px !important;}&#8221;][vc_column width=&#8221;1\/6&#8243;][vc_empty_space height=&#8221;1px&#8221;][\/vc_column][vc_column width=&#8221;2\/3&#8243;][vc_column_text]<\/p>\n<p style=\"text-align: center;\"><span style=\"font-weight: 400;\">Nuestra selecci\u00f3n de turr\u00f3n incluye los bocados m\u00e1s deliciosos de nuestros turrones vascos, ya troceados:<\/span><\/p>\n<p style=\"text-align: center;\"><span style=\"font-weight: 400;\">Turr\u00f3n de queso de Urkiola, de la peque\u00f1a queser\u00eda artesanal de la familia Bizkarra-Legorra, que desde 1924 elabora este queso partiendo, \u00fanicamente, de su caba\u00f1a de ovejas.\u00a0\u00a0\u00a0<\/span><\/p>\n<p style=\"text-align: center;\"><span style=\"font-weight: 400;\">Turr\u00f3n de Intxaursaltsa, el tradicional postre de nueces, t\u00edpico de la nochebuena vasca, que hemos recreado en nuestro obrador como turr\u00f3n, partiendo de la receta familiar de la amama Mari. Uno de los pocos turrones que se elaboran con nueces.\u00a0<\/span><\/p>\n<p style=\"text-align: center;\"><span style=\"font-weight: 400;\">Turr\u00f3n de Sokonusko, exclusivo de los pasteleros bilba\u00ednos, y seg\u00fan cuentan, en su origen hecho con cacao tra\u00eddo de Santa Ana de Soconusco.\u00a0<\/span><\/p>\n<p style=\"text-align: center;\"><span style=\"font-weight: 400;\">Todo el sabor de la navidad vasca en una caja de turrones surtidos.\u00a0<\/span><\/p>\n<p>[\/vc_column_text][vc_empty_space][\/vc_column][vc_column width=&#8221;1\/6&#8243;][vc_empty_space height=&#8221;1px&#8221;][\/vc_column][\/vc_row][vc_row content_width=&#8221;grid&#8221; css=&#8221;.vc_custom_1603363621138{margin-top: 40px !important;margin-bottom: 40px !important;}&#8221;][vc_column width=&#8221;1\/2&#8243;][vc_column_text el_class=&#8221;cabsub&#8221;]<\/p>\n<h2>INGREDIENTES<\/h2>\n<p>[\/vc_column_text][vc_empty_space][vc_column_text]<em>(al\u00e9rgenos en negrita)<\/em>:<\/p>\n<p><span style=\"font-weight: 400;\">Turr\u00f3n de queso de Urkiola:<\/span><b> Almendra<\/b><span style=\"font-weight: 400;\">, az\u00facar, Queso de oveja (<\/span><b>leche<\/b><span style=\"font-weight: 400;\">), chocolate blanco (<\/span><b>leche<\/b><span style=\"font-weight: 400;\">), manteca de cacao, brandy y sal.<\/span><\/p>\n<p><span style=\"font-weight: 400;\">Turr\u00f3n de Intxaursaltsa: <\/span><b>Nuez<\/b><span style=\"font-weight: 400;\">, az\u00facar, pralin\u00e9 de <\/span><b>almendra<\/b><span style=\"font-weight: 400;\">, chocolate blanco (<\/span><b>leche<\/b><span style=\"font-weight: 400;\">), manteca de cacao, brandy.<\/span><\/p>\n<p><span style=\"font-weight: 400;\">Turr\u00f3n de Sokonusko: <\/span><b>Almendra<\/b><span style=\"font-weight: 400;\">, az\u00facar, chocolate con <\/span><b>leche<\/b><span style=\"font-weight: 400;\">, chocolate negro 65% cacao, chocolate blanco (<\/span><b>leche<\/b><span style=\"font-weight: 400;\">), manteca de cacao, brandy.<\/span><\/p>\n<p><span style=\"font-weight: 400;\">Por ser producto elaborado en nuestro obrador, puede contener trazas de <\/span><b>gluten, huevo.<\/b>[\/vc_column_text][vc_empty_space][\/vc_column][vc_column width=&#8221;1\/2&#8243;][vc_column_text el_class=&#8221;cabsub&#8221;]<\/p>\n<h2>PRESENTACI\u00d3N Y PRECIO<\/h2>\n<p>[\/vc_column_text][vc_empty_space][vc_column_text]<\/p>\n<p style=\"text-align: justify;\"><span style=\"font-weight: 400;\">Caja de delicias de turr\u00f3n de queso, ya cortado, de 200 gr.<\/span><\/p>\n<p><strong>Precio:<\/strong>\u00a010,50\u20ac[\/vc_column_text][vc_empty_space][\/vc_column][\/vc_row]<\/p>\n","protected":false},"excerpt":{"rendered":"<p>[vc_row content_aligment=&#8221;center&#8221; css=&#8221;.vc_custom_1607084057753{margin-bottom: 20px !important;padding-top: 0px !important;padding-bottom: 0px !important;background-image: url(https:\/\/www.bizkarra.com\/tienda-online\/wp-content\/uploads\/2020\/11\/shutterstock_1816124888-scaled.jpg?id=5048) !important;background-position: center !important;background-repeat: no-repeat !important;background-size: cover !important;}&#8221;][vc_column width=&#8221;1\/4&#8243;][vc_empty_space height=&#8221;50px&#8221;][vc_single_image image=&#8221;4435&#8243; img_size=&#8221;medium&#8221; alignment=&#8221;center&#8221;][vc_empty_space height=&#8221;20px&#8221;][\/vc_column][vc_column width=&#8221;1\/2&#8243;][vc_empty_space height=&#8221;100px&#8221;][vc_column_text el_class=&#8221;textoblanco&#8221;] SELECCI\u00d3N TURRONES VASCOS [\/vc_column_text][vc_empty_space height=&#8221;50px&#8221;][\/vc_column][vc_column width=&#8221;1\/4&#8243; css=&#8221;.vc_custom_1603365788580{margin-top: 0px !important;margin-right: 0px !important;margin-bottom: 0px !important;margin-left: 0px !important;padding-top: 50px !important;padding-bottom: 50px !important;background-color:&#8230;<\/p>\n","protected":false},"author":1,"featured_media":0,"parent":4641,"menu_order":8,"comment_status":"closed","ping_status":"closed","template":"full-width.php","meta":{"footnotes":""},"yoast_head":"<!-- This site is optimized with the Yoast SEO plugin v22.1 - https:\/\/yoast.com\/wordpress\/plugins\/seo\/ -->\n<title>Selecci\u00f3n Turrones vascos - Bizkarra<\/title>\n<meta name=\"robots\" content=\"noindex, follow\" \/>\n<meta property=\"og:locale\" content=\"es_ES\" \/>\n<meta property=\"og:type\" content=\"article\" \/>\n<meta property=\"og:title\" content=\"Selecci\u00f3n Turrones vascos - Bizkarra\" \/>\n<meta property=\"og:description\" content=\"[vc_row content_aligment=&#8221;center&#8221; css=&#8221;.vc_custom_1607084057753{margin-bottom: 20px !important;padding-top: 0px !important;padding-bottom: 0px !important;background-image: url(https:\/\/www.bizkarra.com\/tienda-online\/wp-content\/uploads\/2020\/11\/shutterstock_1816124888-scaled.jpg?id=5048) !important;background-position: center !important;background-repeat: no-repeat !important;background-size: cover !important;}&#8221;][vc_column width=&#8221;1\/4&#8243;][vc_empty_space height=&#8221;50px&#8221;][vc_single_image image=&#8221;4435&#8243; img_size=&#8221;medium&#8221; alignment=&#8221;center&#8221;][vc_empty_space height=&#8221;20px&#8221;][\/vc_column][vc_column width=&#8221;1\/2&#8243;][vc_empty_space height=&#8221;100px&#8221;][vc_column_text el_class=&#8221;textoblanco&#8221;] SELECCI\u00d3N TURRONES VASCOS [\/vc_column_text][vc_empty_space height=&#8221;50px&#8221;][\/vc_column][vc_column width=&#8221;1\/4&#8243; css=&#8221;.vc_custom_1603365788580{margin-top: 0px !important;margin-right: 0px !important;margin-bottom: 0px !important;margin-left: 0px !important;padding-top: 50px !important;padding-bottom: 50px !important;background-color:...\" \/>\n<meta property=\"og:url\" content=\"https:\/\/www.bizkarra.com\/tienda-online\/productos-vascos\/turrones-vascos\/seleccion-turrones-vascos\/\" \/>\n<meta property=\"og:site_name\" content=\"Bizkarra\" \/>\n<meta property=\"article:modified_time\" content=\"2021-11-15T12:25:46+00:00\" \/>\n<meta property=\"og:image\" content=\"https:\/\/www.bizkarra.com\/tienda-online\/wp-content\/uploads\/2020\/10\/ICONOS-01.png\" \/>\n<meta name=\"twitter:card\" content=\"summary_large_image\" \/>\n<!-- \/ Yoast SEO plugin. -->","yoast_head_json":{"title":"Selecci\u00f3n Turrones vascos - Bizkarra","robots":{"index":"noindex","follow":"follow"},"og_locale":"es_ES","og_type":"article","og_title":"Selecci\u00f3n Turrones vascos - Bizkarra","og_description":"[vc_row content_aligment=&#8221;center&#8221; css=&#8221;.vc_custom_1607084057753{margin-bottom: 20px !important;padding-top: 0px !important;padding-bottom: 0px !important;background-image: url(https:\/\/www.bizkarra.com\/tienda-online\/wp-content\/uploads\/2020\/11\/shutterstock_1816124888-scaled.jpg?id=5048) !important;background-position: center !important;background-repeat: no-repeat !important;background-size: cover !important;}&#8221;][vc_column width=&#8221;1\/4&#8243;][vc_empty_space height=&#8221;50px&#8221;][vc_single_image image=&#8221;4435&#8243; img_size=&#8221;medium&#8221; alignment=&#8221;center&#8221;][vc_empty_space height=&#8221;20px&#8221;][\/vc_column][vc_column width=&#8221;1\/2&#8243;][vc_empty_space height=&#8221;100px&#8221;][vc_column_text el_class=&#8221;textoblanco&#8221;] SELECCI\u00d3N TURRONES VASCOS [\/vc_column_text][vc_empty_space height=&#8221;50px&#8221;][\/vc_column][vc_column width=&#8221;1\/4&#8243; css=&#8221;.vc_custom_1603365788580{margin-top: 0px !important;margin-right: 0px !important;margin-bottom: 0px !important;margin-left: 0px !important;padding-top: 50px !important;padding-bottom: 50px !important;background-color:...","og_url":"https:\/\/www.bizkarra.com\/tienda-online\/productos-vascos\/turrones-vascos\/seleccion-turrones-vascos\/","og_site_name":"Bizkarra","article_modified_time":"2021-11-15T12:25:46+00:00","og_image":[{"url":"https:\/\/www.bizkarra.com\/tienda-online\/wp-content\/uploads\/2020\/10\/ICONOS-01.png"}],"twitter_card":"summary_large_image","schema":{"@context":"https:\/\/schema.org","@graph":[{"@type":"WebPage","@id":"https:\/\/www.bizkarra.com\/tienda-online\/producto-vasco\/turrones-y-delicias-bizkarra\/delicias-variadas\/","url":"https:\/\/www.bizkarra.com\/tienda-online\/productos-vascos\/turrones-vascos\/seleccion-turrones-vascos\/","name":"Selecci\u00f3n Turrones vascos - Bizkarra","isPartOf":{"@id":"https:\/\/www.bizkarra.com\/tienda-online\/#website"},"datePublished":"2020-11-03T16:15:40+00:00","dateModified":"2021-11-15T12:25:46+00:00","breadcrumb":{"@id":"https:\/\/www.bizkarra.com\/tienda-online\/productos-vascos\/turrones-vascos\/seleccion-turrones-vascos\/#breadcrumb"},"inLanguage":"es","potentialAction":[{"@type":"ReadAction","target":["https:\/\/www.bizkarra.com\/tienda-online\/productos-vascos\/turrones-vascos\/seleccion-turrones-vascos\/"]}]},{"@type":"BreadcrumbList","@id":"https:\/\/www.bizkarra.com\/tienda-online\/productos-vascos\/turrones-vascos\/seleccion-turrones-vascos\/#breadcrumb","itemListElement":[{"@type":"ListItem","position":1,"name":"Portada","item":"https:\/\/www.bizkarra.com\/tienda-online\/"},{"@type":"ListItem","position":2,"name":"Productos","item":"https:\/\/www.bizkarra.com\/tienda-online\/producto-vasco\/"},{"@type":"ListItem","position":3,"name":"Turrones Vascos","item":"https:\/\/www.bizkarra.com\/tienda-online\/producto-vasco\/turrones-y-delicias-bizkarra\/"},{"@type":"ListItem","position":4,"name":"Selecci\u00f3n Turrones vascos"}]},{"@type":"WebSite","@id":"https:\/\/www.bizkarra.com\/tienda-online\/#website","url":"https:\/\/www.bizkarra.com\/tienda-online\/","name":"Bizkarra","description":"Tienda Online de postres y dulces gourmet t\u00edpicos vascos","potentialAction":[{"@type":"SearchAction","target":{"@type":"EntryPoint","urlTemplate":"https:\/\/www.bizkarra.com\/tienda-online\/?s={search_term_string}"},"query-input":"required name=search_term_string"}],"inLanguage":"es"}]}},"_links":{"self":[{"href":"https:\/\/www.bizkarra.com\/tienda-online\/wp-json\/wp\/v2\/pages\/4667"}],"collection":[{"href":"https:\/\/www.bizkarra.com\/tienda-online\/wp-json\/wp\/v2\/pages"}],"about":[{"href":"https:\/\/www.bizkarra.com\/tienda-online\/wp-json\/wp\/v2\/types\/page"}],"author":[{"embeddable":true,"href":"https:\/\/www.bizkarra.com\/tienda-online\/wp-json\/wp\/v2\/users\/1"}],"replies":[{"embeddable":true,"href":"https:\/\/www.bizkarra.com\/tienda-online\/wp-json\/wp\/v2\/comments?post=4667"}],"version-history":[{"count":0,"href":"https:\/\/www.bizkarra.com\/tienda-online\/wp-json\/wp\/v2\/pages\/4667\/revisions"}],"up":[{"embeddable":true,"href":"https:\/\/www.bizkarra.com\/tienda-online\/wp-json\/wp\/v2\/pages\/4641"}],"wp:attachment":[{"href":"https:\/\/www.bizkarra.com\/tienda-online\/wp-json\/wp\/v2\/media?parent=4667"}],"curies":[{"name":"wp","href":"https:\/\/api.w.org\/{rel}","templated":true}]}}