{"id":4653,"date":"2020-11-03T16:06:14","date_gmt":"2020-11-03T16:06:14","guid":{"rendered":"https:\/\/www.bizkarra.com\/tienda-online\/?page_id=4653"},"modified":"2021-11-15T12:21:17","modified_gmt":"2021-11-15T12:21:17","slug":"trufas-de-aceite","status":"publish","type":"page","link":"https:\/\/www.bizkarra.com\/tienda-online\/producto-vasco\/trufas-bizkarra\/trufas-de-aceite\/","title":{"rendered":"Trufas de Aceite de Moreda de \u00c1lava"},"content":{"rendered":"<p>[vc_row content_aligment=&#8221;center&#8221; css=&#8221;.vc_custom_1607083121837{margin-bottom: 20px !important;padding-top: 0px !important;padding-bottom: 0px !important;background-image: url(https:\/\/www.bizkarra.com\/tienda-online\/wp-content\/uploads\/2020\/11\/shutterstock_1816124888-scaled.jpg?id=5048) !important;background-position: center !important;background-repeat: no-repeat !important;background-size: cover !important;}&#8221;][vc_column width=&#8221;1\/4&#8243;][vc_empty_space height=&#8221;50px&#8221;][vc_single_image image=&#8221;4435&#8243; img_size=&#8221;medium&#8221; alignment=&#8221;center&#8221;][vc_empty_space height=&#8221;20px&#8221;][\/vc_column][vc_column width=&#8221;1\/2&#8243;][vc_empty_space height=&#8221;100px&#8221;][vc_column_text el_class=&#8221;textoblanco&#8221;]<\/p>\n<h1 style=\"text-align: center;\">TRUFAS DE ACEITE DE MOREDA DE \u00c1LAVA<\/h1>\n<p>[\/vc_column_text][vc_empty_space height=&#8221;50px&#8221;][\/vc_column][vc_column width=&#8221;1\/4&#8243; css=&#8221;.vc_custom_1603365788580{margin-top: 0px !important;margin-right: 0px !important;margin-bottom: 0px !important;margin-left: 0px !important;padding-top: 50px !important;padding-bottom: 50px !important;background-color: rgba(0,0,0,0.5) !important;*background-color: rgb(0,0,0) !important;}&#8221;][vc_column_text el_class=&#8221;textoblanco&#8221; css=&#8221;.vc_custom_1606473172434{padding-right: 20px !important;padding-left: 20px !important;}&#8221;]<\/p>\n<h3 style=\"text-align: center;\"><img loading=\"lazy\" decoding=\"async\" class=\"alignnone size-full wp-image-4542\" src=\"https:\/\/www.bizkarra.com\/tienda-online\/wp-content\/uploads\/2020\/10\/ICONOS-01.png\" alt=\"\" width=\"40\" height=\"40\" \/><br \/>\n<a href=\"tel: 34944568508\">944 56 85 08<\/a><\/h3>\n<h3 style=\"text-align: center;\"><\/h3>\n<p>[\/vc_column_text][vc_empty_space height=&#8221;20px&#8221;][vc_column_text el_class=&#8221;textoblanco&#8221; css=&#8221;.vc_custom_1607958788208{padding-right: 20px !important;padding-left: 20px !important;}&#8221;]<\/p>\n<h3 style=\"text-align: center;\"><span style=\"color: #ffffff;\"><img loading=\"lazy\" decoding=\"async\" class=\"size-full wp-image-4543 aligncenter\" src=\"https:\/\/www.bizkarra.com\/tienda-online\/wp-content\/uploads\/2020\/10\/ICONOS-02.png\" alt=\"\" width=\"40\" height=\"40\" \/><\/span><\/h3>\n<h3><\/h3>\n<h3 style=\"text-align: center;\"><a href=\"https:\/\/wa.me\/34655 61 39 81\">655 61 39 81<\/a><\/h3>\n<p>[\/vc_column_text][\/vc_column][\/vc_row][vc_row content_width=&#8221;grid&#8221; css=&#8221;.vc_custom_1607083137761{margin-top: 0px !important;margin-bottom: 40px !important;border-top-width: 0px !important;padding-top: 0px !important;}&#8221;][vc_column][vc_single_image image=&#8221;4742&#8243; img_size=&#8221;full&#8221;][\/vc_column][\/vc_row][vc_row content_width=&#8221;grid&#8221; css=&#8221;.vc_custom_1603363621138{margin-top: 40px !important;margin-bottom: 40px !important;}&#8221;][vc_column width=&#8221;1\/6&#8243;][vc_empty_space height=&#8221;1px&#8221;][\/vc_column][vc_column width=&#8221;2\/3&#8243;][vc_column_text]<\/p>\n<p style=\"text-align: center;\"><span style=\"font-weight: 400;\">En la provincia de Araba se conservan intactas las tradiciones de la aceituna y el aceite de sus ancestros. Los habitantes m\u00e1s longevos de Moreda, en la Cuadrilla de Laguardia, recuerdan c\u00f3mo todos los terrenos que rodeaban el pueblo formaban un gran olivar. El trujal, en funcionamiento desde 1947, atestigua la tradici\u00f3n olivarera de la zona donde hoy en d\u00eda la cooperativa \u201cLa Equidad\u201d se encarga de la recogida tradicional de la oliva de la variedad aut\u00f3ctona Arroniz.\u00a0<\/span><\/p>\n<p style=\"text-align: center;\"><span style=\"font-weight: 400;\">Como en Bizkarra, la elaboraci\u00f3n artesanal y el amor por la conservaci\u00f3n de nuestro patrimonio gastron\u00f3mico, gu\u00edan a los productores de este preciado aceite de origen vasco certificado por el Label de Calidad, que en Bizkarra incorporamos para la elaboraci\u00f3n de nuestra trufa de aceite de oliva. Una trufa arom\u00e1tica y untuosa, que despliega en el paladar sabores muy de nuestra tierra. Fruto de los valores compartidos y el saber hacer de \u201cLa equidad\u201d y nuestros reposteros de Bizkarra.<\/span><\/p>\n<p>[\/vc_column_text][vc_empty_space][\/vc_column][vc_column width=&#8221;1\/6&#8243;][vc_empty_space height=&#8221;1px&#8221;][\/vc_column][\/vc_row][vc_row content_width=&#8221;grid&#8221; css=&#8221;.vc_custom_1603363621138{margin-top: 40px !important;margin-bottom: 40px !important;}&#8221;][vc_column width=&#8221;1\/2&#8243;][vc_column_text el_class=&#8221;cabsub&#8221;]<\/p>\n<h2>INGREDIENTES<\/h2>\n<p>[\/vc_column_text][vc_empty_space][vc_column_text]<\/p>\n<p style=\"text-align: justify;\"><span style=\"font-weight: 400;\"><em>(al\u00e9rgenos en negrita): <\/em><\/span><span style=\"font-weight: 400;\">Chocolate blanco (<\/span><b>leche<\/b><span style=\"font-weight: 400;\">), mantequilla (<\/span><b>leche<\/b><span style=\"font-weight: 400;\">), aceite de oliva virgen extra (La Equidad), az\u00facar glas, licor cointreau.<\/span><\/p>\n<p style=\"text-align: justify;\"><span style=\"font-weight: 400;\">Por ser producto elaborado en nuestro obrador, puede contener trazas de <b>frutos secos, gluten, huevo.<\/b><\/span><\/p>\n<p>[\/vc_column_text][vc_empty_space][\/vc_column][vc_column width=&#8221;1\/2&#8243;][vc_column_text el_class=&#8221;cabsub&#8221;]<\/p>\n<h2>PRESENTACI\u00d3N Y PRECIO<\/h2>\n<p>[\/vc_column_text][vc_empty_space][vc_column_text]<\/p>\n<p style=\"text-align: justify;\"><span style=\"font-weight: 400;\">Caja de 8 trufas, 150gr.<\/span><\/p>\n<p><strong>Precio:<\/strong>\u00a010,50\u20ac[\/vc_column_text][vc_empty_space][\/vc_column][\/vc_row]<\/p>\n","protected":false},"excerpt":{"rendered":"<p>[vc_row content_aligment=&#8221;center&#8221; css=&#8221;.vc_custom_1607083121837{margin-bottom: 20px !important;padding-top: 0px !important;padding-bottom: 0px !important;background-image: url(https:\/\/www.bizkarra.com\/tienda-online\/wp-content\/uploads\/2020\/11\/shutterstock_1816124888-scaled.jpg?id=5048) !important;background-position: center !important;background-repeat: no-repeat !important;background-size: cover !important;}&#8221;][vc_column width=&#8221;1\/4&#8243;][vc_empty_space height=&#8221;50px&#8221;][vc_single_image image=&#8221;4435&#8243; img_size=&#8221;medium&#8221; alignment=&#8221;center&#8221;][vc_empty_space height=&#8221;20px&#8221;][\/vc_column][vc_column width=&#8221;1\/2&#8243;][vc_empty_space height=&#8221;100px&#8221;][vc_column_text el_class=&#8221;textoblanco&#8221;] TRUFAS DE ACEITE DE MOREDA DE \u00c1LAVA [\/vc_column_text][vc_empty_space height=&#8221;50px&#8221;][\/vc_column][vc_column width=&#8221;1\/4&#8243; css=&#8221;.vc_custom_1603365788580{margin-top: 0px !important;margin-right: 0px !important;margin-bottom: 0px !important;margin-left: 0px !important;padding-top:&#8230;<\/p>\n","protected":false},"author":1,"featured_media":0,"parent":4725,"menu_order":3,"comment_status":"closed","ping_status":"closed","template":"full-width.php","meta":{"footnotes":""},"yoast_head":"<!-- This site is optimized with the Yoast SEO plugin v22.1 - https:\/\/yoast.com\/wordpress\/plugins\/seo\/ -->\n<title>Trufas de Aceite de Moreda de \u00c1lava - Bizkarra<\/title>\n<meta name=\"robots\" content=\"noindex, follow\" \/>\n<meta property=\"og:locale\" content=\"es_ES\" \/>\n<meta property=\"og:type\" content=\"article\" \/>\n<meta property=\"og:title\" content=\"Trufas de Aceite de Moreda de \u00c1lava - Bizkarra\" \/>\n<meta property=\"og:description\" content=\"[vc_row content_aligment=&#8221;center&#8221; css=&#8221;.vc_custom_1607083121837{margin-bottom: 20px !important;padding-top: 0px !important;padding-bottom: 0px !important;background-image: url(https:\/\/www.bizkarra.com\/tienda-online\/wp-content\/uploads\/2020\/11\/shutterstock_1816124888-scaled.jpg?id=5048) !important;background-position: center !important;background-repeat: no-repeat !important;background-size: cover !important;}&#8221;][vc_column width=&#8221;1\/4&#8243;][vc_empty_space height=&#8221;50px&#8221;][vc_single_image image=&#8221;4435&#8243; img_size=&#8221;medium&#8221; alignment=&#8221;center&#8221;][vc_empty_space height=&#8221;20px&#8221;][\/vc_column][vc_column width=&#8221;1\/2&#8243;][vc_empty_space height=&#8221;100px&#8221;][vc_column_text el_class=&#8221;textoblanco&#8221;] TRUFAS DE ACEITE DE MOREDA DE \u00c1LAVA [\/vc_column_text][vc_empty_space height=&#8221;50px&#8221;][\/vc_column][vc_column width=&#8221;1\/4&#8243; css=&#8221;.vc_custom_1603365788580{margin-top: 0px !important;margin-right: 0px !important;margin-bottom: 0px !important;margin-left: 0px !important;padding-top:...\" \/>\n<meta property=\"og:url\" content=\"https:\/\/www.bizkarra.com\/tienda-online\/productos-vascos\/trufas-vascas\/trufas-de-aceite-de-moreda-de-alava\/\" \/>\n<meta property=\"og:site_name\" content=\"Bizkarra\" \/>\n<meta property=\"article:modified_time\" content=\"2021-11-15T12:21:17+00:00\" \/>\n<meta property=\"og:image\" content=\"https:\/\/www.bizkarra.com\/tienda-online\/wp-content\/uploads\/2020\/10\/ICONOS-01.png\" \/>\n<meta name=\"twitter:card\" content=\"summary_large_image\" \/>\n<!-- \/ Yoast SEO plugin. -->","yoast_head_json":{"title":"Trufas de Aceite de Moreda de \u00c1lava - Bizkarra","robots":{"index":"noindex","follow":"follow"},"og_locale":"es_ES","og_type":"article","og_title":"Trufas de Aceite de Moreda de \u00c1lava - Bizkarra","og_description":"[vc_row content_aligment=&#8221;center&#8221; css=&#8221;.vc_custom_1607083121837{margin-bottom: 20px !important;padding-top: 0px !important;padding-bottom: 0px !important;background-image: url(https:\/\/www.bizkarra.com\/tienda-online\/wp-content\/uploads\/2020\/11\/shutterstock_1816124888-scaled.jpg?id=5048) !important;background-position: center !important;background-repeat: no-repeat !important;background-size: cover !important;}&#8221;][vc_column width=&#8221;1\/4&#8243;][vc_empty_space height=&#8221;50px&#8221;][vc_single_image image=&#8221;4435&#8243; img_size=&#8221;medium&#8221; alignment=&#8221;center&#8221;][vc_empty_space height=&#8221;20px&#8221;][\/vc_column][vc_column width=&#8221;1\/2&#8243;][vc_empty_space height=&#8221;100px&#8221;][vc_column_text el_class=&#8221;textoblanco&#8221;] TRUFAS DE ACEITE DE MOREDA DE \u00c1LAVA [\/vc_column_text][vc_empty_space height=&#8221;50px&#8221;][\/vc_column][vc_column width=&#8221;1\/4&#8243; css=&#8221;.vc_custom_1603365788580{margin-top: 0px !important;margin-right: 0px !important;margin-bottom: 0px !important;margin-left: 0px !important;padding-top:...","og_url":"https:\/\/www.bizkarra.com\/tienda-online\/productos-vascos\/trufas-vascas\/trufas-de-aceite-de-moreda-de-alava\/","og_site_name":"Bizkarra","article_modified_time":"2021-11-15T12:21:17+00:00","og_image":[{"url":"https:\/\/www.bizkarra.com\/tienda-online\/wp-content\/uploads\/2020\/10\/ICONOS-01.png"}],"twitter_card":"summary_large_image","schema":{"@context":"https:\/\/schema.org","@graph":[{"@type":"WebPage","@id":"https:\/\/www.bizkarra.com\/tienda-online\/producto-vasco\/trufas-bizkarra\/trufas-de-aceite\/","url":"https:\/\/www.bizkarra.com\/tienda-online\/productos-vascos\/trufas-vascas\/trufas-de-aceite-de-moreda-de-alava\/","name":"Trufas de Aceite de Moreda de \u00c1lava - Bizkarra","isPartOf":{"@id":"https:\/\/www.bizkarra.com\/tienda-online\/#website"},"datePublished":"2020-11-03T16:06:14+00:00","dateModified":"2021-11-15T12:21:17+00:00","breadcrumb":{"@id":"https:\/\/www.bizkarra.com\/tienda-online\/productos-vascos\/trufas-vascas\/trufas-de-aceite-de-moreda-de-alava\/#breadcrumb"},"inLanguage":"es","potentialAction":[{"@type":"ReadAction","target":["https:\/\/www.bizkarra.com\/tienda-online\/productos-vascos\/trufas-vascas\/trufas-de-aceite-de-moreda-de-alava\/"]}]},{"@type":"BreadcrumbList","@id":"https:\/\/www.bizkarra.com\/tienda-online\/productos-vascos\/trufas-vascas\/trufas-de-aceite-de-moreda-de-alava\/#breadcrumb","itemListElement":[{"@type":"ListItem","position":1,"name":"Portada","item":"https:\/\/www.bizkarra.com\/tienda-online\/"},{"@type":"ListItem","position":2,"name":"Productos","item":"https:\/\/www.bizkarra.com\/tienda-online\/producto-vasco\/"},{"@type":"ListItem","position":3,"name":"Trufas de Bilbao","item":"https:\/\/www.bizkarra.com\/tienda-online\/producto-vasco\/trufas-bizkarra\/"},{"@type":"ListItem","position":4,"name":"Trufas de Aceite de Moreda de \u00c1lava"}]},{"@type":"WebSite","@id":"https:\/\/www.bizkarra.com\/tienda-online\/#website","url":"https:\/\/www.bizkarra.com\/tienda-online\/","name":"Bizkarra","description":"Tienda Online de postres y dulces gourmet t\u00edpicos vascos","potentialAction":[{"@type":"SearchAction","target":{"@type":"EntryPoint","urlTemplate":"https:\/\/www.bizkarra.com\/tienda-online\/?s={search_term_string}"},"query-input":"required name=search_term_string"}],"inLanguage":"es"}]}},"_links":{"self":[{"href":"https:\/\/www.bizkarra.com\/tienda-online\/wp-json\/wp\/v2\/pages\/4653"}],"collection":[{"href":"https:\/\/www.bizkarra.com\/tienda-online\/wp-json\/wp\/v2\/pages"}],"about":[{"href":"https:\/\/www.bizkarra.com\/tienda-online\/wp-json\/wp\/v2\/types\/page"}],"author":[{"embeddable":true,"href":"https:\/\/www.bizkarra.com\/tienda-online\/wp-json\/wp\/v2\/users\/1"}],"replies":[{"embeddable":true,"href":"https:\/\/www.bizkarra.com\/tienda-online\/wp-json\/wp\/v2\/comments?post=4653"}],"version-history":[{"count":0,"href":"https:\/\/www.bizkarra.com\/tienda-online\/wp-json\/wp\/v2\/pages\/4653\/revisions"}],"up":[{"embeddable":true,"href":"https:\/\/www.bizkarra.com\/tienda-online\/wp-json\/wp\/v2\/pages\/4725"}],"wp:attachment":[{"href":"https:\/\/www.bizkarra.com\/tienda-online\/wp-json\/wp\/v2\/media?parent=4653"}],"curies":[{"name":"wp","href":"https:\/\/api.w.org\/{rel}","templated":true}]}}