{"id":4609,"date":"2020-11-03T15:36:18","date_gmt":"2020-11-03T15:36:18","guid":{"rendered":"https:\/\/www.bizkarra.com\/tienda-online\/?page_id=4609"},"modified":"2021-11-15T12:31:23","modified_gmt":"2021-11-15T12:31:23","slug":"bollo-de-mantequilla","status":"publish","type":"page","link":"https:\/\/www.bizkarra.com\/tienda-online\/producto-vasco\/postres-tipicos\/bollo-de-mantequilla\/","title":{"rendered":"Bollo de mantequilla"},"content":{"rendered":"<p>[vc_row content_aligment=&#8221;center&#8221; css=&#8221;.vc_custom_1607085005408{margin-bottom: 20px !important;padding-top: 0px !important;padding-bottom: 0px !important;background-image: url(https:\/\/www.bizkarra.com\/tienda-online\/wp-content\/uploads\/2020\/11\/banner-productos.jpg?id=5096) !important;background-position: center !important;background-repeat: no-repeat !important;background-size: cover !important;}&#8221;][vc_column width=&#8221;1\/4&#8243;][vc_empty_space height=&#8221;50px&#8221;][vc_single_image image=&#8221;4435&#8243; img_size=&#8221;medium&#8221; alignment=&#8221;center&#8221;][vc_empty_space height=&#8221;20px&#8221;][\/vc_column][vc_column width=&#8221;1\/2&#8243;][vc_empty_space height=&#8221;100px&#8221;][vc_column_text el_class=&#8221;textoblanco&#8221;]<\/p>\n<h1 style=\"text-align: center;\">BOLLO DE MANTEQUILLA<\/h1>\n<p>[\/vc_column_text][vc_empty_space height=&#8221;50px&#8221;][\/vc_column][vc_column width=&#8221;1\/4&#8243; css=&#8221;.vc_custom_1603365788580{margin-top: 0px !important;margin-right: 0px !important;margin-bottom: 0px !important;margin-left: 0px !important;padding-top: 50px !important;padding-bottom: 50px !important;background-color: rgba(0,0,0,0.5) !important;*background-color: rgb(0,0,0) !important;}&#8221;][vc_column_text el_class=&#8221;textoblanco&#8221; css=&#8221;.vc_custom_1612524902497{padding-right: 20px !important;padding-left: 20px !important;}&#8221;]<\/p>\n<h3 style=\"text-align: center;\"><img loading=\"lazy\" decoding=\"async\" class=\"alignnone size-full wp-image-4542\" src=\"https:\/\/www.bizkarra.com\/tienda-online\/wp-content\/uploads\/2020\/10\/ICONOS-01.png\" alt=\"\" width=\"40\" height=\"40\" \/><br \/>\n<a href=\"tel: 34944568508\">944 56 85 08<\/a><\/h3>\n<p>[\/vc_column_text][vc_empty_space height=&#8221;20px&#8221;][vc_column_text el_class=&#8221;textoblanco&#8221; css=&#8221;.vc_custom_1612524889506{padding-right: 20px !important;padding-left: 20px !important;}&#8221;]<\/p>\n<p style=\"text-align: center;\"><span style=\"color: #ffffff;\"><img loading=\"lazy\" decoding=\"async\" class=\"size-full wp-image-4543 aligncenter\" src=\"https:\/\/www.bizkarra.com\/tienda-online\/wp-content\/uploads\/2020\/10\/ICONOS-02.png\" alt=\"\" width=\"40\" height=\"40\" \/><\/span><\/p>\n<h3 style=\"text-align: center;\"><a href=\"https:\/\/wa.me\/34655 61 39 81\">655 61 39 81<\/a><\/h3>\n<p>[\/vc_column_text][\/vc_column][\/vc_row][vc_row content_width=&#8221;grid&#8221; css=&#8221;.vc_custom_1607085019424{margin-top: 0px !important;margin-bottom: 40px !important;border-top-width: 0px !important;padding-top: 0px !important;}&#8221;][vc_column][vc_single_image image=&#8221;4798&#8243; img_size=&#8221;full&#8221;][\/vc_column][\/vc_row][vc_row content_width=&#8221;grid&#8221; css=&#8221;.vc_custom_1603363621138{margin-top: 40px !important;margin-bottom: 40px !important;}&#8221;][vc_column width=&#8221;1\/6&#8243;][vc_empty_space height=&#8221;1px&#8221;][\/vc_column][vc_column width=&#8221;2\/3&#8243;][vc_column_text]<\/p>\n<p style=\"text-align: center;\"><span style=\"font-weight: 400;\">El bollo de mantequilla es otro producto muy t\u00edpico en Bizkaia, que se remonta a la \u00e9poca de la primera lecher\u00eda Suiza en Bilbao, que populariz\u00f3 la receta. Es un bollo de leche relleno de mantequilla, que elaboramos enriquecido con masa madre Bizkarra. El proceso es muy b\u00e1sico: amasado, fermentaci\u00f3n y horneado, previamente untado por encima de huevo. La clave est\u00e1 en la cocci\u00f3n a fuego alto durante muy poco tiempo para que quede totalmente hecho pero muy jugoso. Una vez azucarado y fr\u00edo se rellena con crema de mantequilla emulsionada muy suave\u2026 y a disfrutar.<\/span><\/p>\n<p style=\"text-align: center;\"><span style=\"font-weight: 400;\">Este bollo es uno de los \u201ctesoros\u201d de nuestra reposter\u00eda tradicional y hace las delicias de bizkainos y bizkainas en desayunos, meriendas o hamaiketakos\u2026 est\u00e1 tan ligado a nuestra vida cotidiana que la sensaci\u00f3n de saborear este dulce abre la puerta a un mundo de vivencias y sensaciones\u2026 sobre todo si est\u00e1s lejos de casa y no lo puedes saborear. Algo que hemos vivido en nuestras carnes, y tenemos firme decisi\u00f3n de remediar a trav\u00e9s de nuestras sortas.\u00a0<\/span><\/p>\n<p>[\/vc_column_text][vc_empty_space][\/vc_column][vc_column width=&#8221;1\/6&#8243;][vc_empty_space height=&#8221;1px&#8221;][\/vc_column][\/vc_row][vc_row content_width=&#8221;grid&#8221; css=&#8221;.vc_custom_1603363621138{margin-top: 40px !important;margin-bottom: 40px !important;}&#8221;][vc_column width=&#8221;1\/2&#8243;][vc_column_text el_class=&#8221;cabsub&#8221;]<\/p>\n<h2>INGREDIENTES<\/h2>\n<p>[\/vc_column_text][vc_empty_space][vc_column_text]<\/p>\n<p style=\"text-align: justify;\"><span style=\"font-weight: 400;\"><em>(al\u00e9rgenos en negrita)<\/em>: Harina de trigo (<\/span><b>gluten<\/b><span style=\"font-weight: 400;\">), <\/span><b>leche<\/b><span style=\"font-weight: 400;\">, az\u00facar, mantequilla (<\/span><b>leche<\/b><span style=\"font-weight: 400;\">), huevo y sal.<\/span><\/p>\n<p><span style=\"font-weight: 400;\">Por ser producto elaborado en nuestro obrador, puede contener trazas de <\/span><b>frutos secos.<\/b>[\/vc_column_text][vc_empty_space][\/vc_column][vc_column width=&#8221;1\/2&#8243;][vc_column_text el_class=&#8221;cabsub&#8221;]<\/p>\n<h2>PRESENTACI\u00d3N Y PRECIO<\/h2>\n<p>[\/vc_column_text][vc_empty_space][vc_column_text]<span style=\"font-weight: 400;\">Bollos de mantequilla de raci\u00f3n individual<\/span><span style=\"font-weight: 400;\">.<\/span><\/p>\n<p><strong>Precio:<\/strong> 2\u20ac[\/vc_column_text][vc_empty_space][\/vc_column][\/vc_row]<\/p>\n","protected":false},"excerpt":{"rendered":"<p>[vc_row content_aligment=&#8221;center&#8221; css=&#8221;.vc_custom_1607085005408{margin-bottom: 20px !important;padding-top: 0px !important;padding-bottom: 0px !important;background-image: url(https:\/\/www.bizkarra.com\/tienda-online\/wp-content\/uploads\/2020\/11\/banner-productos.jpg?id=5096) !important;background-position: center !important;background-repeat: no-repeat !important;background-size: cover !important;}&#8221;][vc_column width=&#8221;1\/4&#8243;][vc_empty_space height=&#8221;50px&#8221;][vc_single_image image=&#8221;4435&#8243; img_size=&#8221;medium&#8221; alignment=&#8221;center&#8221;][vc_empty_space height=&#8221;20px&#8221;][\/vc_column][vc_column width=&#8221;1\/2&#8243;][vc_empty_space height=&#8221;100px&#8221;][vc_column_text el_class=&#8221;textoblanco&#8221;] BOLLO DE MANTEQUILLA [\/vc_column_text][vc_empty_space height=&#8221;50px&#8221;][\/vc_column][vc_column width=&#8221;1\/4&#8243; css=&#8221;.vc_custom_1603365788580{margin-top: 0px !important;margin-right: 0px !important;margin-bottom: 0px !important;margin-left: 0px !important;padding-top: 50px !important;padding-bottom: 50px !important;background-color:&#8230;<\/p>\n","protected":false},"author":1,"featured_media":0,"parent":4606,"menu_order":1,"comment_status":"closed","ping_status":"closed","template":"full-width.php","meta":{"footnotes":""},"yoast_head":"<!-- This site is optimized with the Yoast SEO plugin v22.1 - https:\/\/yoast.com\/wordpress\/plugins\/seo\/ -->\n<title>Bollo de mantequilla - Bizkarra<\/title>\n<meta name=\"robots\" content=\"noindex, follow\" \/>\n<meta property=\"og:locale\" content=\"es_ES\" \/>\n<meta property=\"og:type\" content=\"article\" \/>\n<meta property=\"og:title\" content=\"Bollo de mantequilla - Bizkarra\" \/>\n<meta property=\"og:description\" content=\"[vc_row content_aligment=&#8221;center&#8221; css=&#8221;.vc_custom_1607085005408{margin-bottom: 20px !important;padding-top: 0px !important;padding-bottom: 0px !important;background-image: url(https:\/\/www.bizkarra.com\/tienda-online\/wp-content\/uploads\/2020\/11\/banner-productos.jpg?id=5096) !important;background-position: center !important;background-repeat: no-repeat !important;background-size: cover !important;}&#8221;][vc_column width=&#8221;1\/4&#8243;][vc_empty_space height=&#8221;50px&#8221;][vc_single_image image=&#8221;4435&#8243; img_size=&#8221;medium&#8221; alignment=&#8221;center&#8221;][vc_empty_space height=&#8221;20px&#8221;][\/vc_column][vc_column width=&#8221;1\/2&#8243;][vc_empty_space height=&#8221;100px&#8221;][vc_column_text el_class=&#8221;textoblanco&#8221;] BOLLO DE MANTEQUILLA [\/vc_column_text][vc_empty_space height=&#8221;50px&#8221;][\/vc_column][vc_column width=&#8221;1\/4&#8243; css=&#8221;.vc_custom_1603365788580{margin-top: 0px !important;margin-right: 0px !important;margin-bottom: 0px !important;margin-left: 0px !important;padding-top: 50px !important;padding-bottom: 50px !important;background-color:...\" \/>\n<meta property=\"og:url\" content=\"https:\/\/www.bizkarra.com\/tienda-online\/productos-vascos\/postres-tipicos\/bollo-de-mantequilla\/\" \/>\n<meta property=\"og:site_name\" content=\"Bizkarra\" \/>\n<meta property=\"article:modified_time\" content=\"2021-11-15T12:31:23+00:00\" \/>\n<meta property=\"og:image\" content=\"https:\/\/www.bizkarra.com\/tienda-online\/wp-content\/uploads\/2020\/10\/ICONOS-01.png\" \/>\n<meta name=\"twitter:card\" content=\"summary_large_image\" \/>\n<!-- \/ Yoast SEO plugin. -->","yoast_head_json":{"title":"Bollo de mantequilla - Bizkarra","robots":{"index":"noindex","follow":"follow"},"og_locale":"es_ES","og_type":"article","og_title":"Bollo de mantequilla - Bizkarra","og_description":"[vc_row content_aligment=&#8221;center&#8221; css=&#8221;.vc_custom_1607085005408{margin-bottom: 20px !important;padding-top: 0px !important;padding-bottom: 0px !important;background-image: url(https:\/\/www.bizkarra.com\/tienda-online\/wp-content\/uploads\/2020\/11\/banner-productos.jpg?id=5096) !important;background-position: center !important;background-repeat: no-repeat !important;background-size: cover !important;}&#8221;][vc_column width=&#8221;1\/4&#8243;][vc_empty_space height=&#8221;50px&#8221;][vc_single_image image=&#8221;4435&#8243; img_size=&#8221;medium&#8221; alignment=&#8221;center&#8221;][vc_empty_space height=&#8221;20px&#8221;][\/vc_column][vc_column width=&#8221;1\/2&#8243;][vc_empty_space height=&#8221;100px&#8221;][vc_column_text el_class=&#8221;textoblanco&#8221;] BOLLO DE MANTEQUILLA [\/vc_column_text][vc_empty_space height=&#8221;50px&#8221;][\/vc_column][vc_column width=&#8221;1\/4&#8243; css=&#8221;.vc_custom_1603365788580{margin-top: 0px !important;margin-right: 0px !important;margin-bottom: 0px !important;margin-left: 0px !important;padding-top: 50px !important;padding-bottom: 50px !important;background-color:...","og_url":"https:\/\/www.bizkarra.com\/tienda-online\/productos-vascos\/postres-tipicos\/bollo-de-mantequilla\/","og_site_name":"Bizkarra","article_modified_time":"2021-11-15T12:31:23+00:00","og_image":[{"url":"https:\/\/www.bizkarra.com\/tienda-online\/wp-content\/uploads\/2020\/10\/ICONOS-01.png"}],"twitter_card":"summary_large_image","schema":{"@context":"https:\/\/schema.org","@graph":[{"@type":"WebPage","@id":"https:\/\/www.bizkarra.com\/tienda-online\/producto-vasco\/postres-tipicos\/bollo-de-mantequilla\/","url":"https:\/\/www.bizkarra.com\/tienda-online\/productos-vascos\/postres-tipicos\/bollo-de-mantequilla\/","name":"Bollo de mantequilla - Bizkarra","isPartOf":{"@id":"https:\/\/www.bizkarra.com\/tienda-online\/#website"},"datePublished":"2020-11-03T15:36:18+00:00","dateModified":"2021-11-15T12:31:23+00:00","breadcrumb":{"@id":"https:\/\/www.bizkarra.com\/tienda-online\/productos-vascos\/postres-tipicos\/bollo-de-mantequilla\/#breadcrumb"},"inLanguage":"es","potentialAction":[{"@type":"ReadAction","target":["https:\/\/www.bizkarra.com\/tienda-online\/productos-vascos\/postres-tipicos\/bollo-de-mantequilla\/"]}]},{"@type":"BreadcrumbList","@id":"https:\/\/www.bizkarra.com\/tienda-online\/productos-vascos\/postres-tipicos\/bollo-de-mantequilla\/#breadcrumb","itemListElement":[{"@type":"ListItem","position":1,"name":"Portada","item":"https:\/\/www.bizkarra.com\/tienda-online\/"},{"@type":"ListItem","position":2,"name":"Productos","item":"https:\/\/www.bizkarra.com\/tienda-online\/producto-vasco\/"},{"@type":"ListItem","position":3,"name":"Postres t\u00edpicos de Bizkaia","item":"https:\/\/www.bizkarra.com\/tienda-online\/producto-vasco\/postres-tipicos\/"},{"@type":"ListItem","position":4,"name":"Bollo de mantequilla"}]},{"@type":"WebSite","@id":"https:\/\/www.bizkarra.com\/tienda-online\/#website","url":"https:\/\/www.bizkarra.com\/tienda-online\/","name":"Bizkarra","description":"Tienda Online de postres y dulces gourmet t\u00edpicos vascos","potentialAction":[{"@type":"SearchAction","target":{"@type":"EntryPoint","urlTemplate":"https:\/\/www.bizkarra.com\/tienda-online\/?s={search_term_string}"},"query-input":"required name=search_term_string"}],"inLanguage":"es"}]}},"_links":{"self":[{"href":"https:\/\/www.bizkarra.com\/tienda-online\/wp-json\/wp\/v2\/pages\/4609"}],"collection":[{"href":"https:\/\/www.bizkarra.com\/tienda-online\/wp-json\/wp\/v2\/pages"}],"about":[{"href":"https:\/\/www.bizkarra.com\/tienda-online\/wp-json\/wp\/v2\/types\/page"}],"author":[{"embeddable":true,"href":"https:\/\/www.bizkarra.com\/tienda-online\/wp-json\/wp\/v2\/users\/1"}],"replies":[{"embeddable":true,"href":"https:\/\/www.bizkarra.com\/tienda-online\/wp-json\/wp\/v2\/comments?post=4609"}],"version-history":[{"count":0,"href":"https:\/\/www.bizkarra.com\/tienda-online\/wp-json\/wp\/v2\/pages\/4609\/revisions"}],"up":[{"embeddable":true,"href":"https:\/\/www.bizkarra.com\/tienda-online\/wp-json\/wp\/v2\/pages\/4606"}],"wp:attachment":[{"href":"https:\/\/www.bizkarra.com\/tienda-online\/wp-json\/wp\/v2\/media?parent=4609"}],"curies":[{"name":"wp","href":"https:\/\/api.w.org\/{rel}","templated":true}]}}