{"id":4606,"date":"2020-11-03T15:34:12","date_gmt":"2020-11-03T15:34:12","guid":{"rendered":"https:\/\/www.bizkarra.com\/tienda-online\/?page_id=4606"},"modified":"2021-11-15T12:30:25","modified_gmt":"2021-11-15T12:30:25","slug":"postres-tipicos","status":"publish","type":"page","link":"https:\/\/www.bizkarra.com\/tienda-online\/producto-vasco\/postres-tipicos\/","title":{"rendered":"Postres t\u00edpicos de Bizkaia"},"content":{"rendered":"<p>[vc_row content_aligment=&#8221;center&#8221; css=&#8221;.vc_custom_1605873523693{margin-bottom: 70px !important;padding-top: 0px !important;padding-bottom: 0px !important;background-image: url(https:\/\/www.bizkarra.com\/tienda-online\/wp-content\/uploads\/2020\/11\/shutterstock_1816124888-scaled.jpg?id=5048) !important;background-position: center !important;background-repeat: no-repeat !important;background-size: cover !important;}&#8221;][vc_column width=&#8221;1\/4&#8243;][vc_empty_space height=&#8221;50px&#8221;][vc_single_image image=&#8221;4435&#8243; img_size=&#8221;medium&#8221; alignment=&#8221;center&#8221;][vc_empty_space height=&#8221;20px&#8221;][\/vc_column][vc_column width=&#8221;1\/2&#8243;][vc_empty_space height=&#8221;100px&#8221;][vc_column_text el_class=&#8221;textoblanco&#8221;]<\/p>\n<h1 style=\"text-align: center;\">POSTRES T\u00cdPICOS DE BIZKAIA<\/h1>\n<p>[\/vc_column_text][vc_empty_space height=&#8221;50px&#8221;][\/vc_column][vc_column width=&#8221;1\/4&#8243; css=&#8221;.vc_custom_1603365788580{margin-top: 0px !important;margin-right: 0px !important;margin-bottom: 0px !important;margin-left: 0px !important;padding-top: 50px !important;padding-bottom: 50px !important;background-color: rgba(0,0,0,0.5) !important;*background-color: rgb(0,0,0) !important;}&#8221;][vc_column_text el_class=&#8221;textoblanco&#8221; css=&#8221;.vc_custom_1612259251760{padding-right: 20px !important;padding-left: 20px !important;}&#8221;]<\/p>\n<h3 style=\"text-align: center;\"><img loading=\"lazy\" decoding=\"async\" class=\"alignnone size-full wp-image-4542\" src=\"https:\/\/www.bizkarra.com\/tienda-online\/wp-content\/uploads\/2020\/10\/ICONOS-01.png\" alt=\"\" width=\"40\" height=\"40\" \/><\/h3>\n<h3 style=\"text-align: center;\"><a href=\"http:\/\/944 568 508\">944 568 508<\/a><\/h3>\n<p>[\/vc_column_text][vc_empty_space height=&#8221;20px&#8221;][vc_column_text el_class=&#8221;textoblanco&#8221; css=&#8221;.vc_custom_1612258857381{padding-right: 20px !important;padding-left: 20px !important;}&#8221;]<\/p>\n<p style=\"text-align: center;\"><span style=\"color: #ffffff;\"><img loading=\"lazy\" decoding=\"async\" class=\"size-full wp-image-4543 aligncenter\" src=\"https:\/\/www.bizkarra.com\/tienda-online\/wp-content\/uploads\/2020\/10\/ICONOS-02.png\" alt=\"\" width=\"40\" height=\"40\" \/><\/span><\/p>\n<h3 style=\"text-align: center;\"><a href=\"https:\/\/wa.me\/34655 61 39 81\">655 61 39 81<\/a><\/h3>\n<p>[\/vc_column_text][\/vc_column][\/vc_row][vc_row content_width=&#8221;grid&#8221; css=&#8221;.vc_custom_1603363621138{margin-top: 40px !important;margin-bottom: 40px !important;}&#8221;][vc_column width=&#8221;1\/2&#8243;][vc_single_image image=&#8221;4830&#8243; img_size=&#8221;full&#8221; alignment=&#8221;center&#8221; onclick=&#8221;custom_link&#8221; link=&#8221;https:\/\/www.bizkarra.com\/tienda-online\/productos-vascos\/postres-tipicos\/tarta-vasca\/&#8221;][vc_empty_space][\/vc_column][vc_column width=&#8221;1\/2&#8243;][vc_column_text el_class=&#8221;cabsub&#8221;]<\/p>\n<h2>TARTA VASCA<\/h2>\n<p>[\/vc_column_text][vc_empty_space][vc_column_text]<\/p>\n<p style=\"text-align: justify;\"><span style=\"font-weight: 400;\">La tarta vasca es una de nuestras elaboraciones que m\u00e1s \u00e9xito tienen. De apariencia y elaboraci\u00f3n bastante sencilla, todas las expectativas de sabor se superan al probarla, por lo jugosa que est\u00e1 y el toque de sabor especial que le da nuestra receta. En Bizkarra distinguimos entre pastel vasco, de raci\u00f3n individual y tarta vasca en formato grande.<\/span><\/p>\n<p>[\/vc_column_text][vc_empty_space][vc_row_inner css=&#8221;.vc_custom_1603365041761{margin-top: 0px !important;margin-right: 0px !important;margin-bottom: 0px !important;margin-left: 0px !important;padding-top: 0px !important;padding-right: 0px !important;padding-bottom: 0px !important;padding-left: 0px !important;}&#8221;][vc_column_inner]<a href=\"https:\/\/www.bizkarra.com\/tienda-online\/productos-vascos\/postres-tipicos\/tarta-vasca\/\" target=\"_self\"  class=\"qodef-btn qodef-btn-medium qodef-btn-solid\"  >\n    <span  class=\"qodef-btn-text\">Saber m\u00e1s<\/span>\n    <\/a>[\/vc_column_inner][\/vc_row_inner][vc_empty_space][\/vc_column][\/vc_row][vc_row content_width=&#8221;grid&#8221; css=&#8221;.vc_custom_1603363621138{margin-top: 40px !important;margin-bottom: 40px !important;}&#8221;][vc_column width=&#8221;1\/2&#8243;][vc_column_text el_class=&#8221;cabsub&#8221;]<\/p>\n<h2 style=\"text-align: right;\">PASTEL DE ARROZ<\/h2>\n<p>[\/vc_column_text][vc_empty_space][vc_column_text]<\/p>\n<p style=\"text-align: justify;\"><span style=\"font-weight: 400;\">El pastel de arroz es una de las especialidades dulces que van unidas al nombre de Bilbao y al buen hacer de las pasteler\u00edas artesanas locales. Su sabor seduce con fuerza y gusta pr\u00e1cticamente a todo el mundo; precisamente por su suavidad y facilidad al comer.\u00a0 <\/span><\/p>\n<p>[\/vc_column_text][vc_empty_space][vc_row_inner content_aligment=&#8221;right&#8221; css=&#8221;.vc_custom_1603365031441{margin-top: 0px !important;margin-right: 0px !important;margin-bottom: 0px !important;margin-left: 0px !important;padding-top: 0px !important;padding-right: 0px !important;padding-bottom: 0px !important;padding-left: 0px !important;}&#8221;][vc_column_inner]<a href=\"http:\/\/bizkarra.com\/tienda-online\/productos-vascos\/postres-tipicos\/pastel-de-arroz\/\" target=\"_self\"  class=\"qodef-btn qodef-btn-medium qodef-btn-solid\"  >\n    <span  class=\"qodef-btn-text\">Saber m\u00e1s<\/span>\n    <\/a>[vc_empty_space][\/vc_column_inner][\/vc_row_inner][\/vc_column][vc_column width=&#8221;1\/2&#8243;][vc_single_image image=&#8221;4829&#8243; img_size=&#8221;full&#8221; alignment=&#8221;center&#8221; onclick=&#8221;custom_link&#8221; link=&#8221;https:\/\/www.bizkarra.com\/tienda-online\/productos-vascos\/postres-tipicos\/pastel-de-arroz\/&#8221;][vc_empty_space][\/vc_column][\/vc_row][vc_row content_width=&#8221;grid&#8221; css=&#8221;.vc_custom_1603363621138{margin-top: 40px !important;margin-bottom: 40px !important;}&#8221;][vc_column width=&#8221;1\/2&#8243;][vc_single_image image=&#8221;4828&#8243; img_size=&#8221;full&#8221; alignment=&#8221;center&#8221; onclick=&#8221;custom_link&#8221; link=&#8221;https:\/\/www.bizkarra.com\/tienda-online\/productos-vascos\/postres-tipicos\/bollo-de-mantequilla\/&#8221;][vc_empty_space][\/vc_column][vc_column width=&#8221;1\/2&#8243;][vc_column_text el_class=&#8221;cabsub&#8221;]<\/p>\n<h2>BOLLO DE MANTEQUILLA<\/h2>\n<p>[\/vc_column_text][vc_empty_space][vc_column_text]<\/p>\n<p style=\"text-align: justify;\"><span style=\"font-weight: 400;\">El bollo de mantequilla es un producto muy t\u00edpico en Bizkaia. Es un bollo de leche relleno de mantequilla, que elaboramos enriquecido con masa madre Bizkarra. El proceso es muy b\u00e1sico: amasado, fermentaci\u00f3n y horneado, previamente untado por encima de huevo. Una vez azucarado y fr\u00edo se rellena con crema de mantequilla emulsionada muy suave\u2026 y a disfrutar.<\/span><\/p>\n<p>[\/vc_column_text][vc_empty_space][vc_row_inner css=&#8221;.vc_custom_1603365049913{margin-top: 0px !important;margin-right: 0px !important;margin-bottom: 0px !important;margin-left: 0px !important;padding-top: 0px !important;padding-right: 0px !important;padding-bottom: 0px !important;padding-left: 0px !important;}&#8221;][vc_column_inner]<a href=\"https:\/\/www.bizkarra.com\/tienda-online\/productos-vascos\/postres-tipicos\/bollo-de-mantequilla\/\" target=\"_self\"  class=\"qodef-btn qodef-btn-medium qodef-btn-solid\"  >\n    <span  class=\"qodef-btn-text\">Saber m\u00e1s<\/span>\n    <\/a>[\/vc_column_inner][\/vc_row_inner][vc_empty_space][\/vc_column][\/vc_row][vc_row content_width=&#8221;grid&#8221; css=&#8221;.vc_custom_1603363621138{margin-top: 40px !important;margin-bottom: 40px !important;}&#8221;][vc_column width=&#8221;1\/2&#8243;][vc_column_text el_class=&#8221;cabsub&#8221;]<\/p>\n<h2>MERMELADA DE HIGOS DE SOPELA<\/h2>\n<p>[\/vc_column_text][vc_empty_space][vc_column_text]<\/p>\n<p style=\"text-align: justify;\"><span style=\"font-weight: 400;\">Mermelada de higos de Sopela\u00a0 elaborada con higos de nuestra agricultora de confianza que nos provee de higos de gran calidad desde hace m\u00e1s de una docena de a\u00f1os. Con esta fruta elaboramos en el obrador nuestra mermelada de higos en un proceso que hacemos \u00edntegramente manual y a la antigua usanza. Una mermelada perfecta para extender sobre una tostada de buen pan, pero tambi\u00e9n para acompa\u00f1ar carnes, quesos y pat\u00e9s, creando un aperitivo gourmet.<\/span><\/p>\n<p>[\/vc_column_text][vc_empty_space][vc_row_inner css=&#8221;.vc_custom_1603365041761{margin-top: 0px !important;margin-right: 0px !important;margin-bottom: 0px !important;margin-left: 0px !important;padding-top: 0px !important;padding-right: 0px !important;padding-bottom: 0px !important;padding-left: 0px !important;}&#8221;][vc_column_inner]<a href=\"https:\/\/www.bizkarra.com\/tienda-online\/productos-vascos\/postres-tipicos\/mermelada-de-higo-de-sopela\/\" target=\"_self\"  class=\"qodef-btn qodef-btn-medium qodef-btn-solid\"  >\n    <span  class=\"qodef-btn-text\">Saber m\u00e1s<\/span>\n    <\/a>[vc_empty_space][\/vc_column_inner][\/vc_row_inner][\/vc_column][vc_column width=&#8221;1\/2&#8243;][vc_single_image image=&#8221;4833&#8243; img_size=&#8221;full&#8221; alignment=&#8221;center&#8221; onclick=&#8221;custom_link&#8221; link=&#8221;https:\/\/www.bizkarra.com\/tienda-online\/productos-vascos\/postres-tipicos\/mermelada-de-higo\/&#8221;][vc_empty_space][\/vc_column][\/vc_row][vc_row content_width=&#8221;grid&#8221; css=&#8221;.vc_custom_1603363621138{margin-top: 40px !important;margin-bottom: 40px !important;}&#8221;][vc_column width=&#8221;1\/2&#8243;][vc_single_image image=&#8221;4855&#8243; img_size=&#8221;full&#8221; alignment=&#8221;center&#8221; onclick=&#8221;custom_link&#8221; link=&#8221;https:\/\/www.bizkarra.com\/tienda-online\/productos-vascos\/postres-tipicos\/mermelada-de-higo-con-cerveza-la-salve\/&#8221;][vc_empty_space][\/vc_column][vc_column width=&#8221;1\/2&#8243;][vc_column_text el_class=&#8221;cabsub&#8221;]<\/p>\n<h2 style=\"text-align: left;\">MERMELADA DE HIGOS y CERVEZA<\/h2>\n<p>[\/vc_column_text][vc_empty_space][vc_column_text]<\/p>\n<p style=\"text-align: justify;\"><span style=\"font-weight: 400;\">Esta mermelada de higos y cerveza es una fusi\u00f3n \u00fanica de sabores con mucho car\u00e1cter y tambi\u00e9n nuestra uni\u00f3n con una marca productora de cerveza de gran arraigo en Bilbao y Bizkaia: La Salve Bilbao. Es el complemento id\u00f3neo para maridajes con foie, pat\u00e9s, quesos, etc\u2026 en aperitivos gourmet o navide\u00f1os.<\/span><\/p>\n<p>[\/vc_column_text][vc_empty_space][vc_row_inner content_aligment=&#8221;right&#8221; css=&#8221;.vc_custom_1603365031441{margin-top: 0px !important;margin-right: 0px !important;margin-bottom: 0px !important;margin-left: 0px !important;padding-top: 0px !important;padding-right: 0px !important;padding-bottom: 0px !important;padding-left: 0px !important;}&#8221;][vc_column_inner]<a href=\"https:\/\/www.bizkarra.com\/tienda-online\/productos-vascos\/postres-tipicos\/mermelada-de-higos-de-sopela-con-cerveza\/\" target=\"_self\"  class=\"qodef-btn qodef-btn-medium qodef-btn-solid\"  >\n    <span  class=\"qodef-btn-text\">Saber m\u00e1s<\/span>\n    <\/a>[vc_empty_space][\/vc_column_inner][\/vc_row_inner][\/vc_column][\/vc_row][vc_row content_width=&#8221;grid&#8221; css=&#8221;.vc_custom_1603363621138{margin-top: 40px !important;margin-bottom: 40px !important;}&#8221;][vc_column width=&#8221;1\/2&#8243;][vc_column_text el_class=&#8221;cabsub&#8221;]<\/p>\n<h2 style=\"text-align: right;\">DULCE DE MANZANA REINETA DE US\u00c1NSOLO<\/h2>\n<p>[\/vc_column_text][vc_empty_space][vc_column_text]<\/p>\n<p style=\"text-align: justify;\"><span style=\"font-weight: 400;\">La calidad de nuestro dulce de manzana se basa en dos claves, una que depende de la naturaleza y otra que va de nuestra mano. La primera, es la calidad de la manzana reineta, la mejor para este tipo de dulces por su acidez y su consistente carne. La segunda, es un proceso de cocci\u00f3n lento y muy controlado, que permite que el dulce de manzana adquiera un color oscuro, pero no quemado, y una textura firme pero sin ser un \u201cmazacote\u201d. <\/span><\/p>\n<p>[\/vc_column_text][vc_empty_space][vc_row_inner content_aligment=&#8221;right&#8221; css=&#8221;.vc_custom_1603365031441{margin-top: 0px !important;margin-right: 0px !important;margin-bottom: 0px !important;margin-left: 0px !important;padding-top: 0px !important;padding-right: 0px !important;padding-bottom: 0px !important;padding-left: 0px !important;}&#8221;][vc_column_inner]<a href=\"https:\/\/www.bizkarra.com\/tienda-online\/productos-vascos\/postres-tipicos\/dulce-de-manzana-reineta-de-usansolo\/\" target=\"_self\"  class=\"qodef-btn qodef-btn-medium qodef-btn-solid\"  >\n    <span  class=\"qodef-btn-text\">Saber m\u00e1s<\/span>\n    <\/a>[vc_empty_space][\/vc_column_inner][\/vc_row_inner][\/vc_column][vc_column width=&#8221;1\/2&#8243;][vc_single_image image=&#8221;4832&#8243; img_size=&#8221;full&#8221; alignment=&#8221;center&#8221; onclick=&#8221;custom_link&#8221; link=&#8221;https:\/\/www.bizkarra.com\/tienda-online\/productos-vascos\/postres-tipicos\/dulce-de-manzana\/&#8221;][vc_empty_space][\/vc_column][\/vc_row]<\/p>\n","protected":false},"excerpt":{"rendered":"<p>[vc_row content_aligment=&#8221;center&#8221; css=&#8221;.vc_custom_1605873523693{margin-bottom: 70px !important;padding-top: 0px !important;padding-bottom: 0px !important;background-image: url(https:\/\/www.bizkarra.com\/tienda-online\/wp-content\/uploads\/2020\/11\/shutterstock_1816124888-scaled.jpg?id=5048) !important;background-position: center !important;background-repeat: no-repeat !important;background-size: cover !important;}&#8221;][vc_column width=&#8221;1\/4&#8243;][vc_empty_space height=&#8221;50px&#8221;][vc_single_image image=&#8221;4435&#8243; img_size=&#8221;medium&#8221; alignment=&#8221;center&#8221;][vc_empty_space height=&#8221;20px&#8221;][\/vc_column][vc_column width=&#8221;1\/2&#8243;][vc_empty_space height=&#8221;100px&#8221;][vc_column_text el_class=&#8221;textoblanco&#8221;] POSTRES T\u00cdPICOS DE BIZKAIA [\/vc_column_text][vc_empty_space height=&#8221;50px&#8221;][\/vc_column][vc_column width=&#8221;1\/4&#8243; css=&#8221;.vc_custom_1603365788580{margin-top: 0px !important;margin-right: 0px !important;margin-bottom: 0px !important;margin-left: 0px !important;padding-top: 50px !important;padding-bottom: 50px&#8230;<\/p>\n","protected":false},"author":1,"featured_media":0,"parent":4431,"menu_order":3,"comment_status":"closed","ping_status":"closed","template":"full-width.php","meta":{"footnotes":""},"yoast_head":"<!-- This site is optimized with the Yoast SEO plugin v22.1 - https:\/\/yoast.com\/wordpress\/plugins\/seo\/ -->\n<title>Postres t\u00edpicos de Bizkaia - Bizkarra<\/title>\n<meta name=\"robots\" content=\"noindex, follow\" \/>\n<meta property=\"og:locale\" content=\"es_ES\" \/>\n<meta property=\"og:type\" content=\"article\" \/>\n<meta property=\"og:title\" content=\"Postres t\u00edpicos de Bizkaia - Bizkarra\" \/>\n<meta property=\"og:description\" content=\"[vc_row content_aligment=&#8221;center&#8221; css=&#8221;.vc_custom_1605873523693{margin-bottom: 70px !important;padding-top: 0px !important;padding-bottom: 0px !important;background-image: url(https:\/\/www.bizkarra.com\/tienda-online\/wp-content\/uploads\/2020\/11\/shutterstock_1816124888-scaled.jpg?id=5048) !important;background-position: center !important;background-repeat: no-repeat !important;background-size: cover !important;}&#8221;][vc_column width=&#8221;1\/4&#8243;][vc_empty_space height=&#8221;50px&#8221;][vc_single_image image=&#8221;4435&#8243; img_size=&#8221;medium&#8221; alignment=&#8221;center&#8221;][vc_empty_space height=&#8221;20px&#8221;][\/vc_column][vc_column width=&#8221;1\/2&#8243;][vc_empty_space height=&#8221;100px&#8221;][vc_column_text el_class=&#8221;textoblanco&#8221;] POSTRES T\u00cdPICOS DE BIZKAIA [\/vc_column_text][vc_empty_space height=&#8221;50px&#8221;][\/vc_column][vc_column width=&#8221;1\/4&#8243; css=&#8221;.vc_custom_1603365788580{margin-top: 0px !important;margin-right: 0px !important;margin-bottom: 0px !important;margin-left: 0px !important;padding-top: 50px !important;padding-bottom: 50px...\" \/>\n<meta property=\"og:url\" content=\"https:\/\/www.bizkarra.com\/tienda-online\/categoria-producto\/postres-tipicos\/\" \/>\n<meta property=\"og:site_name\" content=\"Bizkarra\" \/>\n<meta property=\"article:modified_time\" content=\"2021-11-15T12:30:25+00:00\" \/>\n<meta property=\"og:image\" content=\"https:\/\/www.bizkarra.com\/tienda-online\/wp-content\/uploads\/2020\/10\/ICONOS-01.png\" \/>\n<meta name=\"twitter:card\" content=\"summary_large_image\" \/>\n<!-- \/ Yoast SEO plugin. -->","yoast_head_json":{"title":"Postres t\u00edpicos de Bizkaia - Bizkarra","robots":{"index":"noindex","follow":"follow"},"og_locale":"es_ES","og_type":"article","og_title":"Postres t\u00edpicos de Bizkaia - Bizkarra","og_description":"[vc_row content_aligment=&#8221;center&#8221; css=&#8221;.vc_custom_1605873523693{margin-bottom: 70px !important;padding-top: 0px !important;padding-bottom: 0px !important;background-image: url(https:\/\/www.bizkarra.com\/tienda-online\/wp-content\/uploads\/2020\/11\/shutterstock_1816124888-scaled.jpg?id=5048) !important;background-position: center !important;background-repeat: no-repeat !important;background-size: cover !important;}&#8221;][vc_column width=&#8221;1\/4&#8243;][vc_empty_space height=&#8221;50px&#8221;][vc_single_image image=&#8221;4435&#8243; img_size=&#8221;medium&#8221; alignment=&#8221;center&#8221;][vc_empty_space height=&#8221;20px&#8221;][\/vc_column][vc_column width=&#8221;1\/2&#8243;][vc_empty_space height=&#8221;100px&#8221;][vc_column_text el_class=&#8221;textoblanco&#8221;] POSTRES T\u00cdPICOS DE BIZKAIA [\/vc_column_text][vc_empty_space height=&#8221;50px&#8221;][\/vc_column][vc_column width=&#8221;1\/4&#8243; css=&#8221;.vc_custom_1603365788580{margin-top: 0px !important;margin-right: 0px !important;margin-bottom: 0px !important;margin-left: 0px !important;padding-top: 50px !important;padding-bottom: 50px...","og_url":"https:\/\/www.bizkarra.com\/tienda-online\/categoria-producto\/postres-tipicos\/","og_site_name":"Bizkarra","article_modified_time":"2021-11-15T12:30:25+00:00","og_image":[{"url":"https:\/\/www.bizkarra.com\/tienda-online\/wp-content\/uploads\/2020\/10\/ICONOS-01.png"}],"twitter_card":"summary_large_image","schema":{"@context":"https:\/\/schema.org","@graph":[{"@type":"WebPage","@id":"https:\/\/www.bizkarra.com\/tienda-online\/producto-vasco\/postres-tipicos\/","url":"https:\/\/www.bizkarra.com\/tienda-online\/categoria-producto\/postres-tipicos\/","name":"Postres t\u00edpicos de Bizkaia - Bizkarra","isPartOf":{"@id":"https:\/\/www.bizkarra.com\/tienda-online\/#website"},"datePublished":"2020-11-03T15:34:12+00:00","dateModified":"2021-11-15T12:30:25+00:00","breadcrumb":{"@id":"https:\/\/www.bizkarra.com\/tienda-online\/categoria-producto\/postres-tipicos\/#breadcrumb"},"inLanguage":"es","potentialAction":[{"@type":"ReadAction","target":["https:\/\/www.bizkarra.com\/tienda-online\/categoria-producto\/postres-tipicos\/"]}]},{"@type":"BreadcrumbList","@id":"https:\/\/www.bizkarra.com\/tienda-online\/categoria-producto\/postres-tipicos\/#breadcrumb","itemListElement":[{"@type":"ListItem","position":1,"name":"Portada","item":"https:\/\/www.bizkarra.com\/tienda-online\/"},{"@type":"ListItem","position":2,"name":"Productos","item":"https:\/\/www.bizkarra.com\/tienda-online\/producto-vasco\/"},{"@type":"ListItem","position":3,"name":"Postres t\u00edpicos de Bizkaia"}]},{"@type":"WebSite","@id":"https:\/\/www.bizkarra.com\/tienda-online\/#website","url":"https:\/\/www.bizkarra.com\/tienda-online\/","name":"Bizkarra","description":"Tienda Online de postres y dulces gourmet t\u00edpicos vascos","potentialAction":[{"@type":"SearchAction","target":{"@type":"EntryPoint","urlTemplate":"https:\/\/www.bizkarra.com\/tienda-online\/?s={search_term_string}"},"query-input":"required name=search_term_string"}],"inLanguage":"es"}]}},"_links":{"self":[{"href":"https:\/\/www.bizkarra.com\/tienda-online\/wp-json\/wp\/v2\/pages\/4606"}],"collection":[{"href":"https:\/\/www.bizkarra.com\/tienda-online\/wp-json\/wp\/v2\/pages"}],"about":[{"href":"https:\/\/www.bizkarra.com\/tienda-online\/wp-json\/wp\/v2\/types\/page"}],"author":[{"embeddable":true,"href":"https:\/\/www.bizkarra.com\/tienda-online\/wp-json\/wp\/v2\/users\/1"}],"replies":[{"embeddable":true,"href":"https:\/\/www.bizkarra.com\/tienda-online\/wp-json\/wp\/v2\/comments?post=4606"}],"version-history":[{"count":0,"href":"https:\/\/www.bizkarra.com\/tienda-online\/wp-json\/wp\/v2\/pages\/4606\/revisions"}],"up":[{"embeddable":true,"href":"https:\/\/www.bizkarra.com\/tienda-online\/wp-json\/wp\/v2\/pages\/4431"}],"wp:attachment":[{"href":"https:\/\/www.bizkarra.com\/tienda-online\/wp-json\/wp\/v2\/media?parent=4606"}],"curies":[{"name":"wp","href":"https:\/\/api.w.org\/{rel}","templated":true}]}}