{"id":4431,"date":"2020-10-22T10:31:54","date_gmt":"2020-10-22T10:31:54","guid":{"rendered":"http:\/\/www.laluca.com\/clientes\/bizkarra\/?page_id=4431"},"modified":"2021-11-15T12:02:32","modified_gmt":"2021-11-15T12:02:32","slug":"producto-vasco","status":"publish","type":"page","link":"https:\/\/www.bizkarra.com\/tienda-online\/producto-vasco\/","title":{"rendered":"Productos"},"content":{"rendered":"<p>[vc_row content_aligment=&#8221;center&#8221; css=&#8221;.vc_custom_1606124325921{margin-bottom: 70px !important;padding-top: 0px !important;padding-bottom: 0px !important;background-image: url(https:\/\/www.bizkarra.com\/tienda-online\/wp-content\/uploads\/2020\/11\/foto7.jpg?id=5083) !important;background-position: center !important;background-repeat: no-repeat !important;background-size: cover !important;}&#8221;][vc_column width=&#8221;1\/4&#8243;][vc_empty_space height=&#8221;50px&#8221;][vc_single_image image=&#8221;4435&#8243; img_size=&#8221;medium&#8221; alignment=&#8221;center&#8221;][vc_empty_space height=&#8221;20px&#8221;][\/vc_column][vc_column width=&#8221;1\/2&#8243;][vc_empty_space height=&#8221;100px&#8221;][vc_column_text el_class=&#8221;textoblanco&#8221;]<\/p>\n<h1 style=\"text-align: center;\">PRODUCTOS<\/h1>\n<p>[\/vc_column_text][vc_empty_space height=&#8221;50px&#8221;][\/vc_column][vc_column width=&#8221;1\/4&#8243; css=&#8221;.vc_custom_1603365788580{margin-top: 0px !important;margin-right: 0px !important;margin-bottom: 0px !important;margin-left: 0px !important;padding-top: 50px !important;padding-bottom: 50px !important;background-color: rgba(0,0,0,0.5) !important;*background-color: rgb(0,0,0) !important;}&#8221;][vc_column_text el_class=&#8221;textoblanco&#8221; css=&#8221;.vc_custom_1612200316139{padding-right: 20px !important;padding-left: 20px !important;}&#8221;]<\/p>\n<p style=\"text-align: center;\"><a href=\"tel: 34944568508\"><img loading=\"lazy\" decoding=\"async\" class=\"alignnone size-full wp-image-4542\" src=\"https:\/\/www.bizkarra.com\/tienda-online\/wp-content\/uploads\/2020\/10\/ICONOS-01.png\" alt=\"\" width=\"40\" height=\"40\" \/><\/a><\/p>\n<h3 style=\"text-align: center;\"><a href=\"tel: 34944568508\">944 56 85 08<\/a><\/h3>\n<p>[\/vc_column_text][vc_empty_space height=&#8221;20px&#8221;][vc_column_text el_class=&#8221;textoblanco&#8221; css=&#8221;.vc_custom_1612200375586{padding-right: 20px !important;padding-left: 20px !important;}&#8221;]<\/p>\n<p style=\"text-align: center;\"><span style=\"color: #ffffff;\"><img loading=\"lazy\" decoding=\"async\" class=\"size-full wp-image-4543 aligncenter\" src=\"https:\/\/www.bizkarra.com\/tienda-online\/wp-content\/uploads\/2020\/10\/ICONOS-02.png\" alt=\"\" width=\"40\" height=\"40\" \/><\/span><\/p>\n<h3 style=\"text-align: center;\"><a href=\"https:\/\/wa.me\/34655 61 39 81\">655 61 39 81<\/a><\/h3>\n<p>[\/vc_column_text][\/vc_column][\/vc_row][vc_row content_width=&#8221;grid&#8221; css=&#8221;.vc_custom_1603363621138{margin-top: 40px !important;margin-bottom: 40px !important;}&#8221;][vc_column width=&#8221;1\/2&#8243;][vc_single_image image=&#8221;4744&#8243; img_size=&#8221;full&#8221; alignment=&#8221;center&#8221; onclick=&#8221;custom_link&#8221; link=&#8221;https:\/\/www.bizkarra.com\/tienda-online\/categoria-producto\/trufas-vascas\/&#8221;][vc_empty_space][\/vc_column][vc_column width=&#8221;1\/2&#8243;][vc_column_text el_class=&#8221;cabsub&#8221;]<\/p>\n<h2>TRUFAS DE BILBAO<\/h2>\n<p>[\/vc_column_text][vc_empty_space][vc_column_text]<\/p>\n<p style=\"text-align: justify;\"><span style=\"font-weight: 400;\">As\u00ed llamamos a nuestras trufas por su tama\u00f1o \u00a138mm de di\u00e1metro de trufa! Y tambi\u00e9n por su autenticidad, porque las elaboramos solo en nuestro obrador. De sabores tan nuestros como: trufas de queso, de intxausaltsa y de aceite. <\/span><\/p>\n<p>[\/vc_column_text][vc_empty_space][vc_row_inner css=&#8221;.vc_custom_1603365049913{margin-top: 0px !important;margin-right: 0px !important;margin-bottom: 0px !important;margin-left: 0px !important;padding-top: 0px !important;padding-right: 0px !important;padding-bottom: 0px !important;padding-left: 0px !important;}&#8221;][vc_column_inner]<a href=\"https:\/\/www.bizkarra.com\/tienda-online\/categoria-producto\/trufas-vascas\/\" target=\"_self\"  class=\"qodef-btn qodef-btn-medium qodef-btn-solid\"  >\n    <span  class=\"qodef-btn-text\">Saber m\u00e1s<\/span>\n    <\/a>[\/vc_column_inner][\/vc_row_inner][vc_empty_space][\/vc_column][\/vc_row][vc_row content_width=&#8221;grid&#8221; css=&#8221;.vc_custom_1603363621138{margin-top: 40px !important;margin-bottom: 40px !important;}&#8221;][vc_column width=&#8221;1\/2&#8243;][vc_column_text el_class=&#8221;cabsub&#8221;]<\/p>\n<h2 style=\"text-align: right;\">MARIDAJE TRUFAS Y VINOS<\/h2>\n<p>[\/vc_column_text][vc_empty_space][vc_column_text]Si nuestras trufas son originales, creemos que la forma de disfrutarlas tambi\u00e9n deber\u00eda serlo. Por eso decidimos crear una novedosa propuesta de maridaje de trufas y vinos, con combinaciones \u00fanicas y concebidas para todos los gustos.<\/p>\n<p>Nuestra\u00a0selecci\u00f3n est\u00e1 enfocada a caldos singulares y de peque\u00f1as bodegas. A trav\u00e9s de unas pautas muy b\u00e1sicas de cata os proponemos un ejercicio sensorial para descubrir nuevos matices de nuestras trufas y nuevas sensaciones.<\/p>\n<p>Para darle forma hemos contado con una joven promesa de la\u00a0sumiller\u00eda de Bizkaia: Olatz Bustinza, sumiller en el restaurante familiar Asador Horma Ondo.\u00a0Hemos aunado el respeto por la tradici\u00f3n y el af\u00e1n por la innovaci\u00f3n que caracteriza ambas familias.<\/p>\n<p>Democraticemos las trufas: en compa\u00f1\u00eda de amigos y amigas, familiares o como regalo; siempre es un buen momento para disfrutar de este maridaje, ya sea a media ma\u00f1ana como aperitivo o a media tarde.<\/p>\n<p>\u00a1Animaos a descubrir de la mano de Bizkarra y nuestra sumiller, Olatz Bustinza, estos maridajes, seguro que os sorprender\u00e1n![\/vc_column_text][vc_empty_space][vc_row_inner css=&#8221;.vc_custom_1603365049913{margin-top: 0px !important;margin-right: 0px !important;margin-bottom: 0px !important;margin-left: 0px !important;padding-top: 0px !important;padding-right: 0px !important;padding-bottom: 0px !important;padding-left: 0px !important;}&#8221;][vc_column_inner]<a href=\"https:\/\/www.bizkarra.com\/tienda-online\/categoria-producto\/maridaje-de-vinos-y-trufas\/\" target=\"_self\"  class=\"qodef-btn qodef-btn-medium qodef-btn-solid\"  >\n    <span  class=\"qodef-btn-text\">Saber m\u00e1s<\/span>\n    <\/a>[\/vc_column_inner][\/vc_row_inner][vc_empty_space][\/vc_column][vc_column width=&#8221;1\/2&#8243;][vc_single_image image=&#8221;5990&#8243; img_size=&#8221;full&#8221; alignment=&#8221;center&#8221; onclick=&#8221;custom_link&#8221; link=&#8221;https:\/\/www.bizkarra.com\/tienda-online\/categoria-producto\/maridaje-de-vinos-y-trufas\/&#8221;][vc_empty_space][\/vc_column][\/vc_row][vc_row content_width=&#8221;grid&#8221; css=&#8221;.vc_custom_1603363621138{margin-top: 40px !important;margin-bottom: 40px !important;}&#8221;][vc_column width=&#8221;1\/2&#8243;][vc_single_image image=&#8221;4830&#8243; img_size=&#8221;full&#8221; alignment=&#8221;center&#8221; onclick=&#8221;custom_link&#8221; link=&#8221;https:\/\/www.bizkarra.com\/tienda-online\/categoria-producto\/postres-tipicos\/&#8221;][vc_empty_space][\/vc_column][vc_column width=&#8221;1\/2&#8243;][vc_column_text el_class=&#8221;cabsub&#8221;]<\/p>\n<h2>POSTRES T\u00cdPICOS DE BIZKAIA<\/h2>\n<p>[\/vc_column_text][vc_empty_space][vc_column_text]<\/p>\n<p style=\"text-align: justify;\"><span style=\"font-weight: 400;\">Nuestra tierra es muy rica en gastronom\u00eda, en tradiciones, y tambi\u00e9n en reposter\u00eda. Entre las especialidades que s\u00f3lo puedes encontrar en Bizkaia, aqu\u00ed encontrar\u00e1s bollo de mantequilla, pastel de arroz, tarta vasca, dulce de manzana, mermelada de higos\u2026<\/span><\/p>\n<p>[\/vc_column_text][vc_empty_space][vc_row_inner css=&#8221;.vc_custom_1603365041761{margin-top: 0px !important;margin-right: 0px !important;margin-bottom: 0px !important;margin-left: 0px !important;padding-top: 0px !important;padding-right: 0px !important;padding-bottom: 0px !important;padding-left: 0px !important;}&#8221;][vc_column_inner]<a href=\"https:\/\/www.bizkarra.com\/tienda-online\/categoria-producto\/postres-tipicos\/\" target=\"_self\"  class=\"qodef-btn qodef-btn-medium qodef-btn-solid\"  >\n    <span  class=\"qodef-btn-text\">Saber m\u00e1s<\/span>\n    <\/a>[vc_empty_space][\/vc_column_inner][\/vc_row_inner][\/vc_column][\/vc_row][vc_row content_width=&#8221;grid&#8221; css=&#8221;.vc_custom_1603363621138{margin-top: 40px !important;margin-bottom: 40px !important;}&#8221;][vc_column width=&#8221;1\/2&#8243;][vc_column_text el_class=&#8221;cabsub&#8221;]<\/p>\n<h2 style=\"text-align: left;\">CHOCOLATE BIZKARRA<\/h2>\n<p>[\/vc_column_text][vc_empty_space][vc_column_text]<span style=\"font-weight: 400;\">Todo un universo de chocolates que elaboramos en nuestro propio obrador combinando diferentes tipos de cacao con frutas y frutos secos. De origen Ecuador 72%, con fresa, pi\u00f1a, avellana, a la sal de A\u00f1ana\u2026<\/span>[\/vc_column_text][vc_empty_space][vc_row_inner][vc_column_inner]<a href=\"https:\/\/www.bizkarra.com\/tienda-online\/categoria-producto\/chocolate\/\" target=\"_self\"  class=\"qodef-btn qodef-btn-medium qodef-btn-solid\"  >\n    <span  class=\"qodef-btn-text\">Saber m\u00e1s<\/span>\n    <\/a>[\/vc_column_inner][\/vc_row_inner][vc_empty_space][\/vc_column][vc_column width=&#8221;1\/2&#8243;][vc_row_inner content_aligment=&#8221;right&#8221; css=&#8221;.vc_custom_1603365031441{margin-top: 0px !important;margin-right: 0px !important;margin-bottom: 0px !important;margin-left: 0px !important;padding-top: 0px !important;padding-right: 0px !important;padding-bottom: 0px !important;padding-left: 0px !important;}&#8221;][vc_column_inner][vc_single_image image=&#8221;4826&#8243; img_size=&#8221;full&#8221; alignment=&#8221;center&#8221; onclick=&#8221;custom_link&#8221; link=&#8221;https:\/\/www.bizkarra.com\/tienda-online\/categoria-producto\/chocolate\/&#8221;][vc_empty_space][\/vc_column_inner][\/vc_row_inner][\/vc_column][\/vc_row][vc_row content_width=&#8221;grid&#8221; css=&#8221;.vc_custom_1603363621138{margin-top: 40px !important;margin-bottom: 40px !important;}&#8221;][vc_column width=&#8221;1\/2&#8243;][vc_single_image image=&#8221;5988&#8243; img_size=&#8221;full&#8221; alignment=&#8221;center&#8221; onclick=&#8221;custom_link&#8221; link=&#8221;https:\/\/www.bizkarra.com\/tienda-online\/categoria-producto\/dulces\/&#8221;][vc_empty_space][\/vc_column][vc_column width=&#8221;1\/2&#8243;][vc_column_text el_class=&#8221;cabsub&#8221;]<\/p>\n<h2>DULCES BIZKARRA<\/h2>\n<p>[\/vc_column_text][vc_empty_space][vc_column_text]<\/p>\n<p style=\"text-align: justify;\"><span style=\"font-weight: 400;\">Siempre es un placer degustar las recetas cl\u00e1sicas de pasteler\u00eda, especialmente cuando las hacemos con los mejores ingredientes y las masas en su punto. Aqu\u00ed encontrar\u00e1s palmeras, lazos de hojaldre, pastas&#8230;\u00a0<\/span><\/p>\n<p>[\/vc_column_text][vc_empty_space][vc_row_inner css=&#8221;.vc_custom_1603365041761{margin-top: 0px !important;margin-right: 0px !important;margin-bottom: 0px !important;margin-left: 0px !important;padding-top: 0px !important;padding-right: 0px !important;padding-bottom: 0px !important;padding-left: 0px !important;}&#8221;][vc_column_inner]<a href=\"https:\/\/www.bizkarra.com\/tienda-online\/categoria-producto\/dulces\/\" target=\"_self\"  class=\"qodef-btn qodef-btn-medium qodef-btn-solid\"  >\n    <span  class=\"qodef-btn-text\">Saber m\u00e1s<\/span>\n    <\/a>[vc_empty_space][\/vc_column_inner][\/vc_row_inner][\/vc_column][\/vc_row][vc_row content_width=&#8221;grid&#8221; css=&#8221;.vc_custom_1603363621138{margin-top: 40px !important;margin-bottom: 40px !important;}&#8221;][vc_column width=&#8221;1\/2&#8243;][vc_column_text el_class=&#8221;cabsub&#8221;]<\/p>\n<h2 style=\"text-align: right;\"><b>TURRONES VASCOS<\/b><\/h2>\n<p>[\/vc_column_text][vc_empty_space][vc_column_text]<\/p>\n<p style=\"text-align: justify;\"><span style=\"font-weight: 400;\">Su originalidad ha hecho famosos a nuestros turrones vascos, que recogen recetas singulares como el turr\u00f3n de queso; renovadas como el turr\u00f3n de intxaursaltsa y tradicionales como el Sokonusco. \u00a1\u00danicos!<\/span><\/p>\n<p>[\/vc_column_text][vc_empty_space][vc_row_inner content_aligment=&#8221;right&#8221; css=&#8221;.vc_custom_1603365031441{margin-top: 0px !important;margin-right: 0px !important;margin-bottom: 0px !important;margin-left: 0px !important;padding-top: 0px !important;padding-right: 0px !important;padding-bottom: 0px !important;padding-left: 0px !important;}&#8221;][vc_column_inner]<a href=\"https:\/\/www.bizkarra.com\/tienda-online\/categoria-producto\/turrones-vascos\/\" target=\"_self\"  class=\"qodef-btn qodef-btn-medium qodef-btn-solid\"  >\n    <span  class=\"qodef-btn-text\">Saber m\u00e1s<\/span>\n    <\/a>[vc_empty_space][\/vc_column_inner][\/vc_row_inner][\/vc_column][vc_column width=&#8221;1\/2&#8243;][vc_single_image image=&#8221;4757&#8243; img_size=&#8221;full&#8221; alignment=&#8221;center&#8221; onclick=&#8221;custom_link&#8221; link=&#8221;https:\/\/www.bizkarra.com\/tienda-online\/categoria-producto\/turrones-vascos\/&#8221;][vc_empty_space][\/vc_column][\/vc_row][vc_row content_width=&#8221;grid&#8221; css=&#8221;.vc_custom_1603363621138{margin-top: 40px !important;margin-bottom: 40px !important;}&#8221;][vc_column width=&#8221;1\/2&#8243;][vc_single_image image=&#8221;5989&#8243; img_size=&#8221;full&#8221; alignment=&#8221;center&#8221; onclick=&#8221;custom_link&#8221; link=&#8221;https:\/\/www.bizkarra.com\/tienda-online\/categoria-producto\/sin-azucar\/&#8221;][vc_empty_space][vc_empty_space][\/vc_column][vc_column width=&#8221;1\/2&#8243;][vc_column_text el_class=&#8221;cabsub&#8221;]<\/p>\n<h2>SIN AZ\u00daCAR BIZKARRA<\/h2>\n<p>[\/vc_column_text][vc_empty_space][vc_column_text]<span style=\"font-weight: 400;\">Estas elaboraciones sin az\u00facares a\u00f1adidos colman las expectativas de los paladares m\u00e1s exigentes. Turrones de intxaursaltsa y sokonusco; trufas, galletas y mermelada en versi\u00f3n sin az\u00facar con el sabor y matices de la pasteler\u00eda artesana.\u00a0<\/span>[\/vc_column_text][vc_empty_space][vc_row_inner css=&#8221;.vc_custom_1603365041761{margin-top: 0px !important;margin-right: 0px !important;margin-bottom: 0px !important;margin-left: 0px !important;padding-top: 0px !important;padding-right: 0px !important;padding-bottom: 0px !important;padding-left: 0px !important;}&#8221;][vc_column_inner]<a href=\"https:\/\/www.bizkarra.com\/tienda-online\/categoria-producto\/sin-azucar\/\" target=\"_self\"  class=\"qodef-btn qodef-btn-medium qodef-btn-solid\"  >\n    <span  class=\"qodef-btn-text\">Saber m\u00e1s<\/span>\n    <\/a>[\/vc_column_inner][\/vc_row_inner][\/vc_column][\/vc_row][vc_row content_width=&#8221;grid&#8221; css=&#8221;.vc_custom_1603363621138{margin-top: 40px !important;margin-bottom: 40px !important;}&#8221;][vc_column width=&#8221;1\/2&#8243;][vc_column_text el_class=&#8221;cabsub&#8221;]<\/p>\n<h2 style=\"text-align: left;\"><b>OTROS PRODUCTOS<\/b><\/h2>\n<p>[\/vc_column_text][vc_empty_space][vc_column_text]<\/p>\n<p style=\"text-align: justify;\"><span style=\"font-weight: 400;\">Y, adem\u00e1s, te ofrecemos nuestros panes y otras especialidades de productores locales y colaboradores, con quienes compartimos el gusto por los sabores aut\u00e9nticos y por el trabajo bien hecho.<\/span><\/p>\n<p>[\/vc_column_text][vc_row_inner css=&#8221;.vc_custom_1603365041761{margin-top: 0px !important;margin-right: 0px !important;margin-bottom: 0px !important;margin-left: 0px !important;padding-top: 0px !important;padding-right: 0px !important;padding-bottom: 0px !important;padding-left: 0px !important;}&#8221;][vc_column_inner]<a href=\"https:\/\/www.bizkarra.com\/tienda-online\/categoria-producto\/otros\/\" target=\"_self\"  class=\"qodef-btn qodef-btn-medium qodef-btn-solid\"  >\n    <span  class=\"qodef-btn-text\">Saber m\u00e1s<\/span>\n    <\/a>[vc_empty_space][\/vc_column_inner][\/vc_row_inner][\/vc_column][vc_column width=&#8221;1\/2&#8243;][vc_single_image image=&#8221;5984&#8243; img_size=&#8221;full&#8221; alignment=&#8221;center&#8221; onclick=&#8221;custom_link&#8221; link=&#8221;https:\/\/www.bizkarra.com\/tienda-online\/categoria-producto\/otros\/&#8221;][vc_empty_space][vc_empty_space][\/vc_column][\/vc_row]<\/p>\n","protected":false},"excerpt":{"rendered":"<p>[vc_row content_aligment=&#8221;center&#8221; css=&#8221;.vc_custom_1606124325921{margin-bottom: 70px !important;padding-top: 0px !important;padding-bottom: 0px !important;background-image: url(https:\/\/www.bizkarra.com\/tienda-online\/wp-content\/uploads\/2020\/11\/foto7.jpg?id=5083) !important;background-position: center !important;background-repeat: no-repeat !important;background-size: cover !important;}&#8221;][vc_column width=&#8221;1\/4&#8243;][vc_empty_space height=&#8221;50px&#8221;][vc_single_image image=&#8221;4435&#8243; img_size=&#8221;medium&#8221; alignment=&#8221;center&#8221;][vc_empty_space height=&#8221;20px&#8221;][\/vc_column][vc_column width=&#8221;1\/2&#8243;][vc_empty_space height=&#8221;100px&#8221;][vc_column_text el_class=&#8221;textoblanco&#8221;] PRODUCTOS [\/vc_column_text][vc_empty_space height=&#8221;50px&#8221;][\/vc_column][vc_column width=&#8221;1\/4&#8243; css=&#8221;.vc_custom_1603365788580{margin-top: 0px !important;margin-right: 0px !important;margin-bottom: 0px !important;margin-left: 0px !important;padding-top: 50px !important;padding-bottom: 50px !important;background-color: rgba(0,0,0,0.5) !important;*background-color:&#8230;<\/p>\n","protected":false},"author":1,"featured_media":0,"parent":0,"menu_order":0,"comment_status":"closed","ping_status":"closed","template":"full-width.php","meta":{"footnotes":""},"yoast_head":"<!-- This site is optimized with the Yoast SEO plugin v22.1 - https:\/\/yoast.com\/wordpress\/plugins\/seo\/ -->\n<title>Productos Pasteler\u00eda Vasca - Bizkarra<\/title>\n<meta name=\"description\" content=\"Productos Pasteler\u00eda Vasca. Bizkarra. Productos Online: Turrones, Chocolates, Postres T\u00edpicos Vascos, Pastas Artesanales...\" \/>\n<meta name=\"robots\" content=\"index, follow, max-snippet:-1, max-image-preview:large, max-video-preview:-1\" \/>\n<link rel=\"canonical\" href=\"https:\/\/www.bizkarra.com\/tienda-online\/producto-vasco\/\" \/>\n<meta property=\"og:locale\" content=\"es_ES\" \/>\n<meta property=\"og:type\" content=\"article\" \/>\n<meta property=\"og:title\" content=\"Productos Pasteler\u00eda Vasca - Bizkarra\" \/>\n<meta property=\"og:description\" content=\"Productos Pasteler\u00eda Vasca. Bizkarra. Productos Online: Turrones, Chocolates, Postres T\u00edpicos Vascos, Pastas Artesanales...\" \/>\n<meta property=\"og:url\" content=\"https:\/\/www.bizkarra.com\/tienda-online\/producto-vasco\/\" \/>\n<meta property=\"og:site_name\" content=\"Bizkarra\" \/>\n<meta property=\"article:modified_time\" content=\"2021-11-15T12:02:32+00:00\" \/>\n<meta property=\"og:image\" content=\"https:\/\/www.bizkarra.com\/tienda-online\/wp-content\/uploads\/2020\/10\/ICONOS-01.png\" \/>\n<meta name=\"twitter:card\" content=\"summary_large_image\" \/>\n<!-- \/ Yoast SEO plugin. -->","yoast_head_json":{"title":"Productos Pasteler\u00eda Vasca - Bizkarra","description":"Productos Pasteler\u00eda Vasca. Bizkarra. Productos Online: Turrones, Chocolates, Postres T\u00edpicos Vascos, Pastas Artesanales...","robots":{"index":"index","follow":"follow","max-snippet":"max-snippet:-1","max-image-preview":"max-image-preview:large","max-video-preview":"max-video-preview:-1"},"canonical":"https:\/\/www.bizkarra.com\/tienda-online\/producto-vasco\/","og_locale":"es_ES","og_type":"article","og_title":"Productos Pasteler\u00eda Vasca - Bizkarra","og_description":"Productos Pasteler\u00eda Vasca. Bizkarra. Productos Online: Turrones, Chocolates, Postres T\u00edpicos Vascos, Pastas Artesanales...","og_url":"https:\/\/www.bizkarra.com\/tienda-online\/producto-vasco\/","og_site_name":"Bizkarra","article_modified_time":"2021-11-15T12:02:32+00:00","og_image":[{"url":"https:\/\/www.bizkarra.com\/tienda-online\/wp-content\/uploads\/2020\/10\/ICONOS-01.png"}],"twitter_card":"summary_large_image","schema":{"@context":"https:\/\/schema.org","@graph":[{"@type":"WebPage","@id":"https:\/\/www.bizkarra.com\/tienda-online\/producto-vasco\/","url":"https:\/\/www.bizkarra.com\/tienda-online\/producto-vasco\/","name":"Productos Pasteler\u00eda Vasca - Bizkarra","isPartOf":{"@id":"https:\/\/www.bizkarra.com\/tienda-online\/#website"},"datePublished":"2020-10-22T10:31:54+00:00","dateModified":"2021-11-15T12:02:32+00:00","description":"Productos Pasteler\u00eda Vasca. Bizkarra. Productos Online: Turrones, Chocolates, Postres T\u00edpicos Vascos, Pastas Artesanales...","breadcrumb":{"@id":"https:\/\/www.bizkarra.com\/tienda-online\/producto-vasco\/#breadcrumb"},"inLanguage":"es","potentialAction":[{"@type":"ReadAction","target":["https:\/\/www.bizkarra.com\/tienda-online\/producto-vasco\/"]}]},{"@type":"BreadcrumbList","@id":"https:\/\/www.bizkarra.com\/tienda-online\/producto-vasco\/#breadcrumb","itemListElement":[{"@type":"ListItem","position":1,"name":"Portada","item":"https:\/\/www.bizkarra.com\/tienda-online\/"},{"@type":"ListItem","position":2,"name":"Productos"}]},{"@type":"WebSite","@id":"https:\/\/www.bizkarra.com\/tienda-online\/#website","url":"https:\/\/www.bizkarra.com\/tienda-online\/","name":"Bizkarra","description":"Tienda Online de postres y dulces gourmet t\u00edpicos vascos","potentialAction":[{"@type":"SearchAction","target":{"@type":"EntryPoint","urlTemplate":"https:\/\/www.bizkarra.com\/tienda-online\/?s={search_term_string}"},"query-input":"required name=search_term_string"}],"inLanguage":"es"}]}},"_links":{"self":[{"href":"https:\/\/www.bizkarra.com\/tienda-online\/wp-json\/wp\/v2\/pages\/4431"}],"collection":[{"href":"https:\/\/www.bizkarra.com\/tienda-online\/wp-json\/wp\/v2\/pages"}],"about":[{"href":"https:\/\/www.bizkarra.com\/tienda-online\/wp-json\/wp\/v2\/types\/page"}],"author":[{"embeddable":true,"href":"https:\/\/www.bizkarra.com\/tienda-online\/wp-json\/wp\/v2\/users\/1"}],"replies":[{"embeddable":true,"href":"https:\/\/www.bizkarra.com\/tienda-online\/wp-json\/wp\/v2\/comments?post=4431"}],"version-history":[{"count":0,"href":"https:\/\/www.bizkarra.com\/tienda-online\/wp-json\/wp\/v2\/pages\/4431\/revisions"}],"wp:attachment":[{"href":"https:\/\/www.bizkarra.com\/tienda-online\/wp-json\/wp\/v2\/media?parent=4431"}],"curies":[{"name":"wp","href":"https:\/\/api.w.org\/{rel}","templated":true}]}}